{"id":7672,"date":"2020-08-31T13:43:29","date_gmt":"2020-08-31T10:43:29","guid":{"rendered":"https:\/\/academyofbrain.com\/?page_id=7672"},"modified":"2025-02-06T12:48:01","modified_gmt":"2025-02-06T10:48:01","slug":"online-trainings-at-ssab","status":"publish","type":"page","link":"https:\/\/academyofbrain.com\/en\/online-trainings-at-ssab\/","title":{"rendered":"Online trainings at SSAB"},"content":{"rendered":"<h2>\u00a0<\/h2>\r\n<h2>Lead yourself and others well! &#8211; online training service for SSAB managers<\/h2>\r\n<p><img loading=\"lazy\" decoding=\"async\" class=\"alignnone  wp-image-7664\" src=\"https:\/\/academyofbrain.com\/wp-content\/uploads\/2020\/08\/SSAB_Logotype_blue_w1200px_RGB-300x97.png\" alt=\"\" width=\"322\" height=\"104\" srcset=\"https:\/\/academyofbrain.com\/wp-content\/uploads\/2020\/08\/SSAB_Logotype_blue_w1200px_RGB-300x97.png 300w, https:\/\/academyofbrain.com\/wp-content\/uploads\/2020\/08\/SSAB_Logotype_blue_w1200px_RGB-1024x332.png 1024w, https:\/\/academyofbrain.com\/wp-content\/uploads\/2020\/08\/SSAB_Logotype_blue_w1200px_RGB-768x249.png 768w, https:\/\/academyofbrain.com\/wp-content\/uploads\/2020\/08\/SSAB_Logotype_blue_w1200px_RGB-1160x376.png 1160w, https:\/\/academyofbrain.com\/wp-content\/uploads\/2020\/08\/SSAB_Logotype_blue_w1200px_RGB-154x50.png 154w, https:\/\/academyofbrain.com\/wp-content\/uploads\/2020\/08\/SSAB_Logotype_blue_w1200px_RGB-650x211.png 650w, https:\/\/academyofbrain.com\/wp-content\/uploads\/2020\/08\/SSAB_Logotype_blue_w1200px_RGB-1000x324.png 1000w, https:\/\/academyofbrain.com\/wp-content\/uploads\/2020\/08\/SSAB_Logotype_blue_w1200px_RGB-50x16.png 50w, https:\/\/academyofbrain.com\/wp-content\/uploads\/2020\/08\/SSAB_Logotype_blue_w1200px_RGB.png 1200w\" sizes=\"auto, (max-width: 322px) 100vw, 322px\" \/><\/p>\r\n<p>SSAB is offering you a license to the Academy of Brain online training service. Sign up in the form below to get your personal license. These online trainings develop your wellbeing, leadership skills, self-leadership skills, and other essential work-life skills. The focus is on developing your psychological skills (soft skills). The best thing about online trainings is that you can choose the time and place for your own development \u2013 the service is mobile friendly! <span lang=\"en\">Hundreds of videos and exercises are at your fingertips just when you have the best time to study! It\u2019s almost like Netflix, HBO, or Yle Areena!<\/span>\u00a0The online trainings are based on scientific research, expertise and years of practical experience. Academy of Brain\u2019s advisory board ensures the quality of the tutorials creating the best learning experience for you! The board consists of three members: Psychologist Ph.D. Ville Ojanen, Leadership coach Jarmo Manner and Professor of Educational Sciences, Minna Huotilainen.<\/p>\r\n<p><img loading=\"lazy\" decoding=\"async\" class=\"alignnone  wp-image-3106\" src=\"https:\/\/academyofbrain.com\/wp-content\/uploads\/2020\/02\/N\u00e4ytt\u00f6kuva-2020-2-27-kello-15.45.34-300x108.png\" alt=\"\" width=\"758\" height=\"273\" srcset=\"https:\/\/academyofbrain.com\/wp-content\/uploads\/2020\/02\/N\u00e4ytt\u00f6kuva-2020-2-27-kello-15.45.34-300x108.png 300w, https:\/\/academyofbrain.com\/wp-content\/uploads\/2020\/02\/N\u00e4ytt\u00f6kuva-2020-2-27-kello-15.45.34-1024x368.png 1024w, https:\/\/academyofbrain.com\/wp-content\/uploads\/2020\/02\/N\u00e4ytt\u00f6kuva-2020-2-27-kello-15.45.34-768x276.png 768w, https:\/\/academyofbrain.com\/wp-content\/uploads\/2020\/02\/N\u00e4ytt\u00f6kuva-2020-2-27-kello-15.45.34-1536x552.png 1536w, https:\/\/academyofbrain.com\/wp-content\/uploads\/2020\/02\/N\u00e4ytt\u00f6kuva-2020-2-27-kello-15.45.34-2048x736.png 2048w, https:\/\/academyofbrain.com\/wp-content\/uploads\/2020\/02\/N\u00e4ytt\u00f6kuva-2020-2-27-kello-15.45.34-700x252.png 700w, https:\/\/academyofbrain.com\/wp-content\/uploads\/2020\/02\/N\u00e4ytt\u00f6kuva-2020-2-27-kello-15.45.34-2000x719.png 2000w, https:\/\/academyofbrain.com\/wp-content\/uploads\/2020\/02\/N\u00e4ytt\u00f6kuva-2020-2-27-kello-15.45.34-1113x400.png 1113w\" sizes=\"auto, (max-width: 758px) 100vw, 758px\" \/><\/p>\r\n<h4>Lead yourself and others well! &#8211; learning track for SSAB managers<\/h4>\r\n<p id=\"tw-target-text\" class=\"tw-data-text tw-text-large XcVN5d tw-ta\" dir=\"ltr\" data-placeholder=\"K\u00e4\u00e4nn\u00f6s\"><span lang=\"en\">This learning track has been developed to support your important role as a supervisor. We focus both on developing self-direction through the development of our own ways of thinking and on developing the most important managerial skills of today. <\/span><\/p>\r\n<p class=\"tw-data-text tw-text-large XcVN5d tw-ta\" dir=\"ltr\" data-placeholder=\"K\u00e4\u00e4nn\u00f6s\"><span lang=\"en\">Circumstances can be difficult to change, but you can always change your mind. At the heart of self-development is self-reflection &#8211; the ability to stop and ask essential questions from yourself. How can you develop your own thinking, how do you deal with everyday conflicts and take responsibility for your actions as a supervisor? We are now developing skills that will be useful in your daily life &#8211; both in everyday life and at work. The most important task of a supervisor is to enable employees\u2019 success at work, and help them find their potential.<\/span><\/p>\r\n<p class=\"tw-data-text tw-text-large XcVN5d tw-ta\" dir=\"ltr\" data-placeholder=\"K\u00e4\u00e4nn\u00f6s\"><span lang=\"en\">The learning track of SSAB&#8217;s supervisors brings together the most important aspects of today&#8217;s working life and practical skills for better people management, including these tutorials: <\/span><\/p>\r\n<ul>\r\n<li class=\"tw-data-text tw-text-large XcVN5d tw-ta\" dir=\"ltr\" data-placeholder=\"K\u00e4\u00e4nn\u00f6s\"><span lang=\"en\">Coaching Leadership <\/span><\/li>\r\n<li class=\"tw-data-text tw-text-large XcVN5d tw-ta\" dir=\"ltr\" data-placeholder=\"K\u00e4\u00e4nn\u00f6s\"><span lang=\"en\">Cope Better with Change &#8211; Develop Your Resilience<\/span><\/li>\r\n<li class=\"tw-data-text tw-text-large XcVN5d tw-ta\" dir=\"ltr\" data-placeholder=\"K\u00e4\u00e4nn\u00f6s\"><span lang=\"en\">Succeed in Remote Leadership<\/span><\/li>\r\n<li class=\"tw-data-text tw-text-large XcVN5d tw-ta\" dir=\"ltr\" data-placeholder=\"K\u00e4\u00e4nn\u00f6s\"><span lang=\"en\">Time Management <\/span><\/li>\r\n<li class=\"tw-data-text tw-text-large XcVN5d tw-ta\" dir=\"ltr\" data-placeholder=\"K\u00e4\u00e4nn\u00f6s\"><span lang=\"en\">Navigating Conflicts<\/span><\/li>\r\n<\/ul>\r\n<p class=\"tw-data-text tw-text-large XcVN5d tw-ta\" dir=\"ltr\" data-placeholder=\"K\u00e4\u00e4nn\u00f6s\"><span lang=\"en\">In addition to the content of the study path, all the content of the Academy of Brain is freely available to you for 12 months; dozens of tutorials including hundreds of videos and exercises.<\/span><\/p>\r\n<p>Redeem your license here. The membership is non-binding and will be automatically deactivated after 12 months.<\/p>\r\n<p class=\"has-text-color has-luminous-vivid-amber-color\"><strong>Enter the discount code you received from SSAB and you can activate your license free of charge:<\/strong><\/p>\r\n<p>[paytrail_payment price=&#8221;129&#8243; team_id=&#8221;45424&#8243; discount_code=&#8221;SSABmanager&#8221; discount_percent=&#8221;100&#8243; lang=&#8221;en&#8221;]<\/p>\r\n<!-- \/wp:post-content -->\r\n\r\n<!-- wp:paragraph {\"textColor\":\"luminous-vivid-amber\"} \/-->\r\n\r\n<!-- wp:shortcode \/-->\r\n\r\n<!-- wp:shortcode \/-->\r\n\r\n<!-- wp:paragraph -->\r\n<p>\u00a0AOB data protection policy:<\/p>\r\n<!-- \/wp:paragraph -->\r\n\r\n<!-- wp:file {\"id\":559,\"href\":\"https:\/\/academyofbrain.com.wp1.kotisivut.com\/wp-content\/uploads\/2019\/01\/Tietosuojak\u00e4yt\u00e4nt\u00f6-1.12.2018.pdf\"} -->\r\n<div class=\"wp-block-file\"><a href=\"https:\/\/academyofbrain.com\/wp-content\/uploads\/2019\/10\/PRIVACYPOLICY-aob-30.09..pdf\">Privacy policy 30.9.2019<\/a><\/div>\r\n<!-- \/wp:file -->\r\n<p>&nbsp;<\/p><div style=\"display:table-column;\">\r\n\r\n\r\n\r\n\r\n\r\n\r\n\r\n\r\n\r\n\r\n\r\n\r\n<\/div><\/p><div style=\"display: none;\">\r\n\r\n\r\n\r\n\r\n\r\n\r\n\r\n\r\n\r\n\r\n\r\n\r\n\r\n<\/div><\/p><div style=\"display:table-column;\">\r\n\r\n\r\n\r\n\r\n\r\n\r\n\r\n\r\n\r\n\r\n\r\n\r\n\r\n\r\n<\/div><\/p><div style=\"display: none;\">\r\n\r\n\r\n\r\n\r\n\r\n\r\n\r\n\r\n\r\n\r\n\r\n<\/div><\/p><div id=\"link\">\r\n\r\n\r\n\r\n\r\n\r\n\r\n\r\n\r\n\r\n\r\n\r\n\r\n\r\n<\/div><\/p><div style=\"display:table-column;\">\r\n\r\n\r\n\r\n\r\n\r\n\r\n\r\n\r\n\r\n\r\n<\/div><\/p>","protected":false},"excerpt":{"rendered":"<p>\u00a0 Lead yourself and others well! &#8211; online training service for SSAB managers SSAB is offering you a license to the Academy of Brain online training service. Sign up in<\/p>\n<div><a href=\"https:\/\/academyofbrain.com\/en\/online-trainings-at-ssab\/\" class=\"exp-read-more exp-read-more-underlined\">Read More<\/a><\/div>\n","protected":false},"author":1463,"featured_media":7664,"parent":0,"menu_order":0,"comment_status":"closed","ping_status":"closed","template":"","meta":{"content-type":"","footnotes":""},"class_list":["post-7672","page","type-page","status-publish","has-post-thumbnail","hentry"],"yoast_head":"<!-- This site is optimized with the Yoast SEO Premium plugin v20.9 (Yoast SEO v27.0) - https:\/\/yoast.com\/product\/yoast-seo-premium-wordpress\/ -->\n<title>Online trainings at SSAB - Academy of Brain<\/title>\n<meta name=\"robots\" content=\"index, follow, max-snippet:-1, max-image-preview:large, max-video-preview:-1\" \/>\n<link rel=\"canonical\" href=\"https:\/\/academyofbrain.com\/en\/online-trainings-at-ssab\/\" \/>\n<meta property=\"og:locale\" content=\"en_US\" \/>\n<meta property=\"og:type\" content=\"article\" \/>\n<meta property=\"og:title\" content=\"Online trainings at SSAB\" \/>\n<meta property=\"og:description\" content=\"\u00a0 Lead yourself and others well! &#8211; online training service for SSAB managers SSAB is offering you a license to the Academy of Brain online training service. Sign up inRead More\" \/>\n<meta property=\"og:url\" content=\"https:\/\/academyofbrain.com\/en\/online-trainings-at-ssab\/\" \/>\n<meta property=\"og:site_name\" content=\"Academy of Brain\" \/>\n<meta property=\"article:publisher\" content=\"https:\/\/www.facebook.com\/academybrain\/\" \/>\n<meta property=\"article:modified_time\" content=\"2025-02-06T10:48:01+00:00\" \/>\n<meta property=\"og:image\" content=\"https:\/\/academyofbrain.com\/wp-content\/uploads\/2020\/08\/SSAB_Logotype_blue_w1200px_RGB.png\" \/>\n\t<meta property=\"og:image:width\" content=\"1200\" \/>\n\t<meta property=\"og:image:height\" content=\"389\" \/>\n\t<meta property=\"og:image:type\" content=\"image\/png\" \/>\n<meta name=\"twitter:card\" content=\"summary_large_image\" \/>\n<meta name=\"twitter:label1\" content=\"Est. reading time\" \/>\n\t<meta name=\"twitter:data1\" content=\"4 minutes\" \/>\n<script type=\"application\/ld+json\" class=\"yoast-schema-graph\">{\"@context\":\"https:\/\/schema.org\",\"@graph\":[{\"@type\":\"WebPage\",\"@id\":\"https:\/\/academyofbrain.com\/en\/online-trainings-at-ssab\/\",\"url\":\"https:\/\/academyofbrain.com\/en\/online-trainings-at-ssab\/\",\"name\":\"Online trainings at SSAB - Academy of Brain\",\"isPartOf\":{\"@id\":\"https:\/\/academyofbrain.com\/#website\"},\"primaryImageOfPage\":{\"@id\":\"https:\/\/academyofbrain.com\/en\/online-trainings-at-ssab\/#primaryimage\"},\"image\":{\"@id\":\"https:\/\/academyofbrain.com\/en\/online-trainings-at-ssab\/#primaryimage\"},\"thumbnailUrl\":\"https:\/\/academyofbrain.com\/wp-content\/uploads\/2020\/08\/SSAB_Logotype_blue_w1200px_RGB.png\",\"datePublished\":\"2020-08-31T10:43:29+00:00\",\"dateModified\":\"2025-02-06T10:48:01+00:00\",\"breadcrumb\":{\"@id\":\"https:\/\/academyofbrain.com\/en\/online-trainings-at-ssab\/#breadcrumb\"},\"inLanguage\":\"en-US\",\"potentialAction\":[{\"@type\":\"ReadAction\",\"target\":[\"https:\/\/academyofbrain.com\/en\/online-trainings-at-ssab\/\"]}]},{\"@type\":\"ImageObject\",\"inLanguage\":\"en-US\",\"@id\":\"https:\/\/academyofbrain.com\/en\/online-trainings-at-ssab\/#primaryimage\",\"url\":\"https:\/\/academyofbrain.com\/wp-content\/uploads\/2020\/08\/SSAB_Logotype_blue_w1200px_RGB.png\",\"contentUrl\":\"https:\/\/academyofbrain.com\/wp-content\/uploads\/2020\/08\/SSAB_Logotype_blue_w1200px_RGB.png\",\"width\":1200,\"height\":389},{\"@type\":\"BreadcrumbList\",\"@id\":\"https:\/\/academyofbrain.com\/en\/online-trainings-at-ssab\/#breadcrumb\",\"itemListElement\":[{\"@type\":\"ListItem\",\"position\":1,\"name\":\"Etusivu\",\"item\":\"https:\/\/academyofbrain.com\/en\/\"},{\"@type\":\"ListItem\",\"position\":2,\"name\":\"Online trainings at SSAB\"}]},{\"@type\":\"WebSite\",\"@id\":\"https:\/\/academyofbrain.com\/#website\",\"url\":\"https:\/\/academyofbrain.com\/\",\"name\":\"Academy of Brain\",\"description\":\"Kehit\u00e4mme ty\u00f6el\u00e4m\u00e4n ydintaitoja\",\"publisher\":{\"@id\":\"https:\/\/academyofbrain.com\/#organization\"},\"potentialAction\":[{\"@type\":\"SearchAction\",\"target\":{\"@type\":\"EntryPoint\",\"urlTemplate\":\"https:\/\/academyofbrain.com\/?s={search_term_string}\"},\"query-input\":{\"@type\":\"PropertyValueSpecification\",\"valueRequired\":true,\"valueName\":\"search_term_string\"}}],\"inLanguage\":\"en-US\"},{\"@type\":\"Organization\",\"@id\":\"https:\/\/academyofbrain.com\/#organization\",\"name\":\"Academy of Brain\",\"url\":\"https:\/\/academyofbrain.com\/\",\"logo\":{\"@type\":\"ImageObject\",\"inLanguage\":\"en-US\",\"@id\":\"https:\/\/academyofbrain.com\/#\/schema\/logo\/image\/\",\"url\":\"https:\/\/academyofbrain.com\/wp-content\/uploads\/2019\/12\/181217_AOB-logo_RGB_72dpi.png\",\"contentUrl\":\"https:\/\/academyofbrain.com\/wp-content\/uploads\/2019\/12\/181217_AOB-logo_RGB_72dpi.png\",\"width\":1500,\"height\":233,\"caption\":\"Academy of Brain\"},\"image\":{\"@id\":\"https:\/\/academyofbrain.com\/#\/schema\/logo\/image\/\"},\"sameAs\":[\"https:\/\/www.facebook.com\/academybrain\/\",\"https:\/\/www.instagram.com\/academyofbrain\/\",\"https:\/\/www.linkedin.com\/company\/academyofbrain\/\"]}]}<\/script>\n<!-- \/ Yoast SEO Premium plugin. -->","yoast_head_json":{"title":"Online trainings at SSAB - Academy of Brain","robots":{"index":"index","follow":"follow","max-snippet":"max-snippet:-1","max-image-preview":"max-image-preview:large","max-video-preview":"max-video-preview:-1"},"canonical":"https:\/\/academyofbrain.com\/en\/online-trainings-at-ssab\/","og_locale":"en_US","og_type":"article","og_title":"Online trainings at SSAB","og_description":"\u00a0 Lead yourself and others well! &#8211; online training service for SSAB managers SSAB is offering you a license to the Academy of Brain online training service. Sign up inRead More","og_url":"https:\/\/academyofbrain.com\/en\/online-trainings-at-ssab\/","og_site_name":"Academy of Brain","article_publisher":"https:\/\/www.facebook.com\/academybrain\/","article_modified_time":"2025-02-06T10:48:01+00:00","og_image":[{"width":1200,"height":389,"url":"https:\/\/academyofbrain.com\/wp-content\/uploads\/2020\/08\/SSAB_Logotype_blue_w1200px_RGB.png","type":"image\/png"}],"twitter_card":"summary_large_image","twitter_misc":{"Est. reading time":"4 minutes"},"schema":{"@context":"https:\/\/schema.org","@graph":[{"@type":"WebPage","@id":"https:\/\/academyofbrain.com\/en\/online-trainings-at-ssab\/","url":"https:\/\/academyofbrain.com\/en\/online-trainings-at-ssab\/","name":"Online trainings at SSAB - Academy of Brain","isPartOf":{"@id":"https:\/\/academyofbrain.com\/#website"},"primaryImageOfPage":{"@id":"https:\/\/academyofbrain.com\/en\/online-trainings-at-ssab\/#primaryimage"},"image":{"@id":"https:\/\/academyofbrain.com\/en\/online-trainings-at-ssab\/#primaryimage"},"thumbnailUrl":"https:\/\/academyofbrain.com\/wp-content\/uploads\/2020\/08\/SSAB_Logotype_blue_w1200px_RGB.png","datePublished":"2020-08-31T10:43:29+00:00","dateModified":"2025-02-06T10:48:01+00:00","breadcrumb":{"@id":"https:\/\/academyofbrain.com\/en\/online-trainings-at-ssab\/#breadcrumb"},"inLanguage":"en-US","potentialAction":[{"@type":"ReadAction","target":["https:\/\/academyofbrain.com\/en\/online-trainings-at-ssab\/"]}]},{"@type":"ImageObject","inLanguage":"en-US","@id":"https:\/\/academyofbrain.com\/en\/online-trainings-at-ssab\/#primaryimage","url":"https:\/\/academyofbrain.com\/wp-content\/uploads\/2020\/08\/SSAB_Logotype_blue_w1200px_RGB.png","contentUrl":"https:\/\/academyofbrain.com\/wp-content\/uploads\/2020\/08\/SSAB_Logotype_blue_w1200px_RGB.png","width":1200,"height":389},{"@type":"BreadcrumbList","@id":"https:\/\/academyofbrain.com\/en\/online-trainings-at-ssab\/#breadcrumb","itemListElement":[{"@type":"ListItem","position":1,"name":"Etusivu","item":"https:\/\/academyofbrain.com\/en\/"},{"@type":"ListItem","position":2,"name":"Online trainings at SSAB"}]},{"@type":"WebSite","@id":"https:\/\/academyofbrain.com\/#website","url":"https:\/\/academyofbrain.com\/","name":"Academy of Brain","description":"Kehit\u00e4mme ty\u00f6el\u00e4m\u00e4n ydintaitoja","publisher":{"@id":"https:\/\/academyofbrain.com\/#organization"},"potentialAction":[{"@type":"SearchAction","target":{"@type":"EntryPoint","urlTemplate":"https:\/\/academyofbrain.com\/?s={search_term_string}"},"query-input":{"@type":"PropertyValueSpecification","valueRequired":true,"valueName":"search_term_string"}}],"inLanguage":"en-US"},{"@type":"Organization","@id":"https:\/\/academyofbrain.com\/#organization","name":"Academy of Brain","url":"https:\/\/academyofbrain.com\/","logo":{"@type":"ImageObject","inLanguage":"en-US","@id":"https:\/\/academyofbrain.com\/#\/schema\/logo\/image\/","url":"https:\/\/academyofbrain.com\/wp-content\/uploads\/2019\/12\/181217_AOB-logo_RGB_72dpi.png","contentUrl":"https:\/\/academyofbrain.com\/wp-content\/uploads\/2019\/12\/181217_AOB-logo_RGB_72dpi.png","width":1500,"height":233,"caption":"Academy of Brain"},"image":{"@id":"https:\/\/academyofbrain.com\/#\/schema\/logo\/image\/"},"sameAs":["https:\/\/www.facebook.com\/academybrain\/","https:\/\/www.instagram.com\/academyofbrain\/","https:\/\/www.linkedin.com\/company\/academyofbrain\/"]}]}},"_links":{"self":[{"href":"https:\/\/academyofbrain.com\/en\/wp-json\/wp\/v2\/pages\/7672","targetHints":{"allow":["GET"]}}],"collection":[{"href":"https:\/\/academyofbrain.com\/en\/wp-json\/wp\/v2\/pages"}],"about":[{"href":"https:\/\/academyofbrain.com\/en\/wp-json\/wp\/v2\/types\/page"}],"author":[{"embeddable":true,"href":"https:\/\/academyofbrain.com\/en\/wp-json\/wp\/v2\/users\/1463"}],"replies":[{"embeddable":true,"href":"https:\/\/academyofbrain.com\/en\/wp-json\/wp\/v2\/comments?post=7672"}],"version-history":[{"count":8,"href":"https:\/\/academyofbrain.com\/en\/wp-json\/wp\/v2\/pages\/7672\/revisions"}],"predecessor-version":[{"id":34271,"href":"https:\/\/academyofbrain.com\/en\/wp-json\/wp\/v2\/pages\/7672\/revisions\/34271"}],"wp:featuredmedia":[{"embeddable":true,"href":"https:\/\/academyofbrain.com\/en\/wp-json\/wp\/v2\/media\/7664"}],"wp:attachment":[{"href":"https:\/\/academyofbrain.com\/en\/wp-json\/wp\/v2\/media?parent=7672"}],"curies":[{"name":"wp","href":"https:\/\/api.w.org\/{rel}","templated":true}]}}