{"id":7323,"date":"2020-06-04T13:24:52","date_gmt":"2020-06-04T10:24:52","guid":{"rendered":"https:\/\/academyofbrain.com\/?page_id=7323"},"modified":"2025-02-06T12:53:05","modified_gmt":"2025-02-06T10:53:05","slug":"university_of_turku","status":"publish","type":"page","link":"https:\/\/academyofbrain.com\/en\/university_of_turku\/","title":{"rendered":"University of Turku \u2013 Online trainings are here to support your wellbeing"},"content":{"rendered":"<div  class=\"tatsu-gfghqqx7jjbliq75 tatsu-section  tatsu-bg-overlay   tatsu-clearfix\" data-title=\"\"  data-headerscheme=\"background--dark\"><div class='tatsu-section-pad clearfix' data-padding='{\"d\":\"90px 0px 90px 0px\"}' data-padding-top='90px'><div class=\"tatsu-row-wrap  tatsu-wrap tatsu-row-one-col tatsu-row-has-one-cols tatsu-medium-gutter tatsu-reg-cols  tatsu-clearfix tatsu-gfghqqx7lmb8pns9\" ><div  class=\"tatsu-row \" ><div  class=\"tatsu-column  tatsu-bg-overlay tatsu-one-col tatsu-column-image-none tatsu-column-effect-none  tatsu-gfghqqx7nje5jjb4\"  data-parallax-speed=\"0\" style=\"\"><div class=\"tatsu-column-inner \" ><div class=\"tatsu-column-pad-wrap\"><div class=\"tatsu-column-pad\" ><div  class=\"tatsu-module tatsu-text-block-wrap tatsu-gfghqqx7p897v02u  \"><div class=\"tatsu-text-inner tatsu-align-center  clearfix\" ><style>.tatsu-gfghqqx7p897v02u.tatsu-text-block-wrap .tatsu-text-inner{width: 85%;text-align: left;}<\/style>\r\n<h3>University of Turku \u2013 Online trainings are here to support your wellbeing<\/h3>\r\n<p>Wellbeing is an important subject for the University of Turku, which is why we are offering you a six months license to the Academy of Brain online training service. Sign up fast in the form below, because there are only 50 spots!<\/p>\r\n<p>These online trainings develop your wellbeing, leadership skills, self-leadership skills, and other essential work-life skills. The focus is on developing your psychological skills (soft skills). The best thing about their online trainings is that you can choose the time and place for your own development \u2013 the service is mobile friendly!\u00a0<span lang=\"en\">Hundreds of videos and exercises are at your fingertips just when you have the best time to study! It&#8217;s almost like Netflix, HBO, or Yle Areena!<\/span> The online trainings are based on scientific research, expertise and years of practical experience.<\/p>\r\n<p>Academy of Brain&#8217;s advisory board ensures the quality of the tutorials creating the best learning experience for you! The board consists of three members: Psychologist Ph.D. Ville Ojanen, Leadership coach Jarmo Manner and Professor of Educational Sciences, Minna Huotilainen.<\/p>\r\n<p><img loading=\"lazy\" decoding=\"async\" class=\"alignnone  wp-image-3106\" src=\"https:\/\/academyofbrain.com\/wp-content\/uploads\/2020\/02\/N\u00e4ytt\u00f6kuva-2020-2-27-kello-15.45.34-300x108.png\" alt=\"\" width=\"733\" height=\"264\" srcset=\"https:\/\/academyofbrain.com\/wp-content\/uploads\/2020\/02\/N\u00e4ytt\u00f6kuva-2020-2-27-kello-15.45.34-300x108.png 300w, https:\/\/academyofbrain.com\/wp-content\/uploads\/2020\/02\/N\u00e4ytt\u00f6kuva-2020-2-27-kello-15.45.34-1024x368.png 1024w, https:\/\/academyofbrain.com\/wp-content\/uploads\/2020\/02\/N\u00e4ytt\u00f6kuva-2020-2-27-kello-15.45.34-768x276.png 768w, https:\/\/academyofbrain.com\/wp-content\/uploads\/2020\/02\/N\u00e4ytt\u00f6kuva-2020-2-27-kello-15.45.34-1536x552.png 1536w, https:\/\/academyofbrain.com\/wp-content\/uploads\/2020\/02\/N\u00e4ytt\u00f6kuva-2020-2-27-kello-15.45.34-2048x736.png 2048w, https:\/\/academyofbrain.com\/wp-content\/uploads\/2020\/02\/N\u00e4ytt\u00f6kuva-2020-2-27-kello-15.45.34-700x252.png 700w, https:\/\/academyofbrain.com\/wp-content\/uploads\/2020\/02\/N\u00e4ytt\u00f6kuva-2020-2-27-kello-15.45.34-2000x719.png 2000w, https:\/\/academyofbrain.com\/wp-content\/uploads\/2020\/02\/N\u00e4ytt\u00f6kuva-2020-2-27-kello-15.45.34-1113x400.png 1113w\" sizes=\"auto, (max-width: 733px) 100vw, 733px\" \/><\/p>\r\n<p>Redeem your license here. The license will be automatically deactivated at 31st of July 2021.<\/p>\r\n<p class=\"has-text-color has-luminous-vivid-amber-color\"><strong>Enter the discount code you received from the University of Turku to activate your license free of charge.\u00a0<\/strong><\/p>\r\n<p>[paytrail_payment price=&#8221;129&#8243; team_id=&#8221;55151&#8243; discount_code=&#8221;Wellbeing_Turku&#8221; discount_percent=&#8221;100&#8243; lang=&#8221;en&#8221;]<\/p>\r\n<p><!-- \/wp:post-content --><\/p>\r\n<p><!-- wp:paragraph {\"textColor\":\"luminous-vivid-amber\"} \/--><\/p>\r\n<p><!-- wp:shortcode --><\/p>\r\n<p>&nbsp;<\/p>\r\n<\/div><\/div><\/div><\/div><div class = \"tatsu-column-bg-image-wrap\"><div class = \"tatsu-column-bg-image\" ><\/div><\/div><div class=\"tatsu-overlay tatsu-column-overlay tatsu-animate-none\" ><\/div><\/div><style>.tatsu-row > .tatsu-gfghqqx7nje5jjb4.tatsu-column{width: 100%;}.tatsu-gfghqqx7nje5jjb4.tatsu-column > .tatsu-column-inner > .tatsu-column-overlay{mix-blend-mode: normal;}.tatsu-gfghqqx7nje5jjb4 > .tatsu-column-inner > .tatsu-top-divider{z-index: 9999;}.tatsu-gfghqqx7nje5jjb4 > .tatsu-column-inner > .tatsu-bottom-divider{z-index: 9999;}.tatsu-gfghqqx7nje5jjb4 > .tatsu-column-inner > .tatsu-left-divider{z-index: 9999;}.tatsu-gfghqqx7nje5jjb4 > .tatsu-column-inner > .tatsu-right-divider{z-index: 9999;}<\/style><\/div><\/div><\/div><\/div><div class=\"tatsu-section-background-wrap\"><div class = \"tatsu-section-background\" ><\/div><\/div><div class=\"tatsu-overlay tatsu-section-overlay\"><\/div><style>.tatsu-gfghqqx7jjbliq75 .tatsu-section-pad{padding: 90px 0px 90px 0px;}.tatsu-gfghqqx7jjbliq75 > .tatsu-bottom-divider{z-index: 9999;}.tatsu-gfghqqx7jjbliq75 > .tatsu-top-divider{z-index: 9999;}.tatsu-gfghqqx7jjbliq75 .tatsu-section-overlay{mix-blend-mode: normal;}<\/style><\/div><div style=\"display:table-column;\">\r\n\r\n\r\n\r\n\r\n\r\n\r\n\r\n\r\n\r\n\r\n\r\n\r\n<\/div><\/p><div style=\"display: none;\">\r\n\r\n\r\n\r\n\r\n\r\n\r\n\r\n\r\n\r\n\r\n\r\n\r\n\r\n<\/div><\/p><div style=\"display:table-column;\">\r\n\r\n\r\n\r\n\r\n\r\n\r\n\r\n\r\n\r\n\r\n\r\n\r\n\r\n\r\n<\/div><\/p><div style=\"display: none;\">\r\n\r\n\r\n\r\n\r\n\r\n\r\n\r\n\r\n\r\n\r\n\r\n<\/div><\/p><div id=\"link\">\r\n\r\n\r\n\r\n\r\n\r\n\r\n\r\n\r\n\r\n\r\n\r\n\r\n\r\n<\/div><\/p><div style=\"display:table-column;\">\r\n\r\n\r\n\r\n\r\n\r\n\r\n\r\n\r\n\r\n\r\n<\/div><\/p>","protected":false},"excerpt":{"rendered":"<div><a href=\"https:\/\/academyofbrain.com\/en\/university_of_turku\/\" class=\"exp-read-more exp-read-more-underlined\">Read More<\/a><\/div>\n","protected":false},"author":1463,"featured_media":0,"parent":0,"menu_order":0,"comment_status":"closed","ping_status":"closed","template":"","meta":{"content-type":"","footnotes":""},"class_list":["post-7323","page","type-page","status-publish","hentry"],"yoast_head":"<!-- This site is optimized with the Yoast SEO Premium plugin v20.9 (Yoast SEO v27.0) - https:\/\/yoast.com\/product\/yoast-seo-premium-wordpress\/ -->\n<title>University of Turku \u2013 Online trainings are here to support your wellbeing - Academy of Brain<\/title>\n<meta name=\"robots\" content=\"index, follow, max-snippet:-1, max-image-preview:large, max-video-preview:-1\" \/>\n<link rel=\"canonical\" href=\"https:\/\/academyofbrain.com\/en\/university_of_turku\/\" \/>\n<meta property=\"og:locale\" content=\"en_US\" \/>\n<meta property=\"og:type\" content=\"article\" \/>\n<meta property=\"og:title\" content=\"University of Turku \u2013 Online trainings are here to support your wellbeing\" \/>\n<meta property=\"og:description\" content=\"Read More\" \/>\n<meta property=\"og:url\" content=\"https:\/\/academyofbrain.com\/en\/university_of_turku\/\" \/>\n<meta property=\"og:site_name\" content=\"Academy of Brain\" \/>\n<meta property=\"article:publisher\" content=\"https:\/\/www.facebook.com\/academybrain\/\" \/>\n<meta property=\"article:modified_time\" content=\"2025-02-06T10:53:05+00:00\" \/>\n<meta name=\"twitter:card\" content=\"summary_large_image\" \/>\n<meta name=\"twitter:label1\" content=\"Est. reading time\" \/>\n\t<meta name=\"twitter:data1\" content=\"4 minutes\" \/>\n<script type=\"application\/ld+json\" class=\"yoast-schema-graph\">{\"@context\":\"https:\/\/schema.org\",\"@graph\":[{\"@type\":\"WebPage\",\"@id\":\"https:\/\/academyofbrain.com\/en\/university_of_turku\/\",\"url\":\"https:\/\/academyofbrain.com\/en\/university_of_turku\/\",\"name\":\"University of Turku \u2013 Online trainings are here to support your wellbeing - Academy of Brain\",\"isPartOf\":{\"@id\":\"https:\/\/academyofbrain.com\/#website\"},\"datePublished\":\"2020-06-04T10:24:52+00:00\",\"dateModified\":\"2025-02-06T10:53:05+00:00\",\"breadcrumb\":{\"@id\":\"https:\/\/academyofbrain.com\/en\/university_of_turku\/#breadcrumb\"},\"inLanguage\":\"en-US\",\"potentialAction\":[{\"@type\":\"ReadAction\",\"target\":[\"https:\/\/academyofbrain.com\/en\/university_of_turku\/\"]}]},{\"@type\":\"BreadcrumbList\",\"@id\":\"https:\/\/academyofbrain.com\/en\/university_of_turku\/#breadcrumb\",\"itemListElement\":[{\"@type\":\"ListItem\",\"position\":1,\"name\":\"Etusivu\",\"item\":\"https:\/\/academyofbrain.com\/en\/\"},{\"@type\":\"ListItem\",\"position\":2,\"name\":\"University of Turku \u2013 Online trainings are here to support your wellbeing\"}]},{\"@type\":\"WebSite\",\"@id\":\"https:\/\/academyofbrain.com\/#website\",\"url\":\"https:\/\/academyofbrain.com\/\",\"name\":\"Academy of Brain\",\"description\":\"Kehit\u00e4mme ty\u00f6el\u00e4m\u00e4n ydintaitoja\",\"publisher\":{\"@id\":\"https:\/\/academyofbrain.com\/#organization\"},\"potentialAction\":[{\"@type\":\"SearchAction\",\"target\":{\"@type\":\"EntryPoint\",\"urlTemplate\":\"https:\/\/academyofbrain.com\/?s={search_term_string}\"},\"query-input\":{\"@type\":\"PropertyValueSpecification\",\"valueRequired\":true,\"valueName\":\"search_term_string\"}}],\"inLanguage\":\"en-US\"},{\"@type\":\"Organization\",\"@id\":\"https:\/\/academyofbrain.com\/#organization\",\"name\":\"Academy of Brain\",\"url\":\"https:\/\/academyofbrain.com\/\",\"logo\":{\"@type\":\"ImageObject\",\"inLanguage\":\"en-US\",\"@id\":\"https:\/\/academyofbrain.com\/#\/schema\/logo\/image\/\",\"url\":\"https:\/\/academyofbrain.com\/wp-content\/uploads\/2019\/12\/181217_AOB-logo_RGB_72dpi.png\",\"contentUrl\":\"https:\/\/academyofbrain.com\/wp-content\/uploads\/2019\/12\/181217_AOB-logo_RGB_72dpi.png\",\"width\":1500,\"height\":233,\"caption\":\"Academy of Brain\"},\"image\":{\"@id\":\"https:\/\/academyofbrain.com\/#\/schema\/logo\/image\/\"},\"sameAs\":[\"https:\/\/www.facebook.com\/academybrain\/\",\"https:\/\/www.instagram.com\/academyofbrain\/\",\"https:\/\/www.linkedin.com\/company\/academyofbrain\/\"]}]}<\/script>\n<!-- \/ Yoast SEO Premium plugin. -->","yoast_head_json":{"title":"University of Turku \u2013 Online trainings are here to support your wellbeing - Academy of Brain","robots":{"index":"index","follow":"follow","max-snippet":"max-snippet:-1","max-image-preview":"max-image-preview:large","max-video-preview":"max-video-preview:-1"},"canonical":"https:\/\/academyofbrain.com\/en\/university_of_turku\/","og_locale":"en_US","og_type":"article","og_title":"University of Turku \u2013 Online trainings are here to support your wellbeing","og_description":"Read More","og_url":"https:\/\/academyofbrain.com\/en\/university_of_turku\/","og_site_name":"Academy of Brain","article_publisher":"https:\/\/www.facebook.com\/academybrain\/","article_modified_time":"2025-02-06T10:53:05+00:00","twitter_card":"summary_large_image","twitter_misc":{"Est. reading time":"4 minutes"},"schema":{"@context":"https:\/\/schema.org","@graph":[{"@type":"WebPage","@id":"https:\/\/academyofbrain.com\/en\/university_of_turku\/","url":"https:\/\/academyofbrain.com\/en\/university_of_turku\/","name":"University of Turku \u2013 Online trainings are here to support your wellbeing - Academy of Brain","isPartOf":{"@id":"https:\/\/academyofbrain.com\/#website"},"datePublished":"2020-06-04T10:24:52+00:00","dateModified":"2025-02-06T10:53:05+00:00","breadcrumb":{"@id":"https:\/\/academyofbrain.com\/en\/university_of_turku\/#breadcrumb"},"inLanguage":"en-US","potentialAction":[{"@type":"ReadAction","target":["https:\/\/academyofbrain.com\/en\/university_of_turku\/"]}]},{"@type":"BreadcrumbList","@id":"https:\/\/academyofbrain.com\/en\/university_of_turku\/#breadcrumb","itemListElement":[{"@type":"ListItem","position":1,"name":"Etusivu","item":"https:\/\/academyofbrain.com\/en\/"},{"@type":"ListItem","position":2,"name":"University of Turku \u2013 Online trainings are here to support your wellbeing"}]},{"@type":"WebSite","@id":"https:\/\/academyofbrain.com\/#website","url":"https:\/\/academyofbrain.com\/","name":"Academy of Brain","description":"Kehit\u00e4mme ty\u00f6el\u00e4m\u00e4n ydintaitoja","publisher":{"@id":"https:\/\/academyofbrain.com\/#organization"},"potentialAction":[{"@type":"SearchAction","target":{"@type":"EntryPoint","urlTemplate":"https:\/\/academyofbrain.com\/?s={search_term_string}"},"query-input":{"@type":"PropertyValueSpecification","valueRequired":true,"valueName":"search_term_string"}}],"inLanguage":"en-US"},{"@type":"Organization","@id":"https:\/\/academyofbrain.com\/#organization","name":"Academy of Brain","url":"https:\/\/academyofbrain.com\/","logo":{"@type":"ImageObject","inLanguage":"en-US","@id":"https:\/\/academyofbrain.com\/#\/schema\/logo\/image\/","url":"https:\/\/academyofbrain.com\/wp-content\/uploads\/2019\/12\/181217_AOB-logo_RGB_72dpi.png","contentUrl":"https:\/\/academyofbrain.com\/wp-content\/uploads\/2019\/12\/181217_AOB-logo_RGB_72dpi.png","width":1500,"height":233,"caption":"Academy of Brain"},"image":{"@id":"https:\/\/academyofbrain.com\/#\/schema\/logo\/image\/"},"sameAs":["https:\/\/www.facebook.com\/academybrain\/","https:\/\/www.instagram.com\/academyofbrain\/","https:\/\/www.linkedin.com\/company\/academyofbrain\/"]}]}},"_links":{"self":[{"href":"https:\/\/academyofbrain.com\/en\/wp-json\/wp\/v2\/pages\/7323","targetHints":{"allow":["GET"]}}],"collection":[{"href":"https:\/\/academyofbrain.com\/en\/wp-json\/wp\/v2\/pages"}],"about":[{"href":"https:\/\/academyofbrain.com\/en\/wp-json\/wp\/v2\/types\/page"}],"author":[{"embeddable":true,"href":"https:\/\/academyofbrain.com\/en\/wp-json\/wp\/v2\/users\/1463"}],"replies":[{"embeddable":true,"href":"https:\/\/academyofbrain.com\/en\/wp-json\/wp\/v2\/comments?post=7323"}],"version-history":[{"count":19,"href":"https:\/\/academyofbrain.com\/en\/wp-json\/wp\/v2\/pages\/7323\/revisions"}],"predecessor-version":[{"id":8455,"href":"https:\/\/academyofbrain.com\/en\/wp-json\/wp\/v2\/pages\/7323\/revisions\/8455"}],"wp:attachment":[{"href":"https:\/\/academyofbrain.com\/en\/wp-json\/wp\/v2\/media?parent=7323"}],"curies":[{"name":"wp","href":"https:\/\/api.w.org\/{rel}","templated":true}]}}