{"id":3199,"date":"2020-02-27T15:32:23","date_gmt":"2020-02-27T13:32:23","guid":{"rendered":"https:\/\/academyofbrain.com\/online-trainings-to-support-your-wellbeing-at-neste\/"},"modified":"2025-02-06T12:48:30","modified_gmt":"2025-02-06T10:48:30","slug":"neste-eng","status":"publish","type":"page","link":"https:\/\/academyofbrain.com\/en\/neste-eng\/","title":{"rendered":"Online trainings to support your wellbeing at Neste"},"content":{"rendered":"\r\n\r\n\r\n<p>&nbsp;<\/p>\r\n<p>You now have a unique opportunity to join Academy of Brain&#8217;s online trainings for 4 months as part of Neste&#8217;s pilot.<\/p>\r\n<p><strong>There is a limited amount of licenses available \u2013 redeem yours now!<\/strong><\/p>\r\n\r\n\r\n\r\n<p>The online trainings are based on scientific research, expertise and years of practical experience. Academy of Brain\u2019s advisory board ensures the quality of the tutorials creating the best learning experience for you! The board consists of three members: Psychologist Ph.D. Ville Ojanen, Leadership coach Jarmo Manner and Professor of Educational Sciences, Minna Huotilainen.<\/p>\r\n<p><img loading=\"lazy\" decoding=\"async\" class=\"wp-image-3106 aligncenter\" src=\"https:\/\/academyofbrain.com\/wp-content\/uploads\/2020\/02\/N\u00e4ytt\u00f6kuva-2020-2-27-kello-15.45.34.png\" alt=\"\" width=\"711\" height=\"256\" srcset=\"https:\/\/academyofbrain.com\/wp-content\/uploads\/2020\/02\/N\u00e4ytt\u00f6kuva-2020-2-27-kello-15.45.34.png 2810w, https:\/\/academyofbrain.com\/wp-content\/uploads\/2020\/02\/N\u00e4ytt\u00f6kuva-2020-2-27-kello-15.45.34-300x108.png 300w, https:\/\/academyofbrain.com\/wp-content\/uploads\/2020\/02\/N\u00e4ytt\u00f6kuva-2020-2-27-kello-15.45.34-1024x368.png 1024w, https:\/\/academyofbrain.com\/wp-content\/uploads\/2020\/02\/N\u00e4ytt\u00f6kuva-2020-2-27-kello-15.45.34-768x276.png 768w, https:\/\/academyofbrain.com\/wp-content\/uploads\/2020\/02\/N\u00e4ytt\u00f6kuva-2020-2-27-kello-15.45.34-1536x552.png 1536w, https:\/\/academyofbrain.com\/wp-content\/uploads\/2020\/02\/N\u00e4ytt\u00f6kuva-2020-2-27-kello-15.45.34-2048x736.png 2048w, https:\/\/academyofbrain.com\/wp-content\/uploads\/2020\/02\/N\u00e4ytt\u00f6kuva-2020-2-27-kello-15.45.34-700x252.png 700w, https:\/\/academyofbrain.com\/wp-content\/uploads\/2020\/02\/N\u00e4ytt\u00f6kuva-2020-2-27-kello-15.45.34-2000x719.png 2000w, https:\/\/academyofbrain.com\/wp-content\/uploads\/2020\/02\/N\u00e4ytt\u00f6kuva-2020-2-27-kello-15.45.34-1113x400.png 1113w\" sizes=\"auto, (max-width: 711px) 100vw, 711px\" \/><\/p>\r\n<p>Academy of Brains&#8217; online trainings develop the most important working life skills, wellbeing, and self-leadership. The focus is on developing your psychological skills (soft skills). The best thing about online training is that you can choose a time and place for your own wellbeing \u2013 the service is mobile friendly!<\/p>\r\n<p><strong>NEWME \u2013 Find Your potential!<\/strong><\/p>\r\n<p>We have created a NEWME learning track for you to deepen your understanding on the basic principles of self-leadership; recovery, stress management, resilience, the meaningfulness of work, focusing skills and mindset. The program contains a total of 56 videos (average duration 5min) and 56 exercises.<\/p>\r\n<p><strong>In addition to the NEWME learning track, you&#8217;ll also get the following tutorials and plenty of more:<\/strong><\/p>\r\n<ul>\r\n<li>Time management<\/li>\r\n<li>Psychology of weight management<\/li>\r\n<li>Present in interaction<\/li>\r\n<li>High performing team<\/li>\r\n<\/ul>\r\n<p>All of our contents are available in Finnish and English. Your license is non-binding and will be automatically deactivated after 4 months.<\/p>\r\n<p>Time used for Academy of Brain trainings can be considered working time during this pilot and you can record the completed training afterwards in Hugo (via Learning -&gt; Learning history &#8211; Add -&gt; External event. You can use the course name or title &#8220;Academy of Brain offering&#8221;, if you don&#8217;t want to specify the content).<\/p>\r\n\r\n\r\n\r\n\r\n\r\n\r\n\r\n<p class=\"has-text-color has-luminous-vivid-amber-color\"><strong>Enter your name, email and a discount code here and you&#8217;ll get the service free of charge. You have received the code from AlvinOne by email after completing the health questionnaire.<\/strong><\/p>\r\n\r\n\r\n\r\n<p>[paytrail_payment price=&#8221;129&#8243; team_id=&#8221;37366&#8243; discount_code=&#8221;Neste-wellbeing&#8221; discount_percent=&#8221;100&#8243; lang=&#8221;en&#8221;]<\/p><div style=\"display:table-column;\">\r\n\r\n\r\n\r\n\r\n\r\n\r\n\r\n\r\n\r\n\r\n\r\n\r\n<\/div><\/p><div style=\"display: none;\">\r\n\r\n\r\n\r\n\r\n\r\n\r\n\r\n\r\n\r\n\r\n\r\n\r\n\r\n<\/div><\/p><div style=\"display:table-column;\">\r\n\r\n\r\n\r\n\r\n\r\n\r\n\r\n\r\n\r\n\r\n\r\n\r\n\r\n\r\n<\/div><\/p><div style=\"display: none;\">\r\n\r\n\r\n\r\n\r\n\r\n\r\n\r\n\r\n\r\n\r\n\r\n<\/div><\/p><div id=\"link\">\r\n\r\n\r\n\r\n\r\n\r\n\r\n\r\n\r\n\r\n\r\n\r\n\r\n\r\n<\/div><\/p><div style=\"display:table-column;\">\r\n\r\n\r\n\r\n\r\n\r\n\r\n\r\n\r\n\r\n\r\n<\/div><\/p>","protected":false},"excerpt":{"rendered":"<p>&nbsp; You now have a unique opportunity to join Academy of Brain&#8217;s online trainings for 4 months as part of Neste&#8217;s pilot. There is a limited amount of licenses available<\/p>\n<div><a href=\"https:\/\/academyofbrain.com\/en\/neste-eng\/\" class=\"exp-read-more exp-read-more-underlined\">Read More<\/a><\/div>\n","protected":false},"author":1463,"featured_media":3114,"parent":0,"menu_order":0,"comment_status":"closed","ping_status":"closed","template":"","meta":{"content-type":"","footnotes":""},"class_list":["post-3199","page","type-page","status-publish","has-post-thumbnail","hentry"],"yoast_head":"<!-- This site is optimized with the Yoast SEO Premium plugin v20.9 (Yoast SEO v27.0) - https:\/\/yoast.com\/product\/yoast-seo-premium-wordpress\/ -->\n<title>Online trainings to support your wellbeing at Neste - Academy of Brain<\/title>\n<meta name=\"robots\" content=\"index, follow, max-snippet:-1, max-image-preview:large, max-video-preview:-1\" \/>\n<link rel=\"canonical\" href=\"https:\/\/academyofbrain.com\/en\/neste-eng\/\" \/>\n<meta property=\"og:locale\" content=\"en_US\" \/>\n<meta property=\"og:type\" content=\"article\" \/>\n<meta property=\"og:title\" content=\"Online trainings to support your wellbeing at Neste\" \/>\n<meta property=\"og:description\" content=\"&nbsp; You now have a unique opportunity to join Academy of Brain&#8217;s online trainings for 4 months as part of Neste&#8217;s pilot. There is a limited amount of licenses availableRead More\" \/>\n<meta property=\"og:url\" content=\"https:\/\/academyofbrain.com\/en\/neste-eng\/\" \/>\n<meta property=\"og:site_name\" content=\"Academy of Brain\" \/>\n<meta property=\"article:publisher\" content=\"https:\/\/www.facebook.com\/academybrain\/\" \/>\n<meta property=\"article:modified_time\" content=\"2025-02-06T10:48:30+00:00\" \/>\n<meta property=\"og:image\" content=\"https:\/\/academyofbrain.com\/wp-content\/uploads\/2020\/02\/logo-neste.png\" \/>\n\t<meta property=\"og:image:width\" content=\"300\" \/>\n\t<meta property=\"og:image:height\" content=\"250\" \/>\n\t<meta property=\"og:image:type\" content=\"image\/png\" \/>\n<meta name=\"twitter:card\" content=\"summary_large_image\" \/>\n<meta name=\"twitter:label1\" content=\"Est. reading time\" \/>\n\t<meta name=\"twitter:data1\" content=\"3 minutes\" \/>\n<script type=\"application\/ld+json\" class=\"yoast-schema-graph\">{\"@context\":\"https:\/\/schema.org\",\"@graph\":[{\"@type\":\"WebPage\",\"@id\":\"https:\/\/academyofbrain.com\/en\/neste-eng\/\",\"url\":\"https:\/\/academyofbrain.com\/en\/neste-eng\/\",\"name\":\"Online trainings to support your wellbeing at Neste - Academy of Brain\",\"isPartOf\":{\"@id\":\"https:\/\/academyofbrain.com\/#website\"},\"primaryImageOfPage\":{\"@id\":\"https:\/\/academyofbrain.com\/en\/neste-eng\/#primaryimage\"},\"image\":{\"@id\":\"https:\/\/academyofbrain.com\/en\/neste-eng\/#primaryimage\"},\"thumbnailUrl\":\"https:\/\/academyofbrain.com\/wp-content\/uploads\/2020\/02\/logo-neste.png\",\"datePublished\":\"2020-02-27T13:32:23+00:00\",\"dateModified\":\"2025-02-06T10:48:30+00:00\",\"breadcrumb\":{\"@id\":\"https:\/\/academyofbrain.com\/en\/neste-eng\/#breadcrumb\"},\"inLanguage\":\"en-US\",\"potentialAction\":[{\"@type\":\"ReadAction\",\"target\":[\"https:\/\/academyofbrain.com\/en\/neste-eng\/\"]}]},{\"@type\":\"ImageObject\",\"inLanguage\":\"en-US\",\"@id\":\"https:\/\/academyofbrain.com\/en\/neste-eng\/#primaryimage\",\"url\":\"https:\/\/academyofbrain.com\/wp-content\/uploads\/2020\/02\/logo-neste.png\",\"contentUrl\":\"https:\/\/academyofbrain.com\/wp-content\/uploads\/2020\/02\/logo-neste.png\",\"width\":300,\"height\":250},{\"@type\":\"BreadcrumbList\",\"@id\":\"https:\/\/academyofbrain.com\/en\/neste-eng\/#breadcrumb\",\"itemListElement\":[{\"@type\":\"ListItem\",\"position\":1,\"name\":\"Etusivu\",\"item\":\"https:\/\/academyofbrain.com\/en\/\"},{\"@type\":\"ListItem\",\"position\":2,\"name\":\"Online trainings to support your wellbeing at Neste\"}]},{\"@type\":\"WebSite\",\"@id\":\"https:\/\/academyofbrain.com\/#website\",\"url\":\"https:\/\/academyofbrain.com\/\",\"name\":\"Academy of Brain\",\"description\":\"Kehit\u00e4mme ty\u00f6el\u00e4m\u00e4n ydintaitoja\",\"publisher\":{\"@id\":\"https:\/\/academyofbrain.com\/#organization\"},\"potentialAction\":[{\"@type\":\"SearchAction\",\"target\":{\"@type\":\"EntryPoint\",\"urlTemplate\":\"https:\/\/academyofbrain.com\/?s={search_term_string}\"},\"query-input\":{\"@type\":\"PropertyValueSpecification\",\"valueRequired\":true,\"valueName\":\"search_term_string\"}}],\"inLanguage\":\"en-US\"},{\"@type\":\"Organization\",\"@id\":\"https:\/\/academyofbrain.com\/#organization\",\"name\":\"Academy of Brain\",\"url\":\"https:\/\/academyofbrain.com\/\",\"logo\":{\"@type\":\"ImageObject\",\"inLanguage\":\"en-US\",\"@id\":\"https:\/\/academyofbrain.com\/#\/schema\/logo\/image\/\",\"url\":\"https:\/\/academyofbrain.com\/wp-content\/uploads\/2019\/12\/181217_AOB-logo_RGB_72dpi.png\",\"contentUrl\":\"https:\/\/academyofbrain.com\/wp-content\/uploads\/2019\/12\/181217_AOB-logo_RGB_72dpi.png\",\"width\":1500,\"height\":233,\"caption\":\"Academy of Brain\"},\"image\":{\"@id\":\"https:\/\/academyofbrain.com\/#\/schema\/logo\/image\/\"},\"sameAs\":[\"https:\/\/www.facebook.com\/academybrain\/\",\"https:\/\/www.instagram.com\/academyofbrain\/\",\"https:\/\/www.linkedin.com\/company\/academyofbrain\/\"]}]}<\/script>\n<!-- \/ Yoast SEO Premium plugin. -->","yoast_head_json":{"title":"Online trainings to support your wellbeing at Neste - Academy of Brain","robots":{"index":"index","follow":"follow","max-snippet":"max-snippet:-1","max-image-preview":"max-image-preview:large","max-video-preview":"max-video-preview:-1"},"canonical":"https:\/\/academyofbrain.com\/en\/neste-eng\/","og_locale":"en_US","og_type":"article","og_title":"Online trainings to support your wellbeing at Neste","og_description":"&nbsp; You now have a unique opportunity to join Academy of Brain&#8217;s online trainings for 4 months as part of Neste&#8217;s pilot. There is a limited amount of licenses availableRead More","og_url":"https:\/\/academyofbrain.com\/en\/neste-eng\/","og_site_name":"Academy of Brain","article_publisher":"https:\/\/www.facebook.com\/academybrain\/","article_modified_time":"2025-02-06T10:48:30+00:00","og_image":[{"width":300,"height":250,"url":"https:\/\/academyofbrain.com\/wp-content\/uploads\/2020\/02\/logo-neste.png","type":"image\/png"}],"twitter_card":"summary_large_image","twitter_misc":{"Est. reading time":"3 minutes"},"schema":{"@context":"https:\/\/schema.org","@graph":[{"@type":"WebPage","@id":"https:\/\/academyofbrain.com\/en\/neste-eng\/","url":"https:\/\/academyofbrain.com\/en\/neste-eng\/","name":"Online trainings to support your wellbeing at Neste - Academy of Brain","isPartOf":{"@id":"https:\/\/academyofbrain.com\/#website"},"primaryImageOfPage":{"@id":"https:\/\/academyofbrain.com\/en\/neste-eng\/#primaryimage"},"image":{"@id":"https:\/\/academyofbrain.com\/en\/neste-eng\/#primaryimage"},"thumbnailUrl":"https:\/\/academyofbrain.com\/wp-content\/uploads\/2020\/02\/logo-neste.png","datePublished":"2020-02-27T13:32:23+00:00","dateModified":"2025-02-06T10:48:30+00:00","breadcrumb":{"@id":"https:\/\/academyofbrain.com\/en\/neste-eng\/#breadcrumb"},"inLanguage":"en-US","potentialAction":[{"@type":"ReadAction","target":["https:\/\/academyofbrain.com\/en\/neste-eng\/"]}]},{"@type":"ImageObject","inLanguage":"en-US","@id":"https:\/\/academyofbrain.com\/en\/neste-eng\/#primaryimage","url":"https:\/\/academyofbrain.com\/wp-content\/uploads\/2020\/02\/logo-neste.png","contentUrl":"https:\/\/academyofbrain.com\/wp-content\/uploads\/2020\/02\/logo-neste.png","width":300,"height":250},{"@type":"BreadcrumbList","@id":"https:\/\/academyofbrain.com\/en\/neste-eng\/#breadcrumb","itemListElement":[{"@type":"ListItem","position":1,"name":"Etusivu","item":"https:\/\/academyofbrain.com\/en\/"},{"@type":"ListItem","position":2,"name":"Online trainings to support your wellbeing at Neste"}]},{"@type":"WebSite","@id":"https:\/\/academyofbrain.com\/#website","url":"https:\/\/academyofbrain.com\/","name":"Academy of Brain","description":"Kehit\u00e4mme ty\u00f6el\u00e4m\u00e4n ydintaitoja","publisher":{"@id":"https:\/\/academyofbrain.com\/#organization"},"potentialAction":[{"@type":"SearchAction","target":{"@type":"EntryPoint","urlTemplate":"https:\/\/academyofbrain.com\/?s={search_term_string}"},"query-input":{"@type":"PropertyValueSpecification","valueRequired":true,"valueName":"search_term_string"}}],"inLanguage":"en-US"},{"@type":"Organization","@id":"https:\/\/academyofbrain.com\/#organization","name":"Academy of Brain","url":"https:\/\/academyofbrain.com\/","logo":{"@type":"ImageObject","inLanguage":"en-US","@id":"https:\/\/academyofbrain.com\/#\/schema\/logo\/image\/","url":"https:\/\/academyofbrain.com\/wp-content\/uploads\/2019\/12\/181217_AOB-logo_RGB_72dpi.png","contentUrl":"https:\/\/academyofbrain.com\/wp-content\/uploads\/2019\/12\/181217_AOB-logo_RGB_72dpi.png","width":1500,"height":233,"caption":"Academy of Brain"},"image":{"@id":"https:\/\/academyofbrain.com\/#\/schema\/logo\/image\/"},"sameAs":["https:\/\/www.facebook.com\/academybrain\/","https:\/\/www.instagram.com\/academyofbrain\/","https:\/\/www.linkedin.com\/company\/academyofbrain\/"]}]}},"_links":{"self":[{"href":"https:\/\/academyofbrain.com\/en\/wp-json\/wp\/v2\/pages\/3199","targetHints":{"allow":["GET"]}}],"collection":[{"href":"https:\/\/academyofbrain.com\/en\/wp-json\/wp\/v2\/pages"}],"about":[{"href":"https:\/\/academyofbrain.com\/en\/wp-json\/wp\/v2\/types\/page"}],"author":[{"embeddable":true,"href":"https:\/\/academyofbrain.com\/en\/wp-json\/wp\/v2\/users\/1463"}],"replies":[{"embeddable":true,"href":"https:\/\/academyofbrain.com\/en\/wp-json\/wp\/v2\/comments?post=3199"}],"version-history":[{"count":19,"href":"https:\/\/academyofbrain.com\/en\/wp-json\/wp\/v2\/pages\/3199\/revisions"}],"predecessor-version":[{"id":34272,"href":"https:\/\/academyofbrain.com\/en\/wp-json\/wp\/v2\/pages\/3199\/revisions\/34272"}],"wp:featuredmedia":[{"embeddable":true,"href":"https:\/\/academyofbrain.com\/en\/wp-json\/wp\/v2\/media\/3114"}],"wp:attachment":[{"href":"https:\/\/academyofbrain.com\/en\/wp-json\/wp\/v2\/media?parent=3199"}],"curies":[{"name":"wp","href":"https:\/\/api.w.org\/{rel}","templated":true}]}}