{"id":27843,"date":"2023-03-09T08:57:19","date_gmt":"2023-03-09T06:57:19","guid":{"rendered":"https:\/\/academyofbrain.com\/free-account-coaching-leadership\/"},"modified":"2025-02-06T12:44:36","modified_gmt":"2025-02-06T10:44:36","slug":"free-account-coaching-leadership","status":"publish","type":"page","link":"https:\/\/academyofbrain.com\/en\/free-account-coaching-leadership\/","title":{"rendered":"Free account trial creation"},"content":{"rendered":"<div id=\"start\" class=\"tatsu-r1ZSiWKjuo tatsu-section  tatsu-bg-overlay   tatsu-clearfix\" data-title=\"tilaa tunnukset\"  data-headerscheme=\"background--dark\"><div class='tatsu-section-pad clearfix' data-padding='{\"d\":\"119px 0px 119px 0px\"}' data-padding-top='119px'><div class=\"tatsu-row-wrap  tatsu-wrap tatsu-row-has-one-half tatsu-row-has-two-cols tatsu-medium-gutter tatsu-eq-cols  tatsu-clearfix tatsu-rklSi-Yo_i\" ><div  class=\"tatsu-row \" ><div  class=\"tatsu-column  tatsu-bg-overlay tatsu-column-empty tatsu-one-half tatsu-column-image-none tatsu-column-effect-none  tatsu-r1eccG6d1n\"  data-parallax-speed=\"0\" style=\"\"><div class=\"tatsu-column-inner \" ><div class=\"tatsu-column-pad-wrap\"><div class=\"tatsu-column-pad\" ><\/div><\/div><div class = \"tatsu-column-bg-image-wrap\"><div class = \"tatsu-column-bg-image\" ><\/div><\/div><div class=\"tatsu-overlay tatsu-column-overlay tatsu-animate-none\" ><\/div><\/div><style>.tatsu-row > .tatsu-r1eccG6d1n.tatsu-column{width: 39.2%;}.tatsu-r1eccG6d1n.tatsu-column > .tatsu-column-inner > .tatsu-column-overlay{mix-blend-mode: normal;}.tatsu-r1eccG6d1n > .tatsu-column-inner > .tatsu-top-divider{z-index: 9999;}.tatsu-r1eccG6d1n > .tatsu-column-inner > .tatsu-bottom-divider{z-index: 9999;}.tatsu-r1eccG6d1n > .tatsu-column-inner > .tatsu-left-divider{z-index: 9999;}.tatsu-r1eccG6d1n > .tatsu-column-inner > .tatsu-right-divider{z-index: 9999;}@media only screen and (max-width:1377px) {.tatsu-row > .tatsu-r1eccG6d1n.tatsu-column{width: 50%;}}@media only screen and (min-width:768px) and (max-width: 1024px) {.tatsu-row > .tatsu-r1eccG6d1n.tatsu-column{width: 50%;}}@media only screen and (max-width: 767px) {.tatsu-row > .tatsu-r1eccG6d1n.tatsu-column{width: 100%;}}<\/style><\/div><div  class=\"tatsu-column  tatsu-bg-overlay tatsu-one-half tatsu-column-image-none tatsu-column-effect-none  tatsu-SJewsWFouo\"  data-parallax-speed=\"0\" style=\"\"><div class=\"tatsu-column-inner \" ><div class=\"tatsu-column-pad-wrap\"><div class=\"tatsu-column-pad\" ><div  class=\"tatsu-module tatsu-inline-text clearfix tatsu-S1Vf6Yods   \" ><style>.tatsu-S1Vf6Yods .tatsu-inline-text-inner{width: 100%;text-align: center;}.tatsu-S1Vf6Yods.tatsu-inline-text{margin: 0px 0px 0px 0px;}@media only screen and (max-width: 767px) {.tatsu-S1Vf6Yods .tatsu-inline-text-inner{width: 100%;}.tatsu-S1Vf6Yods.tatsu-inline-text .tatsu-inline-text-inner *{text-transform : none;font-size : 30px;}}<\/style><div class=\"tatsu-inline-text-inner tatsu-align-center\">\n<h3>Thank you for signing up.<\/h3>\n<\/div><\/div><div  class=\"tatsu-module tatsu-text-block-wrap tatsu-r11fVKjuo  \"><div class=\"tatsu-text-inner tatsu-align-center  clearfix\" ><style>.tatsu-r11fVKjuo.tatsu-text-block-wrap .tatsu-text-inner{width: 100%;text-align: center;color: rgba(245,166,35,1) ;}.tatsu-r11fVKjuo .tatsu-text-inner *{color: rgba(245,166,35,1) ;}.tatsu-r11fVKjuo.tatsu-text-block-wrap .tatsu-text-inner *{text-transform : none;font-size : 20px;line-height : 25px;}<\/style>\n<h3>The Next Step is to ceate your free trial account to the Academy of Brain platform.<\/h3>\n<\/div><\/div><div  class=\"tatsu-module tatsu-text-block-wrap tatsu-B1srXFi_j  \"><div class=\"tatsu-text-inner tatsu-align-center  clearfix\" ><style>.tatsu-B1srXFi_j.tatsu-text-block-wrap .tatsu-text-inner{width: 100%;text-align: center;}<\/style>\n<form action=\"https:\/\/stripe-studytube-service-enqer.ondigitalocean.app\/process\/register\" enctype=\"multipart\/form-data\" method=\"post\"><input name=\"apiToken\" type=\"hidden\" value=\"Z7MfjsUVTBzTKkbs\" \/> <input name=\"team_id\" type=\"hidden\" value=\"191169\" \/><input name=\"first_name\" type=\"text\" value=\"\" placeholder=\"First name\" \/> <input name=\"last_name\" type=\"text\" value=\"\" placeholder=\"Last name\" \/> <input name=\"email\" type=\"text\" value=\"\" placeholder=\"Email\" \/> <input name=\"coupon\" type=\"hidden\" value=\"\" placeholder=\"Code\" \/> <\/p>\n<p><input formtarget=\"_blank\" type=\"submit\" value=\"Create Free Account\" \/><\/form>\n<\/div><\/div><div  class=\"tatsu-module tatsu-text-block-wrap tatsu-BJ4GVFiuo  \"><div class=\"tatsu-text-inner tatsu-align-center  clearfix\" ><style>.tatsu-BJ4GVFiuo.tatsu-text-block-wrap .tatsu-text-inner{width: 100%;text-align: center;}<\/style>\n<p>Would you like to create more than one free trial account for your organization? Please <a href=\"https:\/\/academyofbrain.com\/en\/contact\/\" target=\"_blank\" rel=\"noopener\">contact us<\/a> for more info.<\/p>\n<\/div><\/div><\/div><\/div><div class = \"tatsu-column-bg-image-wrap\"><div class = \"tatsu-column-bg-image\" ><\/div><\/div><div class=\"tatsu-overlay tatsu-column-overlay tatsu-animate-none\" ><\/div><\/div><style>.tatsu-row > .tatsu-SJewsWFouo.tatsu-column{width: 60.8%;}.tatsu-SJewsWFouo.tatsu-column > .tatsu-column-inner{background-color: #ffffff;border-width: 0px 0px 1px 0px;box-shadow: 1px 1px 1px 1px rgba(155,155,155,0.51);border-radius: 6px;}.tatsu-SJewsWFouo.tatsu-column > .tatsu-column-inner > .tatsu-column-pad-wrap > .tatsu-column-pad{padding: 30px 30px 30px 30px;}.tatsu-SJewsWFouo.tatsu-column > .tatsu-column-inner > .tatsu-column-overlay{mix-blend-mode: normal;}.tatsu-SJewsWFouo > .tatsu-column-inner > .tatsu-top-divider{z-index: 9999;}.tatsu-SJewsWFouo > .tatsu-column-inner > .tatsu-bottom-divider{z-index: 9999;}.tatsu-SJewsWFouo > .tatsu-column-inner > .tatsu-left-divider{z-index: 9999;}.tatsu-SJewsWFouo > .tatsu-column-inner > .tatsu-right-divider{z-index: 9999;}.tatsu-SJewsWFouo.tatsu-column > .tatsu-column-inner > .tatsu-column-bg-image-wrap > .tatsu-column-bg-image{border-radius: 6px;}@media only screen and (max-width:1377px) {.tatsu-row > .tatsu-SJewsWFouo.tatsu-column{width: 50%;}}@media only screen and (min-width:768px) and (max-width: 1024px) {.tatsu-row > .tatsu-SJewsWFouo.tatsu-column{width: 50%;}}@media only screen and (max-width: 767px) {.tatsu-row > .tatsu-SJewsWFouo.tatsu-column{width: 100%;}}<\/style><\/div><\/div><\/div><\/div><div class=\"tatsu-section-background-wrap\"><div class = \"tatsu-section-background\" ><\/div><\/div><div class=\"tatsu-overlay tatsu-section-overlay\"><\/div><style>.tatsu-r1ZSiWKjuo .tatsu-section-background{background-image: url(https:\/\/academyofbrain.com\/wp-content\/uploads\/2022\/12\/Untitled-design.png);background-repeat: no-repeat;background-attachment: scroll;background-position: center left;background-size: contain;}.tatsu-r1ZSiWKjuo .tatsu-bg-blur{background-repeat: no-repeat;background-attachment: scroll;background-position: center left;background-size: contain;}.tatsu-r1ZSiWKjuo .tatsu-section-pad{padding: 119px 0px 119px 0px;}.tatsu-r1ZSiWKjuo .tatsu-section-offset-wrap{transform: translateY(-0px);}.tatsu-r1ZSiWKjuo > .tatsu-bottom-divider{z-index: 9999;}.tatsu-r1ZSiWKjuo > .tatsu-top-divider{z-index: 9999;}.tatsu-r1ZSiWKjuo .tatsu-section-overlay{mix-blend-mode: normal;}<\/style><\/div><div  class=\"tatsu-S17N_fC4kh tatsu-section  tatsu-bg-overlay   tatsu-clearfix\" data-title=\"\"  data-headerscheme=\"background--dark\"><div class='tatsu-section-pad clearfix' data-padding='{\"d\":\"90px 0px 98px 0px\"}' data-padding-top='90px'><div class=\"tatsu-row-wrap  tatsu-wrap tatsu-row-one-col tatsu-row-has-one-cols tatsu-medium-gutter tatsu-reg-cols  tatsu-clearfix tatsu-SJM4OM0E1n\" ><div  class=\"tatsu-row \" ><div  class=\"tatsu-column  tatsu-bg-overlay tatsu-one-col tatsu-column-image-none tatsu-column-effect-none  tatsu-Bk-NOfAN1h\"  data-parallax-speed=\"0\" style=\"\"><div class=\"tatsu-column-inner \" ><div class=\"tatsu-column-pad-wrap\"><div class=\"tatsu-column-pad\" ><div  class=\"tatsu-module tatsu-text-block-wrap tatsu-BkcFfAEk2  \"><div class=\"tatsu-text-inner tatsu-align-center  clearfix\" ><style>.tatsu-BkcFfAEk2.tatsu-text-block-wrap .tatsu-text-inner{width: 100%;text-align: left;}<\/style>\n<h3 style=\"text-align: center;\"><span style=\"color: #ffffff;\">Need a quick demo?<\/span><\/h3>\n<p style=\"text-align: center;\"><span style=\"color: #ffffff;\"><span class=\"NormalTextRun SCXW120434570 BCX0\">Want to book <\/span><span class=\"NormalTextRun SCXW120434570 BCX0\">a<\/span><span class=\"NormalTextRun SCXW120434570 BCX0\"> meeting <\/span><span class=\"NormalTextRun SCXW120434570 BCX0\">to hear about other options that our content catalog offers<\/span><span class=\"NormalTextRun SCXW120434570 BCX0\">?\u00a0 <\/span><span class=\"NormalTextRun SCXW120434570 BCX0\">For example, <\/span><span class=\"NormalTextRun SCXW120434570 BCX0\">our Future Working Life Skills <\/span><span class=\"NormalTextRun SCXW120434570 BCX0\">content <\/span><span class=\"NormalTextRun SCXW120434570 BCX0\">library<\/span><span class=\"NormalTextRun SCXW120434570 BCX0\">: <\/span><span class=\"NormalTextRun SCXW120434570 BCX0\">Future-Proof?<\/span><\/span><\/p>\n<\/div><\/div><div  class=\"tatsu-module tatsu-normal-button tatsu-button-wrap align-block block-center  tatsu-Sk12GANy3   \"><a class=\"tatsu-shortcode mediumbtn tatsu-button left-icon circular   bg-animation-none  \" href=\"https:\/\/meetings.hubspot.com\/ville-mikko\/learning-design\" style= \"\"  aria-label=\"Book a meeting\" data-gdpr-atts={} target=\"_blank\">Book a meeting<\/a><style>.tatsu-Sk12GANy3 .tatsu-button{background-color: rgba(44,44,44,1);color: #ffffff ;}.tatsu-Sk12GANy3 .tatsu-button:hover{background-color: #795548;color: rgba(255,255,255,1) ;}<\/style><\/div><\/div><\/div><div class = \"tatsu-column-bg-image-wrap\"><div class = \"tatsu-column-bg-image\" ><\/div><\/div><div class=\"tatsu-overlay tatsu-column-overlay tatsu-animate-none\" ><\/div><\/div><style>.tatsu-row > .tatsu-Bk-NOfAN1h.tatsu-column{width: 100%;}.tatsu-Bk-NOfAN1h.tatsu-column > .tatsu-column-inner > .tatsu-column-overlay{mix-blend-mode: normal;}.tatsu-Bk-NOfAN1h > .tatsu-column-inner > .tatsu-top-divider{z-index: 9999;}.tatsu-Bk-NOfAN1h > .tatsu-column-inner > .tatsu-bottom-divider{z-index: 9999;}.tatsu-Bk-NOfAN1h > .tatsu-column-inner > .tatsu-left-divider{z-index: 9999;}.tatsu-Bk-NOfAN1h > .tatsu-column-inner > .tatsu-right-divider{z-index: 9999;}@media only screen and (max-width:1377px) {.tatsu-row > .tatsu-Bk-NOfAN1h.tatsu-column{width: 100%;}}@media only screen and (min-width:768px) and (max-width: 1024px) {.tatsu-row > .tatsu-Bk-NOfAN1h.tatsu-column{width: 100%;}}@media only screen and (max-width: 767px) {.tatsu-row > .tatsu-Bk-NOfAN1h.tatsu-column{width: 100%;}}<\/style><\/div><\/div><\/div><\/div><div class=\"tatsu-section-background-wrap\"><div class = \"tatsu-section-background\" ><\/div><\/div><div class=\"tatsu-overlay tatsu-section-overlay\"><\/div><style>.tatsu-S17N_fC4kh.tatsu-section{background-color: rgba(245,166,35,1);}.tatsu-S17N_fC4kh .tatsu-section-pad{padding: 90px 0px 98px 0px;}.tatsu-S17N_fC4kh .tatsu-section-offset-wrap{transform: translateY(-0px);}.tatsu-S17N_fC4kh > .tatsu-bottom-divider{z-index: 9999;}.tatsu-S17N_fC4kh > .tatsu-top-divider{z-index: 9999;}.tatsu-S17N_fC4kh .tatsu-section-overlay{mix-blend-mode: normal;}<\/style><\/div><div  class=\"tatsu-h9zwibmc5rcqc880 tatsu-section    tatsu-clearfix\" data-title=\"NPS\"  data-headerscheme=\"background--dark\"><div class='tatsu-section-pad clearfix' data-padding='{\"d\":\"87px 0px 87px 0px\",\"m\":\"30px 0px 90px 0px\"}' data-padding-top='30px'><div class=\"tatsu-row-wrap  tatsu-wrap tatsu-row-has-one-half tatsu-row-has-two-cols tatsu-large-gutter tatsu-reg-cols tatsu-swap-cols  tatsu-clearfix tatsu-h9zwibmcak58nmsq\" ><div  class=\"tatsu-row \" ><div  class=\"tatsu-column  tatsu-column-no-bg tatsu-one-half tatsu-column-align-middle tatsu-column-image-none tatsu-column-effect-none  tatsu-h9zwibmcfa8rkzpv\"  data-parallax-speed=\"0\" style=\"\"><div class=\"tatsu-column-inner \" ><div class=\"tatsu-column-pad-wrap\"><div class=\"tatsu-column-pad\" ><div  class=\"tatsu-single-image tatsu-module align-center tatsu-h9zwibmde518vg0a  \" ><div class=\"tatsu-single-image-inner \" style=\"width : 1448px;\" ><div class = \"tatsu-single-image-padding-wrap\" style = \"padding-bottom : 103.38397790055%;\" ><\/div><img class = \"tatsu-gradient-border\" alt = \"Academy of Brain - NPS\" title = \"Academy of Brain &#8211; NPS\" src = \"https:\/\/academyofbrain.com\/wp-content\/uploads\/2022\/01\/asd.png\" \/><\/div><style>.tatsu-h9zwibmde518vg0a .tatsu-single-image-inner{border-style: solid;max-width: 75%;}.tatsu-h9zwibmde518vg0a.tatsu-single-image{transform: translate3d(0px,0px, 0);}<\/style><\/div><\/div><\/div><div class = \"tatsu-column-bg-image-wrap\"><div class = \"tatsu-column-bg-image\" ><\/div><\/div><\/div><style>.tatsu-row > .tatsu-h9zwibmcfa8rkzpv.tatsu-column{width: 38.4%;}.tatsu-h9zwibmcfa8rkzpv.tatsu-column > .tatsu-column-inner > .tatsu-column-overlay{mix-blend-mode: none;}.tatsu-h9zwibmcfa8rkzpv > .tatsu-column-inner > .tatsu-top-divider{z-index: 9999;}.tatsu-h9zwibmcfa8rkzpv > .tatsu-column-inner > .tatsu-bottom-divider{z-index: 9999;}.tatsu-h9zwibmcfa8rkzpv > .tatsu-column-inner > .tatsu-left-divider{z-index: 9999;}.tatsu-h9zwibmcfa8rkzpv > .tatsu-column-inner > .tatsu-right-divider{z-index: 9999;}@media only screen and (max-width:1377px) {.tatsu-row > .tatsu-h9zwibmcfa8rkzpv.tatsu-column{width: 38.7%;}}@media only screen and (min-width:768px) and (max-width: 1024px) {.tatsu-row > .tatsu-h9zwibmcfa8rkzpv.tatsu-column{width: 62.7%;}}@media only screen and (max-width: 767px) {.tatsu-row > .tatsu-h9zwibmcfa8rkzpv.tatsu-column{width: 100%;}.tatsu-h9zwibmcfa8rkzpv.tatsu-column{margin: 0px 0px 49px 0px !important;}}<\/style><\/div><div  class=\"tatsu-column  tatsu-column-no-bg tatsu-one-half tatsu-column-align-middle tatsu-column-image-none tatsu-column-effect-none  tatsu-h9zwibmdfkgddagj\"  data-parallax-speed=\"0\" style=\"\"><div class=\"tatsu-column-inner \" ><div class=\"tatsu-column-pad-wrap\"><div class=\"tatsu-column-pad\" ><div  class=\"tatsu-module tatsu-inline-text clearfix tatsu-h9zwibmdiwgfesoo   \" ><style>.tatsu-h9zwibmdiwgfesoo .tatsu-inline-text-inner{width: 100%;text-align: left;}.tatsu-h9zwibmdiwgfesoo.tatsu-inline-text{margin: 0px 0px 20px 0px ;}<\/style><div class=\"tatsu-inline-text-inner \">\n<h1><span class=\"palette-0\">Thank you for your confidence in us!<br \/>\n<\/span><\/h1>\n<\/div><\/div><div  class=\"tatsu-module tatsu-inline-text clearfix tatsu-h9zwibmdl31gzddy   \" ><style>.tatsu-h9zwibmdl31gzddy .tatsu-inline-text-inner{width: 100%;text-align: left;}<\/style><div class=\"tatsu-inline-text-inner \">\n<h4><span class=\"palette-2\">Our 2022 Net Promoter Score was 71!<br \/>\n<\/span><\/h4>\n<\/div><\/div><div  class=\"tatsu-module tatsu-text-block-wrap tatsu-h9zwibmdlp8zrwhu  \"><div class=\"tatsu-text-inner tatsu-align-center  clearfix\" ><style>.tatsu-h9zwibmdlp8zrwhu.tatsu-text-block-wrap .tatsu-text-inner{width: 100%;text-align: left;}<\/style>\n<p>The success of our customers is paramount to us, which is why we regularly measure customer satisfaction. We value our customers&#8217; feedback and continuously develop our service. The average NPS of companies in our industry was 37 last year, making Academy of Brain one of the best companies in the comparison.<\/p>\n<\/div><\/div><\/div><\/div><div class = \"tatsu-column-bg-image-wrap\"><div class = \"tatsu-column-bg-image\" ><\/div><\/div><\/div><style>.tatsu-row > .tatsu-h9zwibmdfkgddagj.tatsu-column{width: 61.6%;}.tatsu-h9zwibmdfkgddagj.tatsu-column > .tatsu-column-inner > .tatsu-column-pad-wrap > .tatsu-column-pad{padding: 0px 2% 0px 2%;}.tatsu-h9zwibmdfkgddagj.tatsu-column > .tatsu-column-inner > .tatsu-column-overlay{mix-blend-mode: none;}.tatsu-h9zwibmdfkgddagj > .tatsu-column-inner > .tatsu-top-divider{z-index: 9999;}.tatsu-h9zwibmdfkgddagj > .tatsu-column-inner > .tatsu-bottom-divider{z-index: 9999;}.tatsu-h9zwibmdfkgddagj > .tatsu-column-inner > .tatsu-left-divider{z-index: 9999;}.tatsu-h9zwibmdfkgddagj > .tatsu-column-inner > .tatsu-right-divider{z-index: 9999;}@media only screen and (max-width:1377px) {.tatsu-row > .tatsu-h9zwibmdfkgddagj.tatsu-column{width: 58.9%;}}@media only screen and (min-width:768px) and (max-width: 1024px) {.tatsu-row > .tatsu-h9zwibmdfkgddagj.tatsu-column{width: 100%;}.tatsu-h9zwibmdfkgddagj.tatsu-column > .tatsu-column-inner > .tatsu-column-pad-wrap > .tatsu-column-pad{padding: 0px 0px 0px 30px ;}}@media only screen and (max-width: 767px) {.tatsu-row > .tatsu-h9zwibmdfkgddagj.tatsu-column{width: 100%;}.tatsu-h9zwibmdfkgddagj.tatsu-column > .tatsu-column-inner > .tatsu-column-pad-wrap > .tatsu-column-pad{padding: 0px 0px 0px 0px ;}.tatsu-h9zwibmdfkgddagj.tatsu-column{margin: 0px 0px 0px 0px !important;}}<\/style><\/div><\/div><\/div><\/div><div class=\"tatsu-section-background-wrap\"><div class = \"tatsu-section-background\" ><\/div><\/div><style>.tatsu-h9zwibmc5rcqc880.tatsu-section{background-color: #f8f8f8;margin: -3px 0px 0px 0px;}.tatsu-h9zwibmc5rcqc880 .tatsu-section-pad{padding: 87px 0px 87px 0px;}.tatsu-h9zwibmc5rcqc880 > .tatsu-bottom-divider{z-index: 9999;}.tatsu-h9zwibmc5rcqc880 > .tatsu-top-divider{z-index: 9999;}@media only screen and (max-width: 767px) {.tatsu-h9zwibmc5rcqc880 .tatsu-section-pad{padding: 30px 0px 90px 0px;}}<\/style><\/div>\n<div style=\"display:table-column;\">\n<\/div>\n<div style=\"display: none;\">\n<\/div>\n<div style=\"display:table-column;\">\n<\/div>\n<div style=\"display: none;\">\n<\/div>\n<div id=\"link\">\n<\/div>\n<div style=\"display:table-column;\">\n<\/div>\n","protected":false},"excerpt":{"rendered":"<div><a href=\"https:\/\/academyofbrain.com\/en\/free-account-coaching-leadership\/\" class=\"exp-read-more exp-read-more-underlined\">Read More<\/a><\/div>\n","protected":false},"author":700,"featured_media":0,"parent":0,"menu_order":0,"comment_status":"closed","ping_status":"closed","template":"page-templates\/page_blank.php","meta":{"content-type":"","footnotes":""},"class_list":["post-27843","page","type-page","status-publish","hentry"],"yoast_head":"<!-- This site is optimized with the Yoast SEO Premium plugin v20.9 (Yoast SEO v27.0) - https:\/\/yoast.com\/product\/yoast-seo-premium-wordpress\/ -->\n<title>Free account trial creation - Academy of Brain<\/title>\n<meta name=\"robots\" content=\"index, follow, max-snippet:-1, max-image-preview:large, max-video-preview:-1\" \/>\n<link rel=\"canonical\" href=\"https:\/\/academyofbrain.com\/en\/free-account-coaching-leadership\/\" \/>\n<meta property=\"og:locale\" content=\"en_US\" \/>\n<meta property=\"og:type\" content=\"article\" \/>\n<meta property=\"og:title\" content=\"Free account trial creation\" \/>\n<meta property=\"og:description\" content=\"Read More\" \/>\n<meta property=\"og:url\" content=\"https:\/\/academyofbrain.com\/en\/free-account-coaching-leadership\/\" \/>\n<meta property=\"og:site_name\" content=\"Academy of Brain\" \/>\n<meta property=\"article:publisher\" content=\"https:\/\/www.facebook.com\/academybrain\/\" \/>\n<meta property=\"article:modified_time\" content=\"2025-02-06T10:44:36+00:00\" \/>\n<meta name=\"twitter:card\" content=\"summary_large_image\" \/>\n<meta name=\"twitter:label1\" content=\"Est. reading time\" \/>\n\t<meta name=\"twitter:data1\" content=\"12 minutes\" \/>\n<script type=\"application\/ld+json\" class=\"yoast-schema-graph\">{\"@context\":\"https:\/\/schema.org\",\"@graph\":[{\"@type\":\"WebPage\",\"@id\":\"https:\/\/academyofbrain.com\/en\/free-account-coaching-leadership\/\",\"url\":\"https:\/\/academyofbrain.com\/en\/free-account-coaching-leadership\/\",\"name\":\"Free account trial creation - Academy of Brain\",\"isPartOf\":{\"@id\":\"https:\/\/academyofbrain.com\/#website\"},\"datePublished\":\"2023-03-09T06:57:19+00:00\",\"dateModified\":\"2025-02-06T10:44:36+00:00\",\"breadcrumb\":{\"@id\":\"https:\/\/academyofbrain.com\/en\/free-account-coaching-leadership\/#breadcrumb\"},\"inLanguage\":\"en-US\",\"potentialAction\":[{\"@type\":\"ReadAction\",\"target\":[\"https:\/\/academyofbrain.com\/en\/free-account-coaching-leadership\/\"]}]},{\"@type\":\"BreadcrumbList\",\"@id\":\"https:\/\/academyofbrain.com\/en\/free-account-coaching-leadership\/#breadcrumb\",\"itemListElement\":[{\"@type\":\"ListItem\",\"position\":1,\"name\":\"Etusivu\",\"item\":\"https:\/\/academyofbrain.com\/en\/\"},{\"@type\":\"ListItem\",\"position\":2,\"name\":\"Free account trial creation\"}]},{\"@type\":\"WebSite\",\"@id\":\"https:\/\/academyofbrain.com\/#website\",\"url\":\"https:\/\/academyofbrain.com\/\",\"name\":\"Academy of Brain\",\"description\":\"Kehit\u00e4mme ty\u00f6el\u00e4m\u00e4n ydintaitoja\",\"publisher\":{\"@id\":\"https:\/\/academyofbrain.com\/#organization\"},\"potentialAction\":[{\"@type\":\"SearchAction\",\"target\":{\"@type\":\"EntryPoint\",\"urlTemplate\":\"https:\/\/academyofbrain.com\/?s={search_term_string}\"},\"query-input\":{\"@type\":\"PropertyValueSpecification\",\"valueRequired\":true,\"valueName\":\"search_term_string\"}}],\"inLanguage\":\"en-US\"},{\"@type\":\"Organization\",\"@id\":\"https:\/\/academyofbrain.com\/#organization\",\"name\":\"Academy of Brain\",\"url\":\"https:\/\/academyofbrain.com\/\",\"logo\":{\"@type\":\"ImageObject\",\"inLanguage\":\"en-US\",\"@id\":\"https:\/\/academyofbrain.com\/#\/schema\/logo\/image\/\",\"url\":\"https:\/\/academyofbrain.com\/wp-content\/uploads\/2019\/12\/181217_AOB-logo_RGB_72dpi.png\",\"contentUrl\":\"https:\/\/academyofbrain.com\/wp-content\/uploads\/2019\/12\/181217_AOB-logo_RGB_72dpi.png\",\"width\":1500,\"height\":233,\"caption\":\"Academy of Brain\"},\"image\":{\"@id\":\"https:\/\/academyofbrain.com\/#\/schema\/logo\/image\/\"},\"sameAs\":[\"https:\/\/www.facebook.com\/academybrain\/\",\"https:\/\/www.instagram.com\/academyofbrain\/\",\"https:\/\/www.linkedin.com\/company\/academyofbrain\/\"]}]}<\/script>\n<!-- \/ Yoast SEO Premium plugin. -->","yoast_head_json":{"title":"Free account trial creation - Academy of Brain","robots":{"index":"index","follow":"follow","max-snippet":"max-snippet:-1","max-image-preview":"max-image-preview:large","max-video-preview":"max-video-preview:-1"},"canonical":"https:\/\/academyofbrain.com\/en\/free-account-coaching-leadership\/","og_locale":"en_US","og_type":"article","og_title":"Free account trial creation","og_description":"Read More","og_url":"https:\/\/academyofbrain.com\/en\/free-account-coaching-leadership\/","og_site_name":"Academy of Brain","article_publisher":"https:\/\/www.facebook.com\/academybrain\/","article_modified_time":"2025-02-06T10:44:36+00:00","twitter_card":"summary_large_image","twitter_misc":{"Est. reading time":"12 minutes"},"schema":{"@context":"https:\/\/schema.org","@graph":[{"@type":"WebPage","@id":"https:\/\/academyofbrain.com\/en\/free-account-coaching-leadership\/","url":"https:\/\/academyofbrain.com\/en\/free-account-coaching-leadership\/","name":"Free account trial creation - Academy of Brain","isPartOf":{"@id":"https:\/\/academyofbrain.com\/#website"},"datePublished":"2023-03-09T06:57:19+00:00","dateModified":"2025-02-06T10:44:36+00:00","breadcrumb":{"@id":"https:\/\/academyofbrain.com\/en\/free-account-coaching-leadership\/#breadcrumb"},"inLanguage":"en-US","potentialAction":[{"@type":"ReadAction","target":["https:\/\/academyofbrain.com\/en\/free-account-coaching-leadership\/"]}]},{"@type":"BreadcrumbList","@id":"https:\/\/academyofbrain.com\/en\/free-account-coaching-leadership\/#breadcrumb","itemListElement":[{"@type":"ListItem","position":1,"name":"Etusivu","item":"https:\/\/academyofbrain.com\/en\/"},{"@type":"ListItem","position":2,"name":"Free account trial creation"}]},{"@type":"WebSite","@id":"https:\/\/academyofbrain.com\/#website","url":"https:\/\/academyofbrain.com\/","name":"Academy of Brain","description":"Kehit\u00e4mme ty\u00f6el\u00e4m\u00e4n ydintaitoja","publisher":{"@id":"https:\/\/academyofbrain.com\/#organization"},"potentialAction":[{"@type":"SearchAction","target":{"@type":"EntryPoint","urlTemplate":"https:\/\/academyofbrain.com\/?s={search_term_string}"},"query-input":{"@type":"PropertyValueSpecification","valueRequired":true,"valueName":"search_term_string"}}],"inLanguage":"en-US"},{"@type":"Organization","@id":"https:\/\/academyofbrain.com\/#organization","name":"Academy of Brain","url":"https:\/\/academyofbrain.com\/","logo":{"@type":"ImageObject","inLanguage":"en-US","@id":"https:\/\/academyofbrain.com\/#\/schema\/logo\/image\/","url":"https:\/\/academyofbrain.com\/wp-content\/uploads\/2019\/12\/181217_AOB-logo_RGB_72dpi.png","contentUrl":"https:\/\/academyofbrain.com\/wp-content\/uploads\/2019\/12\/181217_AOB-logo_RGB_72dpi.png","width":1500,"height":233,"caption":"Academy of Brain"},"image":{"@id":"https:\/\/academyofbrain.com\/#\/schema\/logo\/image\/"},"sameAs":["https:\/\/www.facebook.com\/academybrain\/","https:\/\/www.instagram.com\/academyofbrain\/","https:\/\/www.linkedin.com\/company\/academyofbrain\/"]}]}},"_links":{"self":[{"href":"https:\/\/academyofbrain.com\/en\/wp-json\/wp\/v2\/pages\/27843","targetHints":{"allow":["GET"]}}],"collection":[{"href":"https:\/\/academyofbrain.com\/en\/wp-json\/wp\/v2\/pages"}],"about":[{"href":"https:\/\/academyofbrain.com\/en\/wp-json\/wp\/v2\/types\/page"}],"author":[{"embeddable":true,"href":"https:\/\/academyofbrain.com\/en\/wp-json\/wp\/v2\/users\/700"}],"replies":[{"embeddable":true,"href":"https:\/\/academyofbrain.com\/en\/wp-json\/wp\/v2\/comments?post=27843"}],"version-history":[{"count":14,"href":"https:\/\/academyofbrain.com\/en\/wp-json\/wp\/v2\/pages\/27843\/revisions"}],"predecessor-version":[{"id":27861,"href":"https:\/\/academyofbrain.com\/en\/wp-json\/wp\/v2\/pages\/27843\/revisions\/27861"}],"wp:attachment":[{"href":"https:\/\/academyofbrain.com\/en\/wp-json\/wp\/v2\/media?parent=27843"}],"curies":[{"name":"wp","href":"https:\/\/api.w.org\/{rel}","templated":true}]}}