{"id":2420,"date":"2019-10-02T15:42:02","date_gmt":"2019-10-02T12:42:02","guid":{"rendered":"https:\/\/academyofbrain.com\/online-trainings-at-the-university-of-helsinki\/"},"modified":"2025-02-06T12:48:10","modified_gmt":"2025-02-06T10:48:10","slug":"online-trainings-at-the-university-of-helsinki","status":"publish","type":"page","link":"https:\/\/academyofbrain.com\/en\/online-trainings-at-the-university-of-helsinki\/","title":{"rendered":"Online Trainings at the University of Helsinki"},"content":{"rendered":"\r\n\r\n\r\n\r\n\r\n<h5><b>Fill in your personal information and enter the registration code you got from the University of Helsinki, and get a free membership for 14 months!<\/b><\/h5>\r\n<p class=\"p2\"><span lang=\"FI\">As a member, you can access the Academy of Brain\u2019s online trainings on topics like well-being, self-management, and work-life skills. Your credentials are personal, and any information is kept confidential.<\/span><\/p>\r\n<p class=\"p4\"><span lang=\"FI\">Start your studies with the training you enrolled in <a href=\"http:\/\/helsinki.fi\/trainingcalendar\" target=\"_blank\" rel=\"noopener noreferrer\">Suffeli<\/a> or which was announced to be a part of another training at the University of Helsinki. After this, you may freely attend any of the trainings online.<\/span><\/p>\r\n\r\n\r\n\r\n\r\n<p>[paytrail_payment price=&#8221;129&#8243; team_id=&#8221;22838&#8243; discount_code=&#8221;UH-discount-19-20&#8243; discount_percent=&#8221;100&#8243; lang=&#8221;en&#8221;]<\/p>\n<p>&nbsp;<\/p>\n\r\n\r\n\r\n\r\n\r\n<p>See our data protection policy here:<\/p>\r\n\r\n\r\n\r\n<div class=\"wp-block-file\"><a href=\"https:\/\/academyofbrain.com\/wp-content\/uploads\/2019\/10\/PRIVACYPOLICY-aob-30.09..pdf\" target=\"_blank\" rel=\"noopener noreferrer\">Data Protection Policy, 30 September 2019<\/a><a class=\"wp-block-file__button\" href=\"https:\/\/academyofbrain.com\/wp-content\/uploads\/2019\/10\/PRIVACYPOLICY-aob-30.09..pdf\" download=\"\">Download<\/a><\/div>\r\n<div>\u00a0<\/div>\r\n\r\n\r\n\r\n<p>If you have any questions concerning the enrollment to the trainings offered by the University of Helsinki, please write us to <a title=\"mailto:hrd@helsinki.fi\" href=\"mailto:hrd@helsinki.fi\">hrd@helsinki.fi<\/a>.<\/p>\r\n\r\n\r\n\r\n\r\n<div style=\"display:table-column;\">\r\n\r\n\r\n\r\n\r\n\r\n\r\n\r\n\r\n\r\n\r\n\r\n\r\n<\/div><\/p><div style=\"display: none;\">\r\n\r\n\r\n\r\n\r\n\r\n\r\n\r\n\r\n\r\n\r\n\r\n\r\n\r\n<\/div><\/p><div style=\"display:table-column;\">\r\n\r\n\r\n\r\n\r\n\r\n\r\n\r\n\r\n\r\n\r\n\r\n\r\n\r\n\r\n<\/div><\/p><div style=\"display: none;\">\r\n\r\n\r\n\r\n\r\n\r\n\r\n\r\n\r\n\r\n\r\n\r\n<\/div><\/p><div id=\"link\">\r\n\r\n\r\n\r\n\r\n\r\n\r\n\r\n\r\n\r\n\r\n\r\n\r\n\r\n<\/div><\/p><div style=\"display:table-column;\">\r\n\r\n\r\n\r\n\r\n\r\n\r\n\r\n\r\n\r\n\r\n<\/div><\/p>","protected":false},"excerpt":{"rendered":"<p>Fill in your personal information and enter the registration code you got from the University of Helsinki, and get a free membership for 14 months! As a member, you can<\/p>\n<div><a href=\"https:\/\/academyofbrain.com\/en\/online-trainings-at-the-university-of-helsinki\/\" class=\"exp-read-more exp-read-more-underlined\">Read More<\/a><\/div>\n","protected":false},"author":1463,"featured_media":1256,"parent":0,"menu_order":0,"comment_status":"closed","ping_status":"closed","template":"","meta":{"content-type":"","footnotes":""},"class_list":["post-2420","page","type-page","status-publish","has-post-thumbnail","hentry"],"yoast_head":"<!-- This site is optimized with the Yoast SEO Premium plugin v20.9 (Yoast SEO v27.0) - https:\/\/yoast.com\/product\/yoast-seo-premium-wordpress\/ -->\n<title>Online Trainings at the University of Helsinki - Academy of Brain<\/title>\n<meta name=\"robots\" content=\"index, follow, max-snippet:-1, max-image-preview:large, max-video-preview:-1\" \/>\n<link rel=\"canonical\" href=\"https:\/\/academyofbrain.com\/en\/online-trainings-at-the-university-of-helsinki\/\" \/>\n<meta property=\"og:locale\" content=\"en_US\" \/>\n<meta property=\"og:type\" content=\"article\" \/>\n<meta property=\"og:title\" content=\"Online Trainings at the University of Helsinki\" \/>\n<meta property=\"og:description\" content=\"Fill in your personal information and enter the registration code you got from the University of Helsinki, and get a free membership for 14 months! As a member, you canRead More\" \/>\n<meta property=\"og:url\" content=\"https:\/\/academyofbrain.com\/en\/online-trainings-at-the-university-of-helsinki\/\" \/>\n<meta property=\"og:site_name\" content=\"Academy of Brain\" \/>\n<meta property=\"article:publisher\" content=\"https:\/\/www.facebook.com\/academybrain\/\" \/>\n<meta property=\"article:modified_time\" content=\"2025-02-06T10:48:10+00:00\" \/>\n<meta property=\"og:image\" content=\"https:\/\/academyofbrain.com\/wp-content\/uploads\/2019\/01\/online-training.jpg\" \/>\n\t<meta property=\"og:image:width\" content=\"1920\" \/>\n\t<meta property=\"og:image:height\" content=\"1280\" \/>\n\t<meta property=\"og:image:type\" content=\"image\/jpeg\" \/>\n<meta name=\"twitter:card\" content=\"summary_large_image\" \/>\n<meta name=\"twitter:label1\" content=\"Est. reading time\" \/>\n\t<meta name=\"twitter:data1\" content=\"2 minutes\" \/>\n<script type=\"application\/ld+json\" class=\"yoast-schema-graph\">{\"@context\":\"https:\/\/schema.org\",\"@graph\":[{\"@type\":\"WebPage\",\"@id\":\"https:\/\/academyofbrain.com\/en\/online-trainings-at-the-university-of-helsinki\/\",\"url\":\"https:\/\/academyofbrain.com\/en\/online-trainings-at-the-university-of-helsinki\/\",\"name\":\"Online Trainings at the University of Helsinki - Academy of Brain\",\"isPartOf\":{\"@id\":\"https:\/\/academyofbrain.com\/#website\"},\"primaryImageOfPage\":{\"@id\":\"https:\/\/academyofbrain.com\/en\/online-trainings-at-the-university-of-helsinki\/#primaryimage\"},\"image\":{\"@id\":\"https:\/\/academyofbrain.com\/en\/online-trainings-at-the-university-of-helsinki\/#primaryimage\"},\"thumbnailUrl\":\"https:\/\/academyofbrain.com\/wp-content\/uploads\/2019\/01\/online-training.jpg\",\"datePublished\":\"2019-10-02T12:42:02+00:00\",\"dateModified\":\"2025-02-06T10:48:10+00:00\",\"breadcrumb\":{\"@id\":\"https:\/\/academyofbrain.com\/en\/online-trainings-at-the-university-of-helsinki\/#breadcrumb\"},\"inLanguage\":\"en-US\",\"potentialAction\":[{\"@type\":\"ReadAction\",\"target\":[\"https:\/\/academyofbrain.com\/en\/online-trainings-at-the-university-of-helsinki\/\"]}]},{\"@type\":\"ImageObject\",\"inLanguage\":\"en-US\",\"@id\":\"https:\/\/academyofbrain.com\/en\/online-trainings-at-the-university-of-helsinki\/#primaryimage\",\"url\":\"https:\/\/academyofbrain.com\/wp-content\/uploads\/2019\/01\/online-training.jpg\",\"contentUrl\":\"https:\/\/academyofbrain.com\/wp-content\/uploads\/2019\/01\/online-training.jpg\",\"width\":1920,\"height\":1280},{\"@type\":\"BreadcrumbList\",\"@id\":\"https:\/\/academyofbrain.com\/en\/online-trainings-at-the-university-of-helsinki\/#breadcrumb\",\"itemListElement\":[{\"@type\":\"ListItem\",\"position\":1,\"name\":\"Etusivu\",\"item\":\"https:\/\/academyofbrain.com\/en\/\"},{\"@type\":\"ListItem\",\"position\":2,\"name\":\"Online Trainings at the University of Helsinki\"}]},{\"@type\":\"WebSite\",\"@id\":\"https:\/\/academyofbrain.com\/#website\",\"url\":\"https:\/\/academyofbrain.com\/\",\"name\":\"Academy of Brain\",\"description\":\"Kehit\u00e4mme ty\u00f6el\u00e4m\u00e4n ydintaitoja\",\"publisher\":{\"@id\":\"https:\/\/academyofbrain.com\/#organization\"},\"potentialAction\":[{\"@type\":\"SearchAction\",\"target\":{\"@type\":\"EntryPoint\",\"urlTemplate\":\"https:\/\/academyofbrain.com\/?s={search_term_string}\"},\"query-input\":{\"@type\":\"PropertyValueSpecification\",\"valueRequired\":true,\"valueName\":\"search_term_string\"}}],\"inLanguage\":\"en-US\"},{\"@type\":\"Organization\",\"@id\":\"https:\/\/academyofbrain.com\/#organization\",\"name\":\"Academy of Brain\",\"url\":\"https:\/\/academyofbrain.com\/\",\"logo\":{\"@type\":\"ImageObject\",\"inLanguage\":\"en-US\",\"@id\":\"https:\/\/academyofbrain.com\/#\/schema\/logo\/image\/\",\"url\":\"https:\/\/academyofbrain.com\/wp-content\/uploads\/2019\/12\/181217_AOB-logo_RGB_72dpi.png\",\"contentUrl\":\"https:\/\/academyofbrain.com\/wp-content\/uploads\/2019\/12\/181217_AOB-logo_RGB_72dpi.png\",\"width\":1500,\"height\":233,\"caption\":\"Academy of Brain\"},\"image\":{\"@id\":\"https:\/\/academyofbrain.com\/#\/schema\/logo\/image\/\"},\"sameAs\":[\"https:\/\/www.facebook.com\/academybrain\/\",\"https:\/\/www.instagram.com\/academyofbrain\/\",\"https:\/\/www.linkedin.com\/company\/academyofbrain\/\"]}]}<\/script>\n<!-- \/ Yoast SEO Premium plugin. -->","yoast_head_json":{"title":"Online Trainings at the University of Helsinki - Academy of Brain","robots":{"index":"index","follow":"follow","max-snippet":"max-snippet:-1","max-image-preview":"max-image-preview:large","max-video-preview":"max-video-preview:-1"},"canonical":"https:\/\/academyofbrain.com\/en\/online-trainings-at-the-university-of-helsinki\/","og_locale":"en_US","og_type":"article","og_title":"Online Trainings at the University of Helsinki","og_description":"Fill in your personal information and enter the registration code you got from the University of Helsinki, and get a free membership for 14 months! As a member, you canRead More","og_url":"https:\/\/academyofbrain.com\/en\/online-trainings-at-the-university-of-helsinki\/","og_site_name":"Academy of Brain","article_publisher":"https:\/\/www.facebook.com\/academybrain\/","article_modified_time":"2025-02-06T10:48:10+00:00","og_image":[{"width":1920,"height":1280,"url":"https:\/\/academyofbrain.com\/wp-content\/uploads\/2019\/01\/online-training.jpg","type":"image\/jpeg"}],"twitter_card":"summary_large_image","twitter_misc":{"Est. reading time":"2 minutes"},"schema":{"@context":"https:\/\/schema.org","@graph":[{"@type":"WebPage","@id":"https:\/\/academyofbrain.com\/en\/online-trainings-at-the-university-of-helsinki\/","url":"https:\/\/academyofbrain.com\/en\/online-trainings-at-the-university-of-helsinki\/","name":"Online Trainings at the University of Helsinki - Academy of Brain","isPartOf":{"@id":"https:\/\/academyofbrain.com\/#website"},"primaryImageOfPage":{"@id":"https:\/\/academyofbrain.com\/en\/online-trainings-at-the-university-of-helsinki\/#primaryimage"},"image":{"@id":"https:\/\/academyofbrain.com\/en\/online-trainings-at-the-university-of-helsinki\/#primaryimage"},"thumbnailUrl":"https:\/\/academyofbrain.com\/wp-content\/uploads\/2019\/01\/online-training.jpg","datePublished":"2019-10-02T12:42:02+00:00","dateModified":"2025-02-06T10:48:10+00:00","breadcrumb":{"@id":"https:\/\/academyofbrain.com\/en\/online-trainings-at-the-university-of-helsinki\/#breadcrumb"},"inLanguage":"en-US","potentialAction":[{"@type":"ReadAction","target":["https:\/\/academyofbrain.com\/en\/online-trainings-at-the-university-of-helsinki\/"]}]},{"@type":"ImageObject","inLanguage":"en-US","@id":"https:\/\/academyofbrain.com\/en\/online-trainings-at-the-university-of-helsinki\/#primaryimage","url":"https:\/\/academyofbrain.com\/wp-content\/uploads\/2019\/01\/online-training.jpg","contentUrl":"https:\/\/academyofbrain.com\/wp-content\/uploads\/2019\/01\/online-training.jpg","width":1920,"height":1280},{"@type":"BreadcrumbList","@id":"https:\/\/academyofbrain.com\/en\/online-trainings-at-the-university-of-helsinki\/#breadcrumb","itemListElement":[{"@type":"ListItem","position":1,"name":"Etusivu","item":"https:\/\/academyofbrain.com\/en\/"},{"@type":"ListItem","position":2,"name":"Online Trainings at the University of Helsinki"}]},{"@type":"WebSite","@id":"https:\/\/academyofbrain.com\/#website","url":"https:\/\/academyofbrain.com\/","name":"Academy of Brain","description":"Kehit\u00e4mme ty\u00f6el\u00e4m\u00e4n ydintaitoja","publisher":{"@id":"https:\/\/academyofbrain.com\/#organization"},"potentialAction":[{"@type":"SearchAction","target":{"@type":"EntryPoint","urlTemplate":"https:\/\/academyofbrain.com\/?s={search_term_string}"},"query-input":{"@type":"PropertyValueSpecification","valueRequired":true,"valueName":"search_term_string"}}],"inLanguage":"en-US"},{"@type":"Organization","@id":"https:\/\/academyofbrain.com\/#organization","name":"Academy of Brain","url":"https:\/\/academyofbrain.com\/","logo":{"@type":"ImageObject","inLanguage":"en-US","@id":"https:\/\/academyofbrain.com\/#\/schema\/logo\/image\/","url":"https:\/\/academyofbrain.com\/wp-content\/uploads\/2019\/12\/181217_AOB-logo_RGB_72dpi.png","contentUrl":"https:\/\/academyofbrain.com\/wp-content\/uploads\/2019\/12\/181217_AOB-logo_RGB_72dpi.png","width":1500,"height":233,"caption":"Academy of Brain"},"image":{"@id":"https:\/\/academyofbrain.com\/#\/schema\/logo\/image\/"},"sameAs":["https:\/\/www.facebook.com\/academybrain\/","https:\/\/www.instagram.com\/academyofbrain\/","https:\/\/www.linkedin.com\/company\/academyofbrain\/"]}]}},"_links":{"self":[{"href":"https:\/\/academyofbrain.com\/en\/wp-json\/wp\/v2\/pages\/2420","targetHints":{"allow":["GET"]}}],"collection":[{"href":"https:\/\/academyofbrain.com\/en\/wp-json\/wp\/v2\/pages"}],"about":[{"href":"https:\/\/academyofbrain.com\/en\/wp-json\/wp\/v2\/types\/page"}],"author":[{"embeddable":true,"href":"https:\/\/academyofbrain.com\/en\/wp-json\/wp\/v2\/users\/1463"}],"replies":[{"embeddable":true,"href":"https:\/\/academyofbrain.com\/en\/wp-json\/wp\/v2\/comments?post=2420"}],"version-history":[{"count":10,"href":"https:\/\/academyofbrain.com\/en\/wp-json\/wp\/v2\/pages\/2420\/revisions"}],"predecessor-version":[{"id":2558,"href":"https:\/\/academyofbrain.com\/en\/wp-json\/wp\/v2\/pages\/2420\/revisions\/2558"}],"wp:featuredmedia":[{"embeddable":true,"href":"https:\/\/academyofbrain.com\/en\/wp-json\/wp\/v2\/media\/1256"}],"wp:attachment":[{"href":"https:\/\/academyofbrain.com\/en\/wp-json\/wp\/v2\/media?parent=2420"}],"curies":[{"name":"wp","href":"https:\/\/api.w.org\/{rel}","templated":true}]}}