{"id":1554,"date":"2018-09-03T09:54:26","date_gmt":"2018-09-03T06:54:26","guid":{"rendered":"https:\/\/academyofbrain.com\/?page_id=1554"},"modified":"2025-02-06T12:55:31","modified_gmt":"2025-02-06T10:55:31","slug":"soft-skills-maintaining-competence-at-work","status":"publish","type":"page","link":"https:\/\/academyofbrain.com\/en\/soft-skills-maintaining-competence-at-work\/","title":{"rendered":"Soft skills &#8211; Maintaining Competence at Work"},"content":{"rendered":"<p><strong style=\"font-size: 1.125rem; letter-spacing: 0px; font-family: 'Akkurat Std', -apple-system, BlinkMacSystemFont, 'Segoe UI', Roboto, Oxygen, Ubuntu, Cantarell, 'Helvetica Neue', sans-serif;\"><em>Coach Ville Ojanen 3 September 2018<\/em><\/strong><\/p>\n<p><strong style=\"font-size: 1.125rem; letter-spacing: 0px; font-family: 'Akkurat Std', -apple-system, BlinkMacSystemFont, 'Segoe UI', Roboto, Oxygen, Ubuntu, Cantarell, 'Helvetica Neue', sans-serif;\"><em>\u00a0<\/em><\/strong><\/p>\n<p class=\"p1\"><span class=\"s1\">Understanding human behavior and the skills required to influence it (the so-called soft skills) have perhaps become even more important than understanding and influencing things. Soft skills are on the rise for many reasons. <\/span><span class=\"s1\">\u00a0<\/span><\/p>\n<p class=\"p1\"><span class=\"s1\">Employees have even higher demands for workplace culture. We want human-friendly environments based on trust, collaboration, and respect.\u00a0<\/span><\/p>\n<p class=\"p1\"><span class=\"s1\">Social media has created a whole new level of transparency, authenticity, and honesty requirements. You can no longer work poorly in the shadows while maintaining a good public image. Exceptional customer service is no longer sufficient. Nowadays, employees have begun sharing their experiences on social media. A bad experience can destroy a company&#8217;s reputation within 24 hours.\u00a0<\/span><\/p>\n<p class=\"p1\"><span class=\"s1\">Management, supervisors, and employees must work together, take care of each other, and maintain the company\u2019s reputation and results. The essential tools are communication, listening, and humanity.<\/span><\/p>\n<p class=\"p1\"><span class=\"s1\">Another megatrend is rising: automatization and robotization. However, humans cannot be replaced. Humans&#8217; hybrid roles, as interpreters between humans and technology, are increasing. Machines create knowledge, solve problems, provide estimates, and manufacture products, but humans collaborate and decide on how to use these machines. Negotiating skills, interaction, and collaboration skills will become more important than ever.<\/span><\/p>\n<p class=\"p1\"><span class=\"s1\">Management professor Lynda Gratton from the London Business Schools sees significant challenges in the development of soft-skills, it is still insufficient. She attributes this to two interlinked reasons. Firstly, we don\u2019t have a very good understanding of how to develop these skills. Secondly, we live in a world where the dominant opinion and human understanding directs us through schools, homes, and workplaces to act under terms set by things &#8211; not humans.<\/span><\/p>\n<p class=\"p1\"><span class=\"s1\">Today\u2019s working life challenges us to develop not only ourselves as learners but also our ability to understand and develop people, primarily ourselves. From the perspective of psychological skills and personal growth, the core of soft-skills has four elements:<\/span><\/p>\n<p class=\"p1\"><span class=\"s1\">1. Mentalization \u2013 the ability to understand the mental state. Efficient progression with things often requires excluding useless perspectives, emotions, needs, and expectations. Operating on human terms requires an opposite approach. Mentalization means highlighting and discussing experiences.<\/span><\/p>\n<p class=\"p1\"><span class=\"s1\">2. Assertiveness. Presenting and discussing opinions, perspectives and your limits in a clear yet constructive way. It requires awareness of your limits and subconscious reaction models.<\/span><\/p>\n<p class=\"p1\"><span class=\"s1\">3. Ability to take responsibility. Leadership skills are becoming more critical despite our roles or positions. This requires the ability to accept responsibility and take an active role in progressing with the situation, for example, in resolving conflicts.\u00a0<\/span><\/p>\n<p class=\"p1\"><span class=\"s1\">4. Curiosity and playfulness. Attitudes towards the relationship to humans and humanity are often too serious and tense. More regularly, the problem is a conflict between the world and our emotions, requirements, and expectations. People who can efficiently and skillfully manage humanity are most likely curious and playful.<\/span><\/p>\n<p class=\"p1\"><span class=\"s1\">This core surrounds with possibilities for developing skills and important ways of acting, for example, communication skills (writing, storytelling, and presenting), self-leadership (focusing skills, resilience, and recovery skills), negotiating, customer service and interview and assessment skills.<\/span><\/p>\n<div style=\"display:table-column;\">\n<\/div>\n<div style=\"display: none;\">\n<\/div>\n<div style=\"display:table-column;\">\n<\/div>\n<div style=\"display: none;\">\n<\/div>\n<div id=\"link\">\n<\/div>\n<div style=\"display:table-column;\">\n<\/div>\n","protected":false},"excerpt":{"rendered":"<p>Coach Ville Ojanen 3 September 2018 \u00a0 Understanding human behavior and the skills required to influence it (the so-called soft skills) have perhaps become even more important than understanding and<\/p>\n<div><a href=\"https:\/\/academyofbrain.com\/en\/soft-skills-maintaining-competence-at-work\/\" class=\"exp-read-more exp-read-more-underlined\">Read More<\/a><\/div>\n","protected":false},"author":1463,"featured_media":1157,"parent":0,"menu_order":4,"comment_status":"closed","ping_status":"closed","template":"","meta":{"content-type":"","footnotes":""},"class_list":["post-1554","page","type-page","status-publish","has-post-thumbnail","hentry"],"yoast_head":"<!-- This site is optimized with the Yoast SEO Premium plugin v20.9 (Yoast SEO v27.0) - https:\/\/yoast.com\/product\/yoast-seo-premium-wordpress\/ -->\n<title>Soft skills - Maintaining Competence at Work - Academy of Brain<\/title>\n<meta name=\"robots\" content=\"index, follow, max-snippet:-1, max-image-preview:large, max-video-preview:-1\" \/>\n<link rel=\"canonical\" href=\"https:\/\/academyofbrain.com\/en\/blog-4__trashed\/soft-skills-maintaining-competence-at-work\/\" \/>\n<meta property=\"og:locale\" content=\"en_US\" \/>\n<meta property=\"og:type\" content=\"article\" \/>\n<meta property=\"og:title\" content=\"Soft skills - Maintaining Competence at Work\" \/>\n<meta property=\"og:description\" content=\"Coach Ville Ojanen 3 September 2018 \u00a0 Understanding human behavior and the skills required to influence it (the so-called soft skills) have perhaps become even more important than understanding andRead More\" \/>\n<meta property=\"og:url\" content=\"https:\/\/academyofbrain.com\/en\/blog-4__trashed\/soft-skills-maintaining-competence-at-work\/\" \/>\n<meta property=\"og:site_name\" content=\"Academy of Brain\" \/>\n<meta property=\"article:publisher\" content=\"https:\/\/www.facebook.com\/academybrain\/\" \/>\n<meta property=\"article:modified_time\" content=\"2025-02-06T10:55:31+00:00\" \/>\n<meta property=\"og:image\" content=\"https:\/\/academyofbrain.com\/wp-content\/uploads\/2018\/08\/blogi-1.jpeg\" \/>\n\t<meta property=\"og:image:width\" content=\"1920\" \/>\n\t<meta property=\"og:image:height\" content=\"1280\" \/>\n\t<meta property=\"og:image:type\" content=\"image\/jpeg\" \/>\n<meta name=\"twitter:card\" content=\"summary_large_image\" \/>\n<meta name=\"twitter:label1\" content=\"Est. reading time\" \/>\n\t<meta name=\"twitter:data1\" content=\"4 minutes\" \/>\n<script type=\"application\/ld+json\" class=\"yoast-schema-graph\">{\"@context\":\"https:\/\/schema.org\",\"@graph\":[{\"@type\":\"WebPage\",\"@id\":\"https:\/\/academyofbrain.com\/en\/blog-4__trashed\/soft-skills-maintaining-competence-at-work\/\",\"url\":\"https:\/\/academyofbrain.com\/en\/blog-4__trashed\/soft-skills-maintaining-competence-at-work\/\",\"name\":\"Soft skills - Maintaining Competence at Work - Academy of Brain\",\"isPartOf\":{\"@id\":\"https:\/\/academyofbrain.com\/#website\"},\"primaryImageOfPage\":{\"@id\":\"https:\/\/academyofbrain.com\/en\/blog-4__trashed\/soft-skills-maintaining-competence-at-work\/#primaryimage\"},\"image\":{\"@id\":\"https:\/\/academyofbrain.com\/en\/blog-4__trashed\/soft-skills-maintaining-competence-at-work\/#primaryimage\"},\"thumbnailUrl\":\"https:\/\/academyofbrain.com\/wp-content\/uploads\/2018\/08\/blogi-1.jpeg\",\"datePublished\":\"2018-09-03T06:54:26+00:00\",\"dateModified\":\"2025-02-06T10:55:31+00:00\",\"breadcrumb\":{\"@id\":\"https:\/\/academyofbrain.com\/en\/blog-4__trashed\/soft-skills-maintaining-competence-at-work\/#breadcrumb\"},\"inLanguage\":\"en-US\",\"potentialAction\":[{\"@type\":\"ReadAction\",\"target\":[\"https:\/\/academyofbrain.com\/en\/blog-4__trashed\/soft-skills-maintaining-competence-at-work\/\"]}]},{\"@type\":\"ImageObject\",\"inLanguage\":\"en-US\",\"@id\":\"https:\/\/academyofbrain.com\/en\/blog-4__trashed\/soft-skills-maintaining-competence-at-work\/#primaryimage\",\"url\":\"https:\/\/academyofbrain.com\/wp-content\/uploads\/2018\/08\/blogi-1.jpeg\",\"contentUrl\":\"https:\/\/academyofbrain.com\/wp-content\/uploads\/2018\/08\/blogi-1.jpeg\",\"width\":1920,\"height\":1280},{\"@type\":\"BreadcrumbList\",\"@id\":\"https:\/\/academyofbrain.com\/en\/blog-4__trashed\/soft-skills-maintaining-competence-at-work\/#breadcrumb\",\"itemListElement\":[{\"@type\":\"ListItem\",\"position\":1,\"name\":\"Etusivu\",\"item\":\"https:\/\/academyofbrain.com\/en\/\"},{\"@type\":\"ListItem\",\"position\":2,\"name\":\"Soft skills &#8211; Maintaining Competence at Work\"}]},{\"@type\":\"WebSite\",\"@id\":\"https:\/\/academyofbrain.com\/#website\",\"url\":\"https:\/\/academyofbrain.com\/\",\"name\":\"Academy of Brain\",\"description\":\"Kehit\u00e4mme ty\u00f6el\u00e4m\u00e4n ydintaitoja\",\"publisher\":{\"@id\":\"https:\/\/academyofbrain.com\/#organization\"},\"potentialAction\":[{\"@type\":\"SearchAction\",\"target\":{\"@type\":\"EntryPoint\",\"urlTemplate\":\"https:\/\/academyofbrain.com\/?s={search_term_string}\"},\"query-input\":{\"@type\":\"PropertyValueSpecification\",\"valueRequired\":true,\"valueName\":\"search_term_string\"}}],\"inLanguage\":\"en-US\"},{\"@type\":\"Organization\",\"@id\":\"https:\/\/academyofbrain.com\/#organization\",\"name\":\"Academy of Brain\",\"url\":\"https:\/\/academyofbrain.com\/\",\"logo\":{\"@type\":\"ImageObject\",\"inLanguage\":\"en-US\",\"@id\":\"https:\/\/academyofbrain.com\/#\/schema\/logo\/image\/\",\"url\":\"https:\/\/academyofbrain.com\/wp-content\/uploads\/2019\/12\/181217_AOB-logo_RGB_72dpi.png\",\"contentUrl\":\"https:\/\/academyofbrain.com\/wp-content\/uploads\/2019\/12\/181217_AOB-logo_RGB_72dpi.png\",\"width\":1500,\"height\":233,\"caption\":\"Academy of Brain\"},\"image\":{\"@id\":\"https:\/\/academyofbrain.com\/#\/schema\/logo\/image\/\"},\"sameAs\":[\"https:\/\/www.facebook.com\/academybrain\/\",\"https:\/\/www.instagram.com\/academyofbrain\/\",\"https:\/\/www.linkedin.com\/company\/academyofbrain\/\"]}]}<\/script>\n<!-- \/ Yoast SEO Premium plugin. -->","yoast_head_json":{"title":"Soft skills - Maintaining Competence at Work - Academy of Brain","robots":{"index":"index","follow":"follow","max-snippet":"max-snippet:-1","max-image-preview":"max-image-preview:large","max-video-preview":"max-video-preview:-1"},"canonical":"https:\/\/academyofbrain.com\/en\/blog-4__trashed\/soft-skills-maintaining-competence-at-work\/","og_locale":"en_US","og_type":"article","og_title":"Soft skills - Maintaining Competence at Work","og_description":"Coach Ville Ojanen 3 September 2018 \u00a0 Understanding human behavior and the skills required to influence it (the so-called soft skills) have perhaps become even more important than understanding andRead More","og_url":"https:\/\/academyofbrain.com\/en\/blog-4__trashed\/soft-skills-maintaining-competence-at-work\/","og_site_name":"Academy of Brain","article_publisher":"https:\/\/www.facebook.com\/academybrain\/","article_modified_time":"2025-02-06T10:55:31+00:00","og_image":[{"width":1920,"height":1280,"url":"https:\/\/academyofbrain.com\/wp-content\/uploads\/2018\/08\/blogi-1.jpeg","type":"image\/jpeg"}],"twitter_card":"summary_large_image","twitter_misc":{"Est. reading time":"4 minutes"},"schema":{"@context":"https:\/\/schema.org","@graph":[{"@type":"WebPage","@id":"https:\/\/academyofbrain.com\/en\/blog-4__trashed\/soft-skills-maintaining-competence-at-work\/","url":"https:\/\/academyofbrain.com\/en\/blog-4__trashed\/soft-skills-maintaining-competence-at-work\/","name":"Soft skills - Maintaining Competence at Work - Academy of Brain","isPartOf":{"@id":"https:\/\/academyofbrain.com\/#website"},"primaryImageOfPage":{"@id":"https:\/\/academyofbrain.com\/en\/blog-4__trashed\/soft-skills-maintaining-competence-at-work\/#primaryimage"},"image":{"@id":"https:\/\/academyofbrain.com\/en\/blog-4__trashed\/soft-skills-maintaining-competence-at-work\/#primaryimage"},"thumbnailUrl":"https:\/\/academyofbrain.com\/wp-content\/uploads\/2018\/08\/blogi-1.jpeg","datePublished":"2018-09-03T06:54:26+00:00","dateModified":"2025-02-06T10:55:31+00:00","breadcrumb":{"@id":"https:\/\/academyofbrain.com\/en\/blog-4__trashed\/soft-skills-maintaining-competence-at-work\/#breadcrumb"},"inLanguage":"en-US","potentialAction":[{"@type":"ReadAction","target":["https:\/\/academyofbrain.com\/en\/blog-4__trashed\/soft-skills-maintaining-competence-at-work\/"]}]},{"@type":"ImageObject","inLanguage":"en-US","@id":"https:\/\/academyofbrain.com\/en\/blog-4__trashed\/soft-skills-maintaining-competence-at-work\/#primaryimage","url":"https:\/\/academyofbrain.com\/wp-content\/uploads\/2018\/08\/blogi-1.jpeg","contentUrl":"https:\/\/academyofbrain.com\/wp-content\/uploads\/2018\/08\/blogi-1.jpeg","width":1920,"height":1280},{"@type":"BreadcrumbList","@id":"https:\/\/academyofbrain.com\/en\/blog-4__trashed\/soft-skills-maintaining-competence-at-work\/#breadcrumb","itemListElement":[{"@type":"ListItem","position":1,"name":"Etusivu","item":"https:\/\/academyofbrain.com\/en\/"},{"@type":"ListItem","position":2,"name":"Soft skills &#8211; Maintaining Competence at Work"}]},{"@type":"WebSite","@id":"https:\/\/academyofbrain.com\/#website","url":"https:\/\/academyofbrain.com\/","name":"Academy of Brain","description":"Kehit\u00e4mme ty\u00f6el\u00e4m\u00e4n ydintaitoja","publisher":{"@id":"https:\/\/academyofbrain.com\/#organization"},"potentialAction":[{"@type":"SearchAction","target":{"@type":"EntryPoint","urlTemplate":"https:\/\/academyofbrain.com\/?s={search_term_string}"},"query-input":{"@type":"PropertyValueSpecification","valueRequired":true,"valueName":"search_term_string"}}],"inLanguage":"en-US"},{"@type":"Organization","@id":"https:\/\/academyofbrain.com\/#organization","name":"Academy of Brain","url":"https:\/\/academyofbrain.com\/","logo":{"@type":"ImageObject","inLanguage":"en-US","@id":"https:\/\/academyofbrain.com\/#\/schema\/logo\/image\/","url":"https:\/\/academyofbrain.com\/wp-content\/uploads\/2019\/12\/181217_AOB-logo_RGB_72dpi.png","contentUrl":"https:\/\/academyofbrain.com\/wp-content\/uploads\/2019\/12\/181217_AOB-logo_RGB_72dpi.png","width":1500,"height":233,"caption":"Academy of Brain"},"image":{"@id":"https:\/\/academyofbrain.com\/#\/schema\/logo\/image\/"},"sameAs":["https:\/\/www.facebook.com\/academybrain\/","https:\/\/www.instagram.com\/academyofbrain\/","https:\/\/www.linkedin.com\/company\/academyofbrain\/"]}]}},"_links":{"self":[{"href":"https:\/\/academyofbrain.com\/en\/wp-json\/wp\/v2\/pages\/1554","targetHints":{"allow":["GET"]}}],"collection":[{"href":"https:\/\/academyofbrain.com\/en\/wp-json\/wp\/v2\/pages"}],"about":[{"href":"https:\/\/academyofbrain.com\/en\/wp-json\/wp\/v2\/types\/page"}],"author":[{"embeddable":true,"href":"https:\/\/academyofbrain.com\/en\/wp-json\/wp\/v2\/users\/1463"}],"replies":[{"embeddable":true,"href":"https:\/\/academyofbrain.com\/en\/wp-json\/wp\/v2\/comments?post=1554"}],"version-history":[{"count":5,"href":"https:\/\/academyofbrain.com\/en\/wp-json\/wp\/v2\/pages\/1554\/revisions"}],"predecessor-version":[{"id":2282,"href":"https:\/\/academyofbrain.com\/en\/wp-json\/wp\/v2\/pages\/1554\/revisions\/2282"}],"wp:featuredmedia":[{"embeddable":true,"href":"https:\/\/academyofbrain.com\/en\/wp-json\/wp\/v2\/media\/1157"}],"wp:attachment":[{"href":"https:\/\/academyofbrain.com\/en\/wp-json\/wp\/v2\/media?parent=1554"}],"curies":[{"name":"wp","href":"https:\/\/api.w.org\/{rel}","templated":true}]}}