{"id":1548,"date":"2018-08-29T15:07:55","date_gmt":"2018-08-29T12:07:55","guid":{"rendered":"https:\/\/academyofbrain.com\/?page_id=1548"},"modified":"2025-02-06T12:45:26","modified_gmt":"2025-02-06T10:45:26","slug":"better-feedback","status":"publish","type":"page","link":"https:\/\/academyofbrain.com\/en\/interaction-and-management-skills\/better-feedback\/","title":{"rendered":"Better Feedback"},"content":{"rendered":"<h4>Better Feedback<\/h4>\n<p><em>Coming soon!<\/em><\/p>\n<p>The objective of feedback is to learn. Actually, instead of feedback, we should be talking about learning conversations. Feedback does not mean one person guiding and advising the other but a shared discussion about what has been done and how it could be done better. Feedback is an essential part of personal and organizational development.<\/p>\n<p>In this training, expert Jarmo Manner will cover quick tips for a better feedback culture, the typical pitfalls of providing feedback and hints for handling challenging feedback conversations. We will also look at seven different feedback methods.<\/p>\n<h5>Training structure:<\/h5>\n<h6>Module 1: Principles, quick fixes, and accepting<\/h6>\n<h6>Module 2: Pitfalls and challenging situations<\/h6>\n<h6>Module 3: Feedback methods<\/h6>\n<p>&nbsp;<\/p>\n","protected":false},"excerpt":{"rendered":"<p>Better Feedback Coming soon! The objective of feedback is to learn. Actually, instead of feedback, we should be talking about learning conversations. Feedback does not mean one person guiding and<\/p>\n<div><a href=\"https:\/\/academyofbrain.com\/en\/interaction-and-management-skills\/better-feedback\/\" class=\"exp-read-more exp-read-more-underlined\">Read More<\/a><\/div>\n","protected":false},"author":1463,"featured_media":1245,"parent":1536,"menu_order":3,"comment_status":"closed","ping_status":"closed","template":"","meta":{"content-type":"","footnotes":""},"class_list":["post-1548","page","type-page","status-publish","has-post-thumbnail","hentry"],"yoast_head":"<!-- This site is optimized with the Yoast SEO Premium plugin v20.9 (Yoast SEO v27.0) - https:\/\/yoast.com\/product\/yoast-seo-premium-wordpress\/ -->\n<title>Better Feedback - Academy of Brain<\/title>\n<meta name=\"robots\" content=\"index, follow, max-snippet:-1, max-image-preview:large, max-video-preview:-1\" \/>\n<link rel=\"canonical\" href=\"https:\/\/academyofbrain.com\/en\/interaction-and-management-skills\/better-feedback\/\" \/>\n<meta property=\"og:locale\" content=\"en_US\" \/>\n<meta property=\"og:type\" content=\"article\" \/>\n<meta property=\"og:title\" content=\"Better Feedback\" \/>\n<meta property=\"og:description\" content=\"Better Feedback Coming soon! The objective of feedback is to learn. Actually, instead of feedback, we should be talking about learning conversations. Feedback does not mean one person guiding andRead More\" \/>\n<meta property=\"og:url\" content=\"https:\/\/academyofbrain.com\/en\/interaction-and-management-skills\/better-feedback\/\" \/>\n<meta property=\"og:site_name\" content=\"Academy of Brain\" \/>\n<meta property=\"article:publisher\" content=\"https:\/\/www.facebook.com\/academybrain\/\" \/>\n<meta property=\"article:modified_time\" content=\"2025-02-06T10:45:26+00:00\" \/>\n<meta property=\"og:image\" content=\"https:\/\/academyofbrain.com\/wp-content\/uploads\/2018\/08\/valmentava-johtaminen-1-2.jpeg\" \/>\n\t<meta property=\"og:image:width\" content=\"1920\" \/>\n\t<meta property=\"og:image:height\" content=\"1281\" \/>\n\t<meta property=\"og:image:type\" content=\"image\/jpeg\" \/>\n<meta name=\"twitter:card\" content=\"summary_large_image\" \/>\n<meta name=\"twitter:label1\" content=\"Est. reading time\" \/>\n\t<meta name=\"twitter:data1\" content=\"1 minute\" \/>\n<script type=\"application\/ld+json\" class=\"yoast-schema-graph\">{\"@context\":\"https:\/\/schema.org\",\"@graph\":[{\"@type\":\"WebPage\",\"@id\":\"https:\/\/academyofbrain.com\/en\/interaction-and-management-skills\/better-feedback\/\",\"url\":\"https:\/\/academyofbrain.com\/en\/interaction-and-management-skills\/better-feedback\/\",\"name\":\"Better Feedback - Academy of Brain\",\"isPartOf\":{\"@id\":\"https:\/\/academyofbrain.com\/#website\"},\"primaryImageOfPage\":{\"@id\":\"https:\/\/academyofbrain.com\/en\/interaction-and-management-skills\/better-feedback\/#primaryimage\"},\"image\":{\"@id\":\"https:\/\/academyofbrain.com\/en\/interaction-and-management-skills\/better-feedback\/#primaryimage\"},\"thumbnailUrl\":\"https:\/\/academyofbrain.com\/wp-content\/uploads\/2018\/08\/valmentava-johtaminen-1-2.jpeg\",\"datePublished\":\"2018-08-29T12:07:55+00:00\",\"dateModified\":\"2025-02-06T10:45:26+00:00\",\"breadcrumb\":{\"@id\":\"https:\/\/academyofbrain.com\/en\/interaction-and-management-skills\/better-feedback\/#breadcrumb\"},\"inLanguage\":\"en-US\",\"potentialAction\":[{\"@type\":\"ReadAction\",\"target\":[\"https:\/\/academyofbrain.com\/en\/interaction-and-management-skills\/better-feedback\/\"]}]},{\"@type\":\"ImageObject\",\"inLanguage\":\"en-US\",\"@id\":\"https:\/\/academyofbrain.com\/en\/interaction-and-management-skills\/better-feedback\/#primaryimage\",\"url\":\"https:\/\/academyofbrain.com\/wp-content\/uploads\/2018\/08\/valmentava-johtaminen-1-2.jpeg\",\"contentUrl\":\"https:\/\/academyofbrain.com\/wp-content\/uploads\/2018\/08\/valmentava-johtaminen-1-2.jpeg\",\"width\":1920,\"height\":1281},{\"@type\":\"BreadcrumbList\",\"@id\":\"https:\/\/academyofbrain.com\/en\/interaction-and-management-skills\/better-feedback\/#breadcrumb\",\"itemListElement\":[{\"@type\":\"ListItem\",\"position\":1,\"name\":\"Etusivu\",\"item\":\"https:\/\/academyofbrain.com\/en\/\"},{\"@type\":\"ListItem\",\"position\":2,\"name\":\"Interaction and Management Skills\",\"item\":\"https:\/\/academyofbrain.com\/en\/interaction-and-management-skills\/\"},{\"@type\":\"ListItem\",\"position\":3,\"name\":\"Better Feedback\"}]},{\"@type\":\"WebSite\",\"@id\":\"https:\/\/academyofbrain.com\/#website\",\"url\":\"https:\/\/academyofbrain.com\/\",\"name\":\"Academy of Brain\",\"description\":\"Kehit\u00e4mme ty\u00f6el\u00e4m\u00e4n ydintaitoja\",\"publisher\":{\"@id\":\"https:\/\/academyofbrain.com\/#organization\"},\"potentialAction\":[{\"@type\":\"SearchAction\",\"target\":{\"@type\":\"EntryPoint\",\"urlTemplate\":\"https:\/\/academyofbrain.com\/?s={search_term_string}\"},\"query-input\":{\"@type\":\"PropertyValueSpecification\",\"valueRequired\":true,\"valueName\":\"search_term_string\"}}],\"inLanguage\":\"en-US\"},{\"@type\":\"Organization\",\"@id\":\"https:\/\/academyofbrain.com\/#organization\",\"name\":\"Academy of Brain\",\"url\":\"https:\/\/academyofbrain.com\/\",\"logo\":{\"@type\":\"ImageObject\",\"inLanguage\":\"en-US\",\"@id\":\"https:\/\/academyofbrain.com\/#\/schema\/logo\/image\/\",\"url\":\"https:\/\/academyofbrain.com\/wp-content\/uploads\/2019\/12\/181217_AOB-logo_RGB_72dpi.png\",\"contentUrl\":\"https:\/\/academyofbrain.com\/wp-content\/uploads\/2019\/12\/181217_AOB-logo_RGB_72dpi.png\",\"width\":1500,\"height\":233,\"caption\":\"Academy of Brain\"},\"image\":{\"@id\":\"https:\/\/academyofbrain.com\/#\/schema\/logo\/image\/\"},\"sameAs\":[\"https:\/\/www.facebook.com\/academybrain\/\",\"https:\/\/www.instagram.com\/academyofbrain\/\",\"https:\/\/www.linkedin.com\/company\/academyofbrain\/\"]}]}<\/script>\n<!-- \/ Yoast SEO Premium plugin. -->","yoast_head_json":{"title":"Better Feedback - Academy of Brain","robots":{"index":"index","follow":"follow","max-snippet":"max-snippet:-1","max-image-preview":"max-image-preview:large","max-video-preview":"max-video-preview:-1"},"canonical":"https:\/\/academyofbrain.com\/en\/interaction-and-management-skills\/better-feedback\/","og_locale":"en_US","og_type":"article","og_title":"Better Feedback","og_description":"Better Feedback Coming soon! The objective of feedback is to learn. Actually, instead of feedback, we should be talking about learning conversations. Feedback does not mean one person guiding andRead More","og_url":"https:\/\/academyofbrain.com\/en\/interaction-and-management-skills\/better-feedback\/","og_site_name":"Academy of Brain","article_publisher":"https:\/\/www.facebook.com\/academybrain\/","article_modified_time":"2025-02-06T10:45:26+00:00","og_image":[{"width":1920,"height":1281,"url":"https:\/\/academyofbrain.com\/wp-content\/uploads\/2018\/08\/valmentava-johtaminen-1-2.jpeg","type":"image\/jpeg"}],"twitter_card":"summary_large_image","twitter_misc":{"Est. reading time":"1 minute"},"schema":{"@context":"https:\/\/schema.org","@graph":[{"@type":"WebPage","@id":"https:\/\/academyofbrain.com\/en\/interaction-and-management-skills\/better-feedback\/","url":"https:\/\/academyofbrain.com\/en\/interaction-and-management-skills\/better-feedback\/","name":"Better Feedback - Academy of Brain","isPartOf":{"@id":"https:\/\/academyofbrain.com\/#website"},"primaryImageOfPage":{"@id":"https:\/\/academyofbrain.com\/en\/interaction-and-management-skills\/better-feedback\/#primaryimage"},"image":{"@id":"https:\/\/academyofbrain.com\/en\/interaction-and-management-skills\/better-feedback\/#primaryimage"},"thumbnailUrl":"https:\/\/academyofbrain.com\/wp-content\/uploads\/2018\/08\/valmentava-johtaminen-1-2.jpeg","datePublished":"2018-08-29T12:07:55+00:00","dateModified":"2025-02-06T10:45:26+00:00","breadcrumb":{"@id":"https:\/\/academyofbrain.com\/en\/interaction-and-management-skills\/better-feedback\/#breadcrumb"},"inLanguage":"en-US","potentialAction":[{"@type":"ReadAction","target":["https:\/\/academyofbrain.com\/en\/interaction-and-management-skills\/better-feedback\/"]}]},{"@type":"ImageObject","inLanguage":"en-US","@id":"https:\/\/academyofbrain.com\/en\/interaction-and-management-skills\/better-feedback\/#primaryimage","url":"https:\/\/academyofbrain.com\/wp-content\/uploads\/2018\/08\/valmentava-johtaminen-1-2.jpeg","contentUrl":"https:\/\/academyofbrain.com\/wp-content\/uploads\/2018\/08\/valmentava-johtaminen-1-2.jpeg","width":1920,"height":1281},{"@type":"BreadcrumbList","@id":"https:\/\/academyofbrain.com\/en\/interaction-and-management-skills\/better-feedback\/#breadcrumb","itemListElement":[{"@type":"ListItem","position":1,"name":"Etusivu","item":"https:\/\/academyofbrain.com\/en\/"},{"@type":"ListItem","position":2,"name":"Interaction and Management Skills","item":"https:\/\/academyofbrain.com\/en\/interaction-and-management-skills\/"},{"@type":"ListItem","position":3,"name":"Better Feedback"}]},{"@type":"WebSite","@id":"https:\/\/academyofbrain.com\/#website","url":"https:\/\/academyofbrain.com\/","name":"Academy of Brain","description":"Kehit\u00e4mme ty\u00f6el\u00e4m\u00e4n ydintaitoja","publisher":{"@id":"https:\/\/academyofbrain.com\/#organization"},"potentialAction":[{"@type":"SearchAction","target":{"@type":"EntryPoint","urlTemplate":"https:\/\/academyofbrain.com\/?s={search_term_string}"},"query-input":{"@type":"PropertyValueSpecification","valueRequired":true,"valueName":"search_term_string"}}],"inLanguage":"en-US"},{"@type":"Organization","@id":"https:\/\/academyofbrain.com\/#organization","name":"Academy of Brain","url":"https:\/\/academyofbrain.com\/","logo":{"@type":"ImageObject","inLanguage":"en-US","@id":"https:\/\/academyofbrain.com\/#\/schema\/logo\/image\/","url":"https:\/\/academyofbrain.com\/wp-content\/uploads\/2019\/12\/181217_AOB-logo_RGB_72dpi.png","contentUrl":"https:\/\/academyofbrain.com\/wp-content\/uploads\/2019\/12\/181217_AOB-logo_RGB_72dpi.png","width":1500,"height":233,"caption":"Academy of Brain"},"image":{"@id":"https:\/\/academyofbrain.com\/#\/schema\/logo\/image\/"},"sameAs":["https:\/\/www.facebook.com\/academybrain\/","https:\/\/www.instagram.com\/academyofbrain\/","https:\/\/www.linkedin.com\/company\/academyofbrain\/"]}]}},"_links":{"self":[{"href":"https:\/\/academyofbrain.com\/en\/wp-json\/wp\/v2\/pages\/1548","targetHints":{"allow":["GET"]}}],"collection":[{"href":"https:\/\/academyofbrain.com\/en\/wp-json\/wp\/v2\/pages"}],"about":[{"href":"https:\/\/academyofbrain.com\/en\/wp-json\/wp\/v2\/types\/page"}],"author":[{"embeddable":true,"href":"https:\/\/academyofbrain.com\/en\/wp-json\/wp\/v2\/users\/1463"}],"replies":[{"embeddable":true,"href":"https:\/\/academyofbrain.com\/en\/wp-json\/wp\/v2\/comments?post=1548"}],"version-history":[{"count":6,"href":"https:\/\/academyofbrain.com\/en\/wp-json\/wp\/v2\/pages\/1548\/revisions"}],"predecessor-version":[{"id":2338,"href":"https:\/\/academyofbrain.com\/en\/wp-json\/wp\/v2\/pages\/1548\/revisions\/2338"}],"up":[{"embeddable":true,"href":"https:\/\/academyofbrain.com\/en\/wp-json\/wp\/v2\/pages\/1536"}],"wp:featuredmedia":[{"embeddable":true,"href":"https:\/\/academyofbrain.com\/en\/wp-json\/wp\/v2\/media\/1245"}],"wp:attachment":[{"href":"https:\/\/academyofbrain.com\/en\/wp-json\/wp\/v2\/media?parent=1548"}],"curies":[{"name":"wp","href":"https:\/\/api.w.org\/{rel}","templated":true}]}}