{"id":1547,"date":"2018-08-29T14:58:12","date_gmt":"2018-08-29T11:58:12","guid":{"rendered":"https:\/\/academyofbrain.com\/?page_id=1547"},"modified":"2019-09-11T12:00:48","modified_gmt":"2019-09-11T09:00:48","slug":"improve-your-recovery-skills","status":"publish","type":"page","link":"https:\/\/academyofbrain.com\/en\/psychological-stress-and-wellbeing\/improve-your-recovery-skills\/","title":{"rendered":"Improve Your Recovery Skills"},"content":{"rendered":"<h4>More energy with better recovery skills!<\/h4>\n<p><em>Coming soon in English!<\/em><\/p>\n<p>Brain recovery skills are based on sleep, nutrition, and exercise. In addition to these, your recovery is also affected by mental energy, which makes up more than half of your total energy.<\/p>\n<p>The challenge of the digital age is how to manage this mental energy: identifying leaks and blocking them, finding methods to load and discharge energy, and protecting yourself from overloads and addictions.<\/p>\n<p>The recovery skills training looks at what makes up our brain&#8217;s total energy and how can we influence it ourselves. The coach, Ville Ojanen, is a brain psychologist who wrote his thesis on brain studies.<\/p>\n<h5>Training structure:<\/h5>\n<h6>Module\u00a01: Introduction<\/h6>\n<ul>\n<li>Improve your recovery skills<\/li>\n<\/ul>\n<h6>Module 2:\u00a0Five Aspects of Mental Recovery<\/h6>\n<ul>\n<li>Five recovery experiences<\/li>\n<li>Encounters<\/li>\n<li>Engagement<\/li>\n<li>Meaningfulness<\/li>\n<li>Sense of Achievement<\/li>\n<li>Pleasure<\/li>\n<\/ul>\n<h6>Module 3:\u00a0Physical Recovery<\/h6>\n<ul>\n<li>Physical recovery<\/li>\n<\/ul>\n<h6>Module 4:\u00a0Summary<\/h6>\n<ul>\n<li>Top learnings<\/li>\n<\/ul>\n<div style=\"display:table-column;\">\n<\/div>\n<div style=\"display: none;\">\n<\/div>\n<div style=\"display:table-column;\">\n<\/div>\n<div style=\"display: none;\">\n<\/div>\n<div id=\"link\">\n<\/div>\n<div style=\"display:table-column;\">\n<\/div>\n","protected":false},"excerpt":{"rendered":"<p>More energy with better recovery skills! Coming soon in English! Brain recovery skills are based on sleep, nutrition, and exercise. In addition to these, your recovery is also affected by<\/p>\n<div><a href=\"https:\/\/academyofbrain.com\/en\/psychological-stress-and-wellbeing\/improve-your-recovery-skills\/\" class=\"exp-read-more exp-read-more-underlined\">Read More<\/a><\/div>\n","protected":false},"author":1463,"featured_media":1173,"parent":1535,"menu_order":5,"comment_status":"closed","ping_status":"closed","template":"","meta":{"content-type":"","footnotes":""},"class_list":["post-1547","page","type-page","status-publish","has-post-thumbnail","hentry"],"yoast_head":"<!-- This site is optimized with the Yoast SEO Premium plugin v20.9 (Yoast SEO v27.0) - https:\/\/yoast.com\/product\/yoast-seo-premium-wordpress\/ -->\n<title>Improve Your Recovery Skills - Academy of Brain<\/title>\n<meta name=\"robots\" content=\"index, follow, max-snippet:-1, max-image-preview:large, max-video-preview:-1\" \/>\n<link rel=\"canonical\" href=\"https:\/\/academyofbrain.com\/en\/psychological-stress-and-wellbeing\/improve-your-recovery-skills\/\" \/>\n<meta property=\"og:locale\" content=\"en_US\" \/>\n<meta property=\"og:type\" content=\"article\" \/>\n<meta property=\"og:title\" content=\"Improve Your Recovery Skills\" \/>\n<meta property=\"og:description\" content=\"More energy with better recovery skills! Coming soon in English! Brain recovery skills are based on sleep, nutrition, and exercise. In addition to these, your recovery is also affected byRead More\" \/>\n<meta property=\"og:url\" content=\"https:\/\/academyofbrain.com\/en\/psychological-stress-and-wellbeing\/improve-your-recovery-skills\/\" \/>\n<meta property=\"og:site_name\" content=\"Academy of Brain\" \/>\n<meta property=\"article:publisher\" content=\"https:\/\/www.facebook.com\/academybrain\/\" \/>\n<meta property=\"article:modified_time\" content=\"2019-09-11T09:00:48+00:00\" \/>\n<meta property=\"og:image\" content=\"https:\/\/academyofbrain.com\/wp-content\/uploads\/2018\/08\/palautuminen_1920-1.jpg\" \/>\n\t<meta property=\"og:image:width\" content=\"1920\" \/>\n\t<meta property=\"og:image:height\" content=\"1305\" \/>\n\t<meta property=\"og:image:type\" content=\"image\/jpeg\" \/>\n<meta name=\"twitter:card\" content=\"summary_large_image\" \/>\n<meta name=\"twitter:label1\" content=\"Est. reading time\" \/>\n\t<meta name=\"twitter:data1\" content=\"1 minute\" \/>\n<script type=\"application\/ld+json\" class=\"yoast-schema-graph\">{\"@context\":\"https:\/\/schema.org\",\"@graph\":[{\"@type\":\"WebPage\",\"@id\":\"https:\/\/academyofbrain.com\/en\/psychological-stress-and-wellbeing\/improve-your-recovery-skills\/\",\"url\":\"https:\/\/academyofbrain.com\/en\/psychological-stress-and-wellbeing\/improve-your-recovery-skills\/\",\"name\":\"Improve Your Recovery Skills - Academy of Brain\",\"isPartOf\":{\"@id\":\"https:\/\/academyofbrain.com\/#website\"},\"primaryImageOfPage\":{\"@id\":\"https:\/\/academyofbrain.com\/en\/psychological-stress-and-wellbeing\/improve-your-recovery-skills\/#primaryimage\"},\"image\":{\"@id\":\"https:\/\/academyofbrain.com\/en\/psychological-stress-and-wellbeing\/improve-your-recovery-skills\/#primaryimage\"},\"thumbnailUrl\":\"https:\/\/academyofbrain.com\/wp-content\/uploads\/2018\/08\/palautuminen_1920-1.jpg\",\"datePublished\":\"2018-08-29T11:58:12+00:00\",\"dateModified\":\"2019-09-11T09:00:48+00:00\",\"breadcrumb\":{\"@id\":\"https:\/\/academyofbrain.com\/en\/psychological-stress-and-wellbeing\/improve-your-recovery-skills\/#breadcrumb\"},\"inLanguage\":\"en-US\",\"potentialAction\":[{\"@type\":\"ReadAction\",\"target\":[\"https:\/\/academyofbrain.com\/en\/psychological-stress-and-wellbeing\/improve-your-recovery-skills\/\"]}]},{\"@type\":\"ImageObject\",\"inLanguage\":\"en-US\",\"@id\":\"https:\/\/academyofbrain.com\/en\/psychological-stress-and-wellbeing\/improve-your-recovery-skills\/#primaryimage\",\"url\":\"https:\/\/academyofbrain.com\/wp-content\/uploads\/2018\/08\/palautuminen_1920-1.jpg\",\"contentUrl\":\"https:\/\/academyofbrain.com\/wp-content\/uploads\/2018\/08\/palautuminen_1920-1.jpg\",\"width\":1920,\"height\":1305},{\"@type\":\"BreadcrumbList\",\"@id\":\"https:\/\/academyofbrain.com\/en\/psychological-stress-and-wellbeing\/improve-your-recovery-skills\/#breadcrumb\",\"itemListElement\":[{\"@type\":\"ListItem\",\"position\":1,\"name\":\"Etusivu\",\"item\":\"https:\/\/academyofbrain.com\/en\/\"},{\"@type\":\"ListItem\",\"position\":2,\"name\":\"Psychological Stress and Wellbeing\",\"item\":\"https:\/\/academyofbrain.com\/en\/psychological-stress-and-wellbeing\/\"},{\"@type\":\"ListItem\",\"position\":3,\"name\":\"Improve Your Recovery Skills\"}]},{\"@type\":\"WebSite\",\"@id\":\"https:\/\/academyofbrain.com\/#website\",\"url\":\"https:\/\/academyofbrain.com\/\",\"name\":\"Academy of Brain\",\"description\":\"Kehit\u00e4mme ty\u00f6el\u00e4m\u00e4n ydintaitoja\",\"publisher\":{\"@id\":\"https:\/\/academyofbrain.com\/#organization\"},\"potentialAction\":[{\"@type\":\"SearchAction\",\"target\":{\"@type\":\"EntryPoint\",\"urlTemplate\":\"https:\/\/academyofbrain.com\/?s={search_term_string}\"},\"query-input\":{\"@type\":\"PropertyValueSpecification\",\"valueRequired\":true,\"valueName\":\"search_term_string\"}}],\"inLanguage\":\"en-US\"},{\"@type\":\"Organization\",\"@id\":\"https:\/\/academyofbrain.com\/#organization\",\"name\":\"Academy of Brain\",\"url\":\"https:\/\/academyofbrain.com\/\",\"logo\":{\"@type\":\"ImageObject\",\"inLanguage\":\"en-US\",\"@id\":\"https:\/\/academyofbrain.com\/#\/schema\/logo\/image\/\",\"url\":\"https:\/\/academyofbrain.com\/wp-content\/uploads\/2019\/12\/181217_AOB-logo_RGB_72dpi.png\",\"contentUrl\":\"https:\/\/academyofbrain.com\/wp-content\/uploads\/2019\/12\/181217_AOB-logo_RGB_72dpi.png\",\"width\":1500,\"height\":233,\"caption\":\"Academy of Brain\"},\"image\":{\"@id\":\"https:\/\/academyofbrain.com\/#\/schema\/logo\/image\/\"},\"sameAs\":[\"https:\/\/www.facebook.com\/academybrain\/\",\"https:\/\/www.instagram.com\/academyofbrain\/\",\"https:\/\/www.linkedin.com\/company\/academyofbrain\/\"]}]}<\/script>\n<!-- \/ Yoast SEO Premium plugin. -->","yoast_head_json":{"title":"Improve Your Recovery Skills - Academy of Brain","robots":{"index":"index","follow":"follow","max-snippet":"max-snippet:-1","max-image-preview":"max-image-preview:large","max-video-preview":"max-video-preview:-1"},"canonical":"https:\/\/academyofbrain.com\/en\/psychological-stress-and-wellbeing\/improve-your-recovery-skills\/","og_locale":"en_US","og_type":"article","og_title":"Improve Your Recovery Skills","og_description":"More energy with better recovery skills! Coming soon in English! Brain recovery skills are based on sleep, nutrition, and exercise. In addition to these, your recovery is also affected byRead More","og_url":"https:\/\/academyofbrain.com\/en\/psychological-stress-and-wellbeing\/improve-your-recovery-skills\/","og_site_name":"Academy of Brain","article_publisher":"https:\/\/www.facebook.com\/academybrain\/","article_modified_time":"2019-09-11T09:00:48+00:00","og_image":[{"width":1920,"height":1305,"url":"https:\/\/academyofbrain.com\/wp-content\/uploads\/2018\/08\/palautuminen_1920-1.jpg","type":"image\/jpeg"}],"twitter_card":"summary_large_image","twitter_misc":{"Est. reading time":"1 minute"},"schema":{"@context":"https:\/\/schema.org","@graph":[{"@type":"WebPage","@id":"https:\/\/academyofbrain.com\/en\/psychological-stress-and-wellbeing\/improve-your-recovery-skills\/","url":"https:\/\/academyofbrain.com\/en\/psychological-stress-and-wellbeing\/improve-your-recovery-skills\/","name":"Improve Your Recovery Skills - Academy of Brain","isPartOf":{"@id":"https:\/\/academyofbrain.com\/#website"},"primaryImageOfPage":{"@id":"https:\/\/academyofbrain.com\/en\/psychological-stress-and-wellbeing\/improve-your-recovery-skills\/#primaryimage"},"image":{"@id":"https:\/\/academyofbrain.com\/en\/psychological-stress-and-wellbeing\/improve-your-recovery-skills\/#primaryimage"},"thumbnailUrl":"https:\/\/academyofbrain.com\/wp-content\/uploads\/2018\/08\/palautuminen_1920-1.jpg","datePublished":"2018-08-29T11:58:12+00:00","dateModified":"2019-09-11T09:00:48+00:00","breadcrumb":{"@id":"https:\/\/academyofbrain.com\/en\/psychological-stress-and-wellbeing\/improve-your-recovery-skills\/#breadcrumb"},"inLanguage":"en-US","potentialAction":[{"@type":"ReadAction","target":["https:\/\/academyofbrain.com\/en\/psychological-stress-and-wellbeing\/improve-your-recovery-skills\/"]}]},{"@type":"ImageObject","inLanguage":"en-US","@id":"https:\/\/academyofbrain.com\/en\/psychological-stress-and-wellbeing\/improve-your-recovery-skills\/#primaryimage","url":"https:\/\/academyofbrain.com\/wp-content\/uploads\/2018\/08\/palautuminen_1920-1.jpg","contentUrl":"https:\/\/academyofbrain.com\/wp-content\/uploads\/2018\/08\/palautuminen_1920-1.jpg","width":1920,"height":1305},{"@type":"BreadcrumbList","@id":"https:\/\/academyofbrain.com\/en\/psychological-stress-and-wellbeing\/improve-your-recovery-skills\/#breadcrumb","itemListElement":[{"@type":"ListItem","position":1,"name":"Etusivu","item":"https:\/\/academyofbrain.com\/en\/"},{"@type":"ListItem","position":2,"name":"Psychological Stress and Wellbeing","item":"https:\/\/academyofbrain.com\/en\/psychological-stress-and-wellbeing\/"},{"@type":"ListItem","position":3,"name":"Improve Your Recovery Skills"}]},{"@type":"WebSite","@id":"https:\/\/academyofbrain.com\/#website","url":"https:\/\/academyofbrain.com\/","name":"Academy of Brain","description":"Kehit\u00e4mme ty\u00f6el\u00e4m\u00e4n ydintaitoja","publisher":{"@id":"https:\/\/academyofbrain.com\/#organization"},"potentialAction":[{"@type":"SearchAction","target":{"@type":"EntryPoint","urlTemplate":"https:\/\/academyofbrain.com\/?s={search_term_string}"},"query-input":{"@type":"PropertyValueSpecification","valueRequired":true,"valueName":"search_term_string"}}],"inLanguage":"en-US"},{"@type":"Organization","@id":"https:\/\/academyofbrain.com\/#organization","name":"Academy of Brain","url":"https:\/\/academyofbrain.com\/","logo":{"@type":"ImageObject","inLanguage":"en-US","@id":"https:\/\/academyofbrain.com\/#\/schema\/logo\/image\/","url":"https:\/\/academyofbrain.com\/wp-content\/uploads\/2019\/12\/181217_AOB-logo_RGB_72dpi.png","contentUrl":"https:\/\/academyofbrain.com\/wp-content\/uploads\/2019\/12\/181217_AOB-logo_RGB_72dpi.png","width":1500,"height":233,"caption":"Academy of Brain"},"image":{"@id":"https:\/\/academyofbrain.com\/#\/schema\/logo\/image\/"},"sameAs":["https:\/\/www.facebook.com\/academybrain\/","https:\/\/www.instagram.com\/academyofbrain\/","https:\/\/www.linkedin.com\/company\/academyofbrain\/"]}]}},"_links":{"self":[{"href":"https:\/\/academyofbrain.com\/en\/wp-json\/wp\/v2\/pages\/1547","targetHints":{"allow":["GET"]}}],"collection":[{"href":"https:\/\/academyofbrain.com\/en\/wp-json\/wp\/v2\/pages"}],"about":[{"href":"https:\/\/academyofbrain.com\/en\/wp-json\/wp\/v2\/types\/page"}],"author":[{"embeddable":true,"href":"https:\/\/academyofbrain.com\/en\/wp-json\/wp\/v2\/users\/1463"}],"replies":[{"embeddable":true,"href":"https:\/\/academyofbrain.com\/en\/wp-json\/wp\/v2\/comments?post=1547"}],"version-history":[{"count":6,"href":"https:\/\/academyofbrain.com\/en\/wp-json\/wp\/v2\/pages\/1547\/revisions"}],"predecessor-version":[{"id":2341,"href":"https:\/\/academyofbrain.com\/en\/wp-json\/wp\/v2\/pages\/1547\/revisions\/2341"}],"up":[{"embeddable":true,"href":"https:\/\/academyofbrain.com\/en\/wp-json\/wp\/v2\/pages\/1535"}],"wp:featuredmedia":[{"embeddable":true,"href":"https:\/\/academyofbrain.com\/en\/wp-json\/wp\/v2\/media\/1173"}],"wp:attachment":[{"href":"https:\/\/academyofbrain.com\/en\/wp-json\/wp\/v2\/media?parent=1547"}],"curies":[{"name":"wp","href":"https:\/\/api.w.org\/{rel}","templated":true}]}}