{"id":1546,"date":"2018-07-30T11:11:22","date_gmt":"2018-07-30T08:11:22","guid":{"rendered":"https:\/\/academyofbrain.com\/?page_id=1546"},"modified":"2025-02-06T12:54:00","modified_gmt":"2025-02-06T10:54:00","slug":"mindset","status":"publish","type":"page","link":"https:\/\/academyofbrain.com\/en\/mindset\/","title":{"rendered":"Mindset"},"content":{"rendered":"<h4>Develop a Growth Mindset!<\/h4>\n<p><em>Coming in English this fall!<\/em><\/p>\n<p>Superior results, good decisions, and great new perspectives are all based on our brain and the ability to think of things in new ways.<\/p>\n<p>This training develops your mindset; you\u2019ll see the benefits instantly.<\/p>\n<p>Trainers Makke Lepp\u00e4nen and Jukka Sundberg from Mindset Academy are top experts in mindset development. They have years of experience as corporate and athletic coaches. Makke and Jukka have been Finnish pioneers in the strategic application and development of attitudes and mindsets.<\/p>\n<h5>Training structure:<\/h5>\n<h6>Module 1: Introduction<\/h6>\n<ul>\n<li>Mindset elements<\/li>\n<li>Mindset vs. attitude<\/li>\n<li>Pathway for developing a mindset<\/li>\n<li>Exposure<\/li>\n<\/ul>\n<h6>Module 2:\u00a0Essential elements impacting our thinking<\/h6>\n<ul>\n<li>Ego v. challenge orientation in thinking<\/li>\n<li>Developing and performing approaches in organizations<\/li>\n<\/ul>\n<h6>Module 3:\u00a0Relationship to your own abilities &#8211; attitude for growth<\/h6>\n<ul>\n<li>Experience of own abilities<\/li>\n<li>Experience the abilities of yourself and others in organizations<\/li>\n<\/ul>\n<h6>Module 4:\u00a0Goal orientation and perfectionism, and their various forms<\/h6>\n<ul>\n<li>Flexible perfectionism<\/li>\n<li>Harmful perfectionism<\/li>\n<li>What can you do in practice?<\/li>\n<\/ul>\n<h6>Module 5:\u00a0Optimism and curiosity<\/h6>\n<ul>\n<li>Optimism, optimism bias, pessimism, realistic optimism<\/li>\n<li>Curiosity<\/li>\n<\/ul>\n<h6>Module 6: Feedback culture of growth<\/h6>\n<ul>\n<li>Growth Feedback culture in organization, sport, and raising children<\/li>\n<\/ul>\n<div style=\"display:table-column;\">\n<\/div>\n<div style=\"display: none;\">\n<\/div>\n<div style=\"display:table-column;\">\n<\/div>\n<div style=\"display: none;\">\n<\/div>\n<div id=\"link\">\n<\/div>\n<div style=\"display:table-column;\">\n<\/div>\n","protected":false},"excerpt":{"rendered":"<p>Develop a Growth Mindset! Coming in English this fall! Superior results, good decisions, and great new perspectives are all based on our brain and the ability to think of things<\/p>\n<div><a href=\"https:\/\/academyofbrain.com\/en\/mindset\/\" class=\"exp-read-more exp-read-more-underlined\">Read More<\/a><\/div>\n","protected":false},"author":1463,"featured_media":1169,"parent":0,"menu_order":5,"comment_status":"closed","ping_status":"closed","template":"","meta":{"content-type":"","footnotes":""},"class_list":["post-1546","page","type-page","status-publish","has-post-thumbnail","hentry"],"yoast_head":"<!-- This site is optimized with the Yoast SEO Premium plugin v20.9 (Yoast SEO v27.0) - https:\/\/yoast.com\/product\/yoast-seo-premium-wordpress\/ -->\n<title>Mindset - Academy of Brain<\/title>\n<meta name=\"robots\" content=\"index, follow, max-snippet:-1, max-image-preview:large, max-video-preview:-1\" \/>\n<link rel=\"canonical\" href=\"https:\/\/academyofbrain.com\/en\/mindset\/\" \/>\n<meta property=\"og:locale\" content=\"en_US\" \/>\n<meta property=\"og:type\" content=\"article\" \/>\n<meta property=\"og:title\" content=\"Mindset\" \/>\n<meta property=\"og:description\" content=\"Develop a Growth Mindset! Coming in English this fall! Superior results, good decisions, and great new perspectives are all based on our brain and the ability to think of thingsRead More\" \/>\n<meta property=\"og:url\" content=\"https:\/\/academyofbrain.com\/en\/mindset\/\" \/>\n<meta property=\"og:site_name\" content=\"Academy of Brain\" \/>\n<meta property=\"article:publisher\" content=\"https:\/\/www.facebook.com\/academybrain\/\" \/>\n<meta property=\"article:modified_time\" content=\"2025-02-06T10:54:00+00:00\" \/>\n<meta property=\"og:image\" content=\"https:\/\/academyofbrain.com\/wp-content\/uploads\/2018\/08\/mindset2-1.jpg\" \/>\n\t<meta property=\"og:image:width\" content=\"759\" \/>\n\t<meta property=\"og:image:height\" content=\"505\" \/>\n\t<meta property=\"og:image:type\" content=\"image\/jpeg\" \/>\n<meta name=\"twitter:card\" content=\"summary_large_image\" \/>\n<meta name=\"twitter:label1\" content=\"Est. reading time\" \/>\n\t<meta name=\"twitter:data1\" content=\"2 minutes\" \/>\n<script type=\"application\/ld+json\" class=\"yoast-schema-graph\">{\"@context\":\"https:\/\/schema.org\",\"@graph\":[{\"@type\":\"WebPage\",\"@id\":\"https:\/\/academyofbrain.com\/en\/mindset\/\",\"url\":\"https:\/\/academyofbrain.com\/en\/mindset\/\",\"name\":\"Mindset - Academy of Brain\",\"isPartOf\":{\"@id\":\"https:\/\/academyofbrain.com\/#website\"},\"primaryImageOfPage\":{\"@id\":\"https:\/\/academyofbrain.com\/en\/mindset\/#primaryimage\"},\"image\":{\"@id\":\"https:\/\/academyofbrain.com\/en\/mindset\/#primaryimage\"},\"thumbnailUrl\":\"https:\/\/academyofbrain.com\/wp-content\/uploads\/2018\/08\/mindset2-1.jpg\",\"datePublished\":\"2018-07-30T08:11:22+00:00\",\"dateModified\":\"2025-02-06T10:54:00+00:00\",\"breadcrumb\":{\"@id\":\"https:\/\/academyofbrain.com\/en\/mindset\/#breadcrumb\"},\"inLanguage\":\"en-US\",\"potentialAction\":[{\"@type\":\"ReadAction\",\"target\":[\"https:\/\/academyofbrain.com\/en\/mindset\/\"]}]},{\"@type\":\"ImageObject\",\"inLanguage\":\"en-US\",\"@id\":\"https:\/\/academyofbrain.com\/en\/mindset\/#primaryimage\",\"url\":\"https:\/\/academyofbrain.com\/wp-content\/uploads\/2018\/08\/mindset2-1.jpg\",\"contentUrl\":\"https:\/\/academyofbrain.com\/wp-content\/uploads\/2018\/08\/mindset2-1.jpg\",\"width\":759,\"height\":505},{\"@type\":\"BreadcrumbList\",\"@id\":\"https:\/\/academyofbrain.com\/en\/mindset\/#breadcrumb\",\"itemListElement\":[{\"@type\":\"ListItem\",\"position\":1,\"name\":\"Etusivu\",\"item\":\"https:\/\/academyofbrain.com\/en\/\"},{\"@type\":\"ListItem\",\"position\":2,\"name\":\"Mindset\"}]},{\"@type\":\"WebSite\",\"@id\":\"https:\/\/academyofbrain.com\/#website\",\"url\":\"https:\/\/academyofbrain.com\/\",\"name\":\"Academy of Brain\",\"description\":\"Kehit\u00e4mme ty\u00f6el\u00e4m\u00e4n ydintaitoja\",\"publisher\":{\"@id\":\"https:\/\/academyofbrain.com\/#organization\"},\"potentialAction\":[{\"@type\":\"SearchAction\",\"target\":{\"@type\":\"EntryPoint\",\"urlTemplate\":\"https:\/\/academyofbrain.com\/?s={search_term_string}\"},\"query-input\":{\"@type\":\"PropertyValueSpecification\",\"valueRequired\":true,\"valueName\":\"search_term_string\"}}],\"inLanguage\":\"en-US\"},{\"@type\":\"Organization\",\"@id\":\"https:\/\/academyofbrain.com\/#organization\",\"name\":\"Academy of Brain\",\"url\":\"https:\/\/academyofbrain.com\/\",\"logo\":{\"@type\":\"ImageObject\",\"inLanguage\":\"en-US\",\"@id\":\"https:\/\/academyofbrain.com\/#\/schema\/logo\/image\/\",\"url\":\"https:\/\/academyofbrain.com\/wp-content\/uploads\/2019\/12\/181217_AOB-logo_RGB_72dpi.png\",\"contentUrl\":\"https:\/\/academyofbrain.com\/wp-content\/uploads\/2019\/12\/181217_AOB-logo_RGB_72dpi.png\",\"width\":1500,\"height\":233,\"caption\":\"Academy of Brain\"},\"image\":{\"@id\":\"https:\/\/academyofbrain.com\/#\/schema\/logo\/image\/\"},\"sameAs\":[\"https:\/\/www.facebook.com\/academybrain\/\",\"https:\/\/www.instagram.com\/academyofbrain\/\",\"https:\/\/www.linkedin.com\/company\/academyofbrain\/\"]}]}<\/script>\n<!-- \/ Yoast SEO Premium plugin. -->","yoast_head_json":{"title":"Mindset - Academy of Brain","robots":{"index":"index","follow":"follow","max-snippet":"max-snippet:-1","max-image-preview":"max-image-preview:large","max-video-preview":"max-video-preview:-1"},"canonical":"https:\/\/academyofbrain.com\/en\/mindset\/","og_locale":"en_US","og_type":"article","og_title":"Mindset","og_description":"Develop a Growth Mindset! Coming in English this fall! Superior results, good decisions, and great new perspectives are all based on our brain and the ability to think of thingsRead More","og_url":"https:\/\/academyofbrain.com\/en\/mindset\/","og_site_name":"Academy of Brain","article_publisher":"https:\/\/www.facebook.com\/academybrain\/","article_modified_time":"2025-02-06T10:54:00+00:00","og_image":[{"width":759,"height":505,"url":"https:\/\/academyofbrain.com\/wp-content\/uploads\/2018\/08\/mindset2-1.jpg","type":"image\/jpeg"}],"twitter_card":"summary_large_image","twitter_misc":{"Est. reading time":"2 minutes"},"schema":{"@context":"https:\/\/schema.org","@graph":[{"@type":"WebPage","@id":"https:\/\/academyofbrain.com\/en\/mindset\/","url":"https:\/\/academyofbrain.com\/en\/mindset\/","name":"Mindset - Academy of Brain","isPartOf":{"@id":"https:\/\/academyofbrain.com\/#website"},"primaryImageOfPage":{"@id":"https:\/\/academyofbrain.com\/en\/mindset\/#primaryimage"},"image":{"@id":"https:\/\/academyofbrain.com\/en\/mindset\/#primaryimage"},"thumbnailUrl":"https:\/\/academyofbrain.com\/wp-content\/uploads\/2018\/08\/mindset2-1.jpg","datePublished":"2018-07-30T08:11:22+00:00","dateModified":"2025-02-06T10:54:00+00:00","breadcrumb":{"@id":"https:\/\/academyofbrain.com\/en\/mindset\/#breadcrumb"},"inLanguage":"en-US","potentialAction":[{"@type":"ReadAction","target":["https:\/\/academyofbrain.com\/en\/mindset\/"]}]},{"@type":"ImageObject","inLanguage":"en-US","@id":"https:\/\/academyofbrain.com\/en\/mindset\/#primaryimage","url":"https:\/\/academyofbrain.com\/wp-content\/uploads\/2018\/08\/mindset2-1.jpg","contentUrl":"https:\/\/academyofbrain.com\/wp-content\/uploads\/2018\/08\/mindset2-1.jpg","width":759,"height":505},{"@type":"BreadcrumbList","@id":"https:\/\/academyofbrain.com\/en\/mindset\/#breadcrumb","itemListElement":[{"@type":"ListItem","position":1,"name":"Etusivu","item":"https:\/\/academyofbrain.com\/en\/"},{"@type":"ListItem","position":2,"name":"Mindset"}]},{"@type":"WebSite","@id":"https:\/\/academyofbrain.com\/#website","url":"https:\/\/academyofbrain.com\/","name":"Academy of Brain","description":"Kehit\u00e4mme ty\u00f6el\u00e4m\u00e4n ydintaitoja","publisher":{"@id":"https:\/\/academyofbrain.com\/#organization"},"potentialAction":[{"@type":"SearchAction","target":{"@type":"EntryPoint","urlTemplate":"https:\/\/academyofbrain.com\/?s={search_term_string}"},"query-input":{"@type":"PropertyValueSpecification","valueRequired":true,"valueName":"search_term_string"}}],"inLanguage":"en-US"},{"@type":"Organization","@id":"https:\/\/academyofbrain.com\/#organization","name":"Academy of Brain","url":"https:\/\/academyofbrain.com\/","logo":{"@type":"ImageObject","inLanguage":"en-US","@id":"https:\/\/academyofbrain.com\/#\/schema\/logo\/image\/","url":"https:\/\/academyofbrain.com\/wp-content\/uploads\/2019\/12\/181217_AOB-logo_RGB_72dpi.png","contentUrl":"https:\/\/academyofbrain.com\/wp-content\/uploads\/2019\/12\/181217_AOB-logo_RGB_72dpi.png","width":1500,"height":233,"caption":"Academy of Brain"},"image":{"@id":"https:\/\/academyofbrain.com\/#\/schema\/logo\/image\/"},"sameAs":["https:\/\/www.facebook.com\/academybrain\/","https:\/\/www.instagram.com\/academyofbrain\/","https:\/\/www.linkedin.com\/company\/academyofbrain\/"]}]}},"_links":{"self":[{"href":"https:\/\/academyofbrain.com\/en\/wp-json\/wp\/v2\/pages\/1546","targetHints":{"allow":["GET"]}}],"collection":[{"href":"https:\/\/academyofbrain.com\/en\/wp-json\/wp\/v2\/pages"}],"about":[{"href":"https:\/\/academyofbrain.com\/en\/wp-json\/wp\/v2\/types\/page"}],"author":[{"embeddable":true,"href":"https:\/\/academyofbrain.com\/en\/wp-json\/wp\/v2\/users\/1463"}],"replies":[{"embeddable":true,"href":"https:\/\/academyofbrain.com\/en\/wp-json\/wp\/v2\/comments?post=1546"}],"version-history":[{"count":6,"href":"https:\/\/academyofbrain.com\/en\/wp-json\/wp\/v2\/pages\/1546\/revisions"}],"predecessor-version":[{"id":2254,"href":"https:\/\/academyofbrain.com\/en\/wp-json\/wp\/v2\/pages\/1546\/revisions\/2254"}],"wp:featuredmedia":[{"embeddable":true,"href":"https:\/\/academyofbrain.com\/en\/wp-json\/wp\/v2\/media\/1169"}],"wp:attachment":[{"href":"https:\/\/academyofbrain.com\/en\/wp-json\/wp\/v2\/media?parent=1546"}],"curies":[{"name":"wp","href":"https:\/\/api.w.org\/{rel}","templated":true}]}}