{"id":1543,"date":"2018-08-29T12:59:50","date_gmt":"2018-08-29T09:59:50","guid":{"rendered":"https:\/\/academyofbrain.com\/?page_id=1543"},"modified":"2025-02-06T12:45:17","modified_gmt":"2025-02-06T10:45:17","slug":"conflict-resolution","status":"publish","type":"page","link":"https:\/\/academyofbrain.com\/en\/interaction-and-management-skills\/conflict-resolution\/","title":{"rendered":"Conflict Resolution"},"content":{"rendered":"<h4>A leader&#8217;s toolbox for discussing difficult situations<\/h4>\n<p><em>Coming in English this August!<\/em><\/p>\n<p>Conflicts in organizations often appear beyond our comprehension. They take up much time, money, and energy. This course is built on research from Harvard University, and it focuses on the question of efficient conflict resolution. Jarmo Manner, an expert in training Finnish corporate leaders, will guide you towards entirely new perspectives on conflict resolution and will introduce three new methods of discussion.<\/p>\n<h5>Training structure:<\/h5>\n<h6>Module 1: Four doors to conflict resolution<\/h6>\n<h6>Module 2: First door: Objective and truth discussions &#8211; whose truth is the right truth?<\/h6>\n<h6>Module 3: Second door: Discussing emotions &#8211; how to manage emerging emotions?<\/h6>\n<h6>Module 4: Third door: Discussing contribution &#8211; what are the parties contributing?<\/h6>\n<h6>Module 5: Fourth door: Situational awareness &#8211; what is the influence of the surroundings?<\/h6>\n<h6>Module 6:\u00a0Using all four doors together<\/h6>\n<p>&nbsp;<\/p>\n<div style=\"display:table-column;\">\n<\/div>\n<div style=\"display: none;\">\n<\/div>\n<div style=\"display:table-column;\">\n<\/div>\n<div style=\"display: none;\">\n<\/div>\n<div id=\"link\">\n<\/div>\n<div style=\"display:table-column;\">\n<\/div>\n","protected":false},"excerpt":{"rendered":"<p>A leader&#8217;s toolbox for discussing difficult situations Coming in English this August! Conflicts in organizations often appear beyond our comprehension. They take up much time, money, and energy. This course<\/p>\n<div><a href=\"https:\/\/academyofbrain.com\/en\/interaction-and-management-skills\/conflict-resolution\/\" class=\"exp-read-more exp-read-more-underlined\">Read More<\/a><\/div>\n","protected":false},"author":1463,"featured_media":1164,"parent":1536,"menu_order":0,"comment_status":"closed","ping_status":"closed","template":"","meta":{"content-type":"","footnotes":""},"class_list":["post-1543","page","type-page","status-publish","has-post-thumbnail","hentry"],"yoast_head":"<!-- This site is optimized with the Yoast SEO Premium plugin v20.9 (Yoast SEO v27.0) - https:\/\/yoast.com\/product\/yoast-seo-premium-wordpress\/ -->\n<title>Conflict Resolution - Academy of Brain<\/title>\n<meta name=\"robots\" content=\"index, follow, max-snippet:-1, max-image-preview:large, max-video-preview:-1\" \/>\n<link rel=\"canonical\" href=\"https:\/\/academyofbrain.com\/en\/interaction-and-management-skills\/conflict-resolution\/\" \/>\n<meta property=\"og:locale\" content=\"en_US\" \/>\n<meta property=\"og:type\" content=\"article\" \/>\n<meta property=\"og:title\" content=\"Conflict Resolution\" \/>\n<meta property=\"og:description\" content=\"A leader&#8217;s toolbox for discussing difficult situations Coming in English this August! Conflicts in organizations often appear beyond our comprehension. They take up much time, money, and energy. This courseRead More\" \/>\n<meta property=\"og:url\" content=\"https:\/\/academyofbrain.com\/en\/interaction-and-management-skills\/conflict-resolution\/\" \/>\n<meta property=\"og:site_name\" content=\"Academy of Brain\" \/>\n<meta property=\"article:publisher\" content=\"https:\/\/www.facebook.com\/academybrain\/\" \/>\n<meta property=\"article:modified_time\" content=\"2025-02-06T10:45:17+00:00\" \/>\n<meta property=\"og:image\" content=\"https:\/\/academyofbrain.com\/wp-content\/uploads\/2018\/08\/konfliktit2-1.jpg\" \/>\n\t<meta property=\"og:image:width\" content=\"759\" \/>\n\t<meta property=\"og:image:height\" content=\"505\" \/>\n\t<meta property=\"og:image:type\" content=\"image\/jpeg\" \/>\n<meta name=\"twitter:card\" content=\"summary_large_image\" \/>\n<meta name=\"twitter:label1\" content=\"Est. reading time\" \/>\n\t<meta name=\"twitter:data1\" content=\"2 minutes\" \/>\n<script type=\"application\/ld+json\" class=\"yoast-schema-graph\">{\"@context\":\"https:\/\/schema.org\",\"@graph\":[{\"@type\":\"WebPage\",\"@id\":\"https:\/\/academyofbrain.com\/en\/interaction-and-management-skills\/conflict-resolution\/\",\"url\":\"https:\/\/academyofbrain.com\/en\/interaction-and-management-skills\/conflict-resolution\/\",\"name\":\"Conflict Resolution - Academy of Brain\",\"isPartOf\":{\"@id\":\"https:\/\/academyofbrain.com\/#website\"},\"primaryImageOfPage\":{\"@id\":\"https:\/\/academyofbrain.com\/en\/interaction-and-management-skills\/conflict-resolution\/#primaryimage\"},\"image\":{\"@id\":\"https:\/\/academyofbrain.com\/en\/interaction-and-management-skills\/conflict-resolution\/#primaryimage\"},\"thumbnailUrl\":\"https:\/\/academyofbrain.com\/wp-content\/uploads\/2018\/08\/konfliktit2-1.jpg\",\"datePublished\":\"2018-08-29T09:59:50+00:00\",\"dateModified\":\"2025-02-06T10:45:17+00:00\",\"breadcrumb\":{\"@id\":\"https:\/\/academyofbrain.com\/en\/interaction-and-management-skills\/conflict-resolution\/#breadcrumb\"},\"inLanguage\":\"en-US\",\"potentialAction\":[{\"@type\":\"ReadAction\",\"target\":[\"https:\/\/academyofbrain.com\/en\/interaction-and-management-skills\/conflict-resolution\/\"]}]},{\"@type\":\"ImageObject\",\"inLanguage\":\"en-US\",\"@id\":\"https:\/\/academyofbrain.com\/en\/interaction-and-management-skills\/conflict-resolution\/#primaryimage\",\"url\":\"https:\/\/academyofbrain.com\/wp-content\/uploads\/2018\/08\/konfliktit2-1.jpg\",\"contentUrl\":\"https:\/\/academyofbrain.com\/wp-content\/uploads\/2018\/08\/konfliktit2-1.jpg\",\"width\":759,\"height\":505},{\"@type\":\"BreadcrumbList\",\"@id\":\"https:\/\/academyofbrain.com\/en\/interaction-and-management-skills\/conflict-resolution\/#breadcrumb\",\"itemListElement\":[{\"@type\":\"ListItem\",\"position\":1,\"name\":\"Etusivu\",\"item\":\"https:\/\/academyofbrain.com\/en\/\"},{\"@type\":\"ListItem\",\"position\":2,\"name\":\"Interaction and Management Skills\",\"item\":\"https:\/\/academyofbrain.com\/en\/interaction-and-management-skills\/\"},{\"@type\":\"ListItem\",\"position\":3,\"name\":\"Conflict Resolution\"}]},{\"@type\":\"WebSite\",\"@id\":\"https:\/\/academyofbrain.com\/#website\",\"url\":\"https:\/\/academyofbrain.com\/\",\"name\":\"Academy of Brain\",\"description\":\"Kehit\u00e4mme ty\u00f6el\u00e4m\u00e4n ydintaitoja\",\"publisher\":{\"@id\":\"https:\/\/academyofbrain.com\/#organization\"},\"potentialAction\":[{\"@type\":\"SearchAction\",\"target\":{\"@type\":\"EntryPoint\",\"urlTemplate\":\"https:\/\/academyofbrain.com\/?s={search_term_string}\"},\"query-input\":{\"@type\":\"PropertyValueSpecification\",\"valueRequired\":true,\"valueName\":\"search_term_string\"}}],\"inLanguage\":\"en-US\"},{\"@type\":\"Organization\",\"@id\":\"https:\/\/academyofbrain.com\/#organization\",\"name\":\"Academy of Brain\",\"url\":\"https:\/\/academyofbrain.com\/\",\"logo\":{\"@type\":\"ImageObject\",\"inLanguage\":\"en-US\",\"@id\":\"https:\/\/academyofbrain.com\/#\/schema\/logo\/image\/\",\"url\":\"https:\/\/academyofbrain.com\/wp-content\/uploads\/2019\/12\/181217_AOB-logo_RGB_72dpi.png\",\"contentUrl\":\"https:\/\/academyofbrain.com\/wp-content\/uploads\/2019\/12\/181217_AOB-logo_RGB_72dpi.png\",\"width\":1500,\"height\":233,\"caption\":\"Academy of Brain\"},\"image\":{\"@id\":\"https:\/\/academyofbrain.com\/#\/schema\/logo\/image\/\"},\"sameAs\":[\"https:\/\/www.facebook.com\/academybrain\/\",\"https:\/\/www.instagram.com\/academyofbrain\/\",\"https:\/\/www.linkedin.com\/company\/academyofbrain\/\"]}]}<\/script>\n<!-- \/ Yoast SEO Premium plugin. -->","yoast_head_json":{"title":"Conflict Resolution - Academy of Brain","robots":{"index":"index","follow":"follow","max-snippet":"max-snippet:-1","max-image-preview":"max-image-preview:large","max-video-preview":"max-video-preview:-1"},"canonical":"https:\/\/academyofbrain.com\/en\/interaction-and-management-skills\/conflict-resolution\/","og_locale":"en_US","og_type":"article","og_title":"Conflict Resolution","og_description":"A leader&#8217;s toolbox for discussing difficult situations Coming in English this August! Conflicts in organizations often appear beyond our comprehension. They take up much time, money, and energy. This courseRead More","og_url":"https:\/\/academyofbrain.com\/en\/interaction-and-management-skills\/conflict-resolution\/","og_site_name":"Academy of Brain","article_publisher":"https:\/\/www.facebook.com\/academybrain\/","article_modified_time":"2025-02-06T10:45:17+00:00","og_image":[{"width":759,"height":505,"url":"https:\/\/academyofbrain.com\/wp-content\/uploads\/2018\/08\/konfliktit2-1.jpg","type":"image\/jpeg"}],"twitter_card":"summary_large_image","twitter_misc":{"Est. reading time":"2 minutes"},"schema":{"@context":"https:\/\/schema.org","@graph":[{"@type":"WebPage","@id":"https:\/\/academyofbrain.com\/en\/interaction-and-management-skills\/conflict-resolution\/","url":"https:\/\/academyofbrain.com\/en\/interaction-and-management-skills\/conflict-resolution\/","name":"Conflict Resolution - Academy of Brain","isPartOf":{"@id":"https:\/\/academyofbrain.com\/#website"},"primaryImageOfPage":{"@id":"https:\/\/academyofbrain.com\/en\/interaction-and-management-skills\/conflict-resolution\/#primaryimage"},"image":{"@id":"https:\/\/academyofbrain.com\/en\/interaction-and-management-skills\/conflict-resolution\/#primaryimage"},"thumbnailUrl":"https:\/\/academyofbrain.com\/wp-content\/uploads\/2018\/08\/konfliktit2-1.jpg","datePublished":"2018-08-29T09:59:50+00:00","dateModified":"2025-02-06T10:45:17+00:00","breadcrumb":{"@id":"https:\/\/academyofbrain.com\/en\/interaction-and-management-skills\/conflict-resolution\/#breadcrumb"},"inLanguage":"en-US","potentialAction":[{"@type":"ReadAction","target":["https:\/\/academyofbrain.com\/en\/interaction-and-management-skills\/conflict-resolution\/"]}]},{"@type":"ImageObject","inLanguage":"en-US","@id":"https:\/\/academyofbrain.com\/en\/interaction-and-management-skills\/conflict-resolution\/#primaryimage","url":"https:\/\/academyofbrain.com\/wp-content\/uploads\/2018\/08\/konfliktit2-1.jpg","contentUrl":"https:\/\/academyofbrain.com\/wp-content\/uploads\/2018\/08\/konfliktit2-1.jpg","width":759,"height":505},{"@type":"BreadcrumbList","@id":"https:\/\/academyofbrain.com\/en\/interaction-and-management-skills\/conflict-resolution\/#breadcrumb","itemListElement":[{"@type":"ListItem","position":1,"name":"Etusivu","item":"https:\/\/academyofbrain.com\/en\/"},{"@type":"ListItem","position":2,"name":"Interaction and Management Skills","item":"https:\/\/academyofbrain.com\/en\/interaction-and-management-skills\/"},{"@type":"ListItem","position":3,"name":"Conflict Resolution"}]},{"@type":"WebSite","@id":"https:\/\/academyofbrain.com\/#website","url":"https:\/\/academyofbrain.com\/","name":"Academy of Brain","description":"Kehit\u00e4mme ty\u00f6el\u00e4m\u00e4n ydintaitoja","publisher":{"@id":"https:\/\/academyofbrain.com\/#organization"},"potentialAction":[{"@type":"SearchAction","target":{"@type":"EntryPoint","urlTemplate":"https:\/\/academyofbrain.com\/?s={search_term_string}"},"query-input":{"@type":"PropertyValueSpecification","valueRequired":true,"valueName":"search_term_string"}}],"inLanguage":"en-US"},{"@type":"Organization","@id":"https:\/\/academyofbrain.com\/#organization","name":"Academy of Brain","url":"https:\/\/academyofbrain.com\/","logo":{"@type":"ImageObject","inLanguage":"en-US","@id":"https:\/\/academyofbrain.com\/#\/schema\/logo\/image\/","url":"https:\/\/academyofbrain.com\/wp-content\/uploads\/2019\/12\/181217_AOB-logo_RGB_72dpi.png","contentUrl":"https:\/\/academyofbrain.com\/wp-content\/uploads\/2019\/12\/181217_AOB-logo_RGB_72dpi.png","width":1500,"height":233,"caption":"Academy of Brain"},"image":{"@id":"https:\/\/academyofbrain.com\/#\/schema\/logo\/image\/"},"sameAs":["https:\/\/www.facebook.com\/academybrain\/","https:\/\/www.instagram.com\/academyofbrain\/","https:\/\/www.linkedin.com\/company\/academyofbrain\/"]}]}},"_links":{"self":[{"href":"https:\/\/academyofbrain.com\/en\/wp-json\/wp\/v2\/pages\/1543","targetHints":{"allow":["GET"]}}],"collection":[{"href":"https:\/\/academyofbrain.com\/en\/wp-json\/wp\/v2\/pages"}],"about":[{"href":"https:\/\/academyofbrain.com\/en\/wp-json\/wp\/v2\/types\/page"}],"author":[{"embeddable":true,"href":"https:\/\/academyofbrain.com\/en\/wp-json\/wp\/v2\/users\/1463"}],"replies":[{"embeddable":true,"href":"https:\/\/academyofbrain.com\/en\/wp-json\/wp\/v2\/comments?post=1543"}],"version-history":[{"count":5,"href":"https:\/\/academyofbrain.com\/en\/wp-json\/wp\/v2\/pages\/1543\/revisions"}],"predecessor-version":[{"id":2215,"href":"https:\/\/academyofbrain.com\/en\/wp-json\/wp\/v2\/pages\/1543\/revisions\/2215"}],"up":[{"embeddable":true,"href":"https:\/\/academyofbrain.com\/en\/wp-json\/wp\/v2\/pages\/1536"}],"wp:featuredmedia":[{"embeddable":true,"href":"https:\/\/academyofbrain.com\/en\/wp-json\/wp\/v2\/media\/1164"}],"wp:attachment":[{"href":"https:\/\/academyofbrain.com\/en\/wp-json\/wp\/v2\/media?parent=1543"}],"curies":[{"name":"wp","href":"https:\/\/api.w.org\/{rel}","templated":true}]}}