{"id":1542,"date":"2018-08-29T12:50:57","date_gmt":"2018-08-29T09:50:57","guid":{"rendered":"https:\/\/academyofbrain.com\/?page_id=1542"},"modified":"2025-02-06T12:45:22","modified_gmt":"2025-02-06T10:45:22","slug":"present-in-interaction","status":"publish","type":"page","link":"https:\/\/academyofbrain.com\/en\/interaction-and-management-skills\/present-in-interaction\/","title":{"rendered":"Present in Interaction"},"content":{"rendered":"<h4>Five keys to constructive interaction<\/h4>\n<p><em>Coming soon! <\/em>Present interaction aims for conscious, constructive, and positive interaction. This requires practice. Your coach, psychologist Tony Dunderfelt, has collected the best psychological visions and exercises for you to practice the Five Key model of interaction. During the course, you will look at these keys one by one. They are concreteness, listening, assertiveness, positivity, and goals. Welcome abroad!<\/p>\n<h5>Training structure:<\/h5>\n<h6>Module\u00a01: Introduction<\/h6>\n<h6>Module 2: Concreteness<\/h6>\n<h6>Module 3: Listening<\/h6>\n<h6>Module 4: Assertiveness<\/h6>\n<h6>Module 5: Positivity<\/h6>\n<h6>Module 6: Shared Goals<\/h6>\n<h6>Module 7: Summary<\/h6>\n","protected":false},"excerpt":{"rendered":"<p>Five keys to constructive interaction Coming soon! Present interaction aims for conscious, constructive, and positive interaction. This requires practice. Your coach, psychologist Tony Dunderfelt, has collected the best psychological visions<\/p>\n<div><a href=\"https:\/\/academyofbrain.com\/en\/interaction-and-management-skills\/present-in-interaction\/\" class=\"exp-read-more exp-read-more-underlined\">Read More<\/a><\/div>\n","protected":false},"author":1463,"featured_media":1183,"parent":1536,"menu_order":0,"comment_status":"closed","ping_status":"closed","template":"","meta":{"content-type":"","footnotes":""},"class_list":["post-1542","page","type-page","status-publish","has-post-thumbnail","hentry"],"yoast_head":"<!-- This site is optimized with the Yoast SEO Premium plugin v20.9 (Yoast SEO v27.0) - https:\/\/yoast.com\/product\/yoast-seo-premium-wordpress\/ -->\n<title>Present in Interaction - Academy of Brain<\/title>\n<meta name=\"robots\" content=\"index, follow, max-snippet:-1, max-image-preview:large, max-video-preview:-1\" \/>\n<link rel=\"canonical\" href=\"https:\/\/academyofbrain.com\/en\/interaction-and-management-skills\/present-in-interaction\/\" \/>\n<meta property=\"og:locale\" content=\"en_US\" \/>\n<meta property=\"og:type\" content=\"article\" \/>\n<meta property=\"og:title\" content=\"Present in Interaction\" \/>\n<meta property=\"og:description\" content=\"Five keys to constructive interaction Coming soon! Present interaction aims for conscious, constructive, and positive interaction. This requires practice. Your coach, psychologist Tony Dunderfelt, has collected the best psychological visionsRead More\" \/>\n<meta property=\"og:url\" content=\"https:\/\/academyofbrain.com\/en\/interaction-and-management-skills\/present-in-interaction\/\" \/>\n<meta property=\"og:site_name\" content=\"Academy of Brain\" \/>\n<meta property=\"article:publisher\" content=\"https:\/\/www.facebook.com\/academybrain\/\" \/>\n<meta property=\"article:modified_time\" content=\"2025-02-06T10:45:22+00:00\" \/>\n<meta property=\"og:image\" content=\"https:\/\/academyofbrain.com\/wp-content\/uploads\/2018\/08\/vuorovaikutus-1.jpg\" \/>\n\t<meta property=\"og:image:width\" content=\"1920\" \/>\n\t<meta property=\"og:image:height\" content=\"1279\" \/>\n\t<meta property=\"og:image:type\" content=\"image\/jpeg\" \/>\n<meta name=\"twitter:card\" content=\"summary_large_image\" \/>\n<meta name=\"twitter:label1\" content=\"Est. reading time\" \/>\n\t<meta name=\"twitter:data1\" content=\"1 minute\" \/>\n<script type=\"application\/ld+json\" class=\"yoast-schema-graph\">{\"@context\":\"https:\/\/schema.org\",\"@graph\":[{\"@type\":\"WebPage\",\"@id\":\"https:\/\/academyofbrain.com\/en\/interaction-and-management-skills\/present-in-interaction\/\",\"url\":\"https:\/\/academyofbrain.com\/en\/interaction-and-management-skills\/present-in-interaction\/\",\"name\":\"Present in Interaction - Academy of Brain\",\"isPartOf\":{\"@id\":\"https:\/\/academyofbrain.com\/#website\"},\"primaryImageOfPage\":{\"@id\":\"https:\/\/academyofbrain.com\/en\/interaction-and-management-skills\/present-in-interaction\/#primaryimage\"},\"image\":{\"@id\":\"https:\/\/academyofbrain.com\/en\/interaction-and-management-skills\/present-in-interaction\/#primaryimage\"},\"thumbnailUrl\":\"https:\/\/academyofbrain.com\/wp-content\/uploads\/2018\/08\/vuorovaikutus-1.jpg\",\"datePublished\":\"2018-08-29T09:50:57+00:00\",\"dateModified\":\"2025-02-06T10:45:22+00:00\",\"breadcrumb\":{\"@id\":\"https:\/\/academyofbrain.com\/en\/interaction-and-management-skills\/present-in-interaction\/#breadcrumb\"},\"inLanguage\":\"en-US\",\"potentialAction\":[{\"@type\":\"ReadAction\",\"target\":[\"https:\/\/academyofbrain.com\/en\/interaction-and-management-skills\/present-in-interaction\/\"]}]},{\"@type\":\"ImageObject\",\"inLanguage\":\"en-US\",\"@id\":\"https:\/\/academyofbrain.com\/en\/interaction-and-management-skills\/present-in-interaction\/#primaryimage\",\"url\":\"https:\/\/academyofbrain.com\/wp-content\/uploads\/2018\/08\/vuorovaikutus-1.jpg\",\"contentUrl\":\"https:\/\/academyofbrain.com\/wp-content\/uploads\/2018\/08\/vuorovaikutus-1.jpg\",\"width\":1920,\"height\":1279},{\"@type\":\"BreadcrumbList\",\"@id\":\"https:\/\/academyofbrain.com\/en\/interaction-and-management-skills\/present-in-interaction\/#breadcrumb\",\"itemListElement\":[{\"@type\":\"ListItem\",\"position\":1,\"name\":\"Etusivu\",\"item\":\"https:\/\/academyofbrain.com\/en\/\"},{\"@type\":\"ListItem\",\"position\":2,\"name\":\"Interaction and Management Skills\",\"item\":\"https:\/\/academyofbrain.com\/en\/interaction-and-management-skills\/\"},{\"@type\":\"ListItem\",\"position\":3,\"name\":\"Present in Interaction\"}]},{\"@type\":\"WebSite\",\"@id\":\"https:\/\/academyofbrain.com\/#website\",\"url\":\"https:\/\/academyofbrain.com\/\",\"name\":\"Academy of Brain\",\"description\":\"Kehit\u00e4mme ty\u00f6el\u00e4m\u00e4n ydintaitoja\",\"publisher\":{\"@id\":\"https:\/\/academyofbrain.com\/#organization\"},\"potentialAction\":[{\"@type\":\"SearchAction\",\"target\":{\"@type\":\"EntryPoint\",\"urlTemplate\":\"https:\/\/academyofbrain.com\/?s={search_term_string}\"},\"query-input\":{\"@type\":\"PropertyValueSpecification\",\"valueRequired\":true,\"valueName\":\"search_term_string\"}}],\"inLanguage\":\"en-US\"},{\"@type\":\"Organization\",\"@id\":\"https:\/\/academyofbrain.com\/#organization\",\"name\":\"Academy of Brain\",\"url\":\"https:\/\/academyofbrain.com\/\",\"logo\":{\"@type\":\"ImageObject\",\"inLanguage\":\"en-US\",\"@id\":\"https:\/\/academyofbrain.com\/#\/schema\/logo\/image\/\",\"url\":\"https:\/\/academyofbrain.com\/wp-content\/uploads\/2019\/12\/181217_AOB-logo_RGB_72dpi.png\",\"contentUrl\":\"https:\/\/academyofbrain.com\/wp-content\/uploads\/2019\/12\/181217_AOB-logo_RGB_72dpi.png\",\"width\":1500,\"height\":233,\"caption\":\"Academy of Brain\"},\"image\":{\"@id\":\"https:\/\/academyofbrain.com\/#\/schema\/logo\/image\/\"},\"sameAs\":[\"https:\/\/www.facebook.com\/academybrain\/\",\"https:\/\/www.instagram.com\/academyofbrain\/\",\"https:\/\/www.linkedin.com\/company\/academyofbrain\/\"]}]}<\/script>\n<!-- \/ Yoast SEO Premium plugin. -->","yoast_head_json":{"title":"Present in Interaction - Academy of Brain","robots":{"index":"index","follow":"follow","max-snippet":"max-snippet:-1","max-image-preview":"max-image-preview:large","max-video-preview":"max-video-preview:-1"},"canonical":"https:\/\/academyofbrain.com\/en\/interaction-and-management-skills\/present-in-interaction\/","og_locale":"en_US","og_type":"article","og_title":"Present in Interaction","og_description":"Five keys to constructive interaction Coming soon! Present interaction aims for conscious, constructive, and positive interaction. This requires practice. Your coach, psychologist Tony Dunderfelt, has collected the best psychological visionsRead More","og_url":"https:\/\/academyofbrain.com\/en\/interaction-and-management-skills\/present-in-interaction\/","og_site_name":"Academy of Brain","article_publisher":"https:\/\/www.facebook.com\/academybrain\/","article_modified_time":"2025-02-06T10:45:22+00:00","og_image":[{"width":1920,"height":1279,"url":"https:\/\/academyofbrain.com\/wp-content\/uploads\/2018\/08\/vuorovaikutus-1.jpg","type":"image\/jpeg"}],"twitter_card":"summary_large_image","twitter_misc":{"Est. reading time":"1 minute"},"schema":{"@context":"https:\/\/schema.org","@graph":[{"@type":"WebPage","@id":"https:\/\/academyofbrain.com\/en\/interaction-and-management-skills\/present-in-interaction\/","url":"https:\/\/academyofbrain.com\/en\/interaction-and-management-skills\/present-in-interaction\/","name":"Present in Interaction - Academy of Brain","isPartOf":{"@id":"https:\/\/academyofbrain.com\/#website"},"primaryImageOfPage":{"@id":"https:\/\/academyofbrain.com\/en\/interaction-and-management-skills\/present-in-interaction\/#primaryimage"},"image":{"@id":"https:\/\/academyofbrain.com\/en\/interaction-and-management-skills\/present-in-interaction\/#primaryimage"},"thumbnailUrl":"https:\/\/academyofbrain.com\/wp-content\/uploads\/2018\/08\/vuorovaikutus-1.jpg","datePublished":"2018-08-29T09:50:57+00:00","dateModified":"2025-02-06T10:45:22+00:00","breadcrumb":{"@id":"https:\/\/academyofbrain.com\/en\/interaction-and-management-skills\/present-in-interaction\/#breadcrumb"},"inLanguage":"en-US","potentialAction":[{"@type":"ReadAction","target":["https:\/\/academyofbrain.com\/en\/interaction-and-management-skills\/present-in-interaction\/"]}]},{"@type":"ImageObject","inLanguage":"en-US","@id":"https:\/\/academyofbrain.com\/en\/interaction-and-management-skills\/present-in-interaction\/#primaryimage","url":"https:\/\/academyofbrain.com\/wp-content\/uploads\/2018\/08\/vuorovaikutus-1.jpg","contentUrl":"https:\/\/academyofbrain.com\/wp-content\/uploads\/2018\/08\/vuorovaikutus-1.jpg","width":1920,"height":1279},{"@type":"BreadcrumbList","@id":"https:\/\/academyofbrain.com\/en\/interaction-and-management-skills\/present-in-interaction\/#breadcrumb","itemListElement":[{"@type":"ListItem","position":1,"name":"Etusivu","item":"https:\/\/academyofbrain.com\/en\/"},{"@type":"ListItem","position":2,"name":"Interaction and Management Skills","item":"https:\/\/academyofbrain.com\/en\/interaction-and-management-skills\/"},{"@type":"ListItem","position":3,"name":"Present in Interaction"}]},{"@type":"WebSite","@id":"https:\/\/academyofbrain.com\/#website","url":"https:\/\/academyofbrain.com\/","name":"Academy of Brain","description":"Kehit\u00e4mme ty\u00f6el\u00e4m\u00e4n ydintaitoja","publisher":{"@id":"https:\/\/academyofbrain.com\/#organization"},"potentialAction":[{"@type":"SearchAction","target":{"@type":"EntryPoint","urlTemplate":"https:\/\/academyofbrain.com\/?s={search_term_string}"},"query-input":{"@type":"PropertyValueSpecification","valueRequired":true,"valueName":"search_term_string"}}],"inLanguage":"en-US"},{"@type":"Organization","@id":"https:\/\/academyofbrain.com\/#organization","name":"Academy of Brain","url":"https:\/\/academyofbrain.com\/","logo":{"@type":"ImageObject","inLanguage":"en-US","@id":"https:\/\/academyofbrain.com\/#\/schema\/logo\/image\/","url":"https:\/\/academyofbrain.com\/wp-content\/uploads\/2019\/12\/181217_AOB-logo_RGB_72dpi.png","contentUrl":"https:\/\/academyofbrain.com\/wp-content\/uploads\/2019\/12\/181217_AOB-logo_RGB_72dpi.png","width":1500,"height":233,"caption":"Academy of Brain"},"image":{"@id":"https:\/\/academyofbrain.com\/#\/schema\/logo\/image\/"},"sameAs":["https:\/\/www.facebook.com\/academybrain\/","https:\/\/www.instagram.com\/academyofbrain\/","https:\/\/www.linkedin.com\/company\/academyofbrain\/"]}]}},"_links":{"self":[{"href":"https:\/\/academyofbrain.com\/en\/wp-json\/wp\/v2\/pages\/1542","targetHints":{"allow":["GET"]}}],"collection":[{"href":"https:\/\/academyofbrain.com\/en\/wp-json\/wp\/v2\/pages"}],"about":[{"href":"https:\/\/academyofbrain.com\/en\/wp-json\/wp\/v2\/types\/page"}],"author":[{"embeddable":true,"href":"https:\/\/academyofbrain.com\/en\/wp-json\/wp\/v2\/users\/1463"}],"replies":[{"embeddable":true,"href":"https:\/\/academyofbrain.com\/en\/wp-json\/wp\/v2\/comments?post=1542"}],"version-history":[{"count":5,"href":"https:\/\/academyofbrain.com\/en\/wp-json\/wp\/v2\/pages\/1542\/revisions"}],"predecessor-version":[{"id":2337,"href":"https:\/\/academyofbrain.com\/en\/wp-json\/wp\/v2\/pages\/1542\/revisions\/2337"}],"up":[{"embeddable":true,"href":"https:\/\/academyofbrain.com\/en\/wp-json\/wp\/v2\/pages\/1536"}],"wp:featuredmedia":[{"embeddable":true,"href":"https:\/\/academyofbrain.com\/en\/wp-json\/wp\/v2\/media\/1183"}],"wp:attachment":[{"href":"https:\/\/academyofbrain.com\/en\/wp-json\/wp\/v2\/media?parent=1542"}],"curies":[{"name":"wp","href":"https:\/\/api.w.org\/{rel}","templated":true}]}}