{"id":1529,"date":"2019-04-10T15:53:32","date_gmt":"2019-04-10T12:53:32","guid":{"rendered":"https:\/\/academyofbrain.com\/?page_id=1529"},"modified":"2025-02-06T12:53:48","modified_gmt":"2025-02-06T10:53:48","slug":"saving-the-environment-with-the-price-of-a-cup-of-coffee","status":"publish","type":"page","link":"https:\/\/academyofbrain.com\/en\/saving-the-environment-with-the-price-of-a-cup-of-coffee\/","title":{"rendered":"Saving the Environment with the Price of a Cup of Coffee"},"content":{"rendered":"<p><em><strong>ONLINE TRAININGS ARE GAINING POPULARITY AS A PERSONNEL DEVELOPMENT TOOL. ACADEMY OF BRAIN\u2019S TRAININGS ARE A COST-EFFECTIVE AND ENVIRONMENTALLY FRIENDLY METHOD FOR TRAINING YOUR TEAM AND INTRODUCING THEM TO NEW SUBJECTS. HERE ARE 10 REASONS FOR CHOOSING ONLINE LEARNING<\/strong><\/em><\/p>\n<p><strong>1.\u00a0\u00a0\u00a0\u00a0\u00a0\u00a0\u00a0\u00a0\u00a0\u00a0\u00a0\u00a0\u00a0\u00a0\u00a0\u00a0\u00a0\u00a0 Significant reductions in corporate carbon emissions<\/strong><\/p>\n<p>Transportation makes up about a fifth of the carbon emissions in Finland. Many kilometers are saved by using online trainings.<\/p>\n<p>Example: If a company sends 100 experts to a lecture 10 kilometers away, four times a year, then the total distance traveled will be 8,000 km. Even if the employees carpool with two people, the kilometer count would still be 4,000. The average CO2-emission level of a personal car is 157.6 g\/km, so the carbon emissions from training trips would average 630.4 kg\/year.<\/p>\n<p><strong>2.\u00a0\u00a0\u00a0\u00a0\u00a0\u00a0\u00a0\u00a0\u00a0\u00a0\u00a0\u00a0\u00a0\u00a0\u00a0\u00a0\u00a0\u00a0<\/strong> <strong>Learning at the price of a cup of coffee<\/strong><strong>\u00a0<\/strong><\/p>\n<p>Academy of Brain&#8217;s online trainings starts from as low as EUR 29 per person. Our training content is exceptionally low-priced when compared to the costs of traditional on-site courses that also generate travel costs and daily allowances. This means that you can train your team at the price of a cup of coffee.<\/p>\n<p><strong>3.\u00a0\u00a0\u00a0\u00a0\u00a0\u00a0\u00a0\u00a0\u00a0\u00a0\u00a0\u00a0\u00a0\u00a0\u00a0\u00a0\u00a0\u00a0<\/strong> <strong>Use your team\u2019s time more efficiently<\/strong><\/p>\n<p>As the training content is immediately available, you save time on travel and accommodation. This leaves your team more time for actual work.<\/p>\n<p><strong>4.\u00a0\u00a0\u00a0\u00a0\u00a0\u00a0\u00a0\u00a0\u00a0\u00a0\u00a0\u00a0\u00a0\u00a0\u00a0\u00a0\u00a0\u00a0 Forget about time limits<\/strong><strong>\u00a0<\/strong><\/p>\n<p>Everyone can develop their skills at their own pace: watch a quick fix video during a break or use a long train journey to participate in a longer online course. Academy of Brain\u2019s online courses are available at your location \u2013 everywhere!<\/p>\n<p><strong>5.\u00a0\u00a0\u00a0\u00a0\u00a0\u00a0\u00a0\u00a0\u00a0\u00a0\u00a0\u00a0\u00a0\u00a0\u00a0\u00a0\u00a0\u00a0<\/strong> <strong>More efficient learning<\/strong><\/p>\n<p><strong>\u00a0<\/strong>Online courses are often condensed versions of traditional trainings so you can learn the same content in less time.<\/p>\n<p><strong>6.\u00a0\u00a0\u00a0\u00a0\u00a0\u00a0\u00a0\u00a0\u00a0\u00a0\u00a0\u00a0\u00a0\u00a0\u00a0\u00a0\u00a0\u00a0 Computer, tablet or mobile: the choice is yours<\/strong><\/p>\n<p><strong>\u00a0<\/strong>In addition to computers, our trainings are conveniently available on tablets and mobiles.<\/p>\n<p><strong>7.\u00a0\u00a0\u00a0\u00a0\u00a0\u00a0\u00a0\u00a0\u00a0\u00a0\u00a0\u00a0\u00a0\u00a0\u00a0\u00a0\u00a0\u00a0 Keep track of your trainings<\/strong><strong>\u00a0<\/strong><\/p>\n<p>It takes just one glance to see which Academy of Brain trainings you have already participated in. You will also receive a certificate for every completed course.<\/p>\n<p><strong>8.\u00a0\u00a0\u00a0\u00a0\u00a0\u00a0\u00a0\u00a0\u00a0\u00a0\u00a0\u00a0\u00a0\u00a0\u00a0\u00a0\u00a0\u00a0 Top trainers are always available<\/strong><\/p>\n<p>We have collected a wide range of online trainings created with top professionals for your team &#8211; something that would be hard to achieve with a traditional training model.<\/p>\n<p><strong>9.\u00a0\u00a0\u00a0\u00a0\u00a0\u00a0\u00a0\u00a0\u00a0\u00a0\u00a0\u00a0\u00a0\u00a0\u00a0\u00a0\u00a0\u00a0 Learn with your team<\/strong><strong>\u00a0<\/strong><\/p>\n<p>Our online trainings provide excellent content for team meetings. For example, a manager can invigorate the team with a Quick Fix video that is created specifically for quick and easy learning<\/p>\n<p><strong>10.\u00a0\u00a0\u00a0\u00a0\u00a0\u00a0\u00a0\u00a0\u00a0\u00a0\u00a0\u00a0\u00a0\u00a0\u00a0\u00a0 Continue when convenient<\/strong><\/p>\n<p>You can always come back to an online training: the material will always be there. You can stop the practice when in a rush and continue where you left off once you have more time.<\/p>\n<div style=\"display:table-column;\">\n<\/div>\n<div style=\"display: none;\">\n<\/div>\n<div style=\"display:table-column;\">\n<\/div>\n<div style=\"display: none;\">\n<\/div>\n<div id=\"link\">\n<\/div>\n<div style=\"display:table-column;\">\n<\/div>\n","protected":false},"excerpt":{"rendered":"<p>ONLINE TRAININGS ARE GAINING POPULARITY AS A PERSONNEL DEVELOPMENT TOOL. ACADEMY OF BRAIN\u2019S TRAININGS ARE A COST-EFFECTIVE AND ENVIRONMENTALLY FRIENDLY METHOD FOR TRAINING YOUR TEAM AND INTRODUCING THEM TO NEW<\/p>\n<div><a href=\"https:\/\/academyofbrain.com\/en\/saving-the-environment-with-the-price-of-a-cup-of-coffee\/\" class=\"exp-read-more exp-read-more-underlined\">Read More<\/a><\/div>\n","protected":false},"author":1463,"featured_media":1277,"parent":0,"menu_order":4,"comment_status":"closed","ping_status":"closed","template":"","meta":{"content-type":"","footnotes":""},"class_list":["post-1529","page","type-page","status-publish","has-post-thumbnail","hentry"],"yoast_head":"<!-- This site is optimized with the Yoast SEO Premium plugin v20.9 (Yoast SEO v27.0) - https:\/\/yoast.com\/product\/yoast-seo-premium-wordpress\/ -->\n<title>Saving the Environment with the Price of a Cup of Coffee - Academy of Brain<\/title>\n<meta name=\"robots\" content=\"index, follow, max-snippet:-1, max-image-preview:large, max-video-preview:-1\" \/>\n<link rel=\"canonical\" href=\"https:\/\/academyofbrain.com\/en\/saving-the-environment-with-the-price-of-a-cup-of-coffee\/\" \/>\n<meta property=\"og:locale\" content=\"en_US\" \/>\n<meta property=\"og:type\" content=\"article\" \/>\n<meta property=\"og:title\" content=\"Saving the Environment with the Price of a Cup of Coffee\" \/>\n<meta property=\"og:description\" content=\"ONLINE TRAININGS ARE GAINING POPULARITY AS A PERSONNEL DEVELOPMENT TOOL. ACADEMY OF BRAIN\u2019S TRAININGS ARE A COST-EFFECTIVE AND ENVIRONMENTALLY FRIENDLY METHOD FOR TRAINING YOUR TEAM AND INTRODUCING THEM TO NEWRead More\" \/>\n<meta property=\"og:url\" content=\"https:\/\/academyofbrain.com\/en\/saving-the-environment-with-the-price-of-a-cup-of-coffee\/\" \/>\n<meta property=\"og:site_name\" content=\"Academy of Brain\" \/>\n<meta property=\"article:publisher\" content=\"https:\/\/www.facebook.com\/academybrain\/\" \/>\n<meta property=\"article:modified_time\" content=\"2025-02-06T10:53:48+00:00\" \/>\n<meta property=\"og:image\" content=\"https:\/\/academyofbrain.com\/wp-content\/uploads\/2019\/04\/flora-flowes-green-122429.jpg\" \/>\n\t<meta property=\"og:image:width\" content=\"1920\" \/>\n\t<meta property=\"og:image:height\" content=\"911\" \/>\n\t<meta property=\"og:image:type\" content=\"image\/jpeg\" \/>\n<meta name=\"twitter:card\" content=\"summary_large_image\" \/>\n<meta name=\"twitter:label1\" content=\"Est. reading time\" \/>\n\t<meta name=\"twitter:data1\" content=\"4 minutes\" \/>\n<script type=\"application\/ld+json\" class=\"yoast-schema-graph\">{\"@context\":\"https:\/\/schema.org\",\"@graph\":[{\"@type\":\"WebPage\",\"@id\":\"https:\/\/academyofbrain.com\/en\/saving-the-environment-with-the-price-of-a-cup-of-coffee\/\",\"url\":\"https:\/\/academyofbrain.com\/en\/saving-the-environment-with-the-price-of-a-cup-of-coffee\/\",\"name\":\"Saving the Environment with the Price of a Cup of Coffee - Academy of Brain\",\"isPartOf\":{\"@id\":\"https:\/\/academyofbrain.com\/#website\"},\"primaryImageOfPage\":{\"@id\":\"https:\/\/academyofbrain.com\/en\/saving-the-environment-with-the-price-of-a-cup-of-coffee\/#primaryimage\"},\"image\":{\"@id\":\"https:\/\/academyofbrain.com\/en\/saving-the-environment-with-the-price-of-a-cup-of-coffee\/#primaryimage\"},\"thumbnailUrl\":\"https:\/\/academyofbrain.com\/wp-content\/uploads\/2019\/04\/flora-flowes-green-122429.jpg\",\"datePublished\":\"2019-04-10T12:53:32+00:00\",\"dateModified\":\"2025-02-06T10:53:48+00:00\",\"breadcrumb\":{\"@id\":\"https:\/\/academyofbrain.com\/en\/saving-the-environment-with-the-price-of-a-cup-of-coffee\/#breadcrumb\"},\"inLanguage\":\"en-US\",\"potentialAction\":[{\"@type\":\"ReadAction\",\"target\":[\"https:\/\/academyofbrain.com\/en\/saving-the-environment-with-the-price-of-a-cup-of-coffee\/\"]}]},{\"@type\":\"ImageObject\",\"inLanguage\":\"en-US\",\"@id\":\"https:\/\/academyofbrain.com\/en\/saving-the-environment-with-the-price-of-a-cup-of-coffee\/#primaryimage\",\"url\":\"https:\/\/academyofbrain.com\/wp-content\/uploads\/2019\/04\/flora-flowes-green-122429.jpg\",\"contentUrl\":\"https:\/\/academyofbrain.com\/wp-content\/uploads\/2019\/04\/flora-flowes-green-122429.jpg\",\"width\":1920,\"height\":911},{\"@type\":\"BreadcrumbList\",\"@id\":\"https:\/\/academyofbrain.com\/en\/saving-the-environment-with-the-price-of-a-cup-of-coffee\/#breadcrumb\",\"itemListElement\":[{\"@type\":\"ListItem\",\"position\":1,\"name\":\"Etusivu\",\"item\":\"https:\/\/academyofbrain.com\/en\/\"},{\"@type\":\"ListItem\",\"position\":2,\"name\":\"Saving the Environment with the Price of a Cup of Coffee\"}]},{\"@type\":\"WebSite\",\"@id\":\"https:\/\/academyofbrain.com\/#website\",\"url\":\"https:\/\/academyofbrain.com\/\",\"name\":\"Academy of Brain\",\"description\":\"Kehit\u00e4mme ty\u00f6el\u00e4m\u00e4n ydintaitoja\",\"publisher\":{\"@id\":\"https:\/\/academyofbrain.com\/#organization\"},\"potentialAction\":[{\"@type\":\"SearchAction\",\"target\":{\"@type\":\"EntryPoint\",\"urlTemplate\":\"https:\/\/academyofbrain.com\/?s={search_term_string}\"},\"query-input\":{\"@type\":\"PropertyValueSpecification\",\"valueRequired\":true,\"valueName\":\"search_term_string\"}}],\"inLanguage\":\"en-US\"},{\"@type\":\"Organization\",\"@id\":\"https:\/\/academyofbrain.com\/#organization\",\"name\":\"Academy of Brain\",\"url\":\"https:\/\/academyofbrain.com\/\",\"logo\":{\"@type\":\"ImageObject\",\"inLanguage\":\"en-US\",\"@id\":\"https:\/\/academyofbrain.com\/#\/schema\/logo\/image\/\",\"url\":\"https:\/\/academyofbrain.com\/wp-content\/uploads\/2019\/12\/181217_AOB-logo_RGB_72dpi.png\",\"contentUrl\":\"https:\/\/academyofbrain.com\/wp-content\/uploads\/2019\/12\/181217_AOB-logo_RGB_72dpi.png\",\"width\":1500,\"height\":233,\"caption\":\"Academy of Brain\"},\"image\":{\"@id\":\"https:\/\/academyofbrain.com\/#\/schema\/logo\/image\/\"},\"sameAs\":[\"https:\/\/www.facebook.com\/academybrain\/\",\"https:\/\/www.instagram.com\/academyofbrain\/\",\"https:\/\/www.linkedin.com\/company\/academyofbrain\/\"]}]}<\/script>\n<!-- \/ Yoast SEO Premium plugin. -->","yoast_head_json":{"title":"Saving the Environment with the Price of a Cup of Coffee - Academy of Brain","robots":{"index":"index","follow":"follow","max-snippet":"max-snippet:-1","max-image-preview":"max-image-preview:large","max-video-preview":"max-video-preview:-1"},"canonical":"https:\/\/academyofbrain.com\/en\/saving-the-environment-with-the-price-of-a-cup-of-coffee\/","og_locale":"en_US","og_type":"article","og_title":"Saving the Environment with the Price of a Cup of Coffee","og_description":"ONLINE TRAININGS ARE GAINING POPULARITY AS A PERSONNEL DEVELOPMENT TOOL. ACADEMY OF BRAIN\u2019S TRAININGS ARE A COST-EFFECTIVE AND ENVIRONMENTALLY FRIENDLY METHOD FOR TRAINING YOUR TEAM AND INTRODUCING THEM TO NEWRead More","og_url":"https:\/\/academyofbrain.com\/en\/saving-the-environment-with-the-price-of-a-cup-of-coffee\/","og_site_name":"Academy of Brain","article_publisher":"https:\/\/www.facebook.com\/academybrain\/","article_modified_time":"2025-02-06T10:53:48+00:00","og_image":[{"width":1920,"height":911,"url":"https:\/\/academyofbrain.com\/wp-content\/uploads\/2019\/04\/flora-flowes-green-122429.jpg","type":"image\/jpeg"}],"twitter_card":"summary_large_image","twitter_misc":{"Est. reading time":"4 minutes"},"schema":{"@context":"https:\/\/schema.org","@graph":[{"@type":"WebPage","@id":"https:\/\/academyofbrain.com\/en\/saving-the-environment-with-the-price-of-a-cup-of-coffee\/","url":"https:\/\/academyofbrain.com\/en\/saving-the-environment-with-the-price-of-a-cup-of-coffee\/","name":"Saving the Environment with the Price of a Cup of Coffee - Academy of Brain","isPartOf":{"@id":"https:\/\/academyofbrain.com\/#website"},"primaryImageOfPage":{"@id":"https:\/\/academyofbrain.com\/en\/saving-the-environment-with-the-price-of-a-cup-of-coffee\/#primaryimage"},"image":{"@id":"https:\/\/academyofbrain.com\/en\/saving-the-environment-with-the-price-of-a-cup-of-coffee\/#primaryimage"},"thumbnailUrl":"https:\/\/academyofbrain.com\/wp-content\/uploads\/2019\/04\/flora-flowes-green-122429.jpg","datePublished":"2019-04-10T12:53:32+00:00","dateModified":"2025-02-06T10:53:48+00:00","breadcrumb":{"@id":"https:\/\/academyofbrain.com\/en\/saving-the-environment-with-the-price-of-a-cup-of-coffee\/#breadcrumb"},"inLanguage":"en-US","potentialAction":[{"@type":"ReadAction","target":["https:\/\/academyofbrain.com\/en\/saving-the-environment-with-the-price-of-a-cup-of-coffee\/"]}]},{"@type":"ImageObject","inLanguage":"en-US","@id":"https:\/\/academyofbrain.com\/en\/saving-the-environment-with-the-price-of-a-cup-of-coffee\/#primaryimage","url":"https:\/\/academyofbrain.com\/wp-content\/uploads\/2019\/04\/flora-flowes-green-122429.jpg","contentUrl":"https:\/\/academyofbrain.com\/wp-content\/uploads\/2019\/04\/flora-flowes-green-122429.jpg","width":1920,"height":911},{"@type":"BreadcrumbList","@id":"https:\/\/academyofbrain.com\/en\/saving-the-environment-with-the-price-of-a-cup-of-coffee\/#breadcrumb","itemListElement":[{"@type":"ListItem","position":1,"name":"Etusivu","item":"https:\/\/academyofbrain.com\/en\/"},{"@type":"ListItem","position":2,"name":"Saving the Environment with the Price of a Cup of Coffee"}]},{"@type":"WebSite","@id":"https:\/\/academyofbrain.com\/#website","url":"https:\/\/academyofbrain.com\/","name":"Academy of Brain","description":"Kehit\u00e4mme ty\u00f6el\u00e4m\u00e4n ydintaitoja","publisher":{"@id":"https:\/\/academyofbrain.com\/#organization"},"potentialAction":[{"@type":"SearchAction","target":{"@type":"EntryPoint","urlTemplate":"https:\/\/academyofbrain.com\/?s={search_term_string}"},"query-input":{"@type":"PropertyValueSpecification","valueRequired":true,"valueName":"search_term_string"}}],"inLanguage":"en-US"},{"@type":"Organization","@id":"https:\/\/academyofbrain.com\/#organization","name":"Academy of Brain","url":"https:\/\/academyofbrain.com\/","logo":{"@type":"ImageObject","inLanguage":"en-US","@id":"https:\/\/academyofbrain.com\/#\/schema\/logo\/image\/","url":"https:\/\/academyofbrain.com\/wp-content\/uploads\/2019\/12\/181217_AOB-logo_RGB_72dpi.png","contentUrl":"https:\/\/academyofbrain.com\/wp-content\/uploads\/2019\/12\/181217_AOB-logo_RGB_72dpi.png","width":1500,"height":233,"caption":"Academy of Brain"},"image":{"@id":"https:\/\/academyofbrain.com\/#\/schema\/logo\/image\/"},"sameAs":["https:\/\/www.facebook.com\/academybrain\/","https:\/\/www.instagram.com\/academyofbrain\/","https:\/\/www.linkedin.com\/company\/academyofbrain\/"]}]}},"_links":{"self":[{"href":"https:\/\/academyofbrain.com\/en\/wp-json\/wp\/v2\/pages\/1529","targetHints":{"allow":["GET"]}}],"collection":[{"href":"https:\/\/academyofbrain.com\/en\/wp-json\/wp\/v2\/pages"}],"about":[{"href":"https:\/\/academyofbrain.com\/en\/wp-json\/wp\/v2\/types\/page"}],"author":[{"embeddable":true,"href":"https:\/\/academyofbrain.com\/en\/wp-json\/wp\/v2\/users\/1463"}],"replies":[{"embeddable":true,"href":"https:\/\/academyofbrain.com\/en\/wp-json\/wp\/v2\/comments?post=1529"}],"version-history":[{"count":7,"href":"https:\/\/academyofbrain.com\/en\/wp-json\/wp\/v2\/pages\/1529\/revisions"}],"predecessor-version":[{"id":2262,"href":"https:\/\/academyofbrain.com\/en\/wp-json\/wp\/v2\/pages\/1529\/revisions\/2262"}],"wp:featuredmedia":[{"embeddable":true,"href":"https:\/\/academyofbrain.com\/en\/wp-json\/wp\/v2\/media\/1277"}],"wp:attachment":[{"href":"https:\/\/academyofbrain.com\/en\/wp-json\/wp\/v2\/media?parent=1529"}],"curies":[{"name":"wp","href":"https:\/\/api.w.org\/{rel}","templated":true}]}}