{"id":1503,"date":"2019-01-30T16:42:28","date_gmt":"2019-01-30T14:42:28","guid":{"rendered":"https:\/\/academyofbrain.com\/?page_id=1503"},"modified":"2025-02-06T12:44:21","modified_gmt":"2025-02-06T10:44:21","slug":"online-trainings-at-vtt","status":"publish","type":"page","link":"https:\/\/academyofbrain.com\/en\/online-trainings-at-vtt\/","title":{"rendered":"Feel good in 2020 &#8211; Online Trainings at VTT"},"content":{"rendered":"<p>We are presenting you with a unique opportunity to improve your wellbeing and join Academy of Brain&#8217;s online trainings in 2020. The license is provided by VTT (list price EUR 129).<\/p>\n<p>Academy of Brain&#8217;s tutorials base on cognitive neuroscience and years of experience. Their advisory board ensures the quality of the trainings. The advisory board is constructed by Psychologist Phd Ville Ojanen, Leadership coach Jarmo Manner and professor Minna Huotilainen.<\/p>\n<p>Academy of Brain develops the most important work skills, wellbeing, and self-leadership. The content focuses on developing psychological skills (soft skills).<\/p>\n<p>The best thing about Academy of Brain is you can choose when and where to develop yourself and your wellbeing \u2013 the service is mobile-friendly.\u00a0It&#8217;s almost like Netflix, HBO, or Yle Areena!<\/p>\n<p><strong>These trainings and a lot more available for you in the service:<\/strong><\/p>\n<ul>\n<li>Cope better with change &#8211; Develop your resilience<span class=\"Apple-converted-space\">\u00a0<\/span><\/li>\n<li>Time management<\/li>\n<li>Sleep better in five weeks<\/li>\n<li>Present in interaction<\/li>\n<li>\bHigh performing team<\/li>\n<\/ul>\n<p>Purchase your membership here. The membership is non-binding and will be automatically deactivated after 12 months.<\/p>\n<p class=\"has-text-color has-luminous-vivid-amber-color\"><strong>Enter the discount code you got from VTT, and you will get a free membership! You can find the discount code from the AlvinOne service portal (AlvinOne -&gt; Academy of Brain) as well.<\/strong><\/p>\n<p>[paytrail_payment price=&#8221;129&#8243; team_id=&#8221;11388&#8243; discount_code=&#8221;VTT-discount&#8221; discount_percent=&#8221;100&#8243; lang=&#8221;en&#8221;]<\/p>\n<div style=\"display:table-column;\">\n<\/div>\n<div style=\"display: none;\">\n<\/div>\n<div style=\"display:table-column;\">\n<\/div>\n<div style=\"display: none;\">\n<\/div>\n<div id=\"link\">\n<\/div>\n<div style=\"display:table-column;\">\n<\/div>\n","protected":false},"excerpt":{"rendered":"<p>We are presenting you with a unique opportunity to improve your wellbeing and join Academy of Brain&#8217;s online trainings in 2020. The license is provided by VTT (list price EUR<\/p>\n<div><a href=\"https:\/\/academyofbrain.com\/en\/online-trainings-at-vtt\/\" class=\"exp-read-more exp-read-more-underlined\">Read More<\/a><\/div>\n","protected":false},"author":1463,"featured_media":1256,"parent":0,"menu_order":0,"comment_status":"closed","ping_status":"closed","template":"","meta":{"content-type":"","footnotes":""},"class_list":["post-1503","page","type-page","status-publish","has-post-thumbnail","hentry"],"yoast_head":"<!-- This site is optimized with the Yoast SEO Premium plugin v20.9 (Yoast SEO v27.0) - https:\/\/yoast.com\/product\/yoast-seo-premium-wordpress\/ -->\n<title>Feel good in 2020 - Online Trainings at VTT - Academy of Brain<\/title>\n<meta name=\"robots\" content=\"index, follow, max-snippet:-1, max-image-preview:large, max-video-preview:-1\" \/>\n<link rel=\"canonical\" href=\"https:\/\/academyofbrain.com\/en\/online-trainings-at-vtt\/\" \/>\n<meta property=\"og:locale\" content=\"en_US\" \/>\n<meta property=\"og:type\" content=\"article\" \/>\n<meta property=\"og:title\" content=\"Feel good in 2020 - Online Trainings at VTT\" \/>\n<meta property=\"og:description\" content=\"We are presenting you with a unique opportunity to improve your wellbeing and join Academy of Brain&#8217;s online trainings in 2020. The license is provided by VTT (list price EURRead More\" \/>\n<meta property=\"og:url\" content=\"https:\/\/academyofbrain.com\/en\/online-trainings-at-vtt\/\" \/>\n<meta property=\"og:site_name\" content=\"Academy of Brain\" \/>\n<meta property=\"article:publisher\" content=\"https:\/\/www.facebook.com\/academybrain\/\" \/>\n<meta property=\"article:modified_time\" content=\"2025-02-06T10:44:21+00:00\" \/>\n<meta property=\"og:image\" content=\"https:\/\/academyofbrain.com\/wp-content\/uploads\/2019\/01\/online-training.jpg\" \/>\n\t<meta property=\"og:image:width\" content=\"1920\" \/>\n\t<meta property=\"og:image:height\" content=\"1280\" \/>\n\t<meta property=\"og:image:type\" content=\"image\/jpeg\" \/>\n<meta name=\"twitter:card\" content=\"summary_large_image\" \/>\n<meta name=\"twitter:label1\" content=\"Est. reading time\" \/>\n\t<meta name=\"twitter:data1\" content=\"2 minutes\" \/>\n<script type=\"application\/ld+json\" class=\"yoast-schema-graph\">{\"@context\":\"https:\/\/schema.org\",\"@graph\":[{\"@type\":\"WebPage\",\"@id\":\"https:\/\/academyofbrain.com\/en\/online-trainings-at-vtt\/\",\"url\":\"https:\/\/academyofbrain.com\/en\/online-trainings-at-vtt\/\",\"name\":\"Feel good in 2020 - Online Trainings at VTT - Academy of Brain\",\"isPartOf\":{\"@id\":\"https:\/\/academyofbrain.com\/#website\"},\"primaryImageOfPage\":{\"@id\":\"https:\/\/academyofbrain.com\/en\/online-trainings-at-vtt\/#primaryimage\"},\"image\":{\"@id\":\"https:\/\/academyofbrain.com\/en\/online-trainings-at-vtt\/#primaryimage\"},\"thumbnailUrl\":\"https:\/\/academyofbrain.com\/wp-content\/uploads\/2019\/01\/online-training.jpg\",\"datePublished\":\"2019-01-30T14:42:28+00:00\",\"dateModified\":\"2025-02-06T10:44:21+00:00\",\"breadcrumb\":{\"@id\":\"https:\/\/academyofbrain.com\/en\/online-trainings-at-vtt\/#breadcrumb\"},\"inLanguage\":\"en-US\",\"potentialAction\":[{\"@type\":\"ReadAction\",\"target\":[\"https:\/\/academyofbrain.com\/en\/online-trainings-at-vtt\/\"]}]},{\"@type\":\"ImageObject\",\"inLanguage\":\"en-US\",\"@id\":\"https:\/\/academyofbrain.com\/en\/online-trainings-at-vtt\/#primaryimage\",\"url\":\"https:\/\/academyofbrain.com\/wp-content\/uploads\/2019\/01\/online-training.jpg\",\"contentUrl\":\"https:\/\/academyofbrain.com\/wp-content\/uploads\/2019\/01\/online-training.jpg\",\"width\":1920,\"height\":1280},{\"@type\":\"BreadcrumbList\",\"@id\":\"https:\/\/academyofbrain.com\/en\/online-trainings-at-vtt\/#breadcrumb\",\"itemListElement\":[{\"@type\":\"ListItem\",\"position\":1,\"name\":\"Etusivu\",\"item\":\"https:\/\/academyofbrain.com\/en\/\"},{\"@type\":\"ListItem\",\"position\":2,\"name\":\"Feel good in 2020 &#8211; Online Trainings at VTT\"}]},{\"@type\":\"WebSite\",\"@id\":\"https:\/\/academyofbrain.com\/#website\",\"url\":\"https:\/\/academyofbrain.com\/\",\"name\":\"Academy of Brain\",\"description\":\"Kehit\u00e4mme ty\u00f6el\u00e4m\u00e4n ydintaitoja\",\"publisher\":{\"@id\":\"https:\/\/academyofbrain.com\/#organization\"},\"potentialAction\":[{\"@type\":\"SearchAction\",\"target\":{\"@type\":\"EntryPoint\",\"urlTemplate\":\"https:\/\/academyofbrain.com\/?s={search_term_string}\"},\"query-input\":{\"@type\":\"PropertyValueSpecification\",\"valueRequired\":true,\"valueName\":\"search_term_string\"}}],\"inLanguage\":\"en-US\"},{\"@type\":\"Organization\",\"@id\":\"https:\/\/academyofbrain.com\/#organization\",\"name\":\"Academy of Brain\",\"url\":\"https:\/\/academyofbrain.com\/\",\"logo\":{\"@type\":\"ImageObject\",\"inLanguage\":\"en-US\",\"@id\":\"https:\/\/academyofbrain.com\/#\/schema\/logo\/image\/\",\"url\":\"https:\/\/academyofbrain.com\/wp-content\/uploads\/2019\/12\/181217_AOB-logo_RGB_72dpi.png\",\"contentUrl\":\"https:\/\/academyofbrain.com\/wp-content\/uploads\/2019\/12\/181217_AOB-logo_RGB_72dpi.png\",\"width\":1500,\"height\":233,\"caption\":\"Academy of Brain\"},\"image\":{\"@id\":\"https:\/\/academyofbrain.com\/#\/schema\/logo\/image\/\"},\"sameAs\":[\"https:\/\/www.facebook.com\/academybrain\/\",\"https:\/\/www.instagram.com\/academyofbrain\/\",\"https:\/\/www.linkedin.com\/company\/academyofbrain\/\"]}]}<\/script>\n<!-- \/ Yoast SEO Premium plugin. -->","yoast_head_json":{"title":"Feel good in 2020 - Online Trainings at VTT - Academy of Brain","robots":{"index":"index","follow":"follow","max-snippet":"max-snippet:-1","max-image-preview":"max-image-preview:large","max-video-preview":"max-video-preview:-1"},"canonical":"https:\/\/academyofbrain.com\/en\/online-trainings-at-vtt\/","og_locale":"en_US","og_type":"article","og_title":"Feel good in 2020 - Online Trainings at VTT","og_description":"We are presenting you with a unique opportunity to improve your wellbeing and join Academy of Brain&#8217;s online trainings in 2020. The license is provided by VTT (list price EURRead More","og_url":"https:\/\/academyofbrain.com\/en\/online-trainings-at-vtt\/","og_site_name":"Academy of Brain","article_publisher":"https:\/\/www.facebook.com\/academybrain\/","article_modified_time":"2025-02-06T10:44:21+00:00","og_image":[{"width":1920,"height":1280,"url":"https:\/\/academyofbrain.com\/wp-content\/uploads\/2019\/01\/online-training.jpg","type":"image\/jpeg"}],"twitter_card":"summary_large_image","twitter_misc":{"Est. reading time":"2 minutes"},"schema":{"@context":"https:\/\/schema.org","@graph":[{"@type":"WebPage","@id":"https:\/\/academyofbrain.com\/en\/online-trainings-at-vtt\/","url":"https:\/\/academyofbrain.com\/en\/online-trainings-at-vtt\/","name":"Feel good in 2020 - Online Trainings at VTT - Academy of Brain","isPartOf":{"@id":"https:\/\/academyofbrain.com\/#website"},"primaryImageOfPage":{"@id":"https:\/\/academyofbrain.com\/en\/online-trainings-at-vtt\/#primaryimage"},"image":{"@id":"https:\/\/academyofbrain.com\/en\/online-trainings-at-vtt\/#primaryimage"},"thumbnailUrl":"https:\/\/academyofbrain.com\/wp-content\/uploads\/2019\/01\/online-training.jpg","datePublished":"2019-01-30T14:42:28+00:00","dateModified":"2025-02-06T10:44:21+00:00","breadcrumb":{"@id":"https:\/\/academyofbrain.com\/en\/online-trainings-at-vtt\/#breadcrumb"},"inLanguage":"en-US","potentialAction":[{"@type":"ReadAction","target":["https:\/\/academyofbrain.com\/en\/online-trainings-at-vtt\/"]}]},{"@type":"ImageObject","inLanguage":"en-US","@id":"https:\/\/academyofbrain.com\/en\/online-trainings-at-vtt\/#primaryimage","url":"https:\/\/academyofbrain.com\/wp-content\/uploads\/2019\/01\/online-training.jpg","contentUrl":"https:\/\/academyofbrain.com\/wp-content\/uploads\/2019\/01\/online-training.jpg","width":1920,"height":1280},{"@type":"BreadcrumbList","@id":"https:\/\/academyofbrain.com\/en\/online-trainings-at-vtt\/#breadcrumb","itemListElement":[{"@type":"ListItem","position":1,"name":"Etusivu","item":"https:\/\/academyofbrain.com\/en\/"},{"@type":"ListItem","position":2,"name":"Feel good in 2020 &#8211; Online Trainings at VTT"}]},{"@type":"WebSite","@id":"https:\/\/academyofbrain.com\/#website","url":"https:\/\/academyofbrain.com\/","name":"Academy of Brain","description":"Kehit\u00e4mme ty\u00f6el\u00e4m\u00e4n ydintaitoja","publisher":{"@id":"https:\/\/academyofbrain.com\/#organization"},"potentialAction":[{"@type":"SearchAction","target":{"@type":"EntryPoint","urlTemplate":"https:\/\/academyofbrain.com\/?s={search_term_string}"},"query-input":{"@type":"PropertyValueSpecification","valueRequired":true,"valueName":"search_term_string"}}],"inLanguage":"en-US"},{"@type":"Organization","@id":"https:\/\/academyofbrain.com\/#organization","name":"Academy of Brain","url":"https:\/\/academyofbrain.com\/","logo":{"@type":"ImageObject","inLanguage":"en-US","@id":"https:\/\/academyofbrain.com\/#\/schema\/logo\/image\/","url":"https:\/\/academyofbrain.com\/wp-content\/uploads\/2019\/12\/181217_AOB-logo_RGB_72dpi.png","contentUrl":"https:\/\/academyofbrain.com\/wp-content\/uploads\/2019\/12\/181217_AOB-logo_RGB_72dpi.png","width":1500,"height":233,"caption":"Academy of Brain"},"image":{"@id":"https:\/\/academyofbrain.com\/#\/schema\/logo\/image\/"},"sameAs":["https:\/\/www.facebook.com\/academybrain\/","https:\/\/www.instagram.com\/academyofbrain\/","https:\/\/www.linkedin.com\/company\/academyofbrain\/"]}]}},"_links":{"self":[{"href":"https:\/\/academyofbrain.com\/en\/wp-json\/wp\/v2\/pages\/1503","targetHints":{"allow":["GET"]}}],"collection":[{"href":"https:\/\/academyofbrain.com\/en\/wp-json\/wp\/v2\/pages"}],"about":[{"href":"https:\/\/academyofbrain.com\/en\/wp-json\/wp\/v2\/types\/page"}],"author":[{"embeddable":true,"href":"https:\/\/academyofbrain.com\/en\/wp-json\/wp\/v2\/users\/1463"}],"replies":[{"embeddable":true,"href":"https:\/\/academyofbrain.com\/en\/wp-json\/wp\/v2\/comments?post=1503"}],"version-history":[{"count":15,"href":"https:\/\/academyofbrain.com\/en\/wp-json\/wp\/v2\/pages\/1503\/revisions"}],"predecessor-version":[{"id":3091,"href":"https:\/\/academyofbrain.com\/en\/wp-json\/wp\/v2\/pages\/1503\/revisions\/3091"}],"wp:featuredmedia":[{"embeddable":true,"href":"https:\/\/academyofbrain.com\/en\/wp-json\/wp\/v2\/media\/1256"}],"wp:attachment":[{"href":"https:\/\/academyofbrain.com\/en\/wp-json\/wp\/v2\/media?parent=1503"}],"curies":[{"name":"wp","href":"https:\/\/api.w.org\/{rel}","templated":true}]}}