{"id":1500,"date":"2019-01-29T15:10:23","date_gmt":"2019-01-29T13:10:23","guid":{"rendered":"https:\/\/academyofbrain.com\/?page_id=1500"},"modified":"2025-02-06T12:37:26","modified_gmt":"2025-02-06T10:37:26","slug":"academy-of-brain-is-expanding-internationally-as-spinverse-and-gorilla-capital-buy-in","status":"publish","type":"page","link":"https:\/\/academyofbrain.com\/en\/academy-of-brain-is-expanding-internationally-as-spinverse-and-gorilla-capital-buy-in\/","title":{"rendered":"Academy of Brain is expanding internationally as Spinverse and Gorilla Capital buy in"},"content":{"rendered":"<h4>Press release 30th of January 2019<\/h4>\n<p>E-learning company Academy of Brain is expanding internationally. Innovation consultancy company Spinverse and venture capital fund Gorilla Capital invest in the company which was previously owned by its management. Two new members join Academy of Brain\u2019s board &#8211; Pii Kotilainen who has worked as an HR manager in several large corporations (Nokia, Outokumpu, Huhtam\u00e4ki) and a representative from Spinverse.<\/p>\n<p>\u201cWe have observed the international education market and seen that the situation is very similar to Finland. When it comes to learning, people need personalization and flexibility. The world is lacking high-quality trainings that responds to these needs, so we are expanding internationally,\u201d states CEO Toni Toivanen from Academy of Brain.<\/p>\n<p>&#8220;Robotization and artificial intelligence are creating changes in our working lives. Humans can compete against the machines with better interpersonal skills, which is why these skills need to be constantly developed,\u201d, founder and chairman of the board at Spinverse, Pekka Korponen.<\/p>\n<p>Academy of Brain trainings has proven of interest to Finnish corporations who are going through changes or rapidly automating their activities. The role of employees and their required skills are changing.<\/p>\n<p>\u201cWe are going through an enormous change where people need new types of skills for leadership, motivation, and stress management. Academy of Brain\u2019s trainings are at their best level ever. This is the right time to support them in expanding to international markets\u201d, states Petri Lehmuskoski from Gorilla Capital.<\/p>\n<p>Academy of Brain focuses on online trainings. Online trainings are becoming more common as participating in these is more flexible and cost-efficient when compared to traditional classroom lessons. Participants can choose the time and place suitable for them.<\/p>\n<p>\u201cPeople are happy to use their time for something interesting and developing, for example, on podcasts, audio-books, and online trainings. Traditional classroom education is significantly less exciting,\u201d Toivanen explains.<\/p>\n<p>Academy of Brain will produce new materials in both Finnish and English.<\/p>\n<p>\u201cWe start with English as it is the market with the greatest need for our services. English versions allow us to reach a large share of our target audience,\u201d states Toivanen.<\/p>\n<hr class=\"wp-block-separator\" \/>\n<p class=\"p1\"><i>Academy of Brain develops working life soft skills with online trainings. The company\u2019s trainings give participants tools for better focusing and recovering. They improve people&#8217;s interaction and management skills, as well as their way of handling pressure. Academy of Brain\u2019s experts combine brain studies, psychology, and management studies to create interdisciplinary educational material. Academy of Brain\u2019s clients includes leading companies from various fields, universities, and vocational higher education institutions.<\/i><\/p>\n<p>&nbsp;<\/p>\n<hr class=\"wp-block-separator\" \/>\n<p>&nbsp;<\/p>\n<p><strong>Additional information: <\/strong><\/p>\n<p>&nbsp;<\/p>\n<p>Toni Toivanen, CEO<\/p>\n<p>&nbsp;<\/p>\n<p>+358 40 5314647<\/p>\n<p>&nbsp;<\/p>\n<p>toni.toivanen@academyofbrain.com<\/p>\n<p>&nbsp;<\/p>\n<div style=\"display:table-column;\">\n<\/div>\n<div style=\"display: none;\">\n<\/div>\n<div style=\"display:table-column;\">\n<\/div>\n<div style=\"display: none;\">\n<\/div>\n<div id=\"link\">\n<\/div>\n<div style=\"display:table-column;\">\n<\/div>\n","protected":false},"excerpt":{"rendered":"<p>Press release 30th of January 2019 E-learning company Academy of Brain is expanding internationally. Innovation consultancy company Spinverse and venture capital fund Gorilla Capital invest in the company which was<\/p>\n<div><a href=\"https:\/\/academyofbrain.com\/en\/academy-of-brain-is-expanding-internationally-as-spinverse-and-gorilla-capital-buy-in\/\" class=\"exp-read-more exp-read-more-underlined\">Read More<\/a><\/div>\n","protected":false},"author":1463,"featured_media":0,"parent":0,"menu_order":0,"comment_status":"closed","ping_status":"closed","template":"","meta":{"content-type":"","footnotes":""},"class_list":["post-1500","page","type-page","status-publish","hentry"],"yoast_head":"<!-- This site is optimized with the Yoast SEO Premium plugin v20.9 (Yoast SEO v27.0) - https:\/\/yoast.com\/product\/yoast-seo-premium-wordpress\/ -->\n<title>Academy of Brain is expanding internationally as Spinverse and Gorilla Capital buy in - Academy of Brain<\/title>\n<meta name=\"robots\" content=\"index, follow, max-snippet:-1, max-image-preview:large, max-video-preview:-1\" \/>\n<link rel=\"canonical\" href=\"https:\/\/academyofbrain.com\/en\/academy-of-brain-is-expanding-internationally-as-spinverse-and-gorilla-capital-buy-in\/\" \/>\n<meta property=\"og:locale\" content=\"en_US\" \/>\n<meta property=\"og:type\" content=\"article\" \/>\n<meta property=\"og:title\" content=\"Academy of Brain is expanding internationally as Spinverse and Gorilla Capital buy in\" \/>\n<meta property=\"og:description\" content=\"Press release 30th of January 2019 E-learning company Academy of Brain is expanding internationally. Innovation consultancy company Spinverse and venture capital fund Gorilla Capital invest in the company which wasRead More\" \/>\n<meta property=\"og:url\" content=\"https:\/\/academyofbrain.com\/en\/academy-of-brain-is-expanding-internationally-as-spinverse-and-gorilla-capital-buy-in\/\" \/>\n<meta property=\"og:site_name\" content=\"Academy of Brain\" \/>\n<meta property=\"article:publisher\" content=\"https:\/\/www.facebook.com\/academybrain\/\" \/>\n<meta property=\"article:modified_time\" content=\"2025-02-06T10:37:26+00:00\" \/>\n<meta name=\"twitter:card\" content=\"summary_large_image\" \/>\n<meta name=\"twitter:label1\" content=\"Est. reading time\" \/>\n\t<meta name=\"twitter:data1\" content=\"3 minutes\" \/>\n<script type=\"application\/ld+json\" class=\"yoast-schema-graph\">{\"@context\":\"https:\/\/schema.org\",\"@graph\":[{\"@type\":\"WebPage\",\"@id\":\"https:\/\/academyofbrain.com\/en\/academy-of-brain-is-expanding-internationally-as-spinverse-and-gorilla-capital-buy-in\/\",\"url\":\"https:\/\/academyofbrain.com\/en\/academy-of-brain-is-expanding-internationally-as-spinverse-and-gorilla-capital-buy-in\/\",\"name\":\"Academy of Brain is expanding internationally as Spinverse and Gorilla Capital buy in - Academy of Brain\",\"isPartOf\":{\"@id\":\"https:\/\/academyofbrain.com\/#website\"},\"datePublished\":\"2019-01-29T13:10:23+00:00\",\"dateModified\":\"2025-02-06T10:37:26+00:00\",\"breadcrumb\":{\"@id\":\"https:\/\/academyofbrain.com\/en\/academy-of-brain-is-expanding-internationally-as-spinverse-and-gorilla-capital-buy-in\/#breadcrumb\"},\"inLanguage\":\"en-US\",\"potentialAction\":[{\"@type\":\"ReadAction\",\"target\":[\"https:\/\/academyofbrain.com\/en\/academy-of-brain-is-expanding-internationally-as-spinverse-and-gorilla-capital-buy-in\/\"]}]},{\"@type\":\"BreadcrumbList\",\"@id\":\"https:\/\/academyofbrain.com\/en\/academy-of-brain-is-expanding-internationally-as-spinverse-and-gorilla-capital-buy-in\/#breadcrumb\",\"itemListElement\":[{\"@type\":\"ListItem\",\"position\":1,\"name\":\"Etusivu\",\"item\":\"https:\/\/academyofbrain.com\/en\/\"},{\"@type\":\"ListItem\",\"position\":2,\"name\":\"Academy of Brain is expanding internationally as Spinverse and Gorilla Capital buy in\"}]},{\"@type\":\"WebSite\",\"@id\":\"https:\/\/academyofbrain.com\/#website\",\"url\":\"https:\/\/academyofbrain.com\/\",\"name\":\"Academy of Brain\",\"description\":\"Kehit\u00e4mme ty\u00f6el\u00e4m\u00e4n ydintaitoja\",\"publisher\":{\"@id\":\"https:\/\/academyofbrain.com\/#organization\"},\"potentialAction\":[{\"@type\":\"SearchAction\",\"target\":{\"@type\":\"EntryPoint\",\"urlTemplate\":\"https:\/\/academyofbrain.com\/?s={search_term_string}\"},\"query-input\":{\"@type\":\"PropertyValueSpecification\",\"valueRequired\":true,\"valueName\":\"search_term_string\"}}],\"inLanguage\":\"en-US\"},{\"@type\":\"Organization\",\"@id\":\"https:\/\/academyofbrain.com\/#organization\",\"name\":\"Academy of Brain\",\"url\":\"https:\/\/academyofbrain.com\/\",\"logo\":{\"@type\":\"ImageObject\",\"inLanguage\":\"en-US\",\"@id\":\"https:\/\/academyofbrain.com\/#\/schema\/logo\/image\/\",\"url\":\"https:\/\/academyofbrain.com\/wp-content\/uploads\/2019\/12\/181217_AOB-logo_RGB_72dpi.png\",\"contentUrl\":\"https:\/\/academyofbrain.com\/wp-content\/uploads\/2019\/12\/181217_AOB-logo_RGB_72dpi.png\",\"width\":1500,\"height\":233,\"caption\":\"Academy of Brain\"},\"image\":{\"@id\":\"https:\/\/academyofbrain.com\/#\/schema\/logo\/image\/\"},\"sameAs\":[\"https:\/\/www.facebook.com\/academybrain\/\",\"https:\/\/www.instagram.com\/academyofbrain\/\",\"https:\/\/www.linkedin.com\/company\/academyofbrain\/\"]}]}<\/script>\n<!-- \/ Yoast SEO Premium plugin. -->","yoast_head_json":{"title":"Academy of Brain is expanding internationally as Spinverse and Gorilla Capital buy in - Academy of Brain","robots":{"index":"index","follow":"follow","max-snippet":"max-snippet:-1","max-image-preview":"max-image-preview:large","max-video-preview":"max-video-preview:-1"},"canonical":"https:\/\/academyofbrain.com\/en\/academy-of-brain-is-expanding-internationally-as-spinverse-and-gorilla-capital-buy-in\/","og_locale":"en_US","og_type":"article","og_title":"Academy of Brain is expanding internationally as Spinverse and Gorilla Capital buy in","og_description":"Press release 30th of January 2019 E-learning company Academy of Brain is expanding internationally. Innovation consultancy company Spinverse and venture capital fund Gorilla Capital invest in the company which wasRead More","og_url":"https:\/\/academyofbrain.com\/en\/academy-of-brain-is-expanding-internationally-as-spinverse-and-gorilla-capital-buy-in\/","og_site_name":"Academy of Brain","article_publisher":"https:\/\/www.facebook.com\/academybrain\/","article_modified_time":"2025-02-06T10:37:26+00:00","twitter_card":"summary_large_image","twitter_misc":{"Est. reading time":"3 minutes"},"schema":{"@context":"https:\/\/schema.org","@graph":[{"@type":"WebPage","@id":"https:\/\/academyofbrain.com\/en\/academy-of-brain-is-expanding-internationally-as-spinverse-and-gorilla-capital-buy-in\/","url":"https:\/\/academyofbrain.com\/en\/academy-of-brain-is-expanding-internationally-as-spinverse-and-gorilla-capital-buy-in\/","name":"Academy of Brain is expanding internationally as Spinverse and Gorilla Capital buy in - Academy of Brain","isPartOf":{"@id":"https:\/\/academyofbrain.com\/#website"},"datePublished":"2019-01-29T13:10:23+00:00","dateModified":"2025-02-06T10:37:26+00:00","breadcrumb":{"@id":"https:\/\/academyofbrain.com\/en\/academy-of-brain-is-expanding-internationally-as-spinverse-and-gorilla-capital-buy-in\/#breadcrumb"},"inLanguage":"en-US","potentialAction":[{"@type":"ReadAction","target":["https:\/\/academyofbrain.com\/en\/academy-of-brain-is-expanding-internationally-as-spinverse-and-gorilla-capital-buy-in\/"]}]},{"@type":"BreadcrumbList","@id":"https:\/\/academyofbrain.com\/en\/academy-of-brain-is-expanding-internationally-as-spinverse-and-gorilla-capital-buy-in\/#breadcrumb","itemListElement":[{"@type":"ListItem","position":1,"name":"Etusivu","item":"https:\/\/academyofbrain.com\/en\/"},{"@type":"ListItem","position":2,"name":"Academy of Brain is expanding internationally as Spinverse and Gorilla Capital buy in"}]},{"@type":"WebSite","@id":"https:\/\/academyofbrain.com\/#website","url":"https:\/\/academyofbrain.com\/","name":"Academy of Brain","description":"Kehit\u00e4mme ty\u00f6el\u00e4m\u00e4n ydintaitoja","publisher":{"@id":"https:\/\/academyofbrain.com\/#organization"},"potentialAction":[{"@type":"SearchAction","target":{"@type":"EntryPoint","urlTemplate":"https:\/\/academyofbrain.com\/?s={search_term_string}"},"query-input":{"@type":"PropertyValueSpecification","valueRequired":true,"valueName":"search_term_string"}}],"inLanguage":"en-US"},{"@type":"Organization","@id":"https:\/\/academyofbrain.com\/#organization","name":"Academy of Brain","url":"https:\/\/academyofbrain.com\/","logo":{"@type":"ImageObject","inLanguage":"en-US","@id":"https:\/\/academyofbrain.com\/#\/schema\/logo\/image\/","url":"https:\/\/academyofbrain.com\/wp-content\/uploads\/2019\/12\/181217_AOB-logo_RGB_72dpi.png","contentUrl":"https:\/\/academyofbrain.com\/wp-content\/uploads\/2019\/12\/181217_AOB-logo_RGB_72dpi.png","width":1500,"height":233,"caption":"Academy of Brain"},"image":{"@id":"https:\/\/academyofbrain.com\/#\/schema\/logo\/image\/"},"sameAs":["https:\/\/www.facebook.com\/academybrain\/","https:\/\/www.instagram.com\/academyofbrain\/","https:\/\/www.linkedin.com\/company\/academyofbrain\/"]}]}},"_links":{"self":[{"href":"https:\/\/academyofbrain.com\/en\/wp-json\/wp\/v2\/pages\/1500","targetHints":{"allow":["GET"]}}],"collection":[{"href":"https:\/\/academyofbrain.com\/en\/wp-json\/wp\/v2\/pages"}],"about":[{"href":"https:\/\/academyofbrain.com\/en\/wp-json\/wp\/v2\/types\/page"}],"author":[{"embeddable":true,"href":"https:\/\/academyofbrain.com\/en\/wp-json\/wp\/v2\/users\/1463"}],"replies":[{"embeddable":true,"href":"https:\/\/academyofbrain.com\/en\/wp-json\/wp\/v2\/comments?post=1500"}],"version-history":[{"count":5,"href":"https:\/\/academyofbrain.com\/en\/wp-json\/wp\/v2\/pages\/1500\/revisions"}],"predecessor-version":[{"id":1934,"href":"https:\/\/academyofbrain.com\/en\/wp-json\/wp\/v2\/pages\/1500\/revisions\/1934"}],"wp:attachment":[{"href":"https:\/\/academyofbrain.com\/en\/wp-json\/wp\/v2\/media?parent=1500"}],"curies":[{"name":"wp","href":"https:\/\/api.w.org\/{rel}","templated":true}]}}