{"id":1495,"date":"2019-01-25T14:46:04","date_gmt":"2019-01-25T12:46:04","guid":{"rendered":"https:\/\/academyofbrain.com\/?page_id=1495"},"modified":"2025-02-06T12:52:29","modified_gmt":"2025-02-06T10:52:29","slug":"the-siili-brain-train","status":"publish","type":"page","link":"https:\/\/academyofbrain.com\/en\/the-siili-brain-train\/","title":{"rendered":"The Siili Brain Train!"},"content":{"rendered":"<p>&nbsp;<\/p>\n<h3>TOP TRAINERS IN YOUR MOBILE<\/h3>\n<p>Well hello there, Siili! Continuous learning is vital to us siilis, and when it comes to well-being, we want to give you all the tools possible.<\/p>\n<p>All siilis are now offered a year\u2019s membership of the Academy of Brain online training \u2013 now is your chance to train your brain!<\/p>\n<p>As a member, you can access online trainings on topics such as well-being, self-management, and work-life skills. Academy of Brain\u2019s online trainings include videos, exercises, surveys, and text content. Learn online on your own schedule!<\/p>\n<p>The online trainings are based on scientific research, expertise and years of practical experience. Academy of Brain\u2019s advisory board ensures the quality of the tutorials creating the best learning experience for you! The board consists of three members: Psychologist Ph.D. Ville Ojanen, Leadership coach Jarmo Manner and Professor of Educational Sciences, Minna Huotilainen.<\/p>\n<p><img loading=\"lazy\" decoding=\"async\" class=\"alignnone wp-image-7690\" src=\"https:\/\/academyofbrain.com\/wp-content\/uploads\/2020\/09\/Na\u0308ytto\u0308kuva-2020-09-04-kello-11.52.47-300x107.png\" alt=\"\" width=\"505\" height=\"180\" srcset=\"https:\/\/academyofbrain.com\/wp-content\/uploads\/2020\/09\/Na\u0308ytto\u0308kuva-2020-09-04-kello-11.52.47-300x107.png 300w, https:\/\/academyofbrain.com\/wp-content\/uploads\/2020\/09\/Na\u0308ytto\u0308kuva-2020-09-04-kello-11.52.47-1024x364.png 1024w, https:\/\/academyofbrain.com\/wp-content\/uploads\/2020\/09\/Na\u0308ytto\u0308kuva-2020-09-04-kello-11.52.47-768x273.png 768w, https:\/\/academyofbrain.com\/wp-content\/uploads\/2020\/09\/Na\u0308ytto\u0308kuva-2020-09-04-kello-11.52.47-141x50.png 141w, https:\/\/academyofbrain.com\/wp-content\/uploads\/2020\/09\/Na\u0308ytto\u0308kuva-2020-09-04-kello-11.52.47-650x231.png 650w, https:\/\/academyofbrain.com\/wp-content\/uploads\/2020\/09\/Na\u0308ytto\u0308kuva-2020-09-04-kello-11.52.47-1000x355.png 1000w, https:\/\/academyofbrain.com\/wp-content\/uploads\/2020\/09\/Na\u0308ytto\u0308kuva-2020-09-04-kello-11.52.47-50x18.png 50w, https:\/\/academyofbrain.com\/wp-content\/uploads\/2020\/09\/Na\u0308ytto\u0308kuva-2020-09-04-kello-11.52.47.png 1095w\" sizes=\"auto, (max-width: 505px) 100vw, 505px\" \/><\/p>\n<h4><strong>FORWARD &#8211; Support for Your everyday life and remote work<\/strong><\/h4>\n<p>We want to provide an online training learning track to support your wellbeing in the midst of a revolutionary everyday life caused by the Corona virus. In this learning track you will be able to improve your sleep, recovery, everyday mind skills, resilience and digital interaction skills.<\/p>\n<h4>Let&#8217;s Train your Brain &#8211; Join the Siili BrainTrain!<\/h4>\n<p>Purchase your membership here. The membership is non-binding and will be automatically deactivated after 12 months.<\/p>\n<p><strong>Enter the discount code you got from Siili, and you will get a free membership!<\/strong><\/p>\n<p class=\"has-text-color has-luminous-vivid-amber-color\">[paytrail_payment price=&#8221;129&#8243; team_id=&#8221;11385&#8243; discount_code=&#8221;SiiliALE&#8221; discount_percent=&#8221;100&#8243; lang=&#8221;en&#8221;]<\/p>\n<p>&nbsp;<\/p>\n<p class=\"has-text-color has-luminous-vivid-amber-color\">\n<div style=\"display:table-column;\">\n<\/div>\n<div style=\"display: none;\">\n<\/div>\n<div style=\"display:table-column;\">\n<\/div>\n<div style=\"display: none;\">\n<\/div>\n<div id=\"link\">\n<\/div>\n<div style=\"display:table-column;\">\n<\/div>\n","protected":false},"excerpt":{"rendered":"<p>&nbsp; TOP TRAINERS IN YOUR MOBILE Well hello there, Siili! Continuous learning is vital to us siilis, and when it comes to well-being, we want to give you all the<\/p>\n<div><a href=\"https:\/\/academyofbrain.com\/en\/the-siili-brain-train\/\" class=\"exp-read-more exp-read-more-underlined\">Read More<\/a><\/div>\n","protected":false},"author":1463,"featured_media":1256,"parent":0,"menu_order":0,"comment_status":"closed","ping_status":"closed","template":"","meta":{"content-type":"","footnotes":""},"class_list":["post-1495","page","type-page","status-publish","has-post-thumbnail","hentry"],"yoast_head":"<!-- This site is optimized with the Yoast SEO Premium plugin v20.9 (Yoast SEO v27.0) - https:\/\/yoast.com\/product\/yoast-seo-premium-wordpress\/ -->\n<title>The Siili Brain Train! - Academy of Brain<\/title>\n<meta name=\"robots\" content=\"index, follow, max-snippet:-1, max-image-preview:large, max-video-preview:-1\" \/>\n<link rel=\"canonical\" href=\"https:\/\/academyofbrain.com\/en\/the-siili-brain-train\/\" \/>\n<meta property=\"og:locale\" content=\"en_US\" \/>\n<meta property=\"og:type\" content=\"article\" \/>\n<meta property=\"og:title\" content=\"The Siili Brain Train!\" \/>\n<meta property=\"og:description\" content=\"&nbsp; TOP TRAINERS IN YOUR MOBILE Well hello there, Siili! Continuous learning is vital to us siilis, and when it comes to well-being, we want to give you all theRead More\" \/>\n<meta property=\"og:url\" content=\"https:\/\/academyofbrain.com\/en\/the-siili-brain-train\/\" \/>\n<meta property=\"og:site_name\" content=\"Academy of Brain\" \/>\n<meta property=\"article:publisher\" content=\"https:\/\/www.facebook.com\/academybrain\/\" \/>\n<meta property=\"article:modified_time\" content=\"2025-02-06T10:52:29+00:00\" \/>\n<meta property=\"og:image\" content=\"https:\/\/academyofbrain.com\/wp-content\/uploads\/2019\/01\/online-training.jpg\" \/>\n\t<meta property=\"og:image:width\" content=\"1920\" \/>\n\t<meta property=\"og:image:height\" content=\"1280\" \/>\n\t<meta property=\"og:image:type\" content=\"image\/jpeg\" \/>\n<meta name=\"twitter:card\" content=\"summary_large_image\" \/>\n<meta name=\"twitter:label1\" content=\"Est. reading time\" \/>\n\t<meta name=\"twitter:data1\" content=\"2 minutes\" \/>\n<script type=\"application\/ld+json\" class=\"yoast-schema-graph\">{\"@context\":\"https:\/\/schema.org\",\"@graph\":[{\"@type\":\"WebPage\",\"@id\":\"https:\/\/academyofbrain.com\/en\/the-siili-brain-train\/\",\"url\":\"https:\/\/academyofbrain.com\/en\/the-siili-brain-train\/\",\"name\":\"The Siili Brain Train! - Academy of Brain\",\"isPartOf\":{\"@id\":\"https:\/\/academyofbrain.com\/#website\"},\"primaryImageOfPage\":{\"@id\":\"https:\/\/academyofbrain.com\/en\/the-siili-brain-train\/#primaryimage\"},\"image\":{\"@id\":\"https:\/\/academyofbrain.com\/en\/the-siili-brain-train\/#primaryimage\"},\"thumbnailUrl\":\"https:\/\/academyofbrain.com\/wp-content\/uploads\/2019\/01\/online-training.jpg\",\"datePublished\":\"2019-01-25T12:46:04+00:00\",\"dateModified\":\"2025-02-06T10:52:29+00:00\",\"breadcrumb\":{\"@id\":\"https:\/\/academyofbrain.com\/en\/the-siili-brain-train\/#breadcrumb\"},\"inLanguage\":\"en-US\",\"potentialAction\":[{\"@type\":\"ReadAction\",\"target\":[\"https:\/\/academyofbrain.com\/en\/the-siili-brain-train\/\"]}]},{\"@type\":\"ImageObject\",\"inLanguage\":\"en-US\",\"@id\":\"https:\/\/academyofbrain.com\/en\/the-siili-brain-train\/#primaryimage\",\"url\":\"https:\/\/academyofbrain.com\/wp-content\/uploads\/2019\/01\/online-training.jpg\",\"contentUrl\":\"https:\/\/academyofbrain.com\/wp-content\/uploads\/2019\/01\/online-training.jpg\",\"width\":1920,\"height\":1280},{\"@type\":\"BreadcrumbList\",\"@id\":\"https:\/\/academyofbrain.com\/en\/the-siili-brain-train\/#breadcrumb\",\"itemListElement\":[{\"@type\":\"ListItem\",\"position\":1,\"name\":\"Etusivu\",\"item\":\"https:\/\/academyofbrain.com\/en\/\"},{\"@type\":\"ListItem\",\"position\":2,\"name\":\"The Siili Brain Train!\"}]},{\"@type\":\"WebSite\",\"@id\":\"https:\/\/academyofbrain.com\/#website\",\"url\":\"https:\/\/academyofbrain.com\/\",\"name\":\"Academy of Brain\",\"description\":\"Kehit\u00e4mme ty\u00f6el\u00e4m\u00e4n ydintaitoja\",\"publisher\":{\"@id\":\"https:\/\/academyofbrain.com\/#organization\"},\"potentialAction\":[{\"@type\":\"SearchAction\",\"target\":{\"@type\":\"EntryPoint\",\"urlTemplate\":\"https:\/\/academyofbrain.com\/?s={search_term_string}\"},\"query-input\":{\"@type\":\"PropertyValueSpecification\",\"valueRequired\":true,\"valueName\":\"search_term_string\"}}],\"inLanguage\":\"en-US\"},{\"@type\":\"Organization\",\"@id\":\"https:\/\/academyofbrain.com\/#organization\",\"name\":\"Academy of Brain\",\"url\":\"https:\/\/academyofbrain.com\/\",\"logo\":{\"@type\":\"ImageObject\",\"inLanguage\":\"en-US\",\"@id\":\"https:\/\/academyofbrain.com\/#\/schema\/logo\/image\/\",\"url\":\"https:\/\/academyofbrain.com\/wp-content\/uploads\/2019\/12\/181217_AOB-logo_RGB_72dpi.png\",\"contentUrl\":\"https:\/\/academyofbrain.com\/wp-content\/uploads\/2019\/12\/181217_AOB-logo_RGB_72dpi.png\",\"width\":1500,\"height\":233,\"caption\":\"Academy of Brain\"},\"image\":{\"@id\":\"https:\/\/academyofbrain.com\/#\/schema\/logo\/image\/\"},\"sameAs\":[\"https:\/\/www.facebook.com\/academybrain\/\",\"https:\/\/www.instagram.com\/academyofbrain\/\",\"https:\/\/www.linkedin.com\/company\/academyofbrain\/\"]}]}<\/script>\n<!-- \/ Yoast SEO Premium plugin. -->","yoast_head_json":{"title":"The Siili Brain Train! - Academy of Brain","robots":{"index":"index","follow":"follow","max-snippet":"max-snippet:-1","max-image-preview":"max-image-preview:large","max-video-preview":"max-video-preview:-1"},"canonical":"https:\/\/academyofbrain.com\/en\/the-siili-brain-train\/","og_locale":"en_US","og_type":"article","og_title":"The Siili Brain Train!","og_description":"&nbsp; TOP TRAINERS IN YOUR MOBILE Well hello there, Siili! Continuous learning is vital to us siilis, and when it comes to well-being, we want to give you all theRead More","og_url":"https:\/\/academyofbrain.com\/en\/the-siili-brain-train\/","og_site_name":"Academy of Brain","article_publisher":"https:\/\/www.facebook.com\/academybrain\/","article_modified_time":"2025-02-06T10:52:29+00:00","og_image":[{"width":1920,"height":1280,"url":"https:\/\/academyofbrain.com\/wp-content\/uploads\/2019\/01\/online-training.jpg","type":"image\/jpeg"}],"twitter_card":"summary_large_image","twitter_misc":{"Est. reading time":"2 minutes"},"schema":{"@context":"https:\/\/schema.org","@graph":[{"@type":"WebPage","@id":"https:\/\/academyofbrain.com\/en\/the-siili-brain-train\/","url":"https:\/\/academyofbrain.com\/en\/the-siili-brain-train\/","name":"The Siili Brain Train! - Academy of Brain","isPartOf":{"@id":"https:\/\/academyofbrain.com\/#website"},"primaryImageOfPage":{"@id":"https:\/\/academyofbrain.com\/en\/the-siili-brain-train\/#primaryimage"},"image":{"@id":"https:\/\/academyofbrain.com\/en\/the-siili-brain-train\/#primaryimage"},"thumbnailUrl":"https:\/\/academyofbrain.com\/wp-content\/uploads\/2019\/01\/online-training.jpg","datePublished":"2019-01-25T12:46:04+00:00","dateModified":"2025-02-06T10:52:29+00:00","breadcrumb":{"@id":"https:\/\/academyofbrain.com\/en\/the-siili-brain-train\/#breadcrumb"},"inLanguage":"en-US","potentialAction":[{"@type":"ReadAction","target":["https:\/\/academyofbrain.com\/en\/the-siili-brain-train\/"]}]},{"@type":"ImageObject","inLanguage":"en-US","@id":"https:\/\/academyofbrain.com\/en\/the-siili-brain-train\/#primaryimage","url":"https:\/\/academyofbrain.com\/wp-content\/uploads\/2019\/01\/online-training.jpg","contentUrl":"https:\/\/academyofbrain.com\/wp-content\/uploads\/2019\/01\/online-training.jpg","width":1920,"height":1280},{"@type":"BreadcrumbList","@id":"https:\/\/academyofbrain.com\/en\/the-siili-brain-train\/#breadcrumb","itemListElement":[{"@type":"ListItem","position":1,"name":"Etusivu","item":"https:\/\/academyofbrain.com\/en\/"},{"@type":"ListItem","position":2,"name":"The Siili Brain Train!"}]},{"@type":"WebSite","@id":"https:\/\/academyofbrain.com\/#website","url":"https:\/\/academyofbrain.com\/","name":"Academy of Brain","description":"Kehit\u00e4mme ty\u00f6el\u00e4m\u00e4n ydintaitoja","publisher":{"@id":"https:\/\/academyofbrain.com\/#organization"},"potentialAction":[{"@type":"SearchAction","target":{"@type":"EntryPoint","urlTemplate":"https:\/\/academyofbrain.com\/?s={search_term_string}"},"query-input":{"@type":"PropertyValueSpecification","valueRequired":true,"valueName":"search_term_string"}}],"inLanguage":"en-US"},{"@type":"Organization","@id":"https:\/\/academyofbrain.com\/#organization","name":"Academy of Brain","url":"https:\/\/academyofbrain.com\/","logo":{"@type":"ImageObject","inLanguage":"en-US","@id":"https:\/\/academyofbrain.com\/#\/schema\/logo\/image\/","url":"https:\/\/academyofbrain.com\/wp-content\/uploads\/2019\/12\/181217_AOB-logo_RGB_72dpi.png","contentUrl":"https:\/\/academyofbrain.com\/wp-content\/uploads\/2019\/12\/181217_AOB-logo_RGB_72dpi.png","width":1500,"height":233,"caption":"Academy of Brain"},"image":{"@id":"https:\/\/academyofbrain.com\/#\/schema\/logo\/image\/"},"sameAs":["https:\/\/www.facebook.com\/academybrain\/","https:\/\/www.instagram.com\/academyofbrain\/","https:\/\/www.linkedin.com\/company\/academyofbrain\/"]}]}},"_links":{"self":[{"href":"https:\/\/academyofbrain.com\/en\/wp-json\/wp\/v2\/pages\/1495","targetHints":{"allow":["GET"]}}],"collection":[{"href":"https:\/\/academyofbrain.com\/en\/wp-json\/wp\/v2\/pages"}],"about":[{"href":"https:\/\/academyofbrain.com\/en\/wp-json\/wp\/v2\/types\/page"}],"author":[{"embeddable":true,"href":"https:\/\/academyofbrain.com\/en\/wp-json\/wp\/v2\/users\/1463"}],"replies":[{"embeddable":true,"href":"https:\/\/academyofbrain.com\/en\/wp-json\/wp\/v2\/comments?post=1495"}],"version-history":[{"count":26,"href":"https:\/\/academyofbrain.com\/en\/wp-json\/wp\/v2\/pages\/1495\/revisions"}],"predecessor-version":[{"id":7816,"href":"https:\/\/academyofbrain.com\/en\/wp-json\/wp\/v2\/pages\/1495\/revisions\/7816"}],"wp:featuredmedia":[{"embeddable":true,"href":"https:\/\/academyofbrain.com\/en\/wp-json\/wp\/v2\/media\/1256"}],"wp:attachment":[{"href":"https:\/\/academyofbrain.com\/en\/wp-json\/wp\/v2\/media?parent=1495"}],"curies":[{"name":"wp","href":"https:\/\/api.w.org\/{rel}","templated":true}]}}