{"id":1483,"date":"2018-08-29T15:23:07","date_gmt":"2018-08-29T12:23:07","guid":{"rendered":"https:\/\/academyofbrain.com\/?page_id=1483"},"modified":"2025-02-06T12:46:35","modified_gmt":"2025-02-06T10:46:35","slug":"understanding-personality-types-at-work","status":"publish","type":"page","link":"https:\/\/academyofbrain.com\/en\/interaction-and-management-skills\/understanding-personality-types-at-work\/","title":{"rendered":"Understanding personality types at work"},"content":{"rendered":"<h4>Understanding personality types at work \u2013 a better understanding of yourself and others!<\/h4>\n<p>This training presents a working life perspective on the best-known personality theory &#8211; the BIG5 approach to various personality traits.\u00a0\u00a0The objective of this training is to increase your self-awareness and understanding of different personality traits to enable good collaboration.<\/p>\n<p>Understanding personality types in working life is especially important for three reasons:<\/p>\n<ul>\n<li>Self-awareness presents a better opportunity to get through the day with positive results<\/li>\n<li>You\u2019ll understand others and the differences between them<\/li>\n<li>You\u2019ll be able to evaluate the suitability of work tasks and roles for yourself<\/li>\n<\/ul>\n<p>The trainer is psychologist Ph.D., Ville Ojanen. Welcome abroad!<\/p>\n<h5>Training structure:<\/h5>\n<h6>Module\u00a01: Introduction<\/h6>\n<h6>Module 2: Need for Stability<\/h6>\n<h6>Module 3: Extraversion<\/h6>\n<h6>Module 4: Originality<\/h6>\n<h6>Module 5: Agreeableness<\/h6>\n<h6>Module 6: Conscientiousness<\/h6>\n<h6>Module 7: Understanding Diversity<\/h6>\n<h6>Module 8: Summary<\/h6>\n<p>&nbsp;<\/p>\n<div style=\"display:table-column;\">\n<\/div>\n<div style=\"display: none;\">\n<\/div>\n<div style=\"display:table-column;\">\n<\/div>\n<div style=\"display: none;\">\n<\/div>\n<div id=\"link\">\n<\/div>\n<div style=\"display:table-column;\">\n<\/div>\n","protected":false},"excerpt":{"rendered":"<p>Understanding personality types at work \u2013 a better understanding of yourself and others! This training presents a working life perspective on the best-known personality theory &#8211; the BIG5 approach to<\/p>\n<div><a href=\"https:\/\/academyofbrain.com\/en\/interaction-and-management-skills\/understanding-personality-types-at-work\/\" class=\"exp-read-more exp-read-more-underlined\">Read More<\/a><\/div>\n","protected":false},"author":1463,"featured_media":1174,"parent":1536,"menu_order":5,"comment_status":"closed","ping_status":"closed","template":"","meta":{"content-type":"","footnotes":""},"class_list":["post-1483","page","type-page","status-publish","has-post-thumbnail","hentry"],"yoast_head":"<!-- This site is optimized with the Yoast SEO Premium plugin v20.9 (Yoast SEO v27.0) - https:\/\/yoast.com\/product\/yoast-seo-premium-wordpress\/ -->\n<title>Understanding personality types at work - Academy of Brain<\/title>\n<meta name=\"robots\" content=\"index, follow, max-snippet:-1, max-image-preview:large, max-video-preview:-1\" \/>\n<link rel=\"canonical\" href=\"https:\/\/academyofbrain.com\/en\/interaction-and-management-skills\/understanding-personality-types-at-work\/\" \/>\n<meta property=\"og:locale\" content=\"en_US\" \/>\n<meta property=\"og:type\" content=\"article\" \/>\n<meta property=\"og:title\" content=\"Understanding personality types at work\" \/>\n<meta property=\"og:description\" content=\"Understanding personality types at work \u2013 a better understanding of yourself and others! This training presents a working life perspective on the best-known personality theory &#8211; the BIG5 approach toRead More\" \/>\n<meta property=\"og:url\" content=\"https:\/\/academyofbrain.com\/en\/interaction-and-management-skills\/understanding-personality-types-at-work\/\" \/>\n<meta property=\"og:site_name\" content=\"Academy of Brain\" \/>\n<meta property=\"article:publisher\" content=\"https:\/\/www.facebook.com\/academybrain\/\" \/>\n<meta property=\"article:modified_time\" content=\"2025-02-06T10:46:35+00:00\" \/>\n<meta property=\"og:image\" content=\"https:\/\/academyofbrain.com\/wp-content\/uploads\/2018\/08\/persoonallisuus-1.jpeg\" \/>\n\t<meta property=\"og:image:width\" content=\"1920\" \/>\n\t<meta property=\"og:image:height\" content=\"1280\" \/>\n\t<meta property=\"og:image:type\" content=\"image\/jpeg\" \/>\n<meta name=\"twitter:card\" content=\"summary_large_image\" \/>\n<meta name=\"twitter:label1\" content=\"Est. reading time\" \/>\n\t<meta name=\"twitter:data1\" content=\"2 minutes\" \/>\n<script type=\"application\/ld+json\" class=\"yoast-schema-graph\">{\"@context\":\"https:\/\/schema.org\",\"@graph\":[{\"@type\":\"WebPage\",\"@id\":\"https:\/\/academyofbrain.com\/en\/interaction-and-management-skills\/understanding-personality-types-at-work\/\",\"url\":\"https:\/\/academyofbrain.com\/en\/interaction-and-management-skills\/understanding-personality-types-at-work\/\",\"name\":\"Understanding personality types at work - Academy of Brain\",\"isPartOf\":{\"@id\":\"https:\/\/academyofbrain.com\/#website\"},\"primaryImageOfPage\":{\"@id\":\"https:\/\/academyofbrain.com\/en\/interaction-and-management-skills\/understanding-personality-types-at-work\/#primaryimage\"},\"image\":{\"@id\":\"https:\/\/academyofbrain.com\/en\/interaction-and-management-skills\/understanding-personality-types-at-work\/#primaryimage\"},\"thumbnailUrl\":\"https:\/\/academyofbrain.com\/wp-content\/uploads\/2018\/08\/persoonallisuus-1.jpeg\",\"datePublished\":\"2018-08-29T12:23:07+00:00\",\"dateModified\":\"2025-02-06T10:46:35+00:00\",\"breadcrumb\":{\"@id\":\"https:\/\/academyofbrain.com\/en\/interaction-and-management-skills\/understanding-personality-types-at-work\/#breadcrumb\"},\"inLanguage\":\"en-US\",\"potentialAction\":[{\"@type\":\"ReadAction\",\"target\":[\"https:\/\/academyofbrain.com\/en\/interaction-and-management-skills\/understanding-personality-types-at-work\/\"]}]},{\"@type\":\"ImageObject\",\"inLanguage\":\"en-US\",\"@id\":\"https:\/\/academyofbrain.com\/en\/interaction-and-management-skills\/understanding-personality-types-at-work\/#primaryimage\",\"url\":\"https:\/\/academyofbrain.com\/wp-content\/uploads\/2018\/08\/persoonallisuus-1.jpeg\",\"contentUrl\":\"https:\/\/academyofbrain.com\/wp-content\/uploads\/2018\/08\/persoonallisuus-1.jpeg\",\"width\":1920,\"height\":1280},{\"@type\":\"BreadcrumbList\",\"@id\":\"https:\/\/academyofbrain.com\/en\/interaction-and-management-skills\/understanding-personality-types-at-work\/#breadcrumb\",\"itemListElement\":[{\"@type\":\"ListItem\",\"position\":1,\"name\":\"Etusivu\",\"item\":\"https:\/\/academyofbrain.com\/en\/\"},{\"@type\":\"ListItem\",\"position\":2,\"name\":\"Interaction and Management Skills\",\"item\":\"https:\/\/academyofbrain.com\/en\/interaction-and-management-skills\/\"},{\"@type\":\"ListItem\",\"position\":3,\"name\":\"Understanding personality types at work\"}]},{\"@type\":\"WebSite\",\"@id\":\"https:\/\/academyofbrain.com\/#website\",\"url\":\"https:\/\/academyofbrain.com\/\",\"name\":\"Academy of Brain\",\"description\":\"Kehit\u00e4mme ty\u00f6el\u00e4m\u00e4n ydintaitoja\",\"publisher\":{\"@id\":\"https:\/\/academyofbrain.com\/#organization\"},\"potentialAction\":[{\"@type\":\"SearchAction\",\"target\":{\"@type\":\"EntryPoint\",\"urlTemplate\":\"https:\/\/academyofbrain.com\/?s={search_term_string}\"},\"query-input\":{\"@type\":\"PropertyValueSpecification\",\"valueRequired\":true,\"valueName\":\"search_term_string\"}}],\"inLanguage\":\"en-US\"},{\"@type\":\"Organization\",\"@id\":\"https:\/\/academyofbrain.com\/#organization\",\"name\":\"Academy of Brain\",\"url\":\"https:\/\/academyofbrain.com\/\",\"logo\":{\"@type\":\"ImageObject\",\"inLanguage\":\"en-US\",\"@id\":\"https:\/\/academyofbrain.com\/#\/schema\/logo\/image\/\",\"url\":\"https:\/\/academyofbrain.com\/wp-content\/uploads\/2019\/12\/181217_AOB-logo_RGB_72dpi.png\",\"contentUrl\":\"https:\/\/academyofbrain.com\/wp-content\/uploads\/2019\/12\/181217_AOB-logo_RGB_72dpi.png\",\"width\":1500,\"height\":233,\"caption\":\"Academy of Brain\"},\"image\":{\"@id\":\"https:\/\/academyofbrain.com\/#\/schema\/logo\/image\/\"},\"sameAs\":[\"https:\/\/www.facebook.com\/academybrain\/\",\"https:\/\/www.instagram.com\/academyofbrain\/\",\"https:\/\/www.linkedin.com\/company\/academyofbrain\/\"]}]}<\/script>\n<!-- \/ Yoast SEO Premium plugin. -->","yoast_head_json":{"title":"Understanding personality types at work - Academy of Brain","robots":{"index":"index","follow":"follow","max-snippet":"max-snippet:-1","max-image-preview":"max-image-preview:large","max-video-preview":"max-video-preview:-1"},"canonical":"https:\/\/academyofbrain.com\/en\/interaction-and-management-skills\/understanding-personality-types-at-work\/","og_locale":"en_US","og_type":"article","og_title":"Understanding personality types at work","og_description":"Understanding personality types at work \u2013 a better understanding of yourself and others! This training presents a working life perspective on the best-known personality theory &#8211; the BIG5 approach toRead More","og_url":"https:\/\/academyofbrain.com\/en\/interaction-and-management-skills\/understanding-personality-types-at-work\/","og_site_name":"Academy of Brain","article_publisher":"https:\/\/www.facebook.com\/academybrain\/","article_modified_time":"2025-02-06T10:46:35+00:00","og_image":[{"width":1920,"height":1280,"url":"https:\/\/academyofbrain.com\/wp-content\/uploads\/2018\/08\/persoonallisuus-1.jpeg","type":"image\/jpeg"}],"twitter_card":"summary_large_image","twitter_misc":{"Est. reading time":"2 minutes"},"schema":{"@context":"https:\/\/schema.org","@graph":[{"@type":"WebPage","@id":"https:\/\/academyofbrain.com\/en\/interaction-and-management-skills\/understanding-personality-types-at-work\/","url":"https:\/\/academyofbrain.com\/en\/interaction-and-management-skills\/understanding-personality-types-at-work\/","name":"Understanding personality types at work - Academy of Brain","isPartOf":{"@id":"https:\/\/academyofbrain.com\/#website"},"primaryImageOfPage":{"@id":"https:\/\/academyofbrain.com\/en\/interaction-and-management-skills\/understanding-personality-types-at-work\/#primaryimage"},"image":{"@id":"https:\/\/academyofbrain.com\/en\/interaction-and-management-skills\/understanding-personality-types-at-work\/#primaryimage"},"thumbnailUrl":"https:\/\/academyofbrain.com\/wp-content\/uploads\/2018\/08\/persoonallisuus-1.jpeg","datePublished":"2018-08-29T12:23:07+00:00","dateModified":"2025-02-06T10:46:35+00:00","breadcrumb":{"@id":"https:\/\/academyofbrain.com\/en\/interaction-and-management-skills\/understanding-personality-types-at-work\/#breadcrumb"},"inLanguage":"en-US","potentialAction":[{"@type":"ReadAction","target":["https:\/\/academyofbrain.com\/en\/interaction-and-management-skills\/understanding-personality-types-at-work\/"]}]},{"@type":"ImageObject","inLanguage":"en-US","@id":"https:\/\/academyofbrain.com\/en\/interaction-and-management-skills\/understanding-personality-types-at-work\/#primaryimage","url":"https:\/\/academyofbrain.com\/wp-content\/uploads\/2018\/08\/persoonallisuus-1.jpeg","contentUrl":"https:\/\/academyofbrain.com\/wp-content\/uploads\/2018\/08\/persoonallisuus-1.jpeg","width":1920,"height":1280},{"@type":"BreadcrumbList","@id":"https:\/\/academyofbrain.com\/en\/interaction-and-management-skills\/understanding-personality-types-at-work\/#breadcrumb","itemListElement":[{"@type":"ListItem","position":1,"name":"Etusivu","item":"https:\/\/academyofbrain.com\/en\/"},{"@type":"ListItem","position":2,"name":"Interaction and Management Skills","item":"https:\/\/academyofbrain.com\/en\/interaction-and-management-skills\/"},{"@type":"ListItem","position":3,"name":"Understanding personality types at work"}]},{"@type":"WebSite","@id":"https:\/\/academyofbrain.com\/#website","url":"https:\/\/academyofbrain.com\/","name":"Academy of Brain","description":"Kehit\u00e4mme ty\u00f6el\u00e4m\u00e4n ydintaitoja","publisher":{"@id":"https:\/\/academyofbrain.com\/#organization"},"potentialAction":[{"@type":"SearchAction","target":{"@type":"EntryPoint","urlTemplate":"https:\/\/academyofbrain.com\/?s={search_term_string}"},"query-input":{"@type":"PropertyValueSpecification","valueRequired":true,"valueName":"search_term_string"}}],"inLanguage":"en-US"},{"@type":"Organization","@id":"https:\/\/academyofbrain.com\/#organization","name":"Academy of Brain","url":"https:\/\/academyofbrain.com\/","logo":{"@type":"ImageObject","inLanguage":"en-US","@id":"https:\/\/academyofbrain.com\/#\/schema\/logo\/image\/","url":"https:\/\/academyofbrain.com\/wp-content\/uploads\/2019\/12\/181217_AOB-logo_RGB_72dpi.png","contentUrl":"https:\/\/academyofbrain.com\/wp-content\/uploads\/2019\/12\/181217_AOB-logo_RGB_72dpi.png","width":1500,"height":233,"caption":"Academy of Brain"},"image":{"@id":"https:\/\/academyofbrain.com\/#\/schema\/logo\/image\/"},"sameAs":["https:\/\/www.facebook.com\/academybrain\/","https:\/\/www.instagram.com\/academyofbrain\/","https:\/\/www.linkedin.com\/company\/academyofbrain\/"]}]}},"_links":{"self":[{"href":"https:\/\/academyofbrain.com\/en\/wp-json\/wp\/v2\/pages\/1483","targetHints":{"allow":["GET"]}}],"collection":[{"href":"https:\/\/academyofbrain.com\/en\/wp-json\/wp\/v2\/pages"}],"about":[{"href":"https:\/\/academyofbrain.com\/en\/wp-json\/wp\/v2\/types\/page"}],"author":[{"embeddable":true,"href":"https:\/\/academyofbrain.com\/en\/wp-json\/wp\/v2\/users\/1463"}],"replies":[{"embeddable":true,"href":"https:\/\/academyofbrain.com\/en\/wp-json\/wp\/v2\/comments?post=1483"}],"version-history":[{"count":5,"href":"https:\/\/academyofbrain.com\/en\/wp-json\/wp\/v2\/pages\/1483\/revisions"}],"predecessor-version":[{"id":2340,"href":"https:\/\/academyofbrain.com\/en\/wp-json\/wp\/v2\/pages\/1483\/revisions\/2340"}],"up":[{"embeddable":true,"href":"https:\/\/academyofbrain.com\/en\/wp-json\/wp\/v2\/pages\/1536"}],"wp:featuredmedia":[{"embeddable":true,"href":"https:\/\/academyofbrain.com\/en\/wp-json\/wp\/v2\/media\/1174"}],"wp:attachment":[{"href":"https:\/\/academyofbrain.com\/en\/wp-json\/wp\/v2\/media?parent=1483"}],"curies":[{"name":"wp","href":"https:\/\/api.w.org\/{rel}","templated":true}]}}