{"id":1479,"date":"2018-12-10T15:12:16","date_gmt":"2018-12-10T13:12:16","guid":{"rendered":"https:\/\/academyofbrain.com\/?page_id=1479"},"modified":"2025-02-06T12:55:14","modified_gmt":"2025-02-06T10:55:14","slug":"the-abc-of-focusing-why-did-i-lose-focus","status":"publish","type":"page","link":"https:\/\/academyofbrain.com\/en\/the-abc-of-focusing-why-did-i-lose-focus\/","title":{"rendered":"The ABC of Focusing &#8211; Why Did I Lose Focus?"},"content":{"rendered":"<h5>The ability to focus is the most common brain challenge in working life. Once you master this, you\u2019ll achieve what\u2019s important.<\/h5>\n<p><strong><em>End-user: Helmi H\u00e4m\u00e4l\u00e4inen, Trainer: Ville Ojanen<\/em><\/strong><\/p>\n<p>I step to the edge of a shaking springboard. I have been practicing diving for a month to learn a new skill. Committing to something has always been challenging for me as I am not a natural planner. Despite everything, I have been at the pool every week and committed time to learn how to dive. I slept exceptionally well last night and have focused my energy on this goal.<\/p>\n<p>Imagine that you have achieved an important goal. You did a successful somersault or finally saw results after working hard for months at your job. What led you to achieving this personally important goal?<\/p>\n<p>Fragmented working life and continuous change is a great challenge to the brain when we should be focusing on achieving an objective.<\/p>\n<p>&#8216;The ability to focus is the most common brain challenge in working life. It is the most common complaint,&#8217; knows the ABC training psychologist <strong style=\"font-size: 1.125rem; letter-spacing: 0px; font-family: 'Akkurat Std', -apple-system, BlinkMacSystemFont, 'Segoe UI', Roboto, Oxygen, Ubuntu, Cantarell, 'Helvetica Neue', sans-serif;\">Ville Ojanen<\/strong>.<\/p>\n<p>When I focus, I direct my energy towards important things, so they progress and get done. A healthy brain aims for achievement.<\/p>\n<p>This training breaks concentration down to bare bones. While going through this training, I learned to identify the daily factors impacting my ability to focus. Whether we are talking about diving practice or writing a work e-mail, developing focus starts with setting objectives. Focusing requires a flexible definition of objectives. I want to learn how to dive, but in a rush, I must know how to re-evaluate this objective. Maybe I need to take a different path. At the same time, you must practice systematically. Easier said than done, but good objectives give us energy to move forward.<\/p>\n<p>A good objective clarifies necessary actions. Additionally, it steers us to getting things done and supports us moving on. The objectives of the information age are constantly changing. A good objective is clear, measurable, and achievable but also flexible. According to psychologist Ville Ojanen, unclear goals are even more common than setting objectives that are too big. &#8216;Significant and important objectives always require collaboration.&#8217; According to Ojanen, achieving an objective requires visible actions and evaluations, which mean discussions and sparring.<\/p>\n<p><strong>Invest time like money<\/strong><\/p>\n<p>A clear objective is not enough on its own &#8211; achieving it also requires resources. Physical recovery \u2013 sleep, exercise, and nutrition \u2013 is the foundation of concentration. Psycho-social recovery processes like the feeling of achievement and interpersonal relations are also meaningful when we need to keep going. If I have enough energy, I can plan the use of my time. Time can be viewed as an investment. Investing time is different from just using it.<\/p>\n<p>Because we learn new skills by doing, we should plan our actions. Ojanen gave us a tip to plan the next day during the previous evening, and I tried this. It gave my brain free time to prepare for the upcoming tasks: preparation is stress-free, and you can jump right in the next morning. I have also enhanced my time use with to-do lists. It\u2019s ok to postpone some things to the next day.<\/p>\n<p>&#8216;Show some self-compassion. Any planning is more likely to help you than no planning at all,&#8217; says Ojanen.<\/p>\n<p>Procrastinating is a separate matter. Sometimes it\u2019s better to leave an idea to marinate and handle it when ready. However, procrastination is often just an excuse. Smashing chest first into water is just not nice. Pointless procrastination depletes your energy and stresses you until you get the mandatory task done. It\u2019s important to differentiate between procrastination and flexibility. Procrastination costs you energy and leads nowhere, whereas long-term flexibility is a precondition for focusing.<\/p>\n<p>According to Ojanen, efficient time use can be practiced as a cure. &#8216;I allow myself to drift into chaos before starting to use time management methods. If I repeat this often enough, the skills will become commonplace.&#8217;<\/p>\n<p><strong>Identify personality and challenges<\/strong><\/p>\n<p>People have different habits and methods for time management. However, in the information age, we are all in a similar situation where we are constantly interrupted. Luckily we can also learn to manage interruptions. If I identify an interruption, I can accept the situation and take a time-out. Instead of answering a new e-mail immediately, I can think about the situation I am in. It makes continuing after the interruption easy.<\/p>\n<p>The extent of disturbance caused by interruption links to my personality; it is one of the elements impacting my ability to focus. It\u2019s often thought that some personality traits are either good or bad. While this is not true, personality does affect the challenges I meet when trying to focus.<\/p>\n<p>One of the personality traits affecting my ability to focus is my habit of seeking out interaction. Extroverts may find it hard to concentrate if colleagues are heading out for a coffee. I want to join them! Introverts would stay focused and finish the task but might miss out on some important coffee table discussions. According to Ville Ojanen, people don\u2019t know their personality very well.<\/p>\n<p>&#8216;When a personality trait is highlighted, they recognize themselves easily and can develop their behavior.&#8217;<\/p>\n<p>By nature, I\u2019m not skilled at pushing myself, but luckily focusing is also based on motivation. \u00a0My brain has trouble focusing on tasks that don\u2019t interest me. I usually get excited about tasks that serve my central values and objectives. I want to learn to dive, as it\u2019s a new skill that would develop my physical ability. I\u2019d stay healthy and live longer.<\/p>\n<p>But what happens if the objective seems boring, like answering e-mails. If I don\u2019t have the inner motivation, can I motivate myself with a reward?<\/p>\n<p>&#8216;Rewards often help us finish simple tasks that we really don\u2019t want to get to. The more complex the task, the worse the rewards work.&#8217; According to Ojanen, in that case, we would be fixated on the carrot, and our abilities deteriorate.<\/p>\n<div style=\"display:table-column;\">\n<\/div>\n<div style=\"display: none;\">\n<\/div>\n<div style=\"display:table-column;\">\n<\/div>\n<div style=\"display: none;\">\n<\/div>\n<div id=\"link\">\n<\/div>\n<div style=\"display:table-column;\">\n<\/div>\n","protected":false},"excerpt":{"rendered":"<p>The ability to focus is the most common brain challenge in working life. Once you master this, you\u2019ll achieve what\u2019s important. End-user: Helmi H\u00e4m\u00e4l\u00e4inen, Trainer: Ville Ojanen I step to<\/p>\n<div><a href=\"https:\/\/academyofbrain.com\/en\/the-abc-of-focusing-why-did-i-lose-focus\/\" class=\"exp-read-more exp-read-more-underlined\">Read More<\/a><\/div>\n","protected":false},"author":1463,"featured_media":1163,"parent":0,"menu_order":1,"comment_status":"closed","ping_status":"closed","template":"","meta":{"content-type":"","footnotes":""},"class_list":["post-1479","page","type-page","status-publish","has-post-thumbnail","hentry"],"yoast_head":"<!-- This site is optimized with the Yoast SEO Premium plugin v20.9 (Yoast SEO v27.0) - https:\/\/yoast.com\/product\/yoast-seo-premium-wordpress\/ -->\n<title>The ABC of Focusing - Why Did I Lose Focus? - Academy of Brain<\/title>\n<meta name=\"robots\" content=\"index, follow, max-snippet:-1, max-image-preview:large, max-video-preview:-1\" \/>\n<link rel=\"canonical\" href=\"https:\/\/academyofbrain.com\/en\/blog-4__trashed\/the-abc-of-focusing-why-did-i-lose-focus\/\" \/>\n<meta property=\"og:locale\" content=\"en_US\" \/>\n<meta property=\"og:type\" content=\"article\" \/>\n<meta property=\"og:title\" content=\"The ABC of Focusing - Why Did I Lose Focus?\" \/>\n<meta property=\"og:description\" content=\"The ability to focus is the most common brain challenge in working life. Once you master this, you\u2019ll achieve what\u2019s important. End-user: Helmi H\u00e4m\u00e4l\u00e4inen, Trainer: Ville Ojanen I step toRead More\" \/>\n<meta property=\"og:url\" content=\"https:\/\/academyofbrain.com\/en\/blog-4__trashed\/the-abc-of-focusing-why-did-i-lose-focus\/\" \/>\n<meta property=\"og:site_name\" content=\"Academy of Brain\" \/>\n<meta property=\"article:publisher\" content=\"https:\/\/www.facebook.com\/academybrain\/\" \/>\n<meta property=\"article:modified_time\" content=\"2025-02-06T10:55:14+00:00\" \/>\n<meta property=\"og:image\" content=\"https:\/\/academyofbrain.com\/wp-content\/uploads\/2018\/08\/keskittyminen2-1.jpg\" \/>\n\t<meta property=\"og:image:width\" content=\"759\" \/>\n\t<meta property=\"og:image:height\" content=\"506\" \/>\n\t<meta property=\"og:image:type\" content=\"image\/jpeg\" \/>\n<meta name=\"twitter:card\" content=\"summary_large_image\" \/>\n<meta name=\"twitter:label1\" content=\"Est. reading time\" \/>\n\t<meta name=\"twitter:data1\" content=\"7 minutes\" \/>\n<script type=\"application\/ld+json\" class=\"yoast-schema-graph\">{\"@context\":\"https:\/\/schema.org\",\"@graph\":[{\"@type\":\"WebPage\",\"@id\":\"https:\/\/academyofbrain.com\/en\/blog-4__trashed\/the-abc-of-focusing-why-did-i-lose-focus\/\",\"url\":\"https:\/\/academyofbrain.com\/en\/blog-4__trashed\/the-abc-of-focusing-why-did-i-lose-focus\/\",\"name\":\"The ABC of Focusing - Why Did I Lose Focus? - Academy of Brain\",\"isPartOf\":{\"@id\":\"https:\/\/academyofbrain.com\/#website\"},\"primaryImageOfPage\":{\"@id\":\"https:\/\/academyofbrain.com\/en\/blog-4__trashed\/the-abc-of-focusing-why-did-i-lose-focus\/#primaryimage\"},\"image\":{\"@id\":\"https:\/\/academyofbrain.com\/en\/blog-4__trashed\/the-abc-of-focusing-why-did-i-lose-focus\/#primaryimage\"},\"thumbnailUrl\":\"https:\/\/academyofbrain.com\/wp-content\/uploads\/2018\/08\/keskittyminen2-1.jpg\",\"datePublished\":\"2018-12-10T13:12:16+00:00\",\"dateModified\":\"2025-02-06T10:55:14+00:00\",\"breadcrumb\":{\"@id\":\"https:\/\/academyofbrain.com\/en\/blog-4__trashed\/the-abc-of-focusing-why-did-i-lose-focus\/#breadcrumb\"},\"inLanguage\":\"en-US\",\"potentialAction\":[{\"@type\":\"ReadAction\",\"target\":[\"https:\/\/academyofbrain.com\/en\/blog-4__trashed\/the-abc-of-focusing-why-did-i-lose-focus\/\"]}]},{\"@type\":\"ImageObject\",\"inLanguage\":\"en-US\",\"@id\":\"https:\/\/academyofbrain.com\/en\/blog-4__trashed\/the-abc-of-focusing-why-did-i-lose-focus\/#primaryimage\",\"url\":\"https:\/\/academyofbrain.com\/wp-content\/uploads\/2018\/08\/keskittyminen2-1.jpg\",\"contentUrl\":\"https:\/\/academyofbrain.com\/wp-content\/uploads\/2018\/08\/keskittyminen2-1.jpg\",\"width\":759,\"height\":506},{\"@type\":\"BreadcrumbList\",\"@id\":\"https:\/\/academyofbrain.com\/en\/blog-4__trashed\/the-abc-of-focusing-why-did-i-lose-focus\/#breadcrumb\",\"itemListElement\":[{\"@type\":\"ListItem\",\"position\":1,\"name\":\"Etusivu\",\"item\":\"https:\/\/academyofbrain.com\/en\/\"},{\"@type\":\"ListItem\",\"position\":2,\"name\":\"The ABC of Focusing &#8211; Why Did I Lose Focus?\"}]},{\"@type\":\"WebSite\",\"@id\":\"https:\/\/academyofbrain.com\/#website\",\"url\":\"https:\/\/academyofbrain.com\/\",\"name\":\"Academy of Brain\",\"description\":\"Kehit\u00e4mme ty\u00f6el\u00e4m\u00e4n ydintaitoja\",\"publisher\":{\"@id\":\"https:\/\/academyofbrain.com\/#organization\"},\"potentialAction\":[{\"@type\":\"SearchAction\",\"target\":{\"@type\":\"EntryPoint\",\"urlTemplate\":\"https:\/\/academyofbrain.com\/?s={search_term_string}\"},\"query-input\":{\"@type\":\"PropertyValueSpecification\",\"valueRequired\":true,\"valueName\":\"search_term_string\"}}],\"inLanguage\":\"en-US\"},{\"@type\":\"Organization\",\"@id\":\"https:\/\/academyofbrain.com\/#organization\",\"name\":\"Academy of Brain\",\"url\":\"https:\/\/academyofbrain.com\/\",\"logo\":{\"@type\":\"ImageObject\",\"inLanguage\":\"en-US\",\"@id\":\"https:\/\/academyofbrain.com\/#\/schema\/logo\/image\/\",\"url\":\"https:\/\/academyofbrain.com\/wp-content\/uploads\/2019\/12\/181217_AOB-logo_RGB_72dpi.png\",\"contentUrl\":\"https:\/\/academyofbrain.com\/wp-content\/uploads\/2019\/12\/181217_AOB-logo_RGB_72dpi.png\",\"width\":1500,\"height\":233,\"caption\":\"Academy of Brain\"},\"image\":{\"@id\":\"https:\/\/academyofbrain.com\/#\/schema\/logo\/image\/\"},\"sameAs\":[\"https:\/\/www.facebook.com\/academybrain\/\",\"https:\/\/www.instagram.com\/academyofbrain\/\",\"https:\/\/www.linkedin.com\/company\/academyofbrain\/\"]}]}<\/script>\n<!-- \/ Yoast SEO Premium plugin. -->","yoast_head_json":{"title":"The ABC of Focusing - Why Did I Lose Focus? - Academy of Brain","robots":{"index":"index","follow":"follow","max-snippet":"max-snippet:-1","max-image-preview":"max-image-preview:large","max-video-preview":"max-video-preview:-1"},"canonical":"https:\/\/academyofbrain.com\/en\/blog-4__trashed\/the-abc-of-focusing-why-did-i-lose-focus\/","og_locale":"en_US","og_type":"article","og_title":"The ABC of Focusing - Why Did I Lose Focus?","og_description":"The ability to focus is the most common brain challenge in working life. Once you master this, you\u2019ll achieve what\u2019s important. End-user: Helmi H\u00e4m\u00e4l\u00e4inen, Trainer: Ville Ojanen I step toRead More","og_url":"https:\/\/academyofbrain.com\/en\/blog-4__trashed\/the-abc-of-focusing-why-did-i-lose-focus\/","og_site_name":"Academy of Brain","article_publisher":"https:\/\/www.facebook.com\/academybrain\/","article_modified_time":"2025-02-06T10:55:14+00:00","og_image":[{"width":759,"height":506,"url":"https:\/\/academyofbrain.com\/wp-content\/uploads\/2018\/08\/keskittyminen2-1.jpg","type":"image\/jpeg"}],"twitter_card":"summary_large_image","twitter_misc":{"Est. reading time":"7 minutes"},"schema":{"@context":"https:\/\/schema.org","@graph":[{"@type":"WebPage","@id":"https:\/\/academyofbrain.com\/en\/blog-4__trashed\/the-abc-of-focusing-why-did-i-lose-focus\/","url":"https:\/\/academyofbrain.com\/en\/blog-4__trashed\/the-abc-of-focusing-why-did-i-lose-focus\/","name":"The ABC of Focusing - Why Did I Lose Focus? - Academy of Brain","isPartOf":{"@id":"https:\/\/academyofbrain.com\/#website"},"primaryImageOfPage":{"@id":"https:\/\/academyofbrain.com\/en\/blog-4__trashed\/the-abc-of-focusing-why-did-i-lose-focus\/#primaryimage"},"image":{"@id":"https:\/\/academyofbrain.com\/en\/blog-4__trashed\/the-abc-of-focusing-why-did-i-lose-focus\/#primaryimage"},"thumbnailUrl":"https:\/\/academyofbrain.com\/wp-content\/uploads\/2018\/08\/keskittyminen2-1.jpg","datePublished":"2018-12-10T13:12:16+00:00","dateModified":"2025-02-06T10:55:14+00:00","breadcrumb":{"@id":"https:\/\/academyofbrain.com\/en\/blog-4__trashed\/the-abc-of-focusing-why-did-i-lose-focus\/#breadcrumb"},"inLanguage":"en-US","potentialAction":[{"@type":"ReadAction","target":["https:\/\/academyofbrain.com\/en\/blog-4__trashed\/the-abc-of-focusing-why-did-i-lose-focus\/"]}]},{"@type":"ImageObject","inLanguage":"en-US","@id":"https:\/\/academyofbrain.com\/en\/blog-4__trashed\/the-abc-of-focusing-why-did-i-lose-focus\/#primaryimage","url":"https:\/\/academyofbrain.com\/wp-content\/uploads\/2018\/08\/keskittyminen2-1.jpg","contentUrl":"https:\/\/academyofbrain.com\/wp-content\/uploads\/2018\/08\/keskittyminen2-1.jpg","width":759,"height":506},{"@type":"BreadcrumbList","@id":"https:\/\/academyofbrain.com\/en\/blog-4__trashed\/the-abc-of-focusing-why-did-i-lose-focus\/#breadcrumb","itemListElement":[{"@type":"ListItem","position":1,"name":"Etusivu","item":"https:\/\/academyofbrain.com\/en\/"},{"@type":"ListItem","position":2,"name":"The ABC of Focusing &#8211; Why Did I Lose Focus?"}]},{"@type":"WebSite","@id":"https:\/\/academyofbrain.com\/#website","url":"https:\/\/academyofbrain.com\/","name":"Academy of Brain","description":"Kehit\u00e4mme ty\u00f6el\u00e4m\u00e4n ydintaitoja","publisher":{"@id":"https:\/\/academyofbrain.com\/#organization"},"potentialAction":[{"@type":"SearchAction","target":{"@type":"EntryPoint","urlTemplate":"https:\/\/academyofbrain.com\/?s={search_term_string}"},"query-input":{"@type":"PropertyValueSpecification","valueRequired":true,"valueName":"search_term_string"}}],"inLanguage":"en-US"},{"@type":"Organization","@id":"https:\/\/academyofbrain.com\/#organization","name":"Academy of Brain","url":"https:\/\/academyofbrain.com\/","logo":{"@type":"ImageObject","inLanguage":"en-US","@id":"https:\/\/academyofbrain.com\/#\/schema\/logo\/image\/","url":"https:\/\/academyofbrain.com\/wp-content\/uploads\/2019\/12\/181217_AOB-logo_RGB_72dpi.png","contentUrl":"https:\/\/academyofbrain.com\/wp-content\/uploads\/2019\/12\/181217_AOB-logo_RGB_72dpi.png","width":1500,"height":233,"caption":"Academy of Brain"},"image":{"@id":"https:\/\/academyofbrain.com\/#\/schema\/logo\/image\/"},"sameAs":["https:\/\/www.facebook.com\/academybrain\/","https:\/\/www.instagram.com\/academyofbrain\/","https:\/\/www.linkedin.com\/company\/academyofbrain\/"]}]}},"_links":{"self":[{"href":"https:\/\/academyofbrain.com\/en\/wp-json\/wp\/v2\/pages\/1479","targetHints":{"allow":["GET"]}}],"collection":[{"href":"https:\/\/academyofbrain.com\/en\/wp-json\/wp\/v2\/pages"}],"about":[{"href":"https:\/\/academyofbrain.com\/en\/wp-json\/wp\/v2\/types\/page"}],"author":[{"embeddable":true,"href":"https:\/\/academyofbrain.com\/en\/wp-json\/wp\/v2\/users\/1463"}],"replies":[{"embeddable":true,"href":"https:\/\/academyofbrain.com\/en\/wp-json\/wp\/v2\/comments?post=1479"}],"version-history":[{"count":7,"href":"https:\/\/academyofbrain.com\/en\/wp-json\/wp\/v2\/pages\/1479\/revisions"}],"predecessor-version":[{"id":2277,"href":"https:\/\/academyofbrain.com\/en\/wp-json\/wp\/v2\/pages\/1479\/revisions\/2277"}],"wp:featuredmedia":[{"embeddable":true,"href":"https:\/\/academyofbrain.com\/en\/wp-json\/wp\/v2\/media\/1163"}],"wp:attachment":[{"href":"https:\/\/academyofbrain.com\/en\/wp-json\/wp\/v2\/media?parent=1479"}],"curies":[{"name":"wp","href":"https:\/\/api.w.org\/{rel}","templated":true}]}}