{"id":1473,"date":"2019-02-26T09:35:38","date_gmt":"2019-02-26T07:35:38","guid":{"rendered":"https:\/\/academyofbrain.com\/?page_id=1473"},"modified":"2025-02-06T12:47:55","modified_gmt":"2025-02-06T10:47:55","slug":"online-trainings-at-sok","status":"publish","type":"page","link":"https:\/\/academyofbrain.com\/en\/online-trainings-at-sok\/","title":{"rendered":"Online trainings at SOK"},"content":{"rendered":"<h5>TOP TRAINERS IN YOUR MOBILE<\/h5>\n<p>Hello! SOK is presenting you with a unique opportunity to get a membership of Academy of Brain&#8217;s online trainings for a year.<\/p>\n<p><em>We guarantee you will learn &amp; grow &#8211; join us!<\/em><\/p>\n<p><strong>Purchase your membership here. The membership is non-binding and will be automatically be deactivated after 12 months. <\/strong><\/p>\n<p class=\"has-text-color has-luminous-vivid-amber-color\"><strong>Enter the discount code you got from SOK, and you will get a free membership!<\/strong><\/p>\n<p>[paytrail_payment price=&#8221;129&#8243; team_id=&#8221;12149&#8243; discount_code=&#8221;ALEKOODI-SOK&#8221; discount_percent=&#8221;100&#8243; lang=&#8221;en&#8221;]<\/p>\n<p>&nbsp;<\/p>\n<p>As a member, you can access online trainings from the top trainers of the Academy of Brain on topics such as well-being, self-management, and work-life skills. All coaches have a high level of education and skills in their own special area. Your credentials are personal, and any information will be kept strictly confidential.<\/p>\n<p>Academy of Brain trainers include psychologist Ph.D. Ville Ojanen, psychologist Tony Dunderfelt, management consultant Jarmo Manner, psychologist Makke Lepp\u00e4nen, neurologist Markku Nissil\u00e4, psychologist, Ph.D. Essi Sairanen and psychologist Jaakko Sahimaa.<\/p>\n<p><strong>The trainings benefit you in several areas and provide new ideas for<br \/>\n<\/strong><\/p>\n<ul>\n<li>developing resiliency;<\/li>\n<\/ul>\n<ul>\n<li>well-being;<\/li>\n<\/ul>\n<ul>\n<li>handling work pressure;<\/li>\n<\/ul>\n<ul>\n<li>time management;<\/li>\n<\/ul>\n<ul>\n<li>constructive interaction.<\/li>\n<\/ul>\n<p><em>Learn online on your schedule \u2013 even on the go!<\/em><\/p>\n<p>Academy of Brain\u2019s online trainings include videos, exercises, surveys, and text content. Welcome to the learning experience!<\/p>\n<div style=\"display:table-column;\">\n<\/div>\n<div style=\"display: none;\">\n<\/div>\n<div style=\"display:table-column;\">\n<\/div>\n<div style=\"display: none;\">\n<\/div>\n<div id=\"link\">\n<\/div>\n<div style=\"display:table-column;\">\n<\/div>\n","protected":false},"excerpt":{"rendered":"<p>TOP TRAINERS IN YOUR MOBILE Hello! SOK is presenting you with a unique opportunity to get a membership of Academy of Brain&#8217;s online trainings for a year. We guarantee you<\/p>\n<div><a href=\"https:\/\/academyofbrain.com\/en\/online-trainings-at-sok\/\" class=\"exp-read-more exp-read-more-underlined\">Read More<\/a><\/div>\n","protected":false},"author":1463,"featured_media":1256,"parent":0,"menu_order":0,"comment_status":"closed","ping_status":"closed","template":"","meta":{"content-type":"","footnotes":""},"class_list":["post-1473","page","type-page","status-publish","has-post-thumbnail","hentry"],"yoast_head":"<!-- This site is optimized with the Yoast SEO Premium plugin v20.9 (Yoast SEO v27.0) - https:\/\/yoast.com\/product\/yoast-seo-premium-wordpress\/ -->\n<title>Online trainings at SOK - Academy of Brain<\/title>\n<meta name=\"robots\" content=\"index, follow, max-snippet:-1, max-image-preview:large, max-video-preview:-1\" \/>\n<link rel=\"canonical\" href=\"https:\/\/academyofbrain.com\/en\/online-trainings-at-sok\/\" \/>\n<meta property=\"og:locale\" content=\"en_US\" \/>\n<meta property=\"og:type\" content=\"article\" \/>\n<meta property=\"og:title\" content=\"Online trainings at SOK\" \/>\n<meta property=\"og:description\" content=\"TOP TRAINERS IN YOUR MOBILE Hello! SOK is presenting you with a unique opportunity to get a membership of Academy of Brain&#8217;s online trainings for a year. We guarantee youRead More\" \/>\n<meta property=\"og:url\" content=\"https:\/\/academyofbrain.com\/en\/online-trainings-at-sok\/\" \/>\n<meta property=\"og:site_name\" content=\"Academy of Brain\" \/>\n<meta property=\"article:publisher\" content=\"https:\/\/www.facebook.com\/academybrain\/\" \/>\n<meta property=\"article:modified_time\" content=\"2025-02-06T10:47:55+00:00\" \/>\n<meta property=\"og:image\" content=\"https:\/\/academyofbrain.com\/wp-content\/uploads\/2019\/01\/online-training.jpg\" \/>\n\t<meta property=\"og:image:width\" content=\"1920\" \/>\n\t<meta property=\"og:image:height\" content=\"1280\" \/>\n\t<meta property=\"og:image:type\" content=\"image\/jpeg\" \/>\n<meta name=\"twitter:card\" content=\"summary_large_image\" \/>\n<meta name=\"twitter:label1\" content=\"Est. reading time\" \/>\n\t<meta name=\"twitter:data1\" content=\"2 minutes\" \/>\n<script type=\"application\/ld+json\" class=\"yoast-schema-graph\">{\"@context\":\"https:\/\/schema.org\",\"@graph\":[{\"@type\":\"WebPage\",\"@id\":\"https:\/\/academyofbrain.com\/en\/online-trainings-at-sok\/\",\"url\":\"https:\/\/academyofbrain.com\/en\/online-trainings-at-sok\/\",\"name\":\"Online trainings at SOK - Academy of Brain\",\"isPartOf\":{\"@id\":\"https:\/\/academyofbrain.com\/#website\"},\"primaryImageOfPage\":{\"@id\":\"https:\/\/academyofbrain.com\/en\/online-trainings-at-sok\/#primaryimage\"},\"image\":{\"@id\":\"https:\/\/academyofbrain.com\/en\/online-trainings-at-sok\/#primaryimage\"},\"thumbnailUrl\":\"https:\/\/academyofbrain.com\/wp-content\/uploads\/2019\/01\/online-training.jpg\",\"datePublished\":\"2019-02-26T07:35:38+00:00\",\"dateModified\":\"2025-02-06T10:47:55+00:00\",\"breadcrumb\":{\"@id\":\"https:\/\/academyofbrain.com\/en\/online-trainings-at-sok\/#breadcrumb\"},\"inLanguage\":\"en-US\",\"potentialAction\":[{\"@type\":\"ReadAction\",\"target\":[\"https:\/\/academyofbrain.com\/en\/online-trainings-at-sok\/\"]}]},{\"@type\":\"ImageObject\",\"inLanguage\":\"en-US\",\"@id\":\"https:\/\/academyofbrain.com\/en\/online-trainings-at-sok\/#primaryimage\",\"url\":\"https:\/\/academyofbrain.com\/wp-content\/uploads\/2019\/01\/online-training.jpg\",\"contentUrl\":\"https:\/\/academyofbrain.com\/wp-content\/uploads\/2019\/01\/online-training.jpg\",\"width\":1920,\"height\":1280},{\"@type\":\"BreadcrumbList\",\"@id\":\"https:\/\/academyofbrain.com\/en\/online-trainings-at-sok\/#breadcrumb\",\"itemListElement\":[{\"@type\":\"ListItem\",\"position\":1,\"name\":\"Etusivu\",\"item\":\"https:\/\/academyofbrain.com\/en\/\"},{\"@type\":\"ListItem\",\"position\":2,\"name\":\"Online trainings at SOK\"}]},{\"@type\":\"WebSite\",\"@id\":\"https:\/\/academyofbrain.com\/#website\",\"url\":\"https:\/\/academyofbrain.com\/\",\"name\":\"Academy of Brain\",\"description\":\"Kehit\u00e4mme ty\u00f6el\u00e4m\u00e4n ydintaitoja\",\"publisher\":{\"@id\":\"https:\/\/academyofbrain.com\/#organization\"},\"potentialAction\":[{\"@type\":\"SearchAction\",\"target\":{\"@type\":\"EntryPoint\",\"urlTemplate\":\"https:\/\/academyofbrain.com\/?s={search_term_string}\"},\"query-input\":{\"@type\":\"PropertyValueSpecification\",\"valueRequired\":true,\"valueName\":\"search_term_string\"}}],\"inLanguage\":\"en-US\"},{\"@type\":\"Organization\",\"@id\":\"https:\/\/academyofbrain.com\/#organization\",\"name\":\"Academy of Brain\",\"url\":\"https:\/\/academyofbrain.com\/\",\"logo\":{\"@type\":\"ImageObject\",\"inLanguage\":\"en-US\",\"@id\":\"https:\/\/academyofbrain.com\/#\/schema\/logo\/image\/\",\"url\":\"https:\/\/academyofbrain.com\/wp-content\/uploads\/2019\/12\/181217_AOB-logo_RGB_72dpi.png\",\"contentUrl\":\"https:\/\/academyofbrain.com\/wp-content\/uploads\/2019\/12\/181217_AOB-logo_RGB_72dpi.png\",\"width\":1500,\"height\":233,\"caption\":\"Academy of Brain\"},\"image\":{\"@id\":\"https:\/\/academyofbrain.com\/#\/schema\/logo\/image\/\"},\"sameAs\":[\"https:\/\/www.facebook.com\/academybrain\/\",\"https:\/\/www.instagram.com\/academyofbrain\/\",\"https:\/\/www.linkedin.com\/company\/academyofbrain\/\"]}]}<\/script>\n<!-- \/ Yoast SEO Premium plugin. -->","yoast_head_json":{"title":"Online trainings at SOK - Academy of Brain","robots":{"index":"index","follow":"follow","max-snippet":"max-snippet:-1","max-image-preview":"max-image-preview:large","max-video-preview":"max-video-preview:-1"},"canonical":"https:\/\/academyofbrain.com\/en\/online-trainings-at-sok\/","og_locale":"en_US","og_type":"article","og_title":"Online trainings at SOK","og_description":"TOP TRAINERS IN YOUR MOBILE Hello! SOK is presenting you with a unique opportunity to get a membership of Academy of Brain&#8217;s online trainings for a year. We guarantee youRead More","og_url":"https:\/\/academyofbrain.com\/en\/online-trainings-at-sok\/","og_site_name":"Academy of Brain","article_publisher":"https:\/\/www.facebook.com\/academybrain\/","article_modified_time":"2025-02-06T10:47:55+00:00","og_image":[{"width":1920,"height":1280,"url":"https:\/\/academyofbrain.com\/wp-content\/uploads\/2019\/01\/online-training.jpg","type":"image\/jpeg"}],"twitter_card":"summary_large_image","twitter_misc":{"Est. reading time":"2 minutes"},"schema":{"@context":"https:\/\/schema.org","@graph":[{"@type":"WebPage","@id":"https:\/\/academyofbrain.com\/en\/online-trainings-at-sok\/","url":"https:\/\/academyofbrain.com\/en\/online-trainings-at-sok\/","name":"Online trainings at SOK - Academy of Brain","isPartOf":{"@id":"https:\/\/academyofbrain.com\/#website"},"primaryImageOfPage":{"@id":"https:\/\/academyofbrain.com\/en\/online-trainings-at-sok\/#primaryimage"},"image":{"@id":"https:\/\/academyofbrain.com\/en\/online-trainings-at-sok\/#primaryimage"},"thumbnailUrl":"https:\/\/academyofbrain.com\/wp-content\/uploads\/2019\/01\/online-training.jpg","datePublished":"2019-02-26T07:35:38+00:00","dateModified":"2025-02-06T10:47:55+00:00","breadcrumb":{"@id":"https:\/\/academyofbrain.com\/en\/online-trainings-at-sok\/#breadcrumb"},"inLanguage":"en-US","potentialAction":[{"@type":"ReadAction","target":["https:\/\/academyofbrain.com\/en\/online-trainings-at-sok\/"]}]},{"@type":"ImageObject","inLanguage":"en-US","@id":"https:\/\/academyofbrain.com\/en\/online-trainings-at-sok\/#primaryimage","url":"https:\/\/academyofbrain.com\/wp-content\/uploads\/2019\/01\/online-training.jpg","contentUrl":"https:\/\/academyofbrain.com\/wp-content\/uploads\/2019\/01\/online-training.jpg","width":1920,"height":1280},{"@type":"BreadcrumbList","@id":"https:\/\/academyofbrain.com\/en\/online-trainings-at-sok\/#breadcrumb","itemListElement":[{"@type":"ListItem","position":1,"name":"Etusivu","item":"https:\/\/academyofbrain.com\/en\/"},{"@type":"ListItem","position":2,"name":"Online trainings at SOK"}]},{"@type":"WebSite","@id":"https:\/\/academyofbrain.com\/#website","url":"https:\/\/academyofbrain.com\/","name":"Academy of Brain","description":"Kehit\u00e4mme ty\u00f6el\u00e4m\u00e4n ydintaitoja","publisher":{"@id":"https:\/\/academyofbrain.com\/#organization"},"potentialAction":[{"@type":"SearchAction","target":{"@type":"EntryPoint","urlTemplate":"https:\/\/academyofbrain.com\/?s={search_term_string}"},"query-input":{"@type":"PropertyValueSpecification","valueRequired":true,"valueName":"search_term_string"}}],"inLanguage":"en-US"},{"@type":"Organization","@id":"https:\/\/academyofbrain.com\/#organization","name":"Academy of Brain","url":"https:\/\/academyofbrain.com\/","logo":{"@type":"ImageObject","inLanguage":"en-US","@id":"https:\/\/academyofbrain.com\/#\/schema\/logo\/image\/","url":"https:\/\/academyofbrain.com\/wp-content\/uploads\/2019\/12\/181217_AOB-logo_RGB_72dpi.png","contentUrl":"https:\/\/academyofbrain.com\/wp-content\/uploads\/2019\/12\/181217_AOB-logo_RGB_72dpi.png","width":1500,"height":233,"caption":"Academy of Brain"},"image":{"@id":"https:\/\/academyofbrain.com\/#\/schema\/logo\/image\/"},"sameAs":["https:\/\/www.facebook.com\/academybrain\/","https:\/\/www.instagram.com\/academyofbrain\/","https:\/\/www.linkedin.com\/company\/academyofbrain\/"]}]}},"_links":{"self":[{"href":"https:\/\/academyofbrain.com\/en\/wp-json\/wp\/v2\/pages\/1473","targetHints":{"allow":["GET"]}}],"collection":[{"href":"https:\/\/academyofbrain.com\/en\/wp-json\/wp\/v2\/pages"}],"about":[{"href":"https:\/\/academyofbrain.com\/en\/wp-json\/wp\/v2\/types\/page"}],"author":[{"embeddable":true,"href":"https:\/\/academyofbrain.com\/en\/wp-json\/wp\/v2\/users\/1463"}],"replies":[{"embeddable":true,"href":"https:\/\/academyofbrain.com\/en\/wp-json\/wp\/v2\/comments?post=1473"}],"version-history":[{"count":7,"href":"https:\/\/academyofbrain.com\/en\/wp-json\/wp\/v2\/pages\/1473\/revisions"}],"predecessor-version":[{"id":2561,"href":"https:\/\/academyofbrain.com\/en\/wp-json\/wp\/v2\/pages\/1473\/revisions\/2561"}],"wp:featuredmedia":[{"embeddable":true,"href":"https:\/\/academyofbrain.com\/en\/wp-json\/wp\/v2\/media\/1256"}],"wp:attachment":[{"href":"https:\/\/academyofbrain.com\/en\/wp-json\/wp\/v2\/media?parent=1473"}],"curies":[{"name":"wp","href":"https:\/\/api.w.org\/{rel}","templated":true}]}}