{"id":1471,"date":"2019-02-27T14:20:01","date_gmt":"2019-02-27T12:20:01","guid":{"rendered":"https:\/\/academyofbrain.com\/?page_id=1471"},"modified":"2025-02-06T12:45:33","modified_gmt":"2025-02-06T10:45:33","slug":"coaching-leadership","status":"publish","type":"page","link":"https:\/\/academyofbrain.com\/en\/interaction-and-management-skills\/coaching-leadership\/","title":{"rendered":"Coaching Leadership"},"content":{"rendered":"<h4>This online training focuses on supporting others to grow and achieve their potential!<\/h4>\n<p><em>Coming soon!<\/em><\/p>\n<p>Studies show that coaching leadership is important, as it boosts the organization\u2019s productivity as well as the well-being of individuals. Efficiency and productivity increase, and people become more energized and committed. When we have every brain working, the manager has an easier job!<\/p>\n<p>This course concentrates on the practical methods of coaching leadership. The question is, \u201cHow to keep the ship moving?\u201d &#8211; how employees operate and come up with new ways to work.<\/p>\n<p>To achieve common objectives, it is crucial for you to discuss work, roles, and responsibilities within the team. This training presents a basic model for coaching discussions and provides example questions that have been proven to be beneficial in supporting the discussion.<\/p>\n<p class=\"p1\"><strong><i>A coaching mind focuses on what works, seeks new opportunities, sparks curiosity, and avoids getting stuck in the past, leaving inefficient habits behind.<\/i><\/strong><\/p>\n<p>This training is provided by management coach Jarmo Manner and psychologist Ville Ojanen.<\/p>\n<h5>Training structure:<\/h5>\n<h6>Module 1: What is coaching leadership<\/h6>\n<ol>\n<li>Leadership styles and a coaching approach<\/li>\n<li>Basic principles of coaching<\/li>\n<\/ol>\n<h6>Module 2:\u00a0Coaching discussions<\/h6>\n<ol>\n<li>Basic model for a coaching discussion \u2013 focus<\/li>\n<li>Basic model for a coaching discussion \u2013 questions<\/li>\n<\/ol>\n<h6>Module 3:\u00a0Prerequisites and functional practices<\/h6>\n<ol>\n<li>Prerequisites for coaching leadership<\/li>\n<li>Situational awareness<\/li>\n<li>Practical methods<\/li>\n<\/ol>\n<p><em><strong>\u201cToday\u2019s essential managerial tools in a compact package. Specific advice for a coaching discussion. This will be useful. Thank you!&#8221; &#8211; user feedback 02\/2019\u00a0<\/strong><\/em><\/p>\n<p><strong>You are warmly welcome!<\/strong><\/p>\n<div style=\"display:table-column;\">\n<\/div>\n<div style=\"display: none;\">\n<\/div>\n<div style=\"display:table-column;\">\n<\/div>\n<div style=\"display: none;\">\n<\/div>\n<div id=\"link\">\n<\/div>\n<div style=\"display:table-column;\">\n<\/div>\n","protected":false},"excerpt":{"rendered":"<p>This online training focuses on supporting others to grow and achieve their potential! Coming soon! Studies show that coaching leadership is important, as it boosts the organization\u2019s productivity as well<\/p>\n<div><a href=\"https:\/\/academyofbrain.com\/en\/interaction-and-management-skills\/coaching-leadership\/\" class=\"exp-read-more exp-read-more-underlined\">Read More<\/a><\/div>\n","protected":false},"author":1463,"featured_media":1269,"parent":1536,"menu_order":5,"comment_status":"closed","ping_status":"closed","template":"","meta":{"content-type":"","footnotes":""},"class_list":["post-1471","page","type-page","status-publish","has-post-thumbnail","hentry"],"yoast_head":"<!-- This site is optimized with the Yoast SEO Premium plugin v20.9 (Yoast SEO v27.0) - https:\/\/yoast.com\/product\/yoast-seo-premium-wordpress\/ -->\n<title>Coaching Leadership - Academy of Brain<\/title>\n<meta name=\"robots\" content=\"index, follow, max-snippet:-1, max-image-preview:large, max-video-preview:-1\" \/>\n<link rel=\"canonical\" href=\"https:\/\/academyofbrain.com\/en\/interaction-and-management-skills\/coaching-leadership\/\" \/>\n<meta property=\"og:locale\" content=\"en_US\" \/>\n<meta property=\"og:type\" content=\"article\" \/>\n<meta property=\"og:title\" content=\"Coaching Leadership\" \/>\n<meta property=\"og:description\" content=\"This online training focuses on supporting others to grow and achieve their potential! Coming soon! Studies show that coaching leadership is important, as it boosts the organization\u2019s productivity as wellRead More\" \/>\n<meta property=\"og:url\" content=\"https:\/\/academyofbrain.com\/en\/interaction-and-management-skills\/coaching-leadership\/\" \/>\n<meta property=\"og:site_name\" content=\"Academy of Brain\" \/>\n<meta property=\"article:publisher\" content=\"https:\/\/www.facebook.com\/academybrain\/\" \/>\n<meta property=\"article:modified_time\" content=\"2025-02-06T10:45:33+00:00\" \/>\n<meta property=\"og:image\" content=\"https:\/\/academyofbrain.com\/wp-content\/uploads\/2019\/02\/valmentavajohtaminen.jpeg\" \/>\n\t<meta property=\"og:image:width\" content=\"1920\" \/>\n\t<meta property=\"og:image:height\" content=\"1280\" \/>\n\t<meta property=\"og:image:type\" content=\"image\/jpeg\" \/>\n<meta name=\"twitter:card\" content=\"summary_large_image\" \/>\n<meta name=\"twitter:label1\" content=\"Est. reading time\" \/>\n\t<meta name=\"twitter:data1\" content=\"2 minutes\" \/>\n<script type=\"application\/ld+json\" class=\"yoast-schema-graph\">{\"@context\":\"https:\/\/schema.org\",\"@graph\":[{\"@type\":\"WebPage\",\"@id\":\"https:\/\/academyofbrain.com\/en\/interaction-and-management-skills\/coaching-leadership\/\",\"url\":\"https:\/\/academyofbrain.com\/en\/interaction-and-management-skills\/coaching-leadership\/\",\"name\":\"Coaching Leadership - Academy of Brain\",\"isPartOf\":{\"@id\":\"https:\/\/academyofbrain.com\/#website\"},\"primaryImageOfPage\":{\"@id\":\"https:\/\/academyofbrain.com\/en\/interaction-and-management-skills\/coaching-leadership\/#primaryimage\"},\"image\":{\"@id\":\"https:\/\/academyofbrain.com\/en\/interaction-and-management-skills\/coaching-leadership\/#primaryimage\"},\"thumbnailUrl\":\"https:\/\/academyofbrain.com\/wp-content\/uploads\/2019\/02\/valmentavajohtaminen.jpeg\",\"datePublished\":\"2019-02-27T12:20:01+00:00\",\"dateModified\":\"2025-02-06T10:45:33+00:00\",\"breadcrumb\":{\"@id\":\"https:\/\/academyofbrain.com\/en\/interaction-and-management-skills\/coaching-leadership\/#breadcrumb\"},\"inLanguage\":\"en-US\",\"potentialAction\":[{\"@type\":\"ReadAction\",\"target\":[\"https:\/\/academyofbrain.com\/en\/interaction-and-management-skills\/coaching-leadership\/\"]}]},{\"@type\":\"ImageObject\",\"inLanguage\":\"en-US\",\"@id\":\"https:\/\/academyofbrain.com\/en\/interaction-and-management-skills\/coaching-leadership\/#primaryimage\",\"url\":\"https:\/\/academyofbrain.com\/wp-content\/uploads\/2019\/02\/valmentavajohtaminen.jpeg\",\"contentUrl\":\"https:\/\/academyofbrain.com\/wp-content\/uploads\/2019\/02\/valmentavajohtaminen.jpeg\",\"width\":1920,\"height\":1280},{\"@type\":\"BreadcrumbList\",\"@id\":\"https:\/\/academyofbrain.com\/en\/interaction-and-management-skills\/coaching-leadership\/#breadcrumb\",\"itemListElement\":[{\"@type\":\"ListItem\",\"position\":1,\"name\":\"Etusivu\",\"item\":\"https:\/\/academyofbrain.com\/en\/\"},{\"@type\":\"ListItem\",\"position\":2,\"name\":\"Interaction and Management Skills\",\"item\":\"https:\/\/academyofbrain.com\/en\/interaction-and-management-skills\/\"},{\"@type\":\"ListItem\",\"position\":3,\"name\":\"Coaching Leadership\"}]},{\"@type\":\"WebSite\",\"@id\":\"https:\/\/academyofbrain.com\/#website\",\"url\":\"https:\/\/academyofbrain.com\/\",\"name\":\"Academy of Brain\",\"description\":\"Kehit\u00e4mme ty\u00f6el\u00e4m\u00e4n ydintaitoja\",\"publisher\":{\"@id\":\"https:\/\/academyofbrain.com\/#organization\"},\"potentialAction\":[{\"@type\":\"SearchAction\",\"target\":{\"@type\":\"EntryPoint\",\"urlTemplate\":\"https:\/\/academyofbrain.com\/?s={search_term_string}\"},\"query-input\":{\"@type\":\"PropertyValueSpecification\",\"valueRequired\":true,\"valueName\":\"search_term_string\"}}],\"inLanguage\":\"en-US\"},{\"@type\":\"Organization\",\"@id\":\"https:\/\/academyofbrain.com\/#organization\",\"name\":\"Academy of Brain\",\"url\":\"https:\/\/academyofbrain.com\/\",\"logo\":{\"@type\":\"ImageObject\",\"inLanguage\":\"en-US\",\"@id\":\"https:\/\/academyofbrain.com\/#\/schema\/logo\/image\/\",\"url\":\"https:\/\/academyofbrain.com\/wp-content\/uploads\/2019\/12\/181217_AOB-logo_RGB_72dpi.png\",\"contentUrl\":\"https:\/\/academyofbrain.com\/wp-content\/uploads\/2019\/12\/181217_AOB-logo_RGB_72dpi.png\",\"width\":1500,\"height\":233,\"caption\":\"Academy of Brain\"},\"image\":{\"@id\":\"https:\/\/academyofbrain.com\/#\/schema\/logo\/image\/\"},\"sameAs\":[\"https:\/\/www.facebook.com\/academybrain\/\",\"https:\/\/www.instagram.com\/academyofbrain\/\",\"https:\/\/www.linkedin.com\/company\/academyofbrain\/\"]}]}<\/script>\n<!-- \/ Yoast SEO Premium plugin. -->","yoast_head_json":{"title":"Coaching Leadership - Academy of Brain","robots":{"index":"index","follow":"follow","max-snippet":"max-snippet:-1","max-image-preview":"max-image-preview:large","max-video-preview":"max-video-preview:-1"},"canonical":"https:\/\/academyofbrain.com\/en\/interaction-and-management-skills\/coaching-leadership\/","og_locale":"en_US","og_type":"article","og_title":"Coaching Leadership","og_description":"This online training focuses on supporting others to grow and achieve their potential! Coming soon! Studies show that coaching leadership is important, as it boosts the organization\u2019s productivity as wellRead More","og_url":"https:\/\/academyofbrain.com\/en\/interaction-and-management-skills\/coaching-leadership\/","og_site_name":"Academy of Brain","article_publisher":"https:\/\/www.facebook.com\/academybrain\/","article_modified_time":"2025-02-06T10:45:33+00:00","og_image":[{"width":1920,"height":1280,"url":"https:\/\/academyofbrain.com\/wp-content\/uploads\/2019\/02\/valmentavajohtaminen.jpeg","type":"image\/jpeg"}],"twitter_card":"summary_large_image","twitter_misc":{"Est. reading time":"2 minutes"},"schema":{"@context":"https:\/\/schema.org","@graph":[{"@type":"WebPage","@id":"https:\/\/academyofbrain.com\/en\/interaction-and-management-skills\/coaching-leadership\/","url":"https:\/\/academyofbrain.com\/en\/interaction-and-management-skills\/coaching-leadership\/","name":"Coaching Leadership - Academy of Brain","isPartOf":{"@id":"https:\/\/academyofbrain.com\/#website"},"primaryImageOfPage":{"@id":"https:\/\/academyofbrain.com\/en\/interaction-and-management-skills\/coaching-leadership\/#primaryimage"},"image":{"@id":"https:\/\/academyofbrain.com\/en\/interaction-and-management-skills\/coaching-leadership\/#primaryimage"},"thumbnailUrl":"https:\/\/academyofbrain.com\/wp-content\/uploads\/2019\/02\/valmentavajohtaminen.jpeg","datePublished":"2019-02-27T12:20:01+00:00","dateModified":"2025-02-06T10:45:33+00:00","breadcrumb":{"@id":"https:\/\/academyofbrain.com\/en\/interaction-and-management-skills\/coaching-leadership\/#breadcrumb"},"inLanguage":"en-US","potentialAction":[{"@type":"ReadAction","target":["https:\/\/academyofbrain.com\/en\/interaction-and-management-skills\/coaching-leadership\/"]}]},{"@type":"ImageObject","inLanguage":"en-US","@id":"https:\/\/academyofbrain.com\/en\/interaction-and-management-skills\/coaching-leadership\/#primaryimage","url":"https:\/\/academyofbrain.com\/wp-content\/uploads\/2019\/02\/valmentavajohtaminen.jpeg","contentUrl":"https:\/\/academyofbrain.com\/wp-content\/uploads\/2019\/02\/valmentavajohtaminen.jpeg","width":1920,"height":1280},{"@type":"BreadcrumbList","@id":"https:\/\/academyofbrain.com\/en\/interaction-and-management-skills\/coaching-leadership\/#breadcrumb","itemListElement":[{"@type":"ListItem","position":1,"name":"Etusivu","item":"https:\/\/academyofbrain.com\/en\/"},{"@type":"ListItem","position":2,"name":"Interaction and Management Skills","item":"https:\/\/academyofbrain.com\/en\/interaction-and-management-skills\/"},{"@type":"ListItem","position":3,"name":"Coaching Leadership"}]},{"@type":"WebSite","@id":"https:\/\/academyofbrain.com\/#website","url":"https:\/\/academyofbrain.com\/","name":"Academy of Brain","description":"Kehit\u00e4mme ty\u00f6el\u00e4m\u00e4n ydintaitoja","publisher":{"@id":"https:\/\/academyofbrain.com\/#organization"},"potentialAction":[{"@type":"SearchAction","target":{"@type":"EntryPoint","urlTemplate":"https:\/\/academyofbrain.com\/?s={search_term_string}"},"query-input":{"@type":"PropertyValueSpecification","valueRequired":true,"valueName":"search_term_string"}}],"inLanguage":"en-US"},{"@type":"Organization","@id":"https:\/\/academyofbrain.com\/#organization","name":"Academy of Brain","url":"https:\/\/academyofbrain.com\/","logo":{"@type":"ImageObject","inLanguage":"en-US","@id":"https:\/\/academyofbrain.com\/#\/schema\/logo\/image\/","url":"https:\/\/academyofbrain.com\/wp-content\/uploads\/2019\/12\/181217_AOB-logo_RGB_72dpi.png","contentUrl":"https:\/\/academyofbrain.com\/wp-content\/uploads\/2019\/12\/181217_AOB-logo_RGB_72dpi.png","width":1500,"height":233,"caption":"Academy of Brain"},"image":{"@id":"https:\/\/academyofbrain.com\/#\/schema\/logo\/image\/"},"sameAs":["https:\/\/www.facebook.com\/academybrain\/","https:\/\/www.instagram.com\/academyofbrain\/","https:\/\/www.linkedin.com\/company\/academyofbrain\/"]}]}},"_links":{"self":[{"href":"https:\/\/academyofbrain.com\/en\/wp-json\/wp\/v2\/pages\/1471","targetHints":{"allow":["GET"]}}],"collection":[{"href":"https:\/\/academyofbrain.com\/en\/wp-json\/wp\/v2\/pages"}],"about":[{"href":"https:\/\/academyofbrain.com\/en\/wp-json\/wp\/v2\/types\/page"}],"author":[{"embeddable":true,"href":"https:\/\/academyofbrain.com\/en\/wp-json\/wp\/v2\/users\/1463"}],"replies":[{"embeddable":true,"href":"https:\/\/academyofbrain.com\/en\/wp-json\/wp\/v2\/comments?post=1471"}],"version-history":[{"count":10,"href":"https:\/\/academyofbrain.com\/en\/wp-json\/wp\/v2\/pages\/1471\/revisions"}],"predecessor-version":[{"id":34269,"href":"https:\/\/academyofbrain.com\/en\/wp-json\/wp\/v2\/pages\/1471\/revisions\/34269"}],"up":[{"embeddable":true,"href":"https:\/\/academyofbrain.com\/en\/wp-json\/wp\/v2\/pages\/1536"}],"wp:featuredmedia":[{"embeddable":true,"href":"https:\/\/academyofbrain.com\/en\/wp-json\/wp\/v2\/media\/1269"}],"wp:attachment":[{"href":"https:\/\/academyofbrain.com\/en\/wp-json\/wp\/v2\/media?parent=1471"}],"curies":[{"name":"wp","href":"https:\/\/api.w.org\/{rel}","templated":true}]}}