{"id":1469,"date":"2019-03-01T13:35:24","date_gmt":"2019-03-01T11:35:24","guid":{"rendered":"https:\/\/academyofbrain.com\/?page_id=1469"},"modified":"2025-02-06T12:47:35","modified_gmt":"2025-02-06T10:47:35","slug":"online-trainings-at-elisa","status":"publish","type":"page","link":"https:\/\/academyofbrain.com\/en\/online-trainings-at-elisa\/","title":{"rendered":"Online trainings at Elisa"},"content":{"rendered":"\r\n<p><br \/>TOP TRAINERS IN YOUR MOBILE<\/p>\r\n\r\n\r\n\r\n<p>Hello! Elisa is presenting you with a unique opportunity to get a year&#8217;s membership of Academy of Brain&#8217;s online trainings for EUR 129 (incl. VAT).<\/p>\r\n\r\n\r\n\r\n<p><em>We guarantee you will learn and grow &#8211; join us!<\/em><\/p>\r\n\r\n\r\n\r\n<p>Get your license by filling out this form. Within a few days you\u2019ll receive an invoice and online training invitation by e-mail. Insert your name and unit (Elisa Oyj, Elisa Videra Oy, Elisa Santa Monica Oy or Enia Oy) and we will contact you:<\/p>\r\n\r\n\r\n\n<div class=\"wpcf7 no-js\" id=\"wpcf7-f2139-o1\" lang=\"en-US\" dir=\"ltr\" data-wpcf7-id=\"2139\">\n<div class=\"screen-reader-response\"><p role=\"status\" aria-live=\"polite\" aria-atomic=\"true\"><\/p> <ul><\/ul><\/div>\n<form action=\"\/en\/wp-json\/wp\/v2\/pages\/1469#wpcf7-f2139-o1\" method=\"post\" class=\"wpcf7-form init exp-form-rounded exp-button-rounded exp-form\" aria-label=\"Contact form\" novalidate=\"novalidate\" data-status=\"init\">\n<fieldset class=\"hidden-fields-container\"><input type=\"hidden\" name=\"_wpcf7\" value=\"2139\" \/><input type=\"hidden\" name=\"_wpcf7_version\" value=\"6.1.5\" \/><input type=\"hidden\" name=\"_wpcf7_locale\" value=\"en_US\" \/><input type=\"hidden\" name=\"_wpcf7_unit_tag\" value=\"wpcf7-f2139-o1\" \/><input type=\"hidden\" name=\"_wpcf7_container_post\" value=\"0\" \/><input type=\"hidden\" name=\"_wpcf7_posted_data_hash\" value=\"\" \/>\n<\/fieldset>\n<label> Full Name (required)\n <span class=\"wpcf7-form-control-wrap\" data-name=\"your-name\"><input size=\"40\" maxlength=\"400\" class=\"wpcf7-form-control wpcf7-text wpcf7-validates-as-required\" aria-required=\"true\" aria-invalid=\"false\" value=\"\" type=\"text\" name=\"your-name\" \/><\/span> <\/label>\n\n<label> Email (required)\n <span class=\"wpcf7-form-control-wrap\" data-name=\"your-email\"><input size=\"40\" maxlength=\"400\" class=\"wpcf7-form-control wpcf7-email wpcf7-validates-as-required wpcf7-text wpcf7-validates-as-email\" aria-required=\"true\" aria-invalid=\"false\" value=\"\" type=\"email\" name=\"your-email\" \/><\/span> <\/label>\n\n<label> Unit (required)\n <span class=\"wpcf7-form-control-wrap\" data-name=\"your-message\"><input size=\"40\" maxlength=\"400\" class=\"wpcf7-form-control wpcf7-text wpcf7-validates-as-required\" aria-required=\"true\" aria-invalid=\"false\" value=\"\" type=\"text\" name=\"your-message\" \/><\/span> <\/label>\n\n<input class=\"wpcf7-form-control wpcf7-submit has-spinner\" type=\"submit\" value=\"L\u00e4het\u00e4\" \/><div class=\"wpcf7-response-output\" aria-hidden=\"true\"><\/div>\n<\/form>\n<\/div>\n\n\r\n\r\n\r\n<p>These online trainings develop your wellbeing, leadership skills, self-leadership skills, and other essential work-life skills. The focus is on developing your psychological skills (soft skills). The best thing about their online trainings is that you can choose the time and place for your own development \u2013 the service is mobile friendly!<\/p>\r\n<p>The online trainings are based on scientific research, expertise and years of practical experience. Academy of Brain&#8217;s advisory board ensures the quality of the tutorials creating the best learning experience for you! The board consists of three members: Psychologist Ph.D. Ville Ojanen, Leadership coach Jarmo Manner and Professor of Educational Sciences, Minna Huotilainen.<\/p>\r\n\r\n\r\n\r\n<p><strong>The trainings benefit you in several areas and provide new ideas for<br \/><\/strong><\/p>\r\n\r\n\r\n\r\n<ul class=\"wp-block-list\">\r\n<li>developing resiliency<\/li>\r\n<li>well-being: better sleep, weight management, and headaches;<\/li>\r\n<li>developing concentration skills and better time management;<\/li>\r\n<li>constructive interaction<\/li>\r\n<li>your job as a manager: for example, difficult discussions, feedback, motivating, coaching, team development.<\/li>\r\n<\/ul>\r\n\r\n\r\n\r\n<p><em>Learn online on your schedule \u2013 even on the go!<\/em><\/p>\r\n\r\n\r\n\r\n<p>Academy of Brain\u2019s online trainings include videos, exercises, surveys and text content. Welcome to the learning experience!<\/p>\r\n<div style=\"display:table-column;\">\r\n\r\n\r\n\r\n\r\n\r\n\r\n\r\n\r\n\r\n\r\n\r\n\r\n<\/div><\/p><div style=\"display: none;\">\r\n\r\n\r\n\r\n\r\n\r\n\r\n\r\n\r\n\r\n\r\n\r\n\r\n\r\n<\/div><\/p><div style=\"display:table-column;\">\r\n\r\n\r\n\r\n\r\n\r\n\r\n\r\n\r\n\r\n\r\n\r\n\r\n\r\n\r\n<\/div><\/p><div style=\"display: none;\">\r\n\r\n\r\n\r\n\r\n\r\n\r\n\r\n\r\n\r\n\r\n\r\n<\/div><\/p><div id=\"link\">\r\n\r\n\r\n\r\n\r\n\r\n\r\n\r\n\r\n\r\n\r\n\r\n\r\n\r\n<\/div><\/p><div style=\"display:table-column;\">\r\n\r\n\r\n\r\n\r\n\r\n\r\n\r\n\r\n\r\n\r\n<\/div><\/p>","protected":false},"excerpt":{"rendered":"<p>TOP TRAINERS IN YOUR MOBILE Hello! Elisa is presenting you with a unique opportunity to get a year&#8217;s membership of Academy of Brain&#8217;s online trainings for EUR 129 (incl. VAT).<\/p>\n<div><a href=\"https:\/\/academyofbrain.com\/en\/online-trainings-at-elisa\/\" class=\"exp-read-more exp-read-more-underlined\">Read More<\/a><\/div>\n","protected":false},"author":1463,"featured_media":1256,"parent":0,"menu_order":0,"comment_status":"closed","ping_status":"closed","template":"","meta":{"content-type":"","footnotes":""},"class_list":["post-1469","page","type-page","status-publish","has-post-thumbnail","hentry"],"yoast_head":"<!-- This site is optimized with the Yoast SEO Premium plugin v20.9 (Yoast SEO v27.0) - https:\/\/yoast.com\/product\/yoast-seo-premium-wordpress\/ -->\n<title>Online trainings at Elisa - Academy of Brain<\/title>\n<meta name=\"robots\" content=\"index, follow, max-snippet:-1, max-image-preview:large, max-video-preview:-1\" \/>\n<link rel=\"canonical\" href=\"https:\/\/academyofbrain.com\/en\/online-trainings-at-elisa\/\" \/>\n<meta property=\"og:locale\" content=\"en_US\" \/>\n<meta property=\"og:type\" content=\"article\" \/>\n<meta property=\"og:title\" content=\"Online trainings at Elisa\" \/>\n<meta property=\"og:description\" content=\"TOP TRAINERS IN YOUR MOBILE Hello! Elisa is presenting you with a unique opportunity to get a year&#8217;s membership of Academy of Brain&#8217;s online trainings for EUR 129 (incl. VAT).Read More\" \/>\n<meta property=\"og:url\" content=\"https:\/\/academyofbrain.com\/en\/online-trainings-at-elisa\/\" \/>\n<meta property=\"og:site_name\" content=\"Academy of Brain\" \/>\n<meta property=\"article:publisher\" content=\"https:\/\/www.facebook.com\/academybrain\/\" \/>\n<meta property=\"article:modified_time\" content=\"2025-02-06T10:47:35+00:00\" \/>\n<meta property=\"og:image\" content=\"https:\/\/academyofbrain.com\/wp-content\/uploads\/2019\/01\/online-training.jpg\" \/>\n\t<meta property=\"og:image:width\" content=\"1920\" \/>\n\t<meta property=\"og:image:height\" content=\"1280\" \/>\n\t<meta property=\"og:image:type\" content=\"image\/jpeg\" \/>\n<meta name=\"twitter:card\" content=\"summary_large_image\" \/>\n<meta name=\"twitter:label1\" content=\"Est. reading time\" \/>\n\t<meta name=\"twitter:data1\" content=\"2 minutes\" \/>\n<script type=\"application\/ld+json\" class=\"yoast-schema-graph\">{\"@context\":\"https:\/\/schema.org\",\"@graph\":[{\"@type\":\"WebPage\",\"@id\":\"https:\/\/academyofbrain.com\/en\/online-trainings-at-elisa\/\",\"url\":\"https:\/\/academyofbrain.com\/en\/online-trainings-at-elisa\/\",\"name\":\"Online trainings at Elisa - Academy of Brain\",\"isPartOf\":{\"@id\":\"https:\/\/academyofbrain.com\/#website\"},\"primaryImageOfPage\":{\"@id\":\"https:\/\/academyofbrain.com\/en\/online-trainings-at-elisa\/#primaryimage\"},\"image\":{\"@id\":\"https:\/\/academyofbrain.com\/en\/online-trainings-at-elisa\/#primaryimage\"},\"thumbnailUrl\":\"https:\/\/academyofbrain.com\/wp-content\/uploads\/2019\/01\/online-training.jpg\",\"datePublished\":\"2019-03-01T11:35:24+00:00\",\"dateModified\":\"2025-02-06T10:47:35+00:00\",\"breadcrumb\":{\"@id\":\"https:\/\/academyofbrain.com\/en\/online-trainings-at-elisa\/#breadcrumb\"},\"inLanguage\":\"en-US\",\"potentialAction\":[{\"@type\":\"ReadAction\",\"target\":[\"https:\/\/academyofbrain.com\/en\/online-trainings-at-elisa\/\"]}]},{\"@type\":\"ImageObject\",\"inLanguage\":\"en-US\",\"@id\":\"https:\/\/academyofbrain.com\/en\/online-trainings-at-elisa\/#primaryimage\",\"url\":\"https:\/\/academyofbrain.com\/wp-content\/uploads\/2019\/01\/online-training.jpg\",\"contentUrl\":\"https:\/\/academyofbrain.com\/wp-content\/uploads\/2019\/01\/online-training.jpg\",\"width\":1920,\"height\":1280},{\"@type\":\"BreadcrumbList\",\"@id\":\"https:\/\/academyofbrain.com\/en\/online-trainings-at-elisa\/#breadcrumb\",\"itemListElement\":[{\"@type\":\"ListItem\",\"position\":1,\"name\":\"Etusivu\",\"item\":\"https:\/\/academyofbrain.com\/en\/\"},{\"@type\":\"ListItem\",\"position\":2,\"name\":\"Online trainings at Elisa\"}]},{\"@type\":\"WebSite\",\"@id\":\"https:\/\/academyofbrain.com\/#website\",\"url\":\"https:\/\/academyofbrain.com\/\",\"name\":\"Academy of Brain\",\"description\":\"Kehit\u00e4mme ty\u00f6el\u00e4m\u00e4n ydintaitoja\",\"publisher\":{\"@id\":\"https:\/\/academyofbrain.com\/#organization\"},\"potentialAction\":[{\"@type\":\"SearchAction\",\"target\":{\"@type\":\"EntryPoint\",\"urlTemplate\":\"https:\/\/academyofbrain.com\/?s={search_term_string}\"},\"query-input\":{\"@type\":\"PropertyValueSpecification\",\"valueRequired\":true,\"valueName\":\"search_term_string\"}}],\"inLanguage\":\"en-US\"},{\"@type\":\"Organization\",\"@id\":\"https:\/\/academyofbrain.com\/#organization\",\"name\":\"Academy of Brain\",\"url\":\"https:\/\/academyofbrain.com\/\",\"logo\":{\"@type\":\"ImageObject\",\"inLanguage\":\"en-US\",\"@id\":\"https:\/\/academyofbrain.com\/#\/schema\/logo\/image\/\",\"url\":\"https:\/\/academyofbrain.com\/wp-content\/uploads\/2019\/12\/181217_AOB-logo_RGB_72dpi.png\",\"contentUrl\":\"https:\/\/academyofbrain.com\/wp-content\/uploads\/2019\/12\/181217_AOB-logo_RGB_72dpi.png\",\"width\":1500,\"height\":233,\"caption\":\"Academy of Brain\"},\"image\":{\"@id\":\"https:\/\/academyofbrain.com\/#\/schema\/logo\/image\/\"},\"sameAs\":[\"https:\/\/www.facebook.com\/academybrain\/\",\"https:\/\/www.instagram.com\/academyofbrain\/\",\"https:\/\/www.linkedin.com\/company\/academyofbrain\/\"]}]}<\/script>\n<!-- \/ Yoast SEO Premium plugin. -->","yoast_head_json":{"title":"Online trainings at Elisa - Academy of Brain","robots":{"index":"index","follow":"follow","max-snippet":"max-snippet:-1","max-image-preview":"max-image-preview:large","max-video-preview":"max-video-preview:-1"},"canonical":"https:\/\/academyofbrain.com\/en\/online-trainings-at-elisa\/","og_locale":"en_US","og_type":"article","og_title":"Online trainings at Elisa","og_description":"TOP TRAINERS IN YOUR MOBILE Hello! Elisa is presenting you with a unique opportunity to get a year&#8217;s membership of Academy of Brain&#8217;s online trainings for EUR 129 (incl. VAT).Read More","og_url":"https:\/\/academyofbrain.com\/en\/online-trainings-at-elisa\/","og_site_name":"Academy of Brain","article_publisher":"https:\/\/www.facebook.com\/academybrain\/","article_modified_time":"2025-02-06T10:47:35+00:00","og_image":[{"width":1920,"height":1280,"url":"https:\/\/academyofbrain.com\/wp-content\/uploads\/2019\/01\/online-training.jpg","type":"image\/jpeg"}],"twitter_card":"summary_large_image","twitter_misc":{"Est. reading time":"2 minutes"},"schema":{"@context":"https:\/\/schema.org","@graph":[{"@type":"WebPage","@id":"https:\/\/academyofbrain.com\/en\/online-trainings-at-elisa\/","url":"https:\/\/academyofbrain.com\/en\/online-trainings-at-elisa\/","name":"Online trainings at Elisa - Academy of Brain","isPartOf":{"@id":"https:\/\/academyofbrain.com\/#website"},"primaryImageOfPage":{"@id":"https:\/\/academyofbrain.com\/en\/online-trainings-at-elisa\/#primaryimage"},"image":{"@id":"https:\/\/academyofbrain.com\/en\/online-trainings-at-elisa\/#primaryimage"},"thumbnailUrl":"https:\/\/academyofbrain.com\/wp-content\/uploads\/2019\/01\/online-training.jpg","datePublished":"2019-03-01T11:35:24+00:00","dateModified":"2025-02-06T10:47:35+00:00","breadcrumb":{"@id":"https:\/\/academyofbrain.com\/en\/online-trainings-at-elisa\/#breadcrumb"},"inLanguage":"en-US","potentialAction":[{"@type":"ReadAction","target":["https:\/\/academyofbrain.com\/en\/online-trainings-at-elisa\/"]}]},{"@type":"ImageObject","inLanguage":"en-US","@id":"https:\/\/academyofbrain.com\/en\/online-trainings-at-elisa\/#primaryimage","url":"https:\/\/academyofbrain.com\/wp-content\/uploads\/2019\/01\/online-training.jpg","contentUrl":"https:\/\/academyofbrain.com\/wp-content\/uploads\/2019\/01\/online-training.jpg","width":1920,"height":1280},{"@type":"BreadcrumbList","@id":"https:\/\/academyofbrain.com\/en\/online-trainings-at-elisa\/#breadcrumb","itemListElement":[{"@type":"ListItem","position":1,"name":"Etusivu","item":"https:\/\/academyofbrain.com\/en\/"},{"@type":"ListItem","position":2,"name":"Online trainings at Elisa"}]},{"@type":"WebSite","@id":"https:\/\/academyofbrain.com\/#website","url":"https:\/\/academyofbrain.com\/","name":"Academy of Brain","description":"Kehit\u00e4mme ty\u00f6el\u00e4m\u00e4n ydintaitoja","publisher":{"@id":"https:\/\/academyofbrain.com\/#organization"},"potentialAction":[{"@type":"SearchAction","target":{"@type":"EntryPoint","urlTemplate":"https:\/\/academyofbrain.com\/?s={search_term_string}"},"query-input":{"@type":"PropertyValueSpecification","valueRequired":true,"valueName":"search_term_string"}}],"inLanguage":"en-US"},{"@type":"Organization","@id":"https:\/\/academyofbrain.com\/#organization","name":"Academy of Brain","url":"https:\/\/academyofbrain.com\/","logo":{"@type":"ImageObject","inLanguage":"en-US","@id":"https:\/\/academyofbrain.com\/#\/schema\/logo\/image\/","url":"https:\/\/academyofbrain.com\/wp-content\/uploads\/2019\/12\/181217_AOB-logo_RGB_72dpi.png","contentUrl":"https:\/\/academyofbrain.com\/wp-content\/uploads\/2019\/12\/181217_AOB-logo_RGB_72dpi.png","width":1500,"height":233,"caption":"Academy of Brain"},"image":{"@id":"https:\/\/academyofbrain.com\/#\/schema\/logo\/image\/"},"sameAs":["https:\/\/www.facebook.com\/academybrain\/","https:\/\/www.instagram.com\/academyofbrain\/","https:\/\/www.linkedin.com\/company\/academyofbrain\/"]}]}},"_links":{"self":[{"href":"https:\/\/academyofbrain.com\/en\/wp-json\/wp\/v2\/pages\/1469","targetHints":{"allow":["GET"]}}],"collection":[{"href":"https:\/\/academyofbrain.com\/en\/wp-json\/wp\/v2\/pages"}],"about":[{"href":"https:\/\/academyofbrain.com\/en\/wp-json\/wp\/v2\/types\/page"}],"author":[{"embeddable":true,"href":"https:\/\/academyofbrain.com\/en\/wp-json\/wp\/v2\/users\/1463"}],"replies":[{"embeddable":true,"href":"https:\/\/academyofbrain.com\/en\/wp-json\/wp\/v2\/comments?post=1469"}],"version-history":[{"count":10,"href":"https:\/\/academyofbrain.com\/en\/wp-json\/wp\/v2\/pages\/1469\/revisions"}],"predecessor-version":[{"id":7497,"href":"https:\/\/academyofbrain.com\/en\/wp-json\/wp\/v2\/pages\/1469\/revisions\/7497"}],"wp:featuredmedia":[{"embeddable":true,"href":"https:\/\/academyofbrain.com\/en\/wp-json\/wp\/v2\/media\/1256"}],"wp:attachment":[{"href":"https:\/\/academyofbrain.com\/en\/wp-json\/wp\/v2\/media?parent=1469"}],"curies":[{"name":"wp","href":"https:\/\/api.w.org\/{rel}","templated":true}]}}