{"id":13438,"date":"2022-07-13T14:56:59","date_gmt":"2022-07-13T11:56:59","guid":{"rendered":"https:\/\/academyofbrain.com\/lataa-johtajan-ja-esihenkilon-6-tarkeinta-tulevaisuuden-tyoelamataitoa\/"},"modified":"2025-02-06T12:43:42","modified_gmt":"2025-02-06T10:43:42","slug":"download-the-six-most-important-working-life-skills-for-leaders-and-supervisors","status":"publish","type":"page","link":"https:\/\/academyofbrain.com\/en\/download-the-six-most-important-working-life-skills-for-leaders-and-supervisors\/","title":{"rendered":"Download the Six most important working life skills for leaders and supervisors"},"content":{"rendered":"<div  class=\"tatsu-gj6ka8684vfu3lfs tatsu-section  tatsu-bg-overlay   tatsu-clearfix\" data-title=\"\"  data-headerscheme=\"background--dark\"><div class='tatsu-section-pad clearfix' data-padding='{\"d\":\"90px 0px 90px 0px\"}' data-padding-top='90px'><div class=\"tatsu-row-wrap  tatsu-wrap tatsu-row-has-one-half tatsu-row-has-two-cols tatsu-medium-gutter tatsu-reg-cols  tatsu-clearfix tatsu-gj6ka8686v14mj52\" ><style>@media only screen and (max-width:1377px) {.tatsu-gj6ka8686v14mj52.tatsu-row-wrap > .tatsu-row{padding: 0px 0px 0px 0px;}}<\/style><div  class=\"tatsu-row \" ><div  class=\"tatsu-column  tatsu-bg-overlay tatsu-one-half tatsu-column-image-none tatsu-column-effect-none  tatsu-gj6ka8688g5t4oiq\"  data-parallax-speed=\"0\" style=\"\"><div class=\"tatsu-column-inner \" ><div class=\"tatsu-column-pad-wrap\"><div class=\"tatsu-column-pad\" ><div  class=\"tatsu-module tatsu-text-block-wrap tatsu-Eqo0WC9fd  \"><div class=\"tatsu-text-inner tatsu-align-center  clearfix\" ><style>.tatsu-Eqo0WC9fd.tatsu-text-block-wrap .tatsu-text-inner{width: 100%;text-align: left;}.tatsu-Eqo0WC9fd.tatsu-text-block-wrap{margin: 0px 0px 10px 0px;}.tatsu-Eqo0WC9fd.tatsu-text-block-wrap .tatsu-text-inner *{text-transform : uppercase;}@media only screen and (max-width:1377px) {.tatsu-Eqo0WC9fd.tatsu-text-block-wrap .tatsu-text-inner{width: 100%;text-align: left;}.tatsu-Eqo0WC9fd.tatsu-text-block-wrap{margin: 0px 0px 0px 0px;}}<\/style>\n<h3>DOWNLOAD E-BOOK:<\/h3>\n<h4>Download the Six most important future working life skills for leaders<\/h4>\n<\/div><\/div><div id = \"\" class=\"tatsu-code tatsu-module tatsu-8kGC9KgpO   \"  ><script charset=\"utf-8\" type=\"text\/javascript\" src=\"\/\/js.hsforms.net\/forms\/embed\/v2.js\"><\/script><br \/>\n<script>\n  hbspt.forms.create({\n    region: \"na1\",\n    portalId: \"2947820\",\n    formId: \"817ffc84-3bec-412d-8677-6d08d9014f2d\"\n  });\n<\/script><\/div><\/div><\/div><div class = \"tatsu-column-bg-image-wrap\"><div class = \"tatsu-column-bg-image\" ><\/div><\/div><div class=\"tatsu-overlay tatsu-column-overlay tatsu-animate-none\" ><\/div><\/div><style>.tatsu-row > .tatsu-gj6ka8688g5t4oiq.tatsu-column{width: 50%;}.tatsu-gj6ka8688g5t4oiq.tatsu-column > .tatsu-column-inner > .tatsu-column-overlay{mix-blend-mode: normal;}.tatsu-gj6ka8688g5t4oiq > .tatsu-column-inner > .tatsu-top-divider{z-index: 9999;}.tatsu-gj6ka8688g5t4oiq > .tatsu-column-inner > .tatsu-bottom-divider{z-index: 9999;}.tatsu-gj6ka8688g5t4oiq > .tatsu-column-inner > .tatsu-left-divider{z-index: 9999;}.tatsu-gj6ka8688g5t4oiq > .tatsu-column-inner > .tatsu-right-divider{z-index: 9999;}@media only screen and (max-width:1377px) {.tatsu-row > .tatsu-gj6ka8688g5t4oiq.tatsu-column{width: 50%;}}@media only screen and (min-width:768px) and (max-width: 1024px) {.tatsu-row > .tatsu-gj6ka8688g5t4oiq.tatsu-column{width: 50%;}}@media only screen and (max-width: 767px) {.tatsu-row > .tatsu-gj6ka8688g5t4oiq.tatsu-column{width: 100%;}}<\/style><\/div><div  class=\"tatsu-column  tatsu-bg-overlay tatsu-one-half tatsu-column-image-none tatsu-column-effect-none  tatsu-YQat4Wog8r\"  data-parallax-speed=\"0\" style=\"\"><div class=\"tatsu-column-inner \" ><div class=\"tatsu-column-pad-wrap\"><div class=\"tatsu-column-pad\" ><div  class=\"tatsu-single-image tatsu-module align-center tatsu-image-lazyload tatsu-dOYp5OLB-  \" ><div class=\"tatsu-single-image-inner \" style=\"width : 603px;\" ><div class = \"tatsu-single-image-padding-wrap\" style = \"padding-bottom : 139.30348258706%;\" ><\/div><img class = \"tatsu-gradient-border\" alt = \"\" title = \"Six-most-important-future-working-life-skills-for-leaders\" data-src = \"https:\/\/academyofbrain.com\/wp-content\/uploads\/2023\/03\/Six-most-important-future-working-life-skills-for-leaders.png\" src =\"data:image\/png;base64,iVBORw0KGgoAAAANSUhEUgAAAAEAAAABCAQAAAC1HAwCAAAAC0lEQVR42mNkYAAAAAYAAjCB0C8AAAAASUVORK5CYII=\"  \/><\/div><style>.tatsu-dOYp5OLB- .tatsu-single-image-inner{border-style: solid;max-width: 63%;}.tatsu-dOYp5OLB-.tatsu-single-image{transform: translate3d(0px,0px, 0);}<\/style><\/div><\/div><\/div><div class = \"tatsu-column-bg-image-wrap\"><div class = \"tatsu-column-bg-image\" ><\/div><\/div><div class=\"tatsu-overlay tatsu-column-overlay tatsu-animate-none\" ><\/div><\/div><style>.tatsu-row > .tatsu-YQat4Wog8r.tatsu-column{width: 50%;}.tatsu-YQat4Wog8r.tatsu-column > .tatsu-column-inner > .tatsu-column-overlay{mix-blend-mode: normal;}.tatsu-YQat4Wog8r > .tatsu-column-inner > .tatsu-top-divider{z-index: 9999;}.tatsu-YQat4Wog8r > .tatsu-column-inner > .tatsu-bottom-divider{z-index: 9999;}.tatsu-YQat4Wog8r > .tatsu-column-inner > .tatsu-left-divider{z-index: 9999;}.tatsu-YQat4Wog8r > .tatsu-column-inner > .tatsu-right-divider{z-index: 9999;}@media only screen and (max-width:1377px) {.tatsu-row > .tatsu-YQat4Wog8r.tatsu-column{width: 50%;}}@media only screen and (min-width:768px) and (max-width: 1024px) {.tatsu-row > .tatsu-YQat4Wog8r.tatsu-column{width: 50%;}}@media only screen and (max-width: 767px) {.tatsu-row > .tatsu-YQat4Wog8r.tatsu-column{width: 100%;}}<\/style><\/div><\/div><\/div><\/div><div class=\"tatsu-section-background-wrap\"><div class = \"tatsu-section-background\" ><\/div><\/div><div class=\"tatsu-overlay tatsu-section-overlay\"><\/div><style>.tatsu-gj6ka8684vfu3lfs .tatsu-section-pad{padding: 90px 0px 90px 0px;}.tatsu-gj6ka8684vfu3lfs > .tatsu-bottom-divider{z-index: 9999;}.tatsu-gj6ka8684vfu3lfs > .tatsu-top-divider{z-index: 9999;}.tatsu-gj6ka8684vfu3lfs .tatsu-section-overlay{mix-blend-mode: normal;}<\/style><\/div>\n<div style=\"display:table-column;\">\n<\/div>\n<div style=\"display: none;\">\n<\/div>\n<div style=\"display:table-column;\">\n<\/div>\n<div style=\"display: none;\">\n<\/div>\n<div id=\"link\">\n<\/div>\n<div style=\"display:table-column;\">\n<\/div>\n","protected":false},"excerpt":{"rendered":"<div><a href=\"https:\/\/academyofbrain.com\/en\/download-the-six-most-important-working-life-skills-for-leaders-and-supervisors\/\" class=\"exp-read-more exp-read-more-underlined\">Read More<\/a><\/div>\n","protected":false},"author":700,"featured_media":0,"parent":0,"menu_order":0,"comment_status":"closed","ping_status":"closed","template":"","meta":{"content-type":"","footnotes":""},"class_list":["post-13438","page","type-page","status-publish","hentry"],"yoast_head":"<!-- This site is optimized with the Yoast SEO Premium plugin v20.9 (Yoast SEO v27.0) - https:\/\/yoast.com\/product\/yoast-seo-premium-wordpress\/ -->\n<title>Download the Six most important working life skills for leaders and supervisors - Academy of Brain<\/title>\n<meta name=\"robots\" content=\"index, follow, max-snippet:-1, max-image-preview:large, max-video-preview:-1\" \/>\n<link rel=\"canonical\" href=\"https:\/\/academyofbrain.com\/en\/download-the-six-most-important-working-life-skills-for-leaders-and-supervisors\/\" \/>\n<meta property=\"og:locale\" content=\"en_US\" \/>\n<meta property=\"og:type\" content=\"article\" \/>\n<meta property=\"og:title\" content=\"Download the Six most important working life skills for leaders and supervisors\" \/>\n<meta property=\"og:description\" content=\"Read More\" \/>\n<meta property=\"og:url\" content=\"https:\/\/academyofbrain.com\/en\/download-the-six-most-important-working-life-skills-for-leaders-and-supervisors\/\" \/>\n<meta property=\"og:site_name\" content=\"Academy of Brain\" \/>\n<meta property=\"article:publisher\" content=\"https:\/\/www.facebook.com\/academybrain\/\" \/>\n<meta property=\"article:modified_time\" content=\"2025-02-06T10:43:42+00:00\" \/>\n<meta name=\"twitter:card\" content=\"summary_large_image\" \/>\n<meta name=\"twitter:label1\" content=\"Est. reading time\" \/>\n\t<meta name=\"twitter:data1\" content=\"4 minutes\" \/>\n<script type=\"application\/ld+json\" class=\"yoast-schema-graph\">{\"@context\":\"https:\/\/schema.org\",\"@graph\":[{\"@type\":\"WebPage\",\"@id\":\"https:\/\/academyofbrain.com\/en\/download-the-six-most-important-working-life-skills-for-leaders-and-supervisors\/\",\"url\":\"https:\/\/academyofbrain.com\/en\/download-the-six-most-important-working-life-skills-for-leaders-and-supervisors\/\",\"name\":\"Download the Six most important working life skills for leaders and supervisors - Academy of Brain\",\"isPartOf\":{\"@id\":\"https:\/\/academyofbrain.com\/#website\"},\"datePublished\":\"2022-07-13T11:56:59+00:00\",\"dateModified\":\"2025-02-06T10:43:42+00:00\",\"breadcrumb\":{\"@id\":\"https:\/\/academyofbrain.com\/en\/download-the-six-most-important-working-life-skills-for-leaders-and-supervisors\/#breadcrumb\"},\"inLanguage\":\"en-US\",\"potentialAction\":[{\"@type\":\"ReadAction\",\"target\":[\"https:\/\/academyofbrain.com\/en\/download-the-six-most-important-working-life-skills-for-leaders-and-supervisors\/\"]}]},{\"@type\":\"BreadcrumbList\",\"@id\":\"https:\/\/academyofbrain.com\/en\/download-the-six-most-important-working-life-skills-for-leaders-and-supervisors\/#breadcrumb\",\"itemListElement\":[{\"@type\":\"ListItem\",\"position\":1,\"name\":\"Etusivu\",\"item\":\"https:\/\/academyofbrain.com\/en\/\"},{\"@type\":\"ListItem\",\"position\":2,\"name\":\"Download the Six most important working life skills for leaders and supervisors\"}]},{\"@type\":\"WebSite\",\"@id\":\"https:\/\/academyofbrain.com\/#website\",\"url\":\"https:\/\/academyofbrain.com\/\",\"name\":\"Academy of Brain\",\"description\":\"Kehit\u00e4mme ty\u00f6el\u00e4m\u00e4n ydintaitoja\",\"publisher\":{\"@id\":\"https:\/\/academyofbrain.com\/#organization\"},\"potentialAction\":[{\"@type\":\"SearchAction\",\"target\":{\"@type\":\"EntryPoint\",\"urlTemplate\":\"https:\/\/academyofbrain.com\/?s={search_term_string}\"},\"query-input\":{\"@type\":\"PropertyValueSpecification\",\"valueRequired\":true,\"valueName\":\"search_term_string\"}}],\"inLanguage\":\"en-US\"},{\"@type\":\"Organization\",\"@id\":\"https:\/\/academyofbrain.com\/#organization\",\"name\":\"Academy of Brain\",\"url\":\"https:\/\/academyofbrain.com\/\",\"logo\":{\"@type\":\"ImageObject\",\"inLanguage\":\"en-US\",\"@id\":\"https:\/\/academyofbrain.com\/#\/schema\/logo\/image\/\",\"url\":\"https:\/\/academyofbrain.com\/wp-content\/uploads\/2019\/12\/181217_AOB-logo_RGB_72dpi.png\",\"contentUrl\":\"https:\/\/academyofbrain.com\/wp-content\/uploads\/2019\/12\/181217_AOB-logo_RGB_72dpi.png\",\"width\":1500,\"height\":233,\"caption\":\"Academy of Brain\"},\"image\":{\"@id\":\"https:\/\/academyofbrain.com\/#\/schema\/logo\/image\/\"},\"sameAs\":[\"https:\/\/www.facebook.com\/academybrain\/\",\"https:\/\/www.instagram.com\/academyofbrain\/\",\"https:\/\/www.linkedin.com\/company\/academyofbrain\/\"]}]}<\/script>\n<!-- \/ Yoast SEO Premium plugin. -->","yoast_head_json":{"title":"Download the Six most important working life skills for leaders and supervisors - Academy of Brain","robots":{"index":"index","follow":"follow","max-snippet":"max-snippet:-1","max-image-preview":"max-image-preview:large","max-video-preview":"max-video-preview:-1"},"canonical":"https:\/\/academyofbrain.com\/en\/download-the-six-most-important-working-life-skills-for-leaders-and-supervisors\/","og_locale":"en_US","og_type":"article","og_title":"Download the Six most important working life skills for leaders and supervisors","og_description":"Read More","og_url":"https:\/\/academyofbrain.com\/en\/download-the-six-most-important-working-life-skills-for-leaders-and-supervisors\/","og_site_name":"Academy of Brain","article_publisher":"https:\/\/www.facebook.com\/academybrain\/","article_modified_time":"2025-02-06T10:43:42+00:00","twitter_card":"summary_large_image","twitter_misc":{"Est. reading time":"4 minutes"},"schema":{"@context":"https:\/\/schema.org","@graph":[{"@type":"WebPage","@id":"https:\/\/academyofbrain.com\/en\/download-the-six-most-important-working-life-skills-for-leaders-and-supervisors\/","url":"https:\/\/academyofbrain.com\/en\/download-the-six-most-important-working-life-skills-for-leaders-and-supervisors\/","name":"Download the Six most important working life skills for leaders and supervisors - Academy of Brain","isPartOf":{"@id":"https:\/\/academyofbrain.com\/#website"},"datePublished":"2022-07-13T11:56:59+00:00","dateModified":"2025-02-06T10:43:42+00:00","breadcrumb":{"@id":"https:\/\/academyofbrain.com\/en\/download-the-six-most-important-working-life-skills-for-leaders-and-supervisors\/#breadcrumb"},"inLanguage":"en-US","potentialAction":[{"@type":"ReadAction","target":["https:\/\/academyofbrain.com\/en\/download-the-six-most-important-working-life-skills-for-leaders-and-supervisors\/"]}]},{"@type":"BreadcrumbList","@id":"https:\/\/academyofbrain.com\/en\/download-the-six-most-important-working-life-skills-for-leaders-and-supervisors\/#breadcrumb","itemListElement":[{"@type":"ListItem","position":1,"name":"Etusivu","item":"https:\/\/academyofbrain.com\/en\/"},{"@type":"ListItem","position":2,"name":"Download the Six most important working life skills for leaders and supervisors"}]},{"@type":"WebSite","@id":"https:\/\/academyofbrain.com\/#website","url":"https:\/\/academyofbrain.com\/","name":"Academy of Brain","description":"Kehit\u00e4mme ty\u00f6el\u00e4m\u00e4n ydintaitoja","publisher":{"@id":"https:\/\/academyofbrain.com\/#organization"},"potentialAction":[{"@type":"SearchAction","target":{"@type":"EntryPoint","urlTemplate":"https:\/\/academyofbrain.com\/?s={search_term_string}"},"query-input":{"@type":"PropertyValueSpecification","valueRequired":true,"valueName":"search_term_string"}}],"inLanguage":"en-US"},{"@type":"Organization","@id":"https:\/\/academyofbrain.com\/#organization","name":"Academy of Brain","url":"https:\/\/academyofbrain.com\/","logo":{"@type":"ImageObject","inLanguage":"en-US","@id":"https:\/\/academyofbrain.com\/#\/schema\/logo\/image\/","url":"https:\/\/academyofbrain.com\/wp-content\/uploads\/2019\/12\/181217_AOB-logo_RGB_72dpi.png","contentUrl":"https:\/\/academyofbrain.com\/wp-content\/uploads\/2019\/12\/181217_AOB-logo_RGB_72dpi.png","width":1500,"height":233,"caption":"Academy of Brain"},"image":{"@id":"https:\/\/academyofbrain.com\/#\/schema\/logo\/image\/"},"sameAs":["https:\/\/www.facebook.com\/academybrain\/","https:\/\/www.instagram.com\/academyofbrain\/","https:\/\/www.linkedin.com\/company\/academyofbrain\/"]}]}},"_links":{"self":[{"href":"https:\/\/academyofbrain.com\/en\/wp-json\/wp\/v2\/pages\/13438","targetHints":{"allow":["GET"]}}],"collection":[{"href":"https:\/\/academyofbrain.com\/en\/wp-json\/wp\/v2\/pages"}],"about":[{"href":"https:\/\/academyofbrain.com\/en\/wp-json\/wp\/v2\/types\/page"}],"author":[{"embeddable":true,"href":"https:\/\/academyofbrain.com\/en\/wp-json\/wp\/v2\/users\/700"}],"replies":[{"embeddable":true,"href":"https:\/\/academyofbrain.com\/en\/wp-json\/wp\/v2\/comments?post=13438"}],"version-history":[{"count":6,"href":"https:\/\/academyofbrain.com\/en\/wp-json\/wp\/v2\/pages\/13438\/revisions"}],"predecessor-version":[{"id":27835,"href":"https:\/\/academyofbrain.com\/en\/wp-json\/wp\/v2\/pages\/13438\/revisions\/27835"}],"wp:attachment":[{"href":"https:\/\/academyofbrain.com\/en\/wp-json\/wp\/v2\/media?parent=13438"}],"curies":[{"name":"wp","href":"https:\/\/api.w.org\/{rel}","templated":true}]}}