{"id":12187,"date":"2022-09-11T09:52:50","date_gmt":"2022-09-11T06:52:50","guid":{"rendered":"https:\/\/academyofbrain.com\/?page_id=12187"},"modified":"2022-09-11T09:52:50","modified_gmt":"2022-09-11T06:52:50","slug":"tyokaveruus-suunnittelupalaveri","status":"publish","type":"page","link":"https:\/\/academyofbrain.com\/en\/tyokaveruus-suunnittelupalaveri\/","title":{"rendered":"Ty\u00f6kaveruus suunnittelupalaveri"},"content":{"rendered":"<div id=\"suunnittelupalaveri\" class=\"tatsu-h62o479sbw8yr51a tatsu-section  tatsu-bg-overlay tatsu-prevent-overflow   tatsu-clearfix\" data-title=\"suunnittelupalaveri\"  data-headerscheme=\"background--dark\"><div class='tatsu-section-pad clearfix' data-padding='{\"d\":\"100px 0px 0px 0px\"}' data-padding-top='100px'><div class=\"tatsu-row-wrap  tatsu-wrap tatsu-row-has-one-half tatsu-row-has-two-cols tatsu-medium-gutter tatsu-reg-cols  tatsu-clearfix tatsu-h62o479sev71ueua\" ><style>.tatsu-h62o479sev71ueua > .tatsu-row{margin-top: 0px;}.tatsu-h62o479sev71ueua.tatsu-row-wrap > .tatsu-row{margin-bottom: 30px;}<\/style><div  class=\"tatsu-row \" ><div  class=\"tatsu-column  tatsu-bg-overlay tatsu-one-half tatsu-column-image-none tatsu-column-effect-none tatsu-prevent-overflow  tatsu-h62o479siceba1lg\"  data-parallax-speed=\"0\" style=\"\"><div class=\"tatsu-column-inner \" ><div class=\"tatsu-column-pad-wrap\"><div class=\"tatsu-column-pad\" ><div  class=\"tatsu-module tatsu-text-block-wrap tatsu-h62o479skuadg034  \"><div class=\"tatsu-text-inner tatsu-align-center  clearfix\" ><style>.tatsu-h62o479skuadg034.tatsu-text-block-wrap .tatsu-text-inner{width: 100%;text-align: left;}.tatsu-h62o479skuadg034.tatsu-text-block-wrap{margin: 0px 0px 0px 0px;}<\/style>\n<h3>Haluatko oppia lis\u00e4\u00e4 ty\u00f6kaveruudesta?<\/h3>\n<\/div><\/div><div  class=\"tatsu-module tatsu-text-block-wrap tatsu-h62o479sn17q9a0q  \"><div class=\"tatsu-text-inner tatsu-align-center  clearfix\" ><style>.tatsu-h62o479sn17q9a0q.tatsu-text-block-wrap .tatsu-text-inner{width: 100%;text-align: left;color: rgba(245,166,35,1) ;}.tatsu-h62o479sn17q9a0q .tatsu-text-inner *{color: rgba(245,166,35,1) ;}<\/style>\n<h5>Varaa maksuton ty\u00f6kaveruus-suunnittelupalaveri<\/h5>\n<\/div><\/div><div  class=\"tatsu-module tatsu-text-block-wrap tatsu-h62o479so7etw6bj  \"><div class=\"tatsu-text-inner tatsu-align-center  clearfix\" ><style>.tatsu-h62o479so7etw6bj.tatsu-text-block-wrap .tatsu-text-inner{width: 100%;text-align: left;}.tatsu-h62o479so7etw6bj.tatsu-text-block-wrap{margin: 0px 0px 10px 0px;}<\/style>\n<h4>J\u00e4t\u00e4 yhteydenottopyynt\u00f6<\/h4>\n<\/div><\/div><div  class=\"tatsu-module tatsu-text-block-wrap tatsu-h62o479spa86k5ez  \"><div class=\"tatsu-text-inner tatsu-align-center  clearfix\" ><style>.tatsu-h62o479spa86k5ez.tatsu-text-block-wrap .tatsu-text-inner{width: 100%;text-align: left;}<\/style>\n<p><script charset=\"utf-8\" type=\"text\/javascript\" src=\"\/\/js.hsforms.net\/forms\/v2.js?pre=1\"><\/script> <script>\n  hbspt.forms.create({\n    region: \"na1\",\n    portalId: \"2947820\",\n    formId: \"d238e326-4505-4907-986b-f2400ef55b58\"\n  });\n<\/script><\/p>\n<\/div><\/div><div  class=\"tatsu-module tatsu-text-block-wrap tatsu-h62o479sqsa4e2c9  \"><div class=\"tatsu-text-inner tatsu-align-center  clearfix\" ><style>.tatsu-h62o479sqsa4e2c9.tatsu-text-block-wrap .tatsu-text-inner{width: 100%;text-align: left;color: rgba(245,166,35,1) ;}.tatsu-h62o479sqsa4e2c9.tatsu-text-block-wrap{margin: 0px 0px 0px 0px;}.tatsu-h62o479sqsa4e2c9 .tatsu-text-inner *{color: rgba(245,166,35,1) ;}<\/style>\n<h4>Hanna Puharinen<\/h4>\n<\/div><\/div><div  class=\"tatsu-module tatsu-text-block-wrap tatsu-h62o479srv8ox3sz  \"><div class=\"tatsu-text-inner tatsu-align-center  clearfix\" ><style>.tatsu-h62o479srv8ox3sz.tatsu-text-block-wrap .tatsu-text-inner{width: 100%;text-align: left;color: rgba(245,166,35,1) ;}.tatsu-h62o479srv8ox3sz .tatsu-text-inner *{color: rgba(245,166,35,1) ;}<\/style>\n<h6><span style=\"color: #333333;\">hanna.puharinen@academyofbrain.com<\/span><\/h6>\n<\/div><\/div><\/div><\/div><div class = \"tatsu-column-bg-image-wrap\"><div class = \"tatsu-column-bg-image\" ><\/div><\/div><div class=\"tatsu-overlay tatsu-column-overlay tatsu-animate-none\" ><\/div><\/div><style>.tatsu-row > .tatsu-h62o479siceba1lg.tatsu-column{width: 50%;}.tatsu-h62o479siceba1lg.tatsu-column > .tatsu-column-inner > .tatsu-column-overlay{mix-blend-mode: normal;}.tatsu-h62o479siceba1lg > .tatsu-column-inner > .tatsu-top-divider{z-index: 9999;}.tatsu-h62o479siceba1lg > .tatsu-column-inner > .tatsu-bottom-divider{z-index: 9999;}.tatsu-h62o479siceba1lg > .tatsu-column-inner > .tatsu-left-divider{z-index: 9999;}.tatsu-h62o479siceba1lg > .tatsu-column-inner > .tatsu-right-divider{z-index: 9999;}@media only screen and (max-width:1377px) {.tatsu-row > .tatsu-h62o479siceba1lg.tatsu-column{width: 50%;}}@media only screen and (min-width:768px) and (max-width: 1024px) {.tatsu-row > .tatsu-h62o479siceba1lg.tatsu-column{width: 50%;}}@media only screen and (max-width: 767px) {.tatsu-row > .tatsu-h62o479siceba1lg.tatsu-column{width: 100%;}}<\/style><\/div><div  class=\"tatsu-column  tatsu-bg-overlay tatsu-one-half tatsu-column-align-bottom tatsu-column-image-none tatsu-column-effect-none tatsu-prevent-overflow  tatsu-h62o479su02tu91h\"  data-parallax-speed=\"0\" style=\"\"><div class=\"tatsu-column-inner \" ><div class=\"tatsu-column-pad-wrap\"><div class=\"tatsu-column-pad\" ><div  class=\"tatsu-single-image tatsu-module tatsu-image-lazyload tatsu-h62o479u293xor0u  \" ><div class=\"tatsu-single-image-inner \" style=\"width : 1080px;\" ><div class = \"tatsu-single-image-padding-wrap\" style = \"padding-bottom : 100%;\" ><\/div><img class = \"tatsu-gradient-border\" alt = \"\" title = \"Academy of Brain &#8211; Hanna Puharinen\" data-src = \"https:\/\/academyofbrain.com\/wp-content\/uploads\/2022\/09\/Academy-of-Brain-Hanna-Puharinen.png\" src =\"data:image\/png;base64,iVBORw0KGgoAAAANSUhEUgAAAAEAAAABCAQAAAC1HAwCAAAAC0lEQVR42mNkYAAAAAYAAjCB0C8AAAAASUVORK5CYII=\"  \/><\/div><style>.tatsu-h62o479u293xor0u{margin: 0px 0px 0px 0px;padding: 0 0 0px 0;}.tatsu-h62o479u293xor0u .tatsu-single-image-inner{border-style: solid;max-width: 100%;}.tatsu-h62o479u293xor0u.tatsu-single-image{transform: translate3d(0px,0px, 0);}<\/style><\/div><\/div><\/div><div class = \"tatsu-column-bg-image-wrap\"><div class = \"tatsu-column-bg-image\" ><\/div><\/div><div class=\"tatsu-overlay tatsu-column-overlay tatsu-animate-none\" ><\/div><\/div><style>.tatsu-row > .tatsu-h62o479su02tu91h.tatsu-column{width: 50%;}.tatsu-h62o479su02tu91h.tatsu-column > .tatsu-column-inner > .tatsu-column-overlay{mix-blend-mode: normal;}.tatsu-h62o479su02tu91h > .tatsu-column-inner > .tatsu-top-divider{z-index: 9999;}.tatsu-h62o479su02tu91h > .tatsu-column-inner > .tatsu-bottom-divider{z-index: 9999;}.tatsu-h62o479su02tu91h > .tatsu-column-inner > .tatsu-left-divider{z-index: 9999;}.tatsu-h62o479su02tu91h > .tatsu-column-inner > .tatsu-right-divider{z-index: 9999;}@media only screen and (max-width:1377px) {.tatsu-row > .tatsu-h62o479su02tu91h.tatsu-column{width: 50%;}}@media only screen and (min-width:768px) and (max-width: 1024px) {.tatsu-row > .tatsu-h62o479su02tu91h.tatsu-column{width: 50%;}}@media only screen and (max-width: 767px) {.tatsu-row > .tatsu-h62o479su02tu91h.tatsu-column{width: 100%;}}<\/style><\/div><\/div><\/div><\/div><div class=\"tatsu-section-background-wrap\"><div class = \"tatsu-section-background\" ><\/div><\/div><div class=\"tatsu-overlay tatsu-section-overlay\"><\/div><style>.tatsu-h62o479sbw8yr51a .tatsu-section-pad{padding: 100px 0px 0px 0px;}.tatsu-h62o479sbw8yr51a .tatsu-section-offset-wrap{transform: translateY(-0px);}.tatsu-h62o479sbw8yr51a > .tatsu-bottom-divider{z-index: 9999;}.tatsu-h62o479sbw8yr51a > .tatsu-top-divider{z-index: 9999;}.tatsu-h62o479sbw8yr51a .tatsu-section-overlay{mix-blend-mode: normal;}<\/style><\/div>\n<div style=\"display:table-column;\">\n<\/div>\n<div style=\"display: none;\">\n<\/div>\n<div style=\"display:table-column;\">\n<\/div>\n<div style=\"display: none;\">\n<\/div>\n<div id=\"link\">\n<\/div>\n<div style=\"display:table-column;\">\n<\/div>\n","protected":false},"excerpt":{"rendered":"<div><a href=\"https:\/\/academyofbrain.com\/en\/tyokaveruus-suunnittelupalaveri\/\" class=\"exp-read-more exp-read-more-underlined\">Read More<\/a><\/div>\n","protected":false},"author":700,"featured_media":0,"parent":0,"menu_order":0,"comment_status":"closed","ping_status":"closed","template":"","meta":{"content-type":"","footnotes":""},"class_list":["post-12187","page","type-page","status-publish","hentry"],"yoast_head":"<!-- This site is optimized with the Yoast SEO Premium plugin v20.9 (Yoast SEO v27.0) - https:\/\/yoast.com\/product\/yoast-seo-premium-wordpress\/ -->\n<title>Ty\u00f6kaveruus suunnittelupalaveri - Academy of Brain<\/title>\n<meta name=\"robots\" content=\"index, follow, max-snippet:-1, max-image-preview:large, max-video-preview:-1\" \/>\n<link rel=\"canonical\" href=\"https:\/\/academyofbrain.com\/en\/tyokaveruus-suunnittelupalaveri\/\" \/>\n<meta property=\"og:locale\" content=\"en_US\" \/>\n<meta property=\"og:type\" content=\"article\" \/>\n<meta property=\"og:title\" content=\"Ty\u00f6kaveruus suunnittelupalaveri\" \/>\n<meta property=\"og:description\" content=\"Read More\" \/>\n<meta property=\"og:url\" content=\"https:\/\/academyofbrain.com\/en\/tyokaveruus-suunnittelupalaveri\/\" \/>\n<meta property=\"og:site_name\" content=\"Academy of Brain\" \/>\n<meta property=\"article:publisher\" content=\"https:\/\/www.facebook.com\/academybrain\/\" \/>\n<meta name=\"twitter:card\" content=\"summary_large_image\" \/>\n<meta name=\"twitter:label1\" content=\"Est. reading time\" \/>\n\t<meta name=\"twitter:data1\" content=\"4 minutes\" \/>\n<script type=\"application\/ld+json\" class=\"yoast-schema-graph\">{\"@context\":\"https:\/\/schema.org\",\"@graph\":[{\"@type\":\"WebPage\",\"@id\":\"https:\/\/academyofbrain.com\/en\/tyokaveruus-suunnittelupalaveri\/\",\"url\":\"https:\/\/academyofbrain.com\/en\/tyokaveruus-suunnittelupalaveri\/\",\"name\":\"Ty\u00f6kaveruus suunnittelupalaveri - Academy of Brain\",\"isPartOf\":{\"@id\":\"https:\/\/academyofbrain.com\/#website\"},\"datePublished\":\"2022-09-11T06:52:50+00:00\",\"breadcrumb\":{\"@id\":\"https:\/\/academyofbrain.com\/en\/tyokaveruus-suunnittelupalaveri\/#breadcrumb\"},\"inLanguage\":\"en-US\",\"potentialAction\":[{\"@type\":\"ReadAction\",\"target\":[\"https:\/\/academyofbrain.com\/en\/tyokaveruus-suunnittelupalaveri\/\"]}]},{\"@type\":\"BreadcrumbList\",\"@id\":\"https:\/\/academyofbrain.com\/en\/tyokaveruus-suunnittelupalaveri\/#breadcrumb\",\"itemListElement\":[{\"@type\":\"ListItem\",\"position\":1,\"name\":\"Etusivu\",\"item\":\"https:\/\/academyofbrain.com\/en\/\"},{\"@type\":\"ListItem\",\"position\":2,\"name\":\"Ty\u00f6kaveruus suunnittelupalaveri\"}]},{\"@type\":\"WebSite\",\"@id\":\"https:\/\/academyofbrain.com\/#website\",\"url\":\"https:\/\/academyofbrain.com\/\",\"name\":\"Academy of Brain\",\"description\":\"Kehit\u00e4mme ty\u00f6el\u00e4m\u00e4n ydintaitoja\",\"publisher\":{\"@id\":\"https:\/\/academyofbrain.com\/#organization\"},\"potentialAction\":[{\"@type\":\"SearchAction\",\"target\":{\"@type\":\"EntryPoint\",\"urlTemplate\":\"https:\/\/academyofbrain.com\/?s={search_term_string}\"},\"query-input\":{\"@type\":\"PropertyValueSpecification\",\"valueRequired\":true,\"valueName\":\"search_term_string\"}}],\"inLanguage\":\"en-US\"},{\"@type\":\"Organization\",\"@id\":\"https:\/\/academyofbrain.com\/#organization\",\"name\":\"Academy of Brain\",\"url\":\"https:\/\/academyofbrain.com\/\",\"logo\":{\"@type\":\"ImageObject\",\"inLanguage\":\"en-US\",\"@id\":\"https:\/\/academyofbrain.com\/#\/schema\/logo\/image\/\",\"url\":\"https:\/\/academyofbrain.com\/wp-content\/uploads\/2019\/12\/181217_AOB-logo_RGB_72dpi.png\",\"contentUrl\":\"https:\/\/academyofbrain.com\/wp-content\/uploads\/2019\/12\/181217_AOB-logo_RGB_72dpi.png\",\"width\":1500,\"height\":233,\"caption\":\"Academy of Brain\"},\"image\":{\"@id\":\"https:\/\/academyofbrain.com\/#\/schema\/logo\/image\/\"},\"sameAs\":[\"https:\/\/www.facebook.com\/academybrain\/\",\"https:\/\/www.instagram.com\/academyofbrain\/\",\"https:\/\/www.linkedin.com\/company\/academyofbrain\/\"]}]}<\/script>\n<!-- \/ Yoast SEO Premium plugin. -->","yoast_head_json":{"title":"Ty\u00f6kaveruus suunnittelupalaveri - Academy of Brain","robots":{"index":"index","follow":"follow","max-snippet":"max-snippet:-1","max-image-preview":"max-image-preview:large","max-video-preview":"max-video-preview:-1"},"canonical":"https:\/\/academyofbrain.com\/en\/tyokaveruus-suunnittelupalaveri\/","og_locale":"en_US","og_type":"article","og_title":"Ty\u00f6kaveruus suunnittelupalaveri","og_description":"Read More","og_url":"https:\/\/academyofbrain.com\/en\/tyokaveruus-suunnittelupalaveri\/","og_site_name":"Academy of Brain","article_publisher":"https:\/\/www.facebook.com\/academybrain\/","twitter_card":"summary_large_image","twitter_misc":{"Est. reading time":"4 minutes"},"schema":{"@context":"https:\/\/schema.org","@graph":[{"@type":"WebPage","@id":"https:\/\/academyofbrain.com\/en\/tyokaveruus-suunnittelupalaveri\/","url":"https:\/\/academyofbrain.com\/en\/tyokaveruus-suunnittelupalaveri\/","name":"Ty\u00f6kaveruus suunnittelupalaveri - Academy of Brain","isPartOf":{"@id":"https:\/\/academyofbrain.com\/#website"},"datePublished":"2022-09-11T06:52:50+00:00","breadcrumb":{"@id":"https:\/\/academyofbrain.com\/en\/tyokaveruus-suunnittelupalaveri\/#breadcrumb"},"inLanguage":"en-US","potentialAction":[{"@type":"ReadAction","target":["https:\/\/academyofbrain.com\/en\/tyokaveruus-suunnittelupalaveri\/"]}]},{"@type":"BreadcrumbList","@id":"https:\/\/academyofbrain.com\/en\/tyokaveruus-suunnittelupalaveri\/#breadcrumb","itemListElement":[{"@type":"ListItem","position":1,"name":"Etusivu","item":"https:\/\/academyofbrain.com\/en\/"},{"@type":"ListItem","position":2,"name":"Ty\u00f6kaveruus suunnittelupalaveri"}]},{"@type":"WebSite","@id":"https:\/\/academyofbrain.com\/#website","url":"https:\/\/academyofbrain.com\/","name":"Academy of Brain","description":"Kehit\u00e4mme ty\u00f6el\u00e4m\u00e4n ydintaitoja","publisher":{"@id":"https:\/\/academyofbrain.com\/#organization"},"potentialAction":[{"@type":"SearchAction","target":{"@type":"EntryPoint","urlTemplate":"https:\/\/academyofbrain.com\/?s={search_term_string}"},"query-input":{"@type":"PropertyValueSpecification","valueRequired":true,"valueName":"search_term_string"}}],"inLanguage":"en-US"},{"@type":"Organization","@id":"https:\/\/academyofbrain.com\/#organization","name":"Academy of Brain","url":"https:\/\/academyofbrain.com\/","logo":{"@type":"ImageObject","inLanguage":"en-US","@id":"https:\/\/academyofbrain.com\/#\/schema\/logo\/image\/","url":"https:\/\/academyofbrain.com\/wp-content\/uploads\/2019\/12\/181217_AOB-logo_RGB_72dpi.png","contentUrl":"https:\/\/academyofbrain.com\/wp-content\/uploads\/2019\/12\/181217_AOB-logo_RGB_72dpi.png","width":1500,"height":233,"caption":"Academy of Brain"},"image":{"@id":"https:\/\/academyofbrain.com\/#\/schema\/logo\/image\/"},"sameAs":["https:\/\/www.facebook.com\/academybrain\/","https:\/\/www.instagram.com\/academyofbrain\/","https:\/\/www.linkedin.com\/company\/academyofbrain\/"]}]}},"_links":{"self":[{"href":"https:\/\/academyofbrain.com\/en\/wp-json\/wp\/v2\/pages\/12187","targetHints":{"allow":["GET"]}}],"collection":[{"href":"https:\/\/academyofbrain.com\/en\/wp-json\/wp\/v2\/pages"}],"about":[{"href":"https:\/\/academyofbrain.com\/en\/wp-json\/wp\/v2\/types\/page"}],"author":[{"embeddable":true,"href":"https:\/\/academyofbrain.com\/en\/wp-json\/wp\/v2\/users\/700"}],"replies":[{"embeddable":true,"href":"https:\/\/academyofbrain.com\/en\/wp-json\/wp\/v2\/comments?post=12187"}],"version-history":[{"count":3,"href":"https:\/\/academyofbrain.com\/en\/wp-json\/wp\/v2\/pages\/12187\/revisions"}],"predecessor-version":[{"id":12190,"href":"https:\/\/academyofbrain.com\/en\/wp-json\/wp\/v2\/pages\/12187\/revisions\/12190"}],"wp:attachment":[{"href":"https:\/\/academyofbrain.com\/en\/wp-json\/wp\/v2\/media?parent=12187"}],"curies":[{"name":"wp","href":"https:\/\/api.w.org\/{rel}","templated":true}]}}